{"id":393,"date":"2016-07-04T02:00:26","date_gmt":"2016-07-04T00:00:26","guid":{"rendered":"http:\/\/bandyforbundet.no\/landhockey\/?page_id=393"},"modified":"2023-05-09T08:47:23","modified_gmt":"2023-05-09T08:47:23","slug":"skjemaer-5","status":"publish","type":"page","link":"https:\/\/bandyforbundet.no\/landhockey\/?page_id=393","title":{"rendered":"Skjemaer"},"content":{"rendered":"\n<div class=\"wp-block-msswb-panel msswb-panel-container\"><div class=\"mwwsb-panel-header\"><div class=\"mwwsb-panel-title\">En kamps begynnelse<\/div><div class=\"mwwsb-panel-icon\"><span class=\"dashicon dashicons dashicons-arrow-down-alt2\"><\/span><\/div><\/div><div class=\"msswb-panel-content\"><div class=\"msswb-display-internal-post-frontend-app-v2\" data-url-encoded-attrs=\"%7B%22displayInternalPost%22%3A%7B%22blog_id%22%3A5%2C%22ID%22%3A703%7D%7D\" data-dip-id=\"\" ><\/div><\/div><\/div>\n\n\n\n<div class=\"msswb-file\"><a href=\"https:\/\/bandyforbundet.no\/landhockey\/wp-content\/uploads\/sites\/5\/2022\/03\/Kampskjema_mal_UTENDORS.docx\" class=\"file-button\" download><span class=\"dashicon dashicons dashicons-download\"><\/span><\/a><a class=\"file-link\" href=\"https:\/\/bandyforbundet.no\/landhockey\/wp-content\/uploads\/sites\/5\/2022\/03\/Kampskjema_mal_UTENDORS.docx\">Kampskjema_mal_UTEND\u00d8RS<\/a><\/div>\n\n\n\n<div class=\"msswb-file\"><a href=\"https:\/\/bandyforbundet.no\/landhockey\/wp-content\/uploads\/sites\/5\/2022\/03\/Kampskjema_mal_UTENDORS_7er.docx\" class=\"file-button\" download><span class=\"dashicon dashicons dashicons-download\"><\/span><\/a><a class=\"file-link\" href=\"https:\/\/bandyforbundet.no\/landhockey\/wp-content\/uploads\/sites\/5\/2022\/03\/Kampskjema_mal_UTENDORS_7er.docx\">Kampskjema_mal_UTEND\u00d8RS_7er<\/a><\/div>\n\n\n\n<div class=\"msswb-file\"><a href=\"https:\/\/bandyforbundet.no\/wp-content\/uploads\/sites\/5\/2016\/07\/Kampskjema_mal_Hockey5s.doc\" class=\"file-button\" download><span class=\"dashicon dashicons dashicons-download\"><\/span><\/a><a class=\"file-link\" href=\"https:\/\/bandyforbundet.no\/wp-content\/uploads\/sites\/5\/2016\/07\/Kampskjema_mal_Hockey5s.doc\">Kampskjema Hockey5s &#8211; Landhockey<\/a><\/div>\n\n\n\n<div class=\"msswb-file\"><a href=\"https:\/\/bandyforbundet.no\/landhockey\/wp-content\/uploads\/sites\/5\/2022\/03\/Kampskjema_mal_innendors_ny.doc\" class=\"file-button\" download><span class=\"dashicon dashicons dashicons-download\"><\/span><\/a><a class=\"file-link\" href=\"https:\/\/bandyforbundet.no\/landhockey\/wp-content\/uploads\/sites\/5\/2022\/03\/Kampskjema_mal_innendors_ny.doc\">Kampskjema_mal_innend\u00f8rs_ny<\/a><\/div>\n\n\n\n<div class=\"msswb-file\"><a href=\"https:\/\/bandyforbundet.no\/wp-content\/uploads\/2016\/07\/Card-report_mal.docx\" class=\"file-button\" download><span class=\"dashicon dashicons dashicons-download\"><\/span><\/a><a class=\"file-link\" href=\"https:\/\/bandyforbundet.no\/wp-content\/uploads\/2016\/07\/Card-report_mal.docx\">Card Report &#8211; Landhockey<\/a><\/div>\n\n\n\n<div class=\"msswb-file\"><a href=\"https:\/\/bandyforbundet.no\/landhockey\/wp-content\/uploads\/sites\/5\/2022\/03\/shootout_mal_utendors.doc\" class=\"file-button\" download><span class=\"dashicon dashicons dashicons-download\"><\/span><\/a><a class=\"file-link\" href=\"https:\/\/bandyforbundet.no\/landhockey\/wp-content\/uploads\/sites\/5\/2022\/03\/shootout_mal_utendors.doc\">Shootout skjema &#8211; Utend\u00f8rs<\/a><\/div>\n\n\n\n<div class=\"msswb-file\"><a href=\"https:\/\/bandyforbundet.no\/landhockey\/wp-content\/uploads\/sites\/5\/2022\/03\/shootout_mal.doc\" class=\"file-button\" download><span class=\"dashicon dashicons dashicons-download\"><\/span><\/a><a class=\"file-link\" href=\"https:\/\/bandyforbundet.no\/landhockey\/wp-content\/uploads\/sites\/5\/2022\/03\/shootout_mal.doc\">Shootout skjema &#8211; Innend\u00f8rs<\/a><\/div>\n\n\n\n<div class=\"wp-block-msswb-panel msswb-panel-container\"><div class=\"mwwsb-panel-header\"><div class=\"mwwsb-panel-title\">Overgangsreglement landhockey<\/div><div class=\"mwwsb-panel-icon\"><span class=\"dashicon dashicons dashicons-arrow-down-alt2\"><\/span><\/div><\/div><div class=\"msswb-panel-content\"><div class=\"msswb-display-internal-post-frontend-app-v2\" data-url-encoded-attrs=\"%7B%22displayInternalPost%22%3A%7B%22blog_id%22%3A5%2C%22ID%22%3A702%7D%7D\" data-dip-id=\"\" ><\/div><\/div><\/div>\n\n\n\n<div class=\"msswb-file\"><a href=\"https:\/\/bandyforbundet.no\/wp-content\/uploads\/sites\/5\/2016\/05\/overgangsskjema-landhockey.pdf\" class=\"file-button\" download><span class=\"dashicon dashicons dashicons-download\"><\/span><\/a><a class=\"file-link\" href=\"https:\/\/bandyforbundet.no\/wp-content\/uploads\/sites\/5\/2016\/05\/overgangsskjema-landhockey.pdf\">Overgangsskjema PDF<\/a><\/div>\n\n\n\n<div class=\"msswb-file\"><a href=\"https:\/\/bandyforbundet.no\/wp-content\/uploads\/sites\/5\/2016\/05\/overgangsskjema-landhockey-word.doc\" class=\"file-button\" download><span class=\"dashicon dashicons dashicons-download\"><\/span><\/a><a class=\"file-link\" href=\"https:\/\/bandyforbundet.no\/wp-content\/uploads\/sites\/5\/2016\/05\/overgangsskjema-landhockey-word.doc\">Overgangsskjema WORD<\/a><\/div>\n\n\n\n<div class=\"wp-block-msswb-panel msswb-panel-container\"><div class=\"mwwsb-panel-header\"><div class=\"mwwsb-panel-title\">Standard spillerkontrakt NBF<\/div><div class=\"mwwsb-panel-icon\"><span class=\"dashicon dashicons dashicons-arrow-down-alt2\"><\/span><\/div><\/div><div class=\"msswb-panel-content\"><div class=\"msswb-display-internal-post-frontend-app-v2\" data-url-encoded-attrs=\"%7B%22displayInternalPost%22%3A%7B%22blog_id%22%3A2%2C%22ID%22%3A580%7D%7D\" data-dip-id=\"\" ><\/div><\/div><\/div>\n\n\n\n<div class=\"wp-block-msswb-panel msswb-panel-container\"><div class=\"mwwsb-panel-header\"><div class=\"mwwsb-panel-title\">S\u00f8knadsskjema og retningslinjer for aldersdispensasjoner<\/div><div class=\"mwwsb-panel-icon\"><span class=\"dashicon dashicons dashicons-arrow-down-alt2\"><\/span><\/div><\/div><div class=\"msswb-panel-content\">\n<div class=\"msswb-file\"><a href=\"https:\/\/bandyforbundet.no\/landhockey\/wp-content\/uploads\/sites\/5\/2023\/05\/Soknadsskjema-aldersdispensasjon-og-lan-landhockey.pdf\" class=\"file-button\" download><span class=\"dashicon dashicons dashicons-download\"><\/span><\/a><a class=\"file-link\" href=\"https:\/\/bandyforbundet.no\/landhockey\/wp-content\/uploads\/sites\/5\/2023\/05\/Soknadsskjema-aldersdispensasjon-og-lan-landhockey.pdf\">S\u00f8knadsskjema aldersdispensasjon og l\u00e5n &#8211; landhockey &#8211; pdf<\/a><\/div>\n\n\n\n<div class=\"msswb-file\"><a href=\"https:\/\/bandyforbundet.no\/landhockey\/wp-content\/uploads\/sites\/5\/2023\/05\/Soknadsskjema-aldersdispensasjon-og-lan-landhockey.docx\" class=\"file-button\" download><span class=\"dashicon dashicons dashicons-download\"><\/span><\/a><a class=\"file-link\" href=\"https:\/\/bandyforbundet.no\/landhockey\/wp-content\/uploads\/sites\/5\/2023\/05\/Soknadsskjema-aldersdispensasjon-og-lan-landhockey.docx\">S\u00f8knadsskjema aldersdispensasjon og l\u00e5n &#8211; landhockey- word<\/a><\/div>\n\n\n\n<p><strong>En s\u00f8knad skal alltid underskrives av b\u00e5de trener\/lagleder og klubbleder.&nbsp;<\/strong><\/p>\n\n\n\n<p>Behandlingstiden for en s\u00f8knad kan variere, men det m\u00e5 p\u00e5regnes minst 7 dagers behandlingstid.&nbsp;<\/p>\n\n\n\n<p>S\u00f8knader som ikke er signert av leder og \/ eller ikke er tilstrekkelig opplyst vil ikke bli behandlet f\u00f8r nevnte krav er oppfylt.&nbsp;<\/p>\n\n\n\n<p>Alle s\u00f8knader behandles av seriekomiteen. Eventuelle klager p\u00e5 vedtak om aldersdispensasjon skal rettes til seksjonsstyret.\u00a0<\/p>\n\n\n\n<p>Det forventes at klubben pr\u00f8ver \u00e5 finne l\u00f8sning p\u00e5 eventuell tilsvarende utfordring neste sesong internt i klubben, for eksempel ved ytterligere rekruttering i spillerens aldersklasse.&nbsp;<\/p>\n\n\n\n<p>Klubber\/lag b\u00f8r alltid pr\u00f8ve \u00e5 finne l\u00f8sninger internt i egen klubb f\u00f8r det s\u00f8kes om dispensasjon.<\/p>\n\n\n\n<p>Ved f\u00e5 spillere p\u00e5 et lag b\u00f8r spillere i aldersklassene under (se \u00abGodkjente f\u00f8dsels\u00e5r pr konkurranseklasse\u00bb), benyttes framfor at det s\u00f8kes dispensasjon p\u00e5 over\u00e5rige spillere.&nbsp;<\/p>\n\n\n\n<p>Det skal ikke v\u00e6re n\u00f8dvendig \u00e5 s\u00f8ke om dispensasjon p\u00e5 bakgrunn av for f\u00e5 spillere dersom laget har 10 spillere eller mer, inkludert p\u00e5fyll fra laget i aldersklassen under. Dispensasjon innvilges eventuelt inntil det er 10 spillere p\u00e5 laget, men med maks bruk av 2 over\u00e5rige spillere p\u00e5 dispensasjon pr sesong.&nbsp;<\/p>\n\n\n\n<p>Spilleren det s\u00f8kes dispensasjon for kan ikke v\u00e6re mer enn 1 \u00e5r eldre enn \u00f8vre grensen for aldersserien.<\/p>\n\n\n\n<p>Frister for \u00e5 s\u00f8ke dispensasjon(er) er <strong>01. oktober, 01. desember, 01. april og 10. august.<\/strong><\/p>\n\n\n\n<p>Mangel p\u00e5 m\u00e5lvakt danner ikke grunnlag for dispensasjon, det forventes at klubber bruker yngre m\u00e5lvakter som har godkjent alder eller utespiller i m\u00e5l.&nbsp;<\/p>\n\n\n\n<p>I utgangspunktet innvilges det dispensasjon p\u00e5 maks 2 spillere pr lag pr sesong. Klubbene bes vurdere om det er hensiktsmessig \u00e5 melde p\u00e5 et lag i klassen over, enten i stedet eller i tillegg.&nbsp;<\/p>\n\n\n\n<p>Ved helt s\u00e6rskilte grunnlag kan det gj\u00f8res unntak fra retningslinjene.&nbsp;<\/p>\n\n\n\n<p>Spillere som dispenseres ned kan ikke spille i h\u00f8yere klasse enn sin egen samt det laget de dispenseres ned til.&nbsp;<\/p>\n\n\n\n<p><strong><em>Norges Bandyforbund &#8211; Hockeyseksjonen<\/em><\/strong><\/p>\n<\/div><\/div>\n\n\n\n<div class=\"wp-block-msswb-panel msswb-panel-container\"><div class=\"mwwsb-panel-header\"><div class=\"mwwsb-panel-title\">Dommer- og sekretariat kvittering<\/div><div class=\"mwwsb-panel-icon\"><span class=\"dashicon dashicons dashicons-arrow-down-alt2\"><\/span><\/div><\/div><div class=\"msswb-panel-content\">\n<div class=\"msswb-file\"><a href=\"https:\/\/bandyforbundet.no\/landhockey\/wp-content\/uploads\/sites\/5\/2022\/03\/Dommer-og-sekretariat-kvittering-for-hockey.pdf\" class=\"file-button\" download><span class=\"dashicon dashicons dashicons-download\"><\/span><\/a><a class=\"file-link\" href=\"https:\/\/bandyforbundet.no\/landhockey\/wp-content\/uploads\/sites\/5\/2022\/03\/Dommer-og-sekretariat-kvittering-for-hockey.pdf\">Dommer- og sekretariat kvittering for hockey<\/a><\/div>\n<\/div><\/div>\n","protected":false},"excerpt":{"rendered":"","protected":false},"author":24,"featured_media":0,"parent":387,"menu_order":0,"comment_status":"closed","ping_status":"closed","template":"","meta":{"cover_meta":"","footnotes":""},"class_list":["post-393","page","type-page","status-publish","hentry"],"_links":{"self":[{"href":"https:\/\/bandyforbundet.no\/landhockey\/index.php?rest_route=\/wp\/v2\/pages\/393","targetHints":{"allow":["GET"]}}],"collection":[{"href":"https:\/\/bandyforbundet.no\/landhockey\/index.php?rest_route=\/wp\/v2\/pages"}],"about":[{"href":"https:\/\/bandyforbundet.no\/landhockey\/index.php?rest_route=\/wp\/v2\/types\/page"}],"author":[{"embeddable":true,"href":"https:\/\/bandyforbundet.no\/landhockey\/index.php?rest_route=\/wp\/v2\/users\/24"}],"replies":[{"embeddable":true,"href":"https:\/\/bandyforbundet.no\/landhockey\/index.php?rest_route=%2Fwp%2Fv2%2Fcomments&post=393"}],"version-history":[{"count":12,"href":"https:\/\/bandyforbundet.no\/landhockey\/index.php?rest_route=\/wp\/v2\/pages\/393\/revisions"}],"predecessor-version":[{"id":1771,"href":"https:\/\/bandyforbundet.no\/landhockey\/index.php?rest_route=\/wp\/v2\/pages\/393\/revisions\/1771"}],"up":[{"embeddable":true,"href":"https:\/\/bandyforbundet.no\/landhockey\/index.php?rest_route=\/wp\/v2\/pages\/387"}],"wp:attachment":[{"href":"https:\/\/bandyforbundet.no\/landhockey\/index.php?rest_route=%2Fwp%2Fv2%2Fmedia&parent=393"}],"curies":[{"name":"wp","href":"https:\/\/api.w.org\/{rel}","templated":true}]}}