{"id":2126,"date":"2021-08-04T18:39:45","date_gmt":"2021-08-04T18:39:45","guid":{"rendered":"http:\/\/bandyforbundet.no\/midt-norge-bandyregion\/?page_id=2126"},"modified":"2024-08-09T13:29:53","modified_gmt":"2024-08-09T13:29:53","slug":"langtidspla","status":"publish","type":"page","link":"https:\/\/bandyforbundet.no\/midt-norge-bandyregion\/?page_id=2126","title":{"rendered":"Langtidsplan"},"content":{"rendered":"\n<div class=\"wp-block-msswb-spacer msswb-spacer-container\" style=\"height:25px\"><div class=\"line\" style=\"height:12px\"><\/div><div class=\"line-center-divider\"><\/div><\/div>\n\n\n\n<h1 class=\"wp-block-heading\">LANGTIDSPLAN<\/h1>\n\n\n\n<p class=\"has-black-normal-color has-text-color\"><br>Regionen er underlagt Norges Bandyforbund og arbeider etter forbundets overordnende strategier, hovedm\u00e5l og visjon. Samtidig har vi ogs\u00e5 et strategidokument som sier noe om hva vi skal prioritere i Midt-Norge for \u00e5 n\u00e5 forbundets hovedm\u00e5l om \u00f8kt aktivitetsvekst. Gjeldende Langtidsplan ble vedtatt p\u00e5 \u00e5rsm\u00f8tet i mai 2024, og l\u00f8per frem til 2026. Dette er p\u00e5 mange m\u00e5ter regionsstyrets arbeidsdokument.<\/p>\n\n\n<div class=\"msswb-image-frontend-app\"data-href-target=\"false\" data-href=\"%22%22\" data-use-link=\"false\" data-screen-width=\"false\" data-alignment=\"%22left%22\" data-url=\"%22%5C%2Fwp-content%5C%2Fuploads%5C%2Fsites%5C%2F9%5C%2F2024%5C%2F05%5C%2FMalgarden.png%22\" data-is-background-image=\"false\" data-border-radius=\"13\" data-image-width=\"1054\" data-image-height=\"1450\" data-selected-image=\"%7B%22image_id%22%3A7241%2C%22blog_id%22%3A9%2C%22term_id%22%3A-1%2C%22selected_size%22%3A%22full%22%7D\" data-image-aspect-ratio=\"1.38\" data-alt-text=\"%22%22\" data-caption=\"%22%22\" data-width=\"120\" data-height=\"165\" data-focal-point=\"\" data-show-light-box=\"false\" >\n<div class=\"msswb-image-block msswbleft\" style=\"width:120px\"><div class=\"msswb-image \"><div class=\"image-container\" style=\"width:120px;height:165px\"><img decoding=\"async\" style=\"width:120px;height:165px;border-radius:13px\" src=\"\/wp-content\/uploads\/sites\/9\/2024\/05\/Malgarden.png\" \/><\/div><\/div><div class=\"msswb-image-caption-container\"><div class=\"msswb-image-caption\"><\/div><\/div><\/div>\n<\/div>\n\n<div class=\"msswb-image-frontend-app\"data-href-target=\"false\" data-href=\"%22%22\" data-use-link=\"false\" data-screen-width=\"false\" data-alignment=\"%22left%22\" data-url=\"%22%5C%2Fwp-content%5C%2Fuploads%5C%2Fsites%5C%2F9%5C%2F2024%5C%2F05%5C%2Ffokusomrade-mal-utfordring-tiltak.png%22\" data-is-background-image=\"false\" data-border-radius=\"8\" data-image-width=\"1042\" data-image-height=\"1450\" data-selected-image=\"%7B%22image_id%22%3A7240%2C%22blog_id%22%3A9%2C%22term_id%22%3A-1%2C%22selected_size%22%3A%22full%22%7D\" data-image-aspect-ratio=\"1.39\" data-alt-text=\"%22%22\" data-caption=\"%22%22\" data-width=\"120\" data-height=\"166\" data-focal-point=\"\" data-show-light-box=\"false\" >\n<div class=\"msswb-image-block msswbleft\" style=\"width:120px\"><div class=\"msswb-image \"><div class=\"image-container\" style=\"width:120px;height:166px\"><img decoding=\"async\" style=\"width:120px;height:166px;border-radius:8px\" src=\"\/wp-content\/uploads\/sites\/9\/2024\/05\/fokusomrade-mal-utfordring-tiltak.png\" \/><\/div><\/div><div class=\"msswb-image-caption-container\"><div class=\"msswb-image-caption\"><\/div><\/div><\/div>\n<\/div>\n\n\n<div class=\"wp-block-msswb-spacer msswb-spacer-container\" style=\"height:50px\"><div class=\"line\" style=\"height:25px\"><\/div><div class=\"line-center-divider\"><\/div><\/div>\n\n\n\n<div class=\"wp-block-msswb-spacer msswb-spacer-container\" style=\"height:50px\"><div class=\"line\" style=\"height:25px\"><\/div><div class=\"line-center-divider\"><\/div><\/div>\n\n\n\n<div class=\"wp-block-msswb-spacer msswb-spacer-container\" style=\"height:86px\"><div class=\"line\" style=\"height:43px\"><\/div><div class=\"line-center-divider\"><\/div><\/div>\n\n\n\n<div class=\"msswb-file\"><a href=\"https:\/\/bandyforbundet.no\/midt-norge-bandyregion\/wp-content\/uploads\/sites\/9\/2024\/05\/Malgarden-1.pdf\" class=\"file-button\" download><span class=\"dashicon dashicons dashicons-download\"><\/span><\/a><a class=\"file-link\" href=\"https:\/\/bandyforbundet.no\/midt-norge-bandyregion\/wp-content\/uploads\/sites\/9\/2024\/05\/Malgarden-1.pdf\">M\u00e5lg\u00e5rden<\/a><\/div>\n","protected":false},"excerpt":{"rendered":"<p>LANGTIDSPLAN Regionen er underlagt Norges Bandyforbund og arbeider etter forbundets overordnende strategier, hovedm\u00e5l og visjon. Samtidig har vi ogs\u00e5 et strategidokument som sier noe om hva vi skal prioritere i Midt-Norge for \u00e5 n\u00e5 forbundets hovedm\u00e5l om \u00f8kt aktivitetsvekst. Gjeldende Langtidsplan ble vedtatt p\u00e5 \u00e5rsm\u00f8tet i mai 2024, og l\u00f8per frem til 2026. Dette er [&hellip;]<\/p>\n","protected":false},"author":12,"featured_media":0,"parent":919,"menu_order":0,"comment_status":"closed","ping_status":"closed","template":"","meta":{"cover_meta":"","footnotes":""},"class_list":["post-2126","page","type-page","status-publish","hentry"],"_links":{"self":[{"href":"https:\/\/bandyforbundet.no\/midt-norge-bandyregion\/index.php?rest_route=\/wp\/v2\/pages\/2126","targetHints":{"allow":["GET"]}}],"collection":[{"href":"https:\/\/bandyforbundet.no\/midt-norge-bandyregion\/index.php?rest_route=\/wp\/v2\/pages"}],"about":[{"href":"https:\/\/bandyforbundet.no\/midt-norge-bandyregion\/index.php?rest_route=\/wp\/v2\/types\/page"}],"author":[{"embeddable":true,"href":"https:\/\/bandyforbundet.no\/midt-norge-bandyregion\/index.php?rest_route=\/wp\/v2\/users\/12"}],"replies":[{"embeddable":true,"href":"https:\/\/bandyforbundet.no\/midt-norge-bandyregion\/index.php?rest_route=%2Fwp%2Fv2%2Fcomments&post=2126"}],"version-history":[{"count":50,"href":"https:\/\/bandyforbundet.no\/midt-norge-bandyregion\/index.php?rest_route=\/wp\/v2\/pages\/2126\/revisions"}],"predecessor-version":[{"id":7553,"href":"https:\/\/bandyforbundet.no\/midt-norge-bandyregion\/index.php?rest_route=\/wp\/v2\/pages\/2126\/revisions\/7553"}],"up":[{"embeddable":true,"href":"https:\/\/bandyforbundet.no\/midt-norge-bandyregion\/index.php?rest_route=\/wp\/v2\/pages\/919"}],"wp:attachment":[{"href":"https:\/\/bandyforbundet.no\/midt-norge-bandyregion\/index.php?rest_route=%2Fwp%2Fv2%2Fmedia&parent=2126"}],"curies":[{"name":"wp","href":"https:\/\/api.w.org\/{rel}","templated":true}]}}