{"id":2405,"date":"2021-08-13T18:17:06","date_gmt":"2021-08-13T18:17:06","guid":{"rendered":"http:\/\/bandyforbundet.no\/midt-norge-bandyregion\/?page_id=2405"},"modified":"2024-05-19T20:58:11","modified_gmt":"2024-05-19T20:58:11","slug":"klubbdrift","status":"publish","type":"page","link":"https:\/\/bandyforbundet.no\/midt-norge-bandyregion\/?page_id=2405","title":{"rendered":"Klubbdrift"},"content":{"rendered":"\n<div class=\"wp-block-msswb-spacer msswb-spacer-container\" style=\"height:27px\"><div class=\"line\" style=\"height:13px\"><\/div><div class=\"line-center-divider\"><\/div><\/div>\n\n\n\n<h1 class=\"wp-block-heading\">KLUBBDRIFT<\/h1>\n\n\n\n<p class=\"has-drop-cap has-white-normal-color has-black-normal-background-color has-text-color has-background\">Dessverre ser vi ofte at mange idrettslag sliter med \u00e5 f\u00e5 personer til \u00e5 engasjere seg i klubbens drift utover det som skjer p\u00e5 selve spilleflaten.. Det er ikke rent sjelden vi h\u00f8rer om klubber som sliter med \u00e5 f\u00e5 foreldre til \u00e5 bli trenere\/lagledere, eller som har utfordringer med \u00e5 f\u00e5 p\u00e5 plass et styre. Kanskje kan vi v\u00e6re med p\u00e5 \u00e5 gi klubbdriften et &laquo;puff&raquo; i riktig retning?<\/p>\n\n\n\n<div class=\"wp-block-msswb-spacer msswb-spacer-container show-line\" style=\"height:60px\"><div class=\"line\" style=\"border-bottom-width:2px;border-bottom-color:#444444;height:30px\"><\/div><div class=\"line-center-divider\"><\/div><\/div>\n\n\n\n<p>Vi f\u00e5r med jevne mellomrom tilbakemelding om at klubbene ikke har noen dokumenter som overf\u00f8rer informasjon fra en tillitsvalgt til den neste. Da blir det veldig s\u00e5rbart n\u00e5r utskiftninger plutselig inntreffer. Viktig informasjon kan glippe. Tenk om det fantes noen dokumenter for hvordan klubben skal styres som enkelt bare kan sendes videre til de neste frivillige. Under fors\u00f8ker vi \u00e5 hjelpe dere med \u00e5 komme i gang!<\/p>\n\n\n\n<div class=\"wp-block-msswb-panel msswb-panel-container\"><div class=\"mwwsb-panel-header\"><div class=\"mwwsb-panel-title\">Mal til \u00e5rshjul og rekrutteringsplan for din klubb!<\/div><div class=\"mwwsb-panel-icon\"><span class=\"dashicon dashicons dashicons-arrow-down-alt2\"><\/span><\/div><\/div><div class=\"msswb-panel-content\">\n<p>Noen ganger kan det v\u00e6re tungt \u00e5 komme i gang med slikt. Her har vi fors\u00f8kt \u00e5 lage noen enkle maler din klubb kan bruke som utgangspunkt for \u00e5 f\u00e5 nedfelt hvordan dere \u00f8nsker \u00e5 drifte klubben, og hvordan dere \u00f8nsker at deres rekrutteringsarbeid skal foreg\u00e5. Dette er ikke ment som noen fasit, men mer som et oppstartspunkt for en tilpasning til hvordan dere \u00f8nsker det.  <\/p>\n\n\n\n<div class=\"msswb-file\"><a href=\"https:\/\/bandyforbundet.no\/midt-norge-bandyregion\/wp-content\/uploads\/sites\/9\/2024\/05\/Rekrutteringsplan.docx\" class=\"file-button\" download><span class=\"dashicon dashicons dashicons-download\"><\/span><\/a><a class=\"file-link\" href=\"https:\/\/bandyforbundet.no\/midt-norge-bandyregion\/wp-content\/uploads\/sites\/9\/2024\/05\/Rekrutteringsplan.docx\">Rekrutteringsplan<\/a><\/div>\n\n\n\n<div class=\"msswb-file\"><a href=\"https:\/\/bandyforbundet.no\/midt-norge-bandyregion\/wp-content\/uploads\/sites\/9\/2024\/05\/Arshjul-og-klubbdrift.docx\" class=\"file-button\" download><span class=\"dashicon dashicons dashicons-download\"><\/span><\/a><a class=\"file-link\" href=\"https:\/\/bandyforbundet.no\/midt-norge-bandyregion\/wp-content\/uploads\/sites\/9\/2024\/05\/Arshjul-og-klubbdrift.docx\">\u00c5rshjul og klubbdrift<\/a><\/div>\n<\/div><\/div>\n\n\n\n<div class=\"wp-block-msswb-spacer msswb-spacer-container\" style=\"height:6px\"><div class=\"line\" style=\"height:3px\"><\/div><div class=\"line-center-divider\"><\/div><\/div>\n\n\n\n<p>Alle idrettslag skal ha en vedtatt lov forankret i idrettsorganisasjonens regelverk, samt at man skal arrangere \u00e5rsm\u00f8te en gang i \u00e5ret. De fleste fleridrettslag har god kontroll p\u00e5 det formelle rundt dette, men vi opplever med jevne mellomrom at rene innebandyklubber ikke kjenner godt til hva som faktisk er et krav for \u00e5 v\u00e6re en klubb i norsk idrett. Dersom man ikke gjennomf\u00f8rer \u00e5rsm\u00f8te eller har et lovverk for klubben kan man faktisk miste medlemskapet i norsk idrett. Vi har her derfor fors\u00f8kt \u00e5 hjelpe innebandyklubbene med \u00e5 lage ulike maler til akkurat dette.<\/p>\n\n\n\n<div class=\"wp-block-msswb-panel msswb-panel-container\"><div class=\"mwwsb-panel-header\"><div class=\"mwwsb-panel-title\">Mal til lov og ulike \u00e5rsm\u00f8tedokumenter for idrettslag<\/div><div class=\"mwwsb-panel-icon\"><span class=\"dashicon dashicons dashicons-arrow-down-alt2\"><\/span><\/div><\/div><div class=\"msswb-panel-content\">\n<p><strong>Lov for idrettslag<\/strong><br>N\u00e5r en klubb stiftes skal det vedtas en lov for idrettslaget. S\u00e5 kommer det jevnlig oppdateringer av hva som skal v\u00e6re med i dette lovverket, samt at klubben endrer noen av sine interne retningslinjer som krever oppdatering av lovverket. Da m\u00e5 slike endringer vedtas av \u00e5rsm\u00f8tet. Vedlagt er en mal til et slikt lovverk for innebandyklubber.<\/p>\n\n\n\n<div class=\"msswb-file\"><a href=\"https:\/\/bandyforbundet.no\/midt-norge-bandyregion\/wp-content\/uploads\/sites\/9\/2024\/05\/Forslag-lov-idrettslag.docx\" class=\"file-button\" download><span class=\"dashicon dashicons dashicons-download\"><\/span><\/a><a class=\"file-link\" href=\"https:\/\/bandyforbundet.no\/midt-norge-bandyregion\/wp-content\/uploads\/sites\/9\/2024\/05\/Forslag-lov-idrettslag.docx\">Forslag: Lov for innebandyklubber<\/a><\/div>\n\n\n\n<div class=\"wp-block-msswb-spacer msswb-spacer-container\" style=\"height:26px\"><div class=\"line\" style=\"height:13px\"><\/div><div class=\"line-center-divider\"><\/div><\/div>\n\n\n\n<p><strong>\u00c5rsm\u00f8tedokumenter<\/strong><br>Det er krav at alle idrettslag gjennomf\u00f8rer et \u00e5rsm\u00f8te en gang i \u00e5ret. Til dette \u00e5rsm\u00f8tet f\u00f8lger krav om innkalling, utsendelse av saksdokumenter og gjennomf\u00f8ring. Dette skal v\u00e6re beskrevet i idrettslagets lovnorm. Norges Idrettsforbund har laget <a rel=\"noreferrer noopener\" href=\"https:\/\/www.idrettsforbundet.no\/klubbguiden\/drifte-et-idrettslag\/organisering\/arsmote-i-idrettslag\/fysisk-arsmote\/\" target=\"_blank\">en samleside<\/a> om dette. Her kan man f\u00e5 en enkel oversikt over hva man m\u00e5 huske p\u00e5 f\u00f8r, under og etter \u00e5rsm\u00f8tet. <br><br>S\u00e5 har vi fors\u00f8kt p\u00e5 en enkelt m\u00e5te \u00e5 lage maler dere kan ta utgangspunkt i n\u00e5r dere skal kalle inn til \u00e5rsm\u00f8te og utforme en saksliste. Husk at dette er dokumenter som m\u00e5 stemme overens med oppdatert regelverk og lov for deres idrettslag. Vi vet ogs\u00e5 at mange synes valgkomitearbeid er slitsomt og vanskelig. Vi har her fors\u00f8kt \u00e5 sette sammen noen tips som kan bidra til at dette arbeidet blir satt noe mer i system.<\/p>\n\n\n\n<div class=\"msswb-file\"><a href=\"https:\/\/bandyforbundet.no\/midt-norge-bandyregion\/wp-content\/uploads\/sites\/9\/2024\/05\/Forslag-til-innkalling-til-arsmote.docx\" class=\"file-button\" download><span class=\"dashicon dashicons dashicons-download\"><\/span><\/a><a class=\"file-link\" href=\"https:\/\/bandyforbundet.no\/midt-norge-bandyregion\/wp-content\/uploads\/sites\/9\/2024\/05\/Forslag-til-innkalling-til-arsmote.docx\">Mal til innkalling til \u00e5rsm\u00f8tet<\/a><\/div>\n\n\n\n<div class=\"msswb-file\"><a href=\"https:\/\/bandyforbundet.no\/midt-norge-bandyregion\/wp-content\/uploads\/sites\/9\/2024\/05\/Forslag-til-saksliste.docx\" class=\"file-button\" download><span class=\"dashicon dashicons dashicons-download\"><\/span><\/a><a class=\"file-link\" href=\"https:\/\/bandyforbundet.no\/midt-norge-bandyregion\/wp-content\/uploads\/sites\/9\/2024\/05\/Forslag-til-saksliste.docx\">Mal til saksliste p\u00e5 \u00e5rsm\u00f8tet<\/a><\/div>\n\n\n\n<div class=\"msswb-file\"><a href=\"https:\/\/bandyforbundet.no\/midt-norge-bandyregion\/wp-content\/uploads\/sites\/9\/2024\/05\/Fungerende-valgkomitearbeid-i-idrettslaget.pdf\" class=\"file-button\" download><span class=\"dashicon dashicons dashicons-download\"><\/span><\/a><a class=\"file-link\" href=\"https:\/\/bandyforbundet.no\/midt-norge-bandyregion\/wp-content\/uploads\/sites\/9\/2024\/05\/Fungerende-valgkomitearbeid-i-idrettslaget.pdf\">Tips til et fungerende valgkomitearbeid<\/a><\/div>\n<\/div><\/div>\n\n\n\n<div class=\"wp-block-msswb-spacer msswb-spacer-container show-line\" style=\"height:43px\"><div class=\"line\" style=\"border-bottom-width:2px;border-bottom-color:#444444;height:21px\"><\/div><div class=\"line-center-divider\"><\/div><\/div>\n\n\n\n<div class=\"wp-block-columns\">\n<div class=\"wp-block-column\">\n<h4 class=\"wp-block-heading has-text-align-center\">Lokaliser utfordringen<\/h4>\n\n\n\n<p class=\"has-background\" style=\"background-color:#def1d4\">Som klubb eller gruppe i et fleridrettslag som har utfordringer med \u00e5 f\u00e5 selve driften av laget til \u00e5 g\u00e5 &laquo;knirkefritt&raquo;, kan det v\u00e6re lurt \u00e5 dr\u00f8fte utfordringene p\u00e5 et styrem\u00f8te. Hva er det vi sliter med? Hvorfor er det slik? Hvilken endring ville v\u00e6rt optimal? Hvor kan vi f\u00e5 bistand? Slike sp\u00f8rsm\u00e5l er viktig at et styre i en klubb t\u00f8r \u00e5 ta en diskusjon p\u00e5. N\u00e5r man har gjort dette vil ha en tydeligere plan det er enklere \u00e5 f\u00e5 bistand til \u00e5 f\u00e5 endret p\u00e5. Det finnes flere steder man kan f\u00e5 ekstern bistand, og vi i Bandyforbundet har v\u00e5re verkt\u00f8y for \u00e5 hjelpe til med driften av v\u00e5re klubber. <br><br>Noen ganger vil bare det \u00e5 ta en diskusjon p\u00e5 dette internt kunne sette i gang prosesser som kan bedre driften av klubben, mens andre ganger m\u00e5 man ha ekstern bistand. Dette kan v\u00e6re hovedlaget i eget fleridrettslag, det kan v\u00e6re idrettskrets, det kan v\u00e6re et m\u00f8te med foreldregruppa eller det kan v\u00e6re oss i Bandyforbund.<br><br>Vi er ihvertfall klare for \u00e5 bist\u00e5 klubbene for \u00e5 sette i gang gode prosesser omkring dette.<\/p>\n<\/div>\n\n\n\n<div class=\"wp-block-column\">\n<h4 class=\"wp-block-heading has-text-align-center\">Hvilke tiltak kan vi tilby?<\/h4>\n\n\n\n<div class=\"wp-block-msswb-panel msswb-panel-container\"><div class=\"mwwsb-panel-header\"><div class=\"mwwsb-panel-title\">Tillitsvalgtkurs<\/div><div class=\"mwwsb-panel-icon\"><span class=\"dashicon dashicons dashicons-arrow-down-alt2\"><\/span><\/div><\/div><div class=\"msswb-panel-content\">\n<p><strong>Kurstype:<\/strong>&nbsp;Tillitsvalgtkurs<br><strong>M\u00e5lgruppe:<\/strong>&nbsp;N\u00e5v\u00e6rende og potensielle klubbledere, ledere og&nbsp;styremedlemmer i krets\/region\/seksjon\/forbundsstyrer samt&nbsp;representanter fra valgkomit\u00e9.<br><strong>L\u00e6ringsm\u00e5l:<\/strong>&nbsp;Ny kunnskap, \u00f8kt forst\u00e5else, nye ideer og&nbsp;praktiske vekt\u00f8y slik at man blir inspirert til \u00e5 jobbe videre med&nbsp;arbeidet i klubb\/krets\/region\/seksjon\/forbund.<br><strong>Varighet:<\/strong>&nbsp;8 timer<br><strong>Pris:<\/strong>&nbsp;Gratis<\/p>\n<\/div><\/div>\n\n\n\n<div class=\"wp-block-msswb-panel msswb-panel-container\"><div class=\"mwwsb-panel-header\"><div class=\"mwwsb-panel-title\">Kommunikasjon og samarbeid<\/div><div class=\"mwwsb-panel-icon\"><span class=\"dashicon dashicons dashicons-arrow-down-alt2\"><\/span><\/div><\/div><div class=\"msswb-panel-content\">\n<p><strong>Kurstype:<\/strong>&nbsp;Kommunikasjon og samarbeid<br><strong>M\u00e5lgruppe:<\/strong>&nbsp;Kurset er egnet for trenere, ledere og foresatte&nbsp;med et \u00f8nske om \u00e5 skape bedre samarbeidsklima i klubben,&nbsp;laget og\/eller styret.<br><strong>L\u00e6ringsm\u00e5l:<\/strong>&nbsp;\u00c5 bidra til ny innsikt i egne lederegenskaper og&nbsp;kommunikasjonsm\u00f8nster, samt utvikle ferdigheter til \u00e5 snu&nbsp;vanskelige samarbeidsprosesser til konstruktiv utvikling.<br><strong>Varighet:<\/strong>&nbsp;4 timer<br><strong>Pris:<\/strong>&nbsp;Gratis<\/p>\n<\/div><\/div>\n\n\n\n<div class=\"wp-block-msswb-panel msswb-panel-container\"><div class=\"mwwsb-panel-header\"><div class=\"mwwsb-panel-title\">Klubbes\u00f8k<\/div><div class=\"mwwsb-panel-icon\"><span class=\"dashicon dashicons dashicons-arrow-down-alt2\"><\/span><\/div><\/div><div class=\"msswb-panel-content\">\n<p><strong>Kurstype:&nbsp;<\/strong>Klubbes\u00f8k<br><strong>M\u00e5lgruppe:&nbsp;<\/strong>Styret i idrettslaget eller styret for grupper i fleridrettslag.<br><strong>L\u00e6ringsm\u00e5l:&nbsp;<\/strong>\u00c5 avdekke om idrettslaget trenger noe eller \u00f8nsker hjelp til videre utvikling.<br><strong>Varighet:&nbsp;<\/strong>1-3 timer<br><strong>Pris:&nbsp;<\/strong>Gratis<\/p>\n<\/div><\/div>\n\n\n\n<div class=\"wp-block-msswb-panel msswb-panel-container\"><div class=\"mwwsb-panel-header\"><div class=\"mwwsb-panel-title\">Startm\u00f8te<\/div><div class=\"mwwsb-panel-icon\"><span class=\"dashicon dashicons dashicons-arrow-down-alt2\"><\/span><\/div><\/div><div class=\"msswb-panel-content\">\n<p><strong>Kurstype:&nbsp;<\/strong>Startm\u00f8te<br><strong>M\u00e5lgruppe:&nbsp;<\/strong>Klubber er prim\u00e6rm\u00e5lgruppen.&nbsp;Startm\u00f8ter kan ogs\u00e5 brukes i kretser, s\u00e6rforbund, idrettsr\u00e5d eller andre som \u00f8nsker \u00e5 gjennomf\u00f8re&nbsp;en utviklingsprosess.<br><strong>L\u00e6ringsm\u00e5l:&nbsp;<\/strong>Skape felles bevissthet om klubbens situasjon. Definere viktige \u00f8nsker og behov ut fra situasjonen i klubben.&nbsp;Vurdere og prioritere tiltak for \u00e5 h\u00e5ndtere behovene.&nbsp;Lage fremdriftsplaner&nbsp; med ansvar og tidsfrist p\u00e5 tiltakene.<br><strong>Varighet:&nbsp;<\/strong>2-8 timer<br><strong>Pris:&nbsp;<\/strong>Gratis<\/p>\n<\/div><\/div>\n\n\n\n<div class=\"wp-block-msswb-panel msswb-panel-container\"><div class=\"mwwsb-panel-header\"><div class=\"mwwsb-panel-title\">Oppf\u00f8lgingsm\u00f8te<\/div><div class=\"mwwsb-panel-icon\"><span class=\"dashicon dashicons dashicons-arrow-down-alt2\"><\/span><\/div><\/div><div class=\"msswb-panel-content\">\n<p><strong>Kurstype:&nbsp;<\/strong>Oppf\u00f8lgingsm\u00f8te<br><strong>M\u00e5lgruppe:&nbsp;<\/strong>Styret i idrettslaget eller styret for grupper i fleridrettslag.<br><strong>L\u00e6ringsm\u00e5l:&nbsp;<\/strong>F\u00f8lge opp&nbsp;avdekte&nbsp;behov og&nbsp;\u00f8nsker om hjelp til videre utvikling.<br><strong>Varighet:&nbsp;<\/strong>1-3 timer<br><strong>Pris:&nbsp;<\/strong>Gratis<\/p>\n<\/div><\/div>\n\n\n\n<div class=\"wp-block-msswb-panel msswb-panel-container\"><div class=\"mwwsb-panel-header\"><div class=\"mwwsb-panel-title\">Virksomhetsplan<\/div><div class=\"mwwsb-panel-icon\"><span class=\"dashicon dashicons dashicons-arrow-down-alt2\"><\/span><\/div><\/div><div class=\"msswb-panel-content\">\n<p><strong>Kurstype:&nbsp;<\/strong>Virksomhetsplan<br><strong>M\u00e5lgruppe:&nbsp;<\/strong>Virksomhetsplan er en prosess som kan kj\u00f8res for ledere i klubber\/ lag, idrettskretser, s\u00e6rkretser, idrettsr\u00e5d og s\u00e6rforbund.<br><strong>L\u00e6ringsm\u00e5l:&nbsp;<\/strong>L\u00e6re \u00e5 bruke verkt\u00f8yet organisasjonsraketten for \u00e5 lage idrettslagets virksomhetsplan. Bevissthet og eierskap til det verdigrunnlaget som idrettslaget skal fungere etter, idrettslagets virksomhetside og visjon. Bevisst hvilke hovedm\u00e5l idrettslaget skal jobbe for \u00e5 realisere. Forst\u00e5else for hvordan virksomhetsplanen skal forankres. Bli enige om hvordan dere lager detaljerte handlingsplaner som brukes for \u00e5 realisere det dere har bestemt i virksomhetsplanen.<br><strong>Varighet:&nbsp;<\/strong>15 timer<br><strong>Pris:&nbsp;<\/strong>Etter avtale med klubb<\/p>\n<\/div><\/div>\n<\/div>\n<\/div>\n\n\n\n<div class=\"wp-block-msswb-spacer msswb-spacer-container show-line\" style=\"height:22px\"><div class=\"line\" style=\"height:11px\"><\/div><div class=\"line-center-divider\"><\/div><\/div>\n","protected":false},"excerpt":{"rendered":"<p>KLUBBDRIFT Dessverre ser vi ofte at mange idrettslag sliter med \u00e5 f\u00e5 personer til \u00e5 engasjere seg i klubbens drift utover det som skjer p\u00e5 selve spilleflaten.. Det er ikke rent sjelden vi h\u00f8rer om klubber som sliter med \u00e5 f\u00e5 foreldre til \u00e5 bli trenere\/lagledere, eller som har utfordringer med \u00e5 f\u00e5 p\u00e5 plass [&hellip;]<\/p>\n","protected":false},"author":12,"featured_media":0,"parent":950,"menu_order":0,"comment_status":"closed","ping_status":"closed","template":"","meta":{"cover_meta":"","footnotes":""},"class_list":["post-2405","page","type-page","status-publish","hentry"],"_links":{"self":[{"href":"https:\/\/bandyforbundet.no\/midt-norge-bandyregion\/index.php?rest_route=\/wp\/v2\/pages\/2405","targetHints":{"allow":["GET"]}}],"collection":[{"href":"https:\/\/bandyforbundet.no\/midt-norge-bandyregion\/index.php?rest_route=\/wp\/v2\/pages"}],"about":[{"href":"https:\/\/bandyforbundet.no\/midt-norge-bandyregion\/index.php?rest_route=\/wp\/v2\/types\/page"}],"author":[{"embeddable":true,"href":"https:\/\/bandyforbundet.no\/midt-norge-bandyregion\/index.php?rest_route=\/wp\/v2\/users\/12"}],"replies":[{"embeddable":true,"href":"https:\/\/bandyforbundet.no\/midt-norge-bandyregion\/index.php?rest_route=%2Fwp%2Fv2%2Fcomments&post=2405"}],"version-history":[{"count":44,"href":"https:\/\/bandyforbundet.no\/midt-norge-bandyregion\/index.php?rest_route=\/wp\/v2\/pages\/2405\/revisions"}],"predecessor-version":[{"id":7181,"href":"https:\/\/bandyforbundet.no\/midt-norge-bandyregion\/index.php?rest_route=\/wp\/v2\/pages\/2405\/revisions\/7181"}],"up":[{"embeddable":true,"href":"https:\/\/bandyforbundet.no\/midt-norge-bandyregion\/index.php?rest_route=\/wp\/v2\/pages\/950"}],"wp:attachment":[{"href":"https:\/\/bandyforbundet.no\/midt-norge-bandyregion\/index.php?rest_route=%2Fwp%2Fv2%2Fmedia&parent=2405"}],"curies":[{"name":"wp","href":"https:\/\/api.w.org\/{rel}","templated":true}]}}