{"id":2521,"date":"2021-08-16T12:38:53","date_gmt":"2021-08-16T12:38:53","guid":{"rendered":"http:\/\/bandyforbundet.no\/midt-norge-bandyregion\/?page_id=2521"},"modified":"2022-11-10T13:15:54","modified_gmt":"2022-11-10T13:15:54","slug":"trenerforum-i-klaeb","status":"publish","type":"page","link":"https:\/\/bandyforbundet.no\/midt-norge-bandyregion\/?page_id=2521","title":{"rendered":"Inspirasjonssamling: 26-27. november 2022"},"content":{"rendered":"\n<div class=\"wp-block-msswb-spacer msswb-spacer-container\" style=\"height:27px\"><div class=\"line\" style=\"height:13px\"><\/div><div class=\"line-center-divider\"><\/div><\/div>\n\n\n\n<h2 class=\"wp-block-heading\">Vi inviterer b\u00e5de spillere, keepere og trenere velkommen til innebandy p\u00e5fyll!<\/h2>\n\n\n\n<p><strong>26-27. november <\/strong>inviterer vi alle innebandyinteresserte til inspirasjonshelg i Tanemshallen i Kl\u00e6bu. Vi lover gode instrukt\u00f8rer som vil gi b\u00e5de mer kunnskap og ny inspirasjon man kan ta med seg tilbake i klubbhverdagen.<br><\/p>\n\n\n\n<p>Vi kj\u00f8rer i gang sesongens f\u00f8rste av to #p\u00e5fyllhelger, i Tanemshallen!<br>L\u00f8rdag 26 og s\u00f8ndag 27 november har vi igjen f\u00e5tt med oss Magnus Skulstad,&nbsp;&nbsp;landslagssjef for U19 kvinnelandslaget til Norge, som kommer oppover for \u00e5 v\u00e6re instrukt\u00f8r igjen!<\/p>\n\n\n<div class=\"msswb-image-frontend-app\"data-href-target=\"false\" data-href=\"%22%22\" data-use-link=\"false\" data-screen-width=\"false\" data-alignment=\"%22center%22\" data-url=\"%22%5C%2Fwp-content%5C%2Fuploads%5C%2Fsites%5C%2F9%5C%2F2022%5C%2F04%5C%2FIMG_0667-scaled.jpg%22\" data-is-background-image=\"false\" data-border-radius=\"0\" data-image-width=\"2560\" data-image-height=\"1920\" data-selected-image=\"%7B%22image_id%22%3A4491%2C%22blog_id%22%3A9%2C%22term_id%22%3A-1%2C%22selected_size%22%3A%22full%22%7D\" data-image-aspect-ratio=\"0.75\" data-alt-text=\"%22%22\" data-caption=\"%22%22\" data-width=\"720\" data-height=\"540\" data-focal-point=\"\" data-show-light-box=\"false\" >\n<div class=\"msswb-image-block msswbcenter\" style=\"width:720px\"><div class=\"msswb-image \"><div class=\"image-container\" style=\"width:720px;height:540px\"><img decoding=\"async\" style=\"width:720px;height:540px\" src=\"\/wp-content\/uploads\/sites\/9\/2022\/04\/IMG_0667-scaled.jpg\" \/><\/div><\/div><div class=\"msswb-image-caption-container\"><div class=\"msswb-image-caption\"><\/div><\/div><\/div>\n<\/div>\n\n\n<p class=\"has-larger-font-size\"><strong>Hvem er dette for, er det for meg?!<\/strong><\/p>\n\n\n\n<p>Dette konseptet har mange navn, kompetansehelg, #p\u00e5fyllhelg, innebandyhelg. Men det viktigste \u00e5 vite er;<strong> en av disse \u00f8ktene passer garantert for deg! <\/strong>Alle spillere, trenere og keepere fra 2011 og eldre har ulike \u00f8kter, de fleste p\u00e5 1,5 time (se program). Enten du er ny p\u00e5 innebandy eller har spilt i mange \u00e5r, dette er et opplegg for deg! Vi har keeper\u00f8kter som passer for barn\/yngre ungdom, og vi har keeper\u00f8kter som er for st\u00f8rre ungdom og opp til seniorniv\u00e5. <\/p>\n\n\n\n<p>Er du glad i innebandy, opptatt av \u00e5 l\u00e6re mer? Da har vi en <strong>knallbra \u00f8kt p\u00e5 l\u00f8rdag kl 10.00-13.00 (se mer info under) <\/strong>for deg som er seniorspiller (2005 og eldre), og for deg som er trener, enten for et barnelag, ungdomslag eller seniorlag. Her kombineres teori om grunnspill i innebandy, hvor forflytte seg etc etc med praksis\u00f8kt som viser det som er gjennomg\u00e5tt i teorien! En \u00f8kt vi ikke har holdt her i MNBR tidligere, og som vi anbefaler alle som er interessert i innebandy om \u00e5 melde seg p\u00e5! <\/p>\n\n\n\n<p class=\"has-larger-font-size\"><strong>Hva er fokus?<\/strong><\/p>\n\n\n\n<p>Denne helgen vil det v\u00e6re fokus p\u00e5 blant annet lagsferdigheter og posisjonering i grupper, som vil kunne v\u00e6re med p\u00e5 \u00e5 gi kompetanse og refleksjoner man kan ta med seg tilbake til egen klubb.<\/p>\n\n\n\n<p>Vi flytter oss litt fra det defensive tema p\u00e5 forrige #p\u00e5fyllhelg, og setter mer fokus p\u00e5 offensiv organisering i mindre enheter og offensiv organisering i femmeren.<br><strong><br>#Angrep i lag&nbsp;<\/strong><br>I m\u00e5lvakt\u00f8ktene vil det v\u00e6re stort fokus p\u00e5 omr\u00e5dene \u2018\u2019dekke\u2019\u2019 og \u2018\u2019forflytte\u2019\u2019 med mer.<\/p>\n\n\n<div class=\"msswb-image-frontend-app\"data-href-target=\"false\" data-href=\"%22%22\" data-use-link=\"false\" data-screen-width=\"false\" data-alignment=\"%22center%22\" data-url=\"%22%5C%2Fwp-content%5C%2Fuploads%5C%2Fsites%5C%2F9%5C%2F2022%5C%2F11%5C%2FSkjermbilde-2022-11-10-141211.jpg%22\" data-is-background-image=\"false\" data-border-radius=\"50\" data-image-width=\"447\" data-image-height=\"566\" data-selected-image=\"%7B%22image_id%22%3A5855%2C%22blog_id%22%3A9%2C%22term_id%22%3A-1%2C%22selected_size%22%3A%22full%22%7D\" data-image-aspect-ratio=\"1.27\" data-alt-text=\"%22%22\" data-caption=\"%22%22\" data-width=\"570\" data-height=\"723.9\" data-focal-point=\"\" data-show-light-box=\"false\" >\n<div class=\"msswb-image-block msswbcenter\" style=\"width:570px\"><div class=\"msswb-image \"><div class=\"image-container\" style=\"width:570px;height:723.9px\"><img decoding=\"async\" style=\"width:570px;height:723.9px;border-radius:50px\" src=\"\/wp-content\/uploads\/sites\/9\/2022\/11\/Skjermbilde-2022-11-10-141211.jpg\" \/><\/div><\/div><div class=\"msswb-image-caption-container\"><div class=\"msswb-image-caption\"><\/div><\/div><\/div>\n<\/div>\n\n\n<h2 class=\"wp-block-heading\"><em><strong><u>Trenere p\u00e5 alle niv\u00e5er, seniorspillere fra 2005 , se hit! Nytt av \u00e5ret!<\/u><\/strong><\/em><\/h2>\n\n\n\n<p class=\"has-large-font-size\"><em>P\u00e5 l\u00f8rdag fra kl.10.00-13.00 vil Magnus holde en helt ny \u00f8kt som ikke tidligere har blitt holdt her i Midt-Norge Bandyregion<\/em>. Dette er en kombinert trener og praksis \u00f8kt, som passer for b\u00e5de deg som f.eks er trener for 1 div herrer, deg som er trener p\u00e5 et minirundelag eller ungdomslag og for seniorspillere som \u00f8nsker \u00e5 l\u00e6re mer om innebandy.&nbsp;Ja rett og slett for alle som er interessert i \u00e5 l\u00e6re mer om innebandyspillet.<br>Hva er egentlig taktikk i innebandy, hvordan skal vi oppf\u00f8re oss p\u00e5 banen i de ulike situasjonene? Kom \u00e5 bli inspirert, f\u00e5 veiledning og input! Vi tar det vi l\u00e6rer med oss inn i hallen i form av en praksis\u00f8kt p\u00e5 slutten av denne seansen.&nbsp;<br><strong><em>Dette vil du ikke g\u00e5 glipp av!&nbsp;<\/em><\/strong><\/p>\n\n\n\n<p><\/p>\n\n\n\n<p><strong>P\u00e5meldingsavgift: 200,- pr. deltaker til kontonr: 4200.09.45476<\/strong> <\/p>\n\n\n\n<p><strong><br>P\u00e5melding gj\u00f8res her <a href=\"https:\/\/forms.gle\/hzEoZPmBxhb4xgzWA\">https:\/\/forms.gle\/hzEoZPmBxhb4xgzWA<\/a> <\/strong><\/p>\n","protected":false},"excerpt":{"rendered":"<p>Vi inviterer b\u00e5de spillere, keepere og trenere velkommen til innebandy p\u00e5fyll! 26-27. november inviterer vi alle innebandyinteresserte til inspirasjonshelg i Tanemshallen i Kl\u00e6bu. Vi lover gode instrukt\u00f8rer som vil gi b\u00e5de mer kunnskap og ny inspirasjon man kan ta med seg tilbake i klubbhverdagen. Vi kj\u00f8rer i gang sesongens f\u00f8rste av to #p\u00e5fyllhelger, i Tanemshallen!L\u00f8rdag [&hellip;]<\/p>\n","protected":false},"author":12,"featured_media":0,"parent":950,"menu_order":0,"comment_status":"closed","ping_status":"closed","template":"","meta":{"cover_meta":"","footnotes":""},"class_list":["post-2521","page","type-page","status-publish","hentry"],"_links":{"self":[{"href":"https:\/\/bandyforbundet.no\/midt-norge-bandyregion\/index.php?rest_route=\/wp\/v2\/pages\/2521","targetHints":{"allow":["GET"]}}],"collection":[{"href":"https:\/\/bandyforbundet.no\/midt-norge-bandyregion\/index.php?rest_route=\/wp\/v2\/pages"}],"about":[{"href":"https:\/\/bandyforbundet.no\/midt-norge-bandyregion\/index.php?rest_route=\/wp\/v2\/types\/page"}],"author":[{"embeddable":true,"href":"https:\/\/bandyforbundet.no\/midt-norge-bandyregion\/index.php?rest_route=\/wp\/v2\/users\/12"}],"replies":[{"embeddable":true,"href":"https:\/\/bandyforbundet.no\/midt-norge-bandyregion\/index.php?rest_route=%2Fwp%2Fv2%2Fcomments&post=2521"}],"version-history":[{"count":23,"href":"https:\/\/bandyforbundet.no\/midt-norge-bandyregion\/index.php?rest_route=\/wp\/v2\/pages\/2521\/revisions"}],"predecessor-version":[{"id":5856,"href":"https:\/\/bandyforbundet.no\/midt-norge-bandyregion\/index.php?rest_route=\/wp\/v2\/pages\/2521\/revisions\/5856"}],"up":[{"embeddable":true,"href":"https:\/\/bandyforbundet.no\/midt-norge-bandyregion\/index.php?rest_route=\/wp\/v2\/pages\/950"}],"wp:attachment":[{"href":"https:\/\/bandyforbundet.no\/midt-norge-bandyregion\/index.php?rest_route=%2Fwp%2Fv2%2Fmedia&parent=2521"}],"curies":[{"name":"wp","href":"https:\/\/api.w.org\/{rel}","templated":true}]}}