{"id":7988,"date":"2025-01-31T12:57:45","date_gmt":"2025-01-31T12:57:45","guid":{"rendered":"https:\/\/bandyforbundet.no\/midt-norge-bandyregion\/?page_id=7988"},"modified":"2025-02-08T22:29:58","modified_gmt":"2025-02-08T22:29:58","slug":"arrangorveiledning","status":"publish","type":"page","link":"https:\/\/bandyforbundet.no\/midt-norge-bandyregion\/?page_id=7988","title":{"rendered":"Arrang\u00f8rveiledning"},"content":{"rendered":"\n<div class=\"wp-block-msswb-spacer msswb-spacer-container\" style=\"height:26px\"><div class=\"line\" style=\"height:13px\"><\/div><div class=\"line-center-divider\"><\/div><\/div>\n\n\n\n<h1 class=\"wp-block-heading has-text-align-center\">ARRANG\u00d8RVEILEDNING<\/h1>\n\n\n\n<div class=\"wp-block-msswb-spacer msswb-spacer-container\" style=\"height:16px\"><div class=\"line\" style=\"height:8px\"><\/div><div class=\"line-center-divider\"><\/div><\/div>\n\n\n<div class=\"msswb-image-frontend-app\"data-href-target=\"false\" data-href=\"%22%22\" data-use-link=\"false\" data-screen-width=\"false\" data-alignment=\"%22right%22\" data-url=\"%22%5C%2Fwp-content%5C%2Fuploads%5C%2Fsites%5C%2F3%5C%2F2019%5C%2F04%5C%2FIMG_5832-scaled.jpg%22\" data-is-background-image=\"false\" data-border-radius=\"12\" data-image-width=\"2560\" data-image-height=\"1707\" data-selected-image=\"%7B%22image_id%22%3A610%2C%22blog_id%22%3A3%2C%22term_id%22%3A193%2C%22selected_size%22%3A%22full%22%7D\" data-image-aspect-ratio=\"0.67\" data-alt-text=\"%22Foto%20av%3A%20Frank%20Nordseth%22\" data-caption=\"%22%22\" data-width=\"215\" data-height=\"144\" data-focal-point=\"\" data-show-light-box=\"false\" >\n<div class=\"msswb-image-block msswbright\" style=\"width:215px\"><div class=\"msswb-image \"><div class=\"image-container\" style=\"width:215px;height:144px\"><img decoding=\"async\" style=\"width:215px;height:144px;border-radius:12px\" src=\"\/wp-content\/uploads\/sites\/3\/2019\/04\/IMG_5832-scaled.jpg\" \/><\/div><\/div><div class=\"msswb-image-caption-container\"><div class=\"msswb-image-caption\"><\/div><div class=\"msswb-image-attribution\">Foto av: Frank Nordseth<\/div><\/div><\/div>\n<\/div>\n\n\n<p>Arrang\u00f8rkompetanse og kultur for \u00e5 p\u00e5ta seg arrangementsansvar kan bidra til \u00e5 bygge god klubbkultur og samhold i et idrettslag. Man jobber sammen for \u00e5 f\u00e5 til et godt arrangement som bidrar til idrettsglede for mange. Samtidig er det ikke gitt at alle vet hvilke arrangementer det er mulig \u00e5 p\u00e5ta seg arrangementsansvar for eller at man vet hva de ulike arrangementene egentlig inneb\u00e6rer. P\u00e5 denne siden vil vi fors\u00f8ke \u00e5 gi din klubb en oversikt over hvilke muligheter som finnes og hvilke forventinger (og kanskje til og med krav) som ligger til de ulike arrangementene.<\/p>\n\n\n\n<div class=\"wp-block-msswb-spacer msswb-spacer-container\" style=\"height:41px\"><div class=\"line\" style=\"height:20px\"><\/div><div class=\"line-center-divider\"><\/div><\/div>\n\n\n\n<div class=\"wp-block-msswb-panel msswb-panel-container\"><div class=\"mwwsb-panel-header\"><div class=\"mwwsb-panel-title\">Seriekamper<\/div><div class=\"mwwsb-panel-icon\"><span class=\"dashicon dashicons dashicons-arrow-down-alt2\"><\/span><\/div><\/div><div class=\"msswb-panel-content\">\n<p><em>Har man med lag i seriespill s\u00e5 inneb\u00e6rer det seriekamper. I Midt-Norge starter vi med dette i innebandy sesongen n\u00e5r barna er 13 \u00e5r. Det betyr at man spiller hjemmekamper og bortekamper. I kampene man er satt opp som hjemmelag er har man automatisk et arrangementsansvar. Det er ikke frivillig, men snarere et krav for \u00e5 v\u00e6re med i seriespill at man tar ansvar for gjennomf\u00f8ringen av kampen i sine hjemmekamper.<\/em><br><br><strong>Hva er kravene?<\/strong><br>&#8211; Man m\u00e5 sette opp og ta ned vant (dersom det ikke er innebandykamper i hallen f\u00f8r eller etter v\u00e5r kamp)<br>&#8211; Det finnes baller som lagene kan bruke ved oppvarming og som skal brukes i selve kampen<br>&#8211; Pad eller PC som man kan bruke til \u00e5 fortl\u00f8pende utfylle det digitale kampskjemaet<br>&#8211; 2 personer til \u00e5 sitte i kampsekretariatet under kampen. Disse skal betjene digital utfylling av kampskjema samt styre resulttavlen\/klokken i hallen underveis i kampen<br>&#8211; Sette frem stoler\/benker til utvisningsomr\u00e5det og innbyttersonene<br>&#8211; Sikre utstyr rundt spilleflaten som kan utgj\u00f8re en fare for deltakerne i kampen<br>&#8211; Dialog og tilrettelegging for dommerne<br>&#8211; Tilrettelegge for at lagene og dommerne har hver sine garderober<br><br><strong>Hva kan man gj\u00f8re i tillegg for ekstra god gjennomf\u00f8ring?<\/strong><br>&#8211; Speakertjeneste<br>&#8211; Musikk i hallen n\u00e5 spillet i kampen ikke p\u00e5g\u00e5r<br>&#8211; Kiosktilbud i hallen<br>&#8211; Line-up<br>&#8211; &laquo;Markedsf\u00f8ring&raquo; i forkant av kampen i egne kanaler<br>&#8211; Bestelagspremie etter kamp<br><br>NBF har laget en <a rel=\"noreferrer noopener\" href=\"https:\/\/bandyforbundet.no\/innebandy\/?page_id=3828\" target=\"_blank\">sekretariatsinstruks<\/a> for innebandykamper. Denne er spesielt innrettet mot Eliteseriekamper, men kan ogs\u00e5 inneholde gode tips for kamper p\u00e5 lavere niv\u00e5.<br>NBF har ogs\u00e5 laget en side med ulike <a rel=\"noreferrer noopener\" href=\"https:\/\/bandyforbundet.no\/innebandy\/?page_id=3828\" target=\"_blank\">brukerveiledninger<\/a> for idrettens digitale systemer tilknyttet kampavvikling.<\/p>\n<\/div><\/div>\n\n\n\n<div class=\"wp-block-msswb-panel msswb-panel-container\"><div class=\"mwwsb-panel-header\"><div class=\"mwwsb-panel-title\">Minirunde<\/div><div class=\"mwwsb-panel-icon\"><span class=\"dashicon dashicons dashicons-arrow-down-alt2\"><\/span><\/div><\/div><div class=\"msswb-panel-content\">\n<p><em>I omfang er v\u00e5re <a rel=\"noreferrer noopener\" href=\"https:\/\/bandyforbundet.no\/midt-norge-bandyregion\/?page_id=885\" target=\"_blank\">minirunder<\/a> det st\u00f8rste arrangementet en klubb kan p\u00e5ta seg i Midt-Norge. Det arrangeres 6 slike runder i l\u00f8pet av en sesong i Tr\u00f8ndelag og 3-4 i M\u00f8re og Romsdal. I Tr\u00f8ndelag g\u00e5r arrangementene g\u00e5r over to dager, med kamper fortl\u00f8pende p\u00e5 minst to mindre baner i hallen. Det er en fordel med litt luft mellom banene, og publikum b\u00f8r i hovedsak henvises til tribunen. Man m\u00e5 s\u00f8ke om arrang\u00f8ransvar for en minirunde p\u00e5 h\u00f8sten etter eksakt dato i arrang\u00f8rutlysningen. Det er s\u00e5 regionsstyret som tildeler arrangementene.<\/em><\/p>\n\n\n\n<p><strong>Hva er kravene?<\/strong><br>&#8211; Sette opp banene og ta ned banene etter endt dag<br>&#8211; Ansvar for at klokka i hallen starter ved kampstart og gir et signal ved kampslutt (kampene p\u00e5 begge baner m\u00e5 starte samtidig?<br>&#8211; Kiosksalg i hallen<br>&#8211; Premieutdeling (arrang\u00f8rklubb er ogs\u00e5 ansvarlig for innkj\u00f8p av premier)<br>&#8211; Speakertjeneste<br>&#8211; Klubben m\u00e5 stille med en kampleder (dommer) til alle kamper<br>&#8211; Klubben m\u00e5 ha utl\u00e5nsutstyr tilgjengelig for deltakende lag (k\u00f8ller, m\u00e5lvaktutstyr og beskyttelsesbriller)<br><br><strong>Hva kan man gj\u00f8re i tillegg for ekstra god gjennomf\u00f8ring?<\/strong><br>&#8211; Musikk i hallen n\u00e5 kamper ikke spilles<br>&#8211; Akt\u00f8rer som har stand i hallen<br>&#8211; Loddsalg<br>&#8211; Bredt utvalg i kiosken<br>&#8211; Lagbilder som klubbene kan tilsendes etter turnering (husk fullmakt fra foresatte)<br><br><strong>Andre opplysninger<\/strong><br>&#8211; Arrang\u00f8rklubb tildeles 2500,- i arr.honorar fra regionen for rundene i Tr\u00f8ndelag<br>&#8211; Det er regionen som h\u00e5ndterer p\u00e5melding og kampoppsett<\/p>\n\n\n\n<div class=\"msswb-file\"><a href=\"https:\/\/bandyforbundet.no\/midt-norge-bandyregion\/wp-content\/uploads\/sites\/9\/2024\/07\/Utlysning_minirunde.pdf\" class=\"file-button\" download><span class=\"dashicon dashicons dashicons-download\"><\/span><\/a><a class=\"file-link\" href=\"https:\/\/bandyforbundet.no\/midt-norge-bandyregion\/wp-content\/uploads\/sites\/9\/2024\/07\/Utlysning_minirunde.pdf\">Ekempel p\u00e5 arr. utlysning<\/a><\/div>\n\n\n\n<div class=\"msswb-file\"><a href=\"https:\/\/bandyforbundet.no\/midt-norge-bandyregion\/wp-content\/uploads\/sites\/9\/2021\/06\/Minirundebrosjyre-1.pdf\" class=\"file-button\" download><span class=\"dashicon dashicons dashicons-download\"><\/span><\/a><a class=\"file-link\" href=\"https:\/\/bandyforbundet.no\/midt-norge-bandyregion\/wp-content\/uploads\/sites\/9\/2021\/06\/Minirundebrosjyre-1.pdf\">Hva er en minirunde?<\/a><\/div>\n<\/div><\/div>\n\n\n\n<div class=\"wp-block-msswb-panel msswb-panel-container\"><div class=\"mwwsb-panel-header\"><div class=\"mwwsb-panel-title\">Weekend League-runde<\/div><div class=\"mwwsb-panel-icon\"><span class=\"dashicon dashicons dashicons-arrow-down-alt2\"><\/span><\/div><\/div><div class=\"msswb-panel-content\">\n<p><em>Det siste \u00e5ret barna spiller minirunde er de 11 \u00e5r. Etter det g\u00e5r de over i et \u00e5r p\u00e5 en litt st\u00f8rre bane. Dog beholdes turneringskonseptet, og det spilles flere kamper p\u00e5 en og samme dag. Vi kaller dette <a href=\"https:\/\/bandyforbundet.no\/midt-norge-bandyregion\/?page_id=895\" target=\"_blank\" rel=\"noreferrer noopener\">Weekend League<\/a>. Betyr at det en helgedag i m\u00e5neden gjennom innebandysesongen spilles Weekend League-runder. \u00c5 arrangere en Weekend League-runde kan v\u00e6re en god \u00f8velse p\u00e5 \u00e5 arrangere en minirunde (som er et mye st\u00f8rre arrangement). \u00d8nsker en klubb \u00e5 p\u00e5ta seg en slik runde kan man ta kontakt med regionens administrasjon s\u00e5 finner vi en passende runde for deres klubb. <\/em><\/p>\n\n\n\n<p><strong>Hva er kravene?<\/strong><br>&#8211; Oppsett og nedrigg av bane<br>&#8211; Minst en person i sekretariatet som har ansvar for \u00e5 starte og stoppe kampklokka i hallen<br>&#8211; Enkel kioskservering<br><br><strong>Hva kan man gj\u00f8re i tillegg for ekstra god gjennomf\u00f8ring?<\/strong><br>&#8211; Speakertjeneste<br>&#8211; Musikk i hallen mellom kampene<br>&#8211; Godt utvalg i kiosken<br><br><strong>Andre opplysninger?<\/strong><br>&#8211; Regionen h\u00e5ndterer p\u00e5melding, kampoppsett og dommere<\/p>\n\n\n\n<div class=\"msswb-file\"><a href=\"https:\/\/bandyforbundet.no\/midt-norge-bandyregion\/wp-content\/uploads\/sites\/9\/2025\/01\/Informasjonsskriv-WL-2024_25.pdf\" class=\"file-button\" download><span class=\"dashicon dashicons dashicons-download\"><\/span><\/a><a class=\"file-link\" href=\"https:\/\/bandyforbundet.no\/midt-norge-bandyregion\/wp-content\/uploads\/sites\/9\/2025\/01\/Informasjonsskriv-WL-2024_25.pdf\">Informasjonsskriv WL<\/a><\/div>\n<\/div><\/div>\n\n\n\n<div class=\"wp-block-msswb-panel msswb-panel-container\"><div class=\"mwwsb-panel-header\"><div class=\"mwwsb-panel-title\">Sluttspillarrangement<\/div><div class=\"mwwsb-panel-icon\"><span class=\"dashicon dashicons dashicons-arrow-down-alt2\"><\/span><\/div><\/div><div class=\"msswb-panel-content\">\n<p><em>Den siste l\u00f8rdagen i april er det dags for <a rel=\"noreferrer noopener\" href=\"https:\/\/bandyforbundet.no\/midt-norge-bandyregion\/?page_id=889\" target=\"_blank\">sluttspillfinaler<\/a> i Midt-Norge. Det betyr at de to beste herrelagene og de to beste damelagene m\u00f8tes til sesongens finale for \u00e5 k\u00e5re en Midt-Norsk mester. Lagene har spilt seg til finalen gjennom seriespill og sluttspillsemifinaler. Dette arrangementet er et slags punktum p\u00e5 sesongen, og viser frem det beste regionen har \u00e5 by p\u00e5 av innebandy p\u00e5 seniorniv\u00e5.<\/em><\/p>\n\n\n\n<p><strong>Hva er kravene?<\/strong><br>Kravene for arrang\u00f8r er nevnt i eksempelet p\u00e5 arr.utlysning under. Vi gj\u00f8r oppmerksom p\u00e5 at disse kan endres fra sesong til sesong<br><br><strong>Andre opplysninger?<\/strong><br>&#8211; Regionen st\u00e5r for oppsett og dommere<br>&#8211; Arr. klubb tildeles et honorar p\u00e5 1500,-<\/p>\n\n\n\n<div class=\"msswb-file\"><a href=\"https:\/\/bandyforbundet.no\/midt-norge-bandyregion\/wp-content\/uploads\/sites\/9\/2024\/12\/Utlysning-sluttspillarrangement-24_25.doc.pdf\" class=\"file-button\" download><span class=\"dashicon dashicons dashicons-download\"><\/span><\/a><a class=\"file-link\" href=\"https:\/\/bandyforbundet.no\/midt-norge-bandyregion\/wp-content\/uploads\/sites\/9\/2024\/12\/Utlysning-sluttspillarrangement-24_25.doc.pdf\">Eksempel p\u00e5 arr.utlysning<\/a><\/div>\n<\/div><\/div>\n\n\n\n<div class=\"wp-block-msswb-panel msswb-panel-container\"><div class=\"mwwsb-panel-header\"><div class=\"mwwsb-panel-title\">Andre turneringer, cuper og arrangement<\/div><div class=\"mwwsb-panel-icon\"><span class=\"dashicon dashicons dashicons-arrow-down-alt2\"><\/span><\/div><\/div><div class=\"msswb-panel-content\">\n<p>Klubbene selv st\u00e5r selvf\u00f8lgelig selv fritt til \u00e5 arrangere egne cuper og\/eller arrangement. Vi i regionen skal gj\u00f8re det vi kan for \u00e5 bist\u00e5 dere dersom det er \u00f8nskelig i planleggingsfasen. For eksempel g\u00e5r halltid i de kommunale idrettshallene gjennom oss i regionen. Vi anbefaler dere \u00e5 v\u00e6re ute i god tid med planleggingen. Det er en del som skal gj\u00f8res for \u00e5 f\u00e5 til et vellykket arrangement, og det er nok en forutsetning at det er en hel innebandygruppe i en klubb som st\u00e5r bak et arrang\u00f8ransvar &#8211; og ikke bare noen f\u00e5 i en foredregruppe.<\/p>\n<\/div><\/div>\n\n\n\n<div class=\"wp-block-msswb-spacer msswb-spacer-container\" style=\"height:11px\"><div class=\"line\" style=\"height:5px\"><\/div><div class=\"line-center-divider\"><\/div><\/div>\n\n\n\n<p><em>Sp\u00f8rsm\u00e5l eller generelle henvender omkring arrang\u00f8ransvar kan rettes til daglig leder i MNBR; dagligleder@mnbr.no.<\/em><\/p>\n","protected":false},"excerpt":{"rendered":"<p>ARRANG\u00d8RVEILEDNING Arrang\u00f8rkompetanse og kultur for \u00e5 p\u00e5ta seg arrangementsansvar kan bidra til \u00e5 bygge god klubbkultur og samhold i et idrettslag. Man jobber sammen for \u00e5 f\u00e5 til et godt arrangement som bidrar til idrettsglede for mange. Samtidig er det ikke gitt at alle vet hvilke arrangementer det er mulig \u00e5 p\u00e5ta seg arrangementsansvar for [&hellip;]<\/p>\n","protected":false},"author":12,"featured_media":0,"parent":0,"menu_order":0,"comment_status":"closed","ping_status":"closed","template":"","meta":{"cover_meta":"","footnotes":""},"class_list":["post-7988","page","type-page","status-publish","hentry"],"_links":{"self":[{"href":"https:\/\/bandyforbundet.no\/midt-norge-bandyregion\/index.php?rest_route=\/wp\/v2\/pages\/7988","targetHints":{"allow":["GET"]}}],"collection":[{"href":"https:\/\/bandyforbundet.no\/midt-norge-bandyregion\/index.php?rest_route=\/wp\/v2\/pages"}],"about":[{"href":"https:\/\/bandyforbundet.no\/midt-norge-bandyregion\/index.php?rest_route=\/wp\/v2\/types\/page"}],"author":[{"embeddable":true,"href":"https:\/\/bandyforbundet.no\/midt-norge-bandyregion\/index.php?rest_route=\/wp\/v2\/users\/12"}],"replies":[{"embeddable":true,"href":"https:\/\/bandyforbundet.no\/midt-norge-bandyregion\/index.php?rest_route=%2Fwp%2Fv2%2Fcomments&post=7988"}],"version-history":[{"count":51,"href":"https:\/\/bandyforbundet.no\/midt-norge-bandyregion\/index.php?rest_route=\/wp\/v2\/pages\/7988\/revisions"}],"predecessor-version":[{"id":8296,"href":"https:\/\/bandyforbundet.no\/midt-norge-bandyregion\/index.php?rest_route=\/wp\/v2\/pages\/7988\/revisions\/8296"}],"wp:attachment":[{"href":"https:\/\/bandyforbundet.no\/midt-norge-bandyregion\/index.php?rest_route=%2Fwp%2Fv2%2Fmedia&parent=7988"}],"curies":[{"name":"wp","href":"https:\/\/api.w.org\/{rel}","templated":true}]}}