{"id":875,"date":"2016-02-05T12:02:26","date_gmt":"2016-02-05T11:02:26","guid":{"rendered":"http:\/\/bandyforbundet.no\/midt-norge-bandyregion\/?page_id=875"},"modified":"2026-04-27T07:18:58","modified_gmt":"2026-04-27T07:18:58","slug":"midt-norge-bandyregion","status":"publish","type":"page","link":"https:\/\/bandyforbundet.no\/midt-norge-bandyregion\/","title":{"rendered":"Midt-Norge Bandyregion"},"content":{"rendered":"\n<p class=\"has-text-align-center has-black-normal-color has-text-color has-background\" style=\"background-color:#dadada\"><em>Velkommen til Midt-Norge Bandyregion. Vi administrerer Norges Bandyforbund sin aktivitet i M\u00f8re og Romsdal og Tr\u00f8ndelag. Vi har godt over 40 medlemsklubber som til sammen har over 3000 medlemmer. Vi er med andre ord en s\u00e6rkrets med betydelig aktivitet innen v\u00e5re idretter.<\/em><\/p>\n\n\n\n<div class=\"wp-block-msswb-spacer msswb-spacer-container show-line\" style=\"height:14px\"><div class=\"line\" style=\"border-bottom-width:2px;border-bottom-color:#444444;height:7px\"><\/div><div class=\"line-center-divider\"><\/div><\/div>\n\n\n<div class=\"msswb-link-box-grid-frontend-app-v2\" data-url-encoded-attrs=\"%7B%22maxCols%22%3A6%2C%22showTitle%22%3Atrue%2C%22titleColor%22%3A%22%23ffffff%22%2C%22useColorBackground%22%3Afalse%2C%22bgColor%22%3A%22%235571f2%22%2C%22overlayColor%22%3A%7B%22r%22%3A69%2C%22g%22%3A126%2C%22b%22%3A191%2C%22a%22%3A0.1%7D%2C%22linkBoxes%22%3A%5B%7B%22link_type%22%3A%22page%22%2C%22blog_id%22%3A9%2C%22ID%22%3A879%2C%22link%22%3A%22http%3A%2F%2Fbandyforbundet.no%2Fmidt-norge-bandyregion%2F%3Fpage_id%3D879%22%2C%22image%22%3A%7B%22image_id%22%3A5297%2C%22blog_id%22%3A9%2C%22term_id%22%3A-1%2C%22selected_size%22%3A%22full%22%7D%2C%22featuredImage%22%3Afalse%2C%22from_shared%22%3Atrue%2C%22showAltTitle%22%3Atrue%2C%22altTitle%22%3A%22Landhockey%22%7D%2C%7B%22link_type%22%3A%22page%22%2C%22blog_id%22%3A9%2C%22ID%22%3A877%2C%22link%22%3A%22http%3A%2F%2Fbandyforbundet.no%2Fmidt-norge-bandyregion%2F%3Fpage_id%3D877%22%2C%22image%22%3A%7B%22image_id%22%3A5297%2C%22blog_id%22%3A9%2C%22term_id%22%3A-1%2C%22selected_size%22%3A%22full%22%7D%2C%22featuredImage%22%3Afalse%2C%22from_shared%22%3Atrue%2C%22showAltTitle%22%3Atrue%2C%22altTitle%22%3A%22Bandy%22%7D%2C%7B%22link_type%22%3A%22page%22%2C%22blog_id%22%3A9%2C%22ID%22%3A897%2C%22link%22%3A%22http%3A%2F%2Fbandyforbundet.no%2Fmidt-norge-bandyregion%2F%3Fpage_id%3D897%22%2C%22image%22%3A%7B%22image_id%22%3A5297%2C%22blog_id%22%3A9%2C%22term_id%22%3A-1%2C%22selected_size%22%3A%22full%22%7D%2C%22featuredImage%22%3Afalse%2C%22from_shared%22%3Atrue%2C%22showAltTitle%22%3Atrue%2C%22altTitle%22%3A%22El-innebandy%22%7D%2C%7B%22link_type%22%3A%22page%22%2C%22blog_id%22%3A9%2C%22ID%22%3A892%2C%22link%22%3A%22http%3A%2F%2Fbandyforbundet.no%2Fmidt-norge-bandyregion%2F%3Fpage_id%3D892%22%2C%22image%22%3A%7B%22image_id%22%3A5297%2C%22blog_id%22%3A9%2C%22term_id%22%3A-1%2C%22selected_size%22%3A%22full%22%7D%2C%22featuredImage%22%3Afalse%2C%22from_shared%22%3Atrue%2C%22showAltTitle%22%3Atrue%2C%22altTitle%22%3A%22Super%20innebandy%22%7D%2C%7B%22link_type%22%3A%22page%22%2C%22blog_id%22%3A9%2C%22ID%22%3A878%2C%22link%22%3A%22http%3A%2F%2Fbandyforbundet.no%2Fmidt-norge-bandyregion%2F%3Fpage_id%3D878%22%2C%22image%22%3A%7B%22image_id%22%3A5297%2C%22blog_id%22%3A9%2C%22term_id%22%3A-1%2C%22selected_size%22%3A%22full%22%7D%2C%22featuredImage%22%3Afalse%2C%22from_shared%22%3Atrue%2C%22showAltTitle%22%3Atrue%2C%22altTitle%22%3A%22Camper%22%7D%2C%7B%22link_type%22%3A%22post%22%2C%22blog_id%22%3A9%2C%22ID%22%3A9153%2C%22link%22%3A%22https%3A%2F%2Fbandyforbundet.no%2Fmidt-norge-bandyregion%2F%3Fpost_type%3Dmsswb-post%26%23038%3Bp%3D9153%22%2C%22image%22%3A%7B%22image_id%22%3A5498%2C%22blog_id%22%3A9%2C%22term_id%22%3A-1%2C%22selected_size%22%3A%22full%22%7D%2C%22featuredImage%22%3A%7B%22image_id%22%3A2292%2C%22blog_id%22%3A3%2C%22term_id%22%3A190%7D%2C%22from_shared%22%3Atrue%2C%22showAltTitle%22%3Atrue%2C%22altTitle%22%3A%22%C3%85rsm%C3%B8te%202026%22%7D%5D%7D\" ><\/div>\n\n<div class=\"msswb-link-box-grid-frontend-app-v2\" data-url-encoded-attrs=\"%7B%22maxCols%22%3A5%2C%22showTitle%22%3Atrue%2C%22titleColor%22%3A%22%23ebe601%22%2C%22useColorBackground%22%3Afalse%2C%22bgColor%22%3A%22%23d45c5c%22%2C%22overlayColor%22%3A%7B%22r%22%3A0%2C%22g%22%3A0%2C%22b%22%3A0%2C%22a%22%3A0.69%7D%2C%22linkBoxes%22%3A%5B%7B%22link_type%22%3A%22page%22%2C%22blog_id%22%3A9%2C%22ID%22%3A885%2C%22link%22%3A%22http%3A%2F%2Fbandyforbundet.no%2Fmidt-norge-bandyregion%2F%3Fpage_id%3D885%22%2C%22image%22%3A%7B%22image_id%22%3A804%2C%22blog_id%22%3A9%2C%22term_id%22%3A-1%7D%2C%22featuredImage%22%3Afalse%2C%22showTitle%22%3Atrue%2C%22showAltTitle%22%3Atrue%2C%22altTitle%22%3A%22Minirunder%22%7D%2C%7B%22link_type%22%3A%22page%22%2C%22blog_id%22%3A9%2C%22ID%22%3A898%2C%22link%22%3A%22https%3A%2F%2Fbandyforbundet.no%2Fmidt-norge-bandyregion%3Fpage_id%3D898%22%2C%22image%22%3A%7B%22image_id%22%3A772%2C%22blog_id%22%3A9%2C%22term_id%22%3A-1%7D%2C%22featuredImage%22%3Afalse%2C%22showTitle%22%3Atrue%2C%22showAltTitle%22%3Atrue%2C%22altTitle%22%3A%22SERIESPILL%22%7D%2C%7B%22link_type%22%3A%22page%22%2C%22blog_id%22%3A9%2C%22ID%22%3A895%2C%22link%22%3A%22https%3A%2F%2Fbandyforbundet.no%2Fmidt-norge-bandyregion%3Fpage_id%3D895%22%2C%22image%22%3A%7B%22image_id%22%3A813%2C%22blog_id%22%3A9%2C%22term_id%22%3A-1%7D%2C%22featuredImage%22%3Afalse%2C%22showTitle%22%3Atrue%2C%22showAltTitle%22%3Atrue%2C%22altTitle%22%3A%22Weekend%20League%22%7D%2C%7B%22link_type%22%3A%22page%22%2C%22blog_id%22%3A9%2C%22ID%22%3A880%2C%22link%22%3A%22https%3A%2F%2Fbandyforbundet.no%2Fmidt-norge-bandyregion%2F%3Fpage_id%3D880%22%2C%22image%22%3A%7B%22image_id%22%3A809%2C%22blog_id%22%3A9%2C%22term_id%22%3A-1%2C%22selected_size%22%3A%22full%22%7D%2C%22featuredImage%22%3Afalse%2C%22from_shared%22%3Atrue%2C%22showAltTitle%22%3Atrue%2C%22altTitle%22%3A%22L%C3%B8kkebandy%22%7D%2C%7B%22link_type%22%3A%22page%22%2C%22blog_id%22%3A9%2C%22ID%22%3A923%2C%22link%22%3A%22https%3A%2F%2Fbandyforbundet.no%2Fmidt-norge-bandyregion%2F%3Fpage_id%3D923%22%2C%22image%22%3A%7B%22image_id%22%3A796%2C%22blog_id%22%3A9%2C%22term_id%22%3A-1%2C%22selected_size%22%3A%22full%22%7D%2C%22featuredImage%22%3Afalse%2C%22from_shared%22%3Atrue%2C%22showAltTitle%22%3Atrue%2C%22altTitle%22%3A%22DOMMERE%22%7D%5D%7D\" ><\/div>\n\n<div class=\"msswb-link-box-grid-frontend-app-v2\" data-url-encoded-attrs=\"%7B%22maxCols%22%3A6%2C%22showTitle%22%3Atrue%2C%22titleColor%22%3A%22%23ffffff%22%2C%22useColorBackground%22%3Afalse%2C%22bgColor%22%3A%22%23079726%22%2C%22overlayColor%22%3A%7B%22r%22%3A69%2C%22g%22%3A126%2C%22b%22%3A191%2C%22a%22%3A0.1%7D%2C%22linkBoxes%22%3A%5B%7B%22link_type%22%3A%22page%22%2C%22blog_id%22%3A9%2C%22ID%22%3A944%2C%22link%22%3A%22https%3A%2F%2Fbandyforbundet.no%2Fmidt-norge-bandyregion%2F%3Fpage_id%3D944%22%2C%22image%22%3A%7B%22image_id%22%3A5303%2C%22blog_id%22%3A9%2C%22term_id%22%3A-1%2C%22selected_size%22%3A%22full%22%7D%2C%22featuredImage%22%3Afalse%2C%22from_shared%22%3Atrue%2C%22showAltTitle%22%3Atrue%2C%22altTitle%22%3A%22KURS%22%7D%2C%7B%22link_type%22%3A%22page%22%2C%22blog_id%22%3A9%2C%22ID%22%3A950%2C%22link%22%3A%22https%3A%2F%2Fbandyforbundet.no%2Fmidt-norge-bandyregion%2F%3Fpage_id%3D950%22%2C%22image%22%3A%7B%22image_id%22%3A5303%2C%22blog_id%22%3A9%2C%22term_id%22%3A-1%2C%22selected_size%22%3A%22full%22%7D%2C%22featuredImage%22%3Afalse%2C%22from_shared%22%3Atrue%2C%22showAltTitle%22%3Atrue%2C%22altTitle%22%3A%22Utvikling%22%7D%2C%7B%22link_type%22%3A%22page%22%2C%22blog_id%22%3A9%2C%22ID%22%3A932%2C%22link%22%3A%22https%3A%2F%2Fbandyforbundet.no%2Fmidt-norge-bandyregion%2F%3Fpage_id%3D932%22%2C%22image%22%3A%7B%22image_id%22%3A5303%2C%22blog_id%22%3A9%2C%22term_id%22%3A-1%2C%22selected_size%22%3A%22full%22%7D%2C%22featuredImage%22%3Afalse%2C%22from_shared%22%3Atrue%2C%22showAltTitle%22%3Atrue%2C%22altTitle%22%3A%22Finn%20din%20klubb!%22%7D%2C%7B%22link_type%22%3A%22page%22%2C%22blog_id%22%3A9%2C%22ID%22%3A918%2C%22link%22%3A%22https%3A%2F%2Fbandyforbundet.no%2Fmidt-norge-bandyregion%2F%3Fpage_id%3D918%22%2C%22image%22%3A%7B%22image_id%22%3A5303%2C%22blog_id%22%3A9%2C%22term_id%22%3A-1%2C%22selected_size%22%3A%22full%22%7D%2C%22featuredImage%22%3Afalse%2C%22from_shared%22%3Atrue%2C%22showAltTitle%22%3Atrue%2C%22altTitle%22%3A%22M%C3%B8re%20og%20Romsdal%22%7D%2C%7B%22link_type%22%3A%22page%22%2C%22blog_id%22%3A9%2C%22ID%22%3A1908%2C%22link%22%3A%22http%3A%2F%2Fbandyforbundet.no%2Fmidt-norge-bandyregion%2F%3Fpage_id%3D1908%22%2C%22image%22%3A%7B%22image_id%22%3A5503%2C%22blog_id%22%3A9%2C%22term_id%22%3A-1%2C%22selected_size%22%3A%22full%22%7D%2C%22featuredImage%22%3Afalse%2C%22from_shared%22%3Atrue%2C%22showAltTitle%22%3Atrue%2C%22altTitle%22%3A%22Live-streaming%22%7D%2C%7B%22link_type%22%3A%22page%22%2C%22blog_id%22%3A9%2C%22ID%22%3A922%2C%22link%22%3A%22https%3A%2F%2Fbandyforbundet.no%2Fmidt-norge-bandyregion%2F%3Fpage_id%3D922%22%2C%22image%22%3A%7B%22image_id%22%3A5307%2C%22blog_id%22%3A9%2C%22term_id%22%3A-1%2C%22selected_size%22%3A%22full%22%7D%2C%22featuredImage%22%3Afalse%2C%22from_shared%22%3Atrue%2C%22showAltTitle%22%3Atrue%2C%22altTitle%22%3A%22HALL-%20FORDELING%20TRONDHEIM%22%7D%5D%7D\" ><\/div>\n\n\n<div class=\"wp-block-msswb-spacer msswb-spacer-container show-line\" style=\"height:11px\"><div class=\"line\" style=\"border-bottom-width:3px;border-bottom-color:#141313;height:5px\"><\/div><div class=\"line-center-divider\"><\/div><\/div>\n\n\n\n<p class=\"has-text-align-center has-large-font-size\"><strong>Siste nytt<\/strong>:<\/p>\n\n\n\n<div class=\"wp-block-msswb-spacer msswb-spacer-container show-line\" style=\"height:9px\"><div class=\"line\" style=\"height:4px\"><\/div><div class=\"line-center-divider\"><\/div><\/div>\n\n\n<div class=\"msswb-display-posts-frontend-app-v2\" data-url-encoded-attrs=\"%7B%22mode%22%3A%22grid%22%2C%22carouselHeight%22%3A500%2C%22carouselMax%22%3A10%2C%22startAnimation%22%3A%22start%22%2C%22design%22%3A%22msswbcard%22%2C%22hideExcerpt%22%3Afalse%2C%22filterDate%22%3A%22from1yearago%22%2C%22dateObj%22%3A%7B%7D%2C%22scrollDirection%22%3A%22vertical%22%2C%22displayPostsFromCategories%22%3A%5B%7B%22blog_id%22%3A9%2C%22included%22%3A%5B2%5D%2C%22excluded%22%3A%5B%5D%2C%22filterDate%22%3A%22from1yearago%22%2C%22dateObj%22%3A%7B%22fromDate%22%3A%221%20year%20ago%22%2C%22toDate%22%3A%22%22%7D%7D%5D%2C%22displayPostsFromSharedCategories%22%3A%5B%7B%22blog_id%22%3A2%2C%22included%22%3A%5B98%5D%2C%22excluded%22%3A%5B%5D%7D%5D%2C%22maxCols%22%3A3%7D\" ><\/div>","protected":false},"excerpt":{"rendered":"<p>Velkommen til Midt-Norge Bandyregion. Vi administrerer Norges Bandyforbund sin aktivitet i M\u00f8re og Romsdal og Tr\u00f8ndelag. Vi har godt over 40 medlemsklubber som til sammen har over 3000 medlemmer. Vi er med andre ord en s\u00e6rkrets med betydelig aktivitet innen v\u00e5re idretter. Siste nytt:<\/p>\n","protected":false},"author":12,"featured_media":0,"parent":0,"menu_order":0,"comment_status":"closed","ping_status":"closed","template":"templates\/template-cover.php","meta":{"cover_meta":"{\"showBackgroundImage\":true,\"bgImage\":{\"image_id\":379,\"blog_id\":9,\"term_id\":-1,\"selected_size\":\"full\"},\"showOverlay\":true,\"overlayColor\":\"#161616\",\"overlayOpacity\":0.6,\"showIntro\":true,\"introColor\":\"white\",\"intro\":\"Velkommen til\",\"title\":\"Midt-Norge Bandyregion\",\"titleColor\":\"white\",\"showOutro\":true,\"outroColor\":\"white\",\"outro\":\"Flest mulig - lengst mulig\"}","footnotes":""},"class_list":["post-875","page","type-page","status-publish","hentry"],"_links":{"self":[{"href":"https:\/\/bandyforbundet.no\/midt-norge-bandyregion\/index.php?rest_route=\/wp\/v2\/pages\/875","targetHints":{"allow":["GET"]}}],"collection":[{"href":"https:\/\/bandyforbundet.no\/midt-norge-bandyregion\/index.php?rest_route=\/wp\/v2\/pages"}],"about":[{"href":"https:\/\/bandyforbundet.no\/midt-norge-bandyregion\/index.php?rest_route=\/wp\/v2\/types\/page"}],"author":[{"embeddable":true,"href":"https:\/\/bandyforbundet.no\/midt-norge-bandyregion\/index.php?rest_route=\/wp\/v2\/users\/12"}],"replies":[{"embeddable":true,"href":"https:\/\/bandyforbundet.no\/midt-norge-bandyregion\/index.php?rest_route=%2Fwp%2Fv2%2Fcomments&post=875"}],"version-history":[{"count":80,"href":"https:\/\/bandyforbundet.no\/midt-norge-bandyregion\/index.php?rest_route=\/wp\/v2\/pages\/875\/revisions"}],"predecessor-version":[{"id":9171,"href":"https:\/\/bandyforbundet.no\/midt-norge-bandyregion\/index.php?rest_route=\/wp\/v2\/pages\/875\/revisions\/9171"}],"wp:attachment":[{"href":"https:\/\/bandyforbundet.no\/midt-norge-bandyregion\/index.php?rest_route=%2Fwp%2Fv2%2Fmedia&parent=875"}],"curies":[{"name":"wp","href":"https:\/\/api.w.org\/{rel}","templated":true}]}}