{"id":877,"date":"2018-06-21T15:31:57","date_gmt":"2018-06-21T13:31:57","guid":{"rendered":"http:\/\/bandyforbundet.no\/midt-norge-bandyregion\/?page_id=877"},"modified":"2021-09-20T15:17:08","modified_gmt":"2021-09-20T15:17:08","slug":"bandy-2","status":"publish","type":"page","link":"https:\/\/bandyforbundet.no\/midt-norge-bandyregion\/?page_id=877","title":{"rendered":"Bandy"},"content":{"rendered":"\n<div class=\"wp-block-msswb-spacer msswb-spacer-container\" style=\"height:27px\"><div class=\"line\" style=\"height:13px\"><\/div><div class=\"line-center-divider\"><\/div><\/div>\n\n\n\n<h1 class=\"wp-block-heading\">BANDY<\/h1>\n\n\n<div class=\"msswb-image-frontend-app\"data-href-target=\"false\" data-href=\"%22%22\" data-use-link=\"false\" data-screen-width=\"false\" data-alignment=\"%22left%22\" data-url=\"%22https%3A%5C%2F%5C%2Fbandyforbundet.no%5C%2Fbandy%5C%2Fwp-content%5C%2Fuploads%5C%2Fsites%5C%2F4%5C%2F2016%5C%2F07%5C%2FOversikt-kunstisanlegg-1-300x225.jpg%22\" data-is-background-image=\"false\" data-border-radius=\"19\" data-image-width=\"300\" data-image-height=\"225\" data-selected-image=\"%7B%22image_id%22%3A1317%2C%22blog_id%22%3A%229%22%2C%22term_id%22%3A102%2C%22selected_size%22%3A%22full%22%7D\" data-image-aspect-ratio=\"0.75\" data-alt-text=\"%22Foto%20av%3A%20Tor%20Audun%20S%5Cu00f8rensen%2C%20NBF%22\" data-caption=\"%22%22\" data-width=\"400\" data-height=\"300\" data-focal-point=\"\" data-show-light-box=\"false\" >\n<div class=\"msswb-image-block msswbleft\" style=\"width:400px\"><div class=\"msswb-image\"><div class=\"image-container\" style=\"width:400px;height:300px\"><img decoding=\"async\" style=\"width:400px;height:300px;border-radius:19px\" src=\"https:\/\/bandyforbundet.no\/bandy\/wp-content\/uploads\/sites\/4\/2016\/07\/Oversikt-kunstisanlegg-1-300x225.jpg\"\/><\/div><\/div><div class=\"msswb-image-attribution\">Foto av: Tor Audun S\u00f8rensen, NBF<\/div><div class=\"msswb-image-caption\"><\/div><\/div>\n<\/div>\n\n\n<p>Bandy er en gammel, \u00e6rverdig idrett med tradisjoner ogs\u00e5 i Midt-Norge. Dog har det v\u00e6rt flere ti\u00e5r uten s\u00e6rlig aktivitet i v\u00e5r region \u2013 spesielt har anleggssituasjonen v\u00e6rt vanskelig. I 2017 \u00e5pnet dog Leangen kunstisflate i Trondheim. Denne er tilrettelagt for bandy og et kj\u00e6rkomment&nbsp;bidrag for et oppsving i bandyaktiviteten. Her er det ogs\u00e5 mulig for barn og voksne \u00e5 pr\u00f8ve sk\u00f8yter p\u00e5 kunstisflata i publikumstid &#8211; dette er et gratis tilbud.<\/p>\n\n\n\n<p><a href=\"https:\/\/www.facebook.com\/NTNUIbandy\/\">NTNUI Bandy<\/a> er den eneste aktive bandyklubben i Midt-Norge \u2013 vi h\u00e5per p\u00e5 flere. NTNUI deltar i seriespill p\u00e5 b\u00e5de dame -og herresiden, og bidrar ogs\u00e5 godt i bandyskoler vi arrangerer for \u00e5 f\u00e5 rekruttering av barn og unge til idretten. Kanskje ditt idrettslag og\/eller ditt barn har lyst til \u00e5 starte med bandy? Ikke n\u00f8l med \u00e5 ta kontakt med v\u00e5re <a href=\"https:\/\/bandyforbundet.no\/midt-norge-bandyregion\/?page_id=933\">utviklingskonsulenter<\/a>. Det finnes ogs\u00e5 mer informasjon p\u00e5 NBF sine egne <a href=\"https:\/\/bandyforbundet.no\/bandy\/\">bandysider<\/a>.<\/p>\n\n\n\n<div class=\"wp-block-msswb-spacer msswb-spacer-container\" style=\"height:95px\"><div class=\"line\" style=\"height:47px\"><\/div><div class=\"line-center-divider\"><\/div><\/div>\n\n\n\n<div class=\"wp-block-msswb-panel msswb-panel-container\"><div class=\"mwwsb-panel-header\"><div class=\"mwwsb-panel-title\">Begynne med bandy?<\/div><div class=\"mwwsb-panel-icon\"><span class=\"dashicon dashicons dashicons-arrow-down-alt2\"><\/span><\/div><\/div><div class=\"msswb-panel-content\"><div class=\"msswb-display-internal-post-frontend-app-v2\" data-url-encoded-attrs=\"%7B%22displayInternalPost%22%3A%7B%22blog_id%22%3A2%2C%22ID%22%3A867%7D%7D\" data-dip-id=\"\" ><\/div><\/div><\/div>\n\n\n\n<div class=\"wp-block-msswb-panel msswb-panel-container\"><div class=\"mwwsb-panel-header\"><div class=\"mwwsb-panel-title\">Spilleregler for 7er bandy<\/div><div class=\"mwwsb-panel-icon\"><span class=\"dashicon dashicons dashicons-arrow-down-alt2\"><\/span><\/div><\/div><div class=\"msswb-panel-content\"><div class=\"msswb-display-internal-post-frontend-app-v2\" data-url-encoded-attrs=\"%7B%22displayInternalPost%22%3A%7B%22blog_id%22%3A4%2C%22ID%22%3A2048%7D%7D\" data-dip-id=\"\" ><\/div><\/div><\/div>\n\n\n\n<p><\/p>\n","protected":false},"excerpt":{"rendered":"<p>BANDY Bandy er en gammel, \u00e6rverdig idrett med tradisjoner ogs\u00e5 i Midt-Norge. Dog har det v\u00e6rt flere ti\u00e5r uten s\u00e6rlig aktivitet i v\u00e5r region \u2013 spesielt har anleggssituasjonen v\u00e6rt vanskelig. I 2017 \u00e5pnet dog Leangen kunstisflate i Trondheim. Denne er tilrettelagt for bandy og et kj\u00e6rkomment&nbsp;bidrag for et oppsving i bandyaktiviteten. Her er det ogs\u00e5 [&hellip;]<\/p>\n","protected":false},"author":12,"featured_media":0,"parent":876,"menu_order":0,"comment_status":"closed","ping_status":"closed","template":"","meta":{"cover_meta":"","footnotes":""},"class_list":["post-877","page","type-page","status-publish","hentry"],"_links":{"self":[{"href":"https:\/\/bandyforbundet.no\/midt-norge-bandyregion\/index.php?rest_route=\/wp\/v2\/pages\/877","targetHints":{"allow":["GET"]}}],"collection":[{"href":"https:\/\/bandyforbundet.no\/midt-norge-bandyregion\/index.php?rest_route=\/wp\/v2\/pages"}],"about":[{"href":"https:\/\/bandyforbundet.no\/midt-norge-bandyregion\/index.php?rest_route=\/wp\/v2\/types\/page"}],"author":[{"embeddable":true,"href":"https:\/\/bandyforbundet.no\/midt-norge-bandyregion\/index.php?rest_route=\/wp\/v2\/users\/12"}],"replies":[{"embeddable":true,"href":"https:\/\/bandyforbundet.no\/midt-norge-bandyregion\/index.php?rest_route=%2Fwp%2Fv2%2Fcomments&post=877"}],"version-history":[{"count":14,"href":"https:\/\/bandyforbundet.no\/midt-norge-bandyregion\/index.php?rest_route=\/wp\/v2\/pages\/877\/revisions"}],"predecessor-version":[{"id":3227,"href":"https:\/\/bandyforbundet.no\/midt-norge-bandyregion\/index.php?rest_route=\/wp\/v2\/pages\/877\/revisions\/3227"}],"up":[{"embeddable":true,"href":"https:\/\/bandyforbundet.no\/midt-norge-bandyregion\/index.php?rest_route=\/wp\/v2\/pages\/876"}],"wp:attachment":[{"href":"https:\/\/bandyforbundet.no\/midt-norge-bandyregion\/index.php?rest_route=%2Fwp%2Fv2%2Fmedia&parent=877"}],"curies":[{"name":"wp","href":"https:\/\/api.w.org\/{rel}","templated":true}]}}