{"id":879,"date":"2018-06-21T15:39:44","date_gmt":"2018-06-21T13:39:44","guid":{"rendered":"http:\/\/bandyforbundet.no\/midt-norge-bandyregion\/?page_id=879"},"modified":"2025-11-28T10:58:07","modified_gmt":"2025-11-28T10:58:07","slug":"landhockey-2","status":"publish","type":"page","link":"https:\/\/bandyforbundet.no\/midt-norge-bandyregion\/?page_id=879","title":{"rendered":"LANDHOCKEY"},"content":{"rendered":"\n<div class=\"wp-block-msswb-spacer msswb-spacer-container\" style=\"height:27px\"><div class=\"line\" style=\"height:13px\"><\/div><div class=\"line-center-divider\"><\/div><\/div>\n\n\n\n<h1 class=\"wp-block-heading has-text-align-center\">LANDHOCKEY<\/h1>\n\n\n<div class=\"msswb-image-frontend-app\"data-href-target=\"false\" data-href=\"%22%22\" data-use-link=\"false\" data-screen-width=\"false\" data-alignment=\"%22center%22\" data-url=\"%22%5C%2Fwp-content%5C%2Fuploads%5C%2Fsites%5C%2F9%5C%2F2025%5C%2F11%5C%2FIMG20251122153653-scaled.jpg%22\" data-is-background-image=\"false\" data-border-radius=\"11\" data-image-width=\"2560\" data-image-height=\"1298\" data-selected-image=\"%7B%22image_id%22%3A8735%2C%22blog_id%22%3A9%2C%22term_id%22%3A-1%2C%22selected_size%22%3A%22full%22%7D\" data-image-aspect-ratio=\"0.51\" data-alt-text=\"%22%22\" data-caption=\"%22%5Cn%22\" data-width=\"818\" data-height=\"417\" data-focal-point=\"\" data-show-light-box=\"false\" >\n<div class=\"msswb-image-block msswbcenter\" style=\"width:818px\"><div class=\"msswb-image \"><div class=\"image-container\" style=\"width:818px;height:417px\"><img decoding=\"async\" style=\"width:818px;height:417px;border-radius:11px\" src=\"\/wp-content\/uploads\/sites\/9\/2025\/11\/IMG20251122153653-scaled.jpg\" \/><\/div><\/div><div class=\"msswb-image-caption-container\"><div class=\"msswb-image-caption\">\n<\/div><\/div><\/div>\n<\/div>\n\n\n<p>Landhockey er en forholdsvis ny idrett i Norge. Vi kjenner kanskje idretten best i fra sommer-OL sitt \u00f8velsesprogram. Idretten kan ut\u00f8ves b\u00e5de og inne og ute, men h\u00f8rer opprinnelig hjemme p\u00e5 utend\u00f8rs kunstgressbane. I Midt-Norge har vi en klubb; Trondheim landhockeyklubb.<\/p>\n\n\n\n<div class=\"wp-block-msswb-spacer msswb-spacer-container show-line\" style=\"height:53px\"><div class=\"line\" style=\"height:26px\"><\/div><div class=\"line-center-divider\"><\/div><\/div>\n\n\n\n<div class=\"wp-block-msswb-panel msswb-panel-container\"><div class=\"mwwsb-panel-header\"><div class=\"mwwsb-panel-title\">Kontakt Trondheim Landhockeyklubb<\/div><div class=\"mwwsb-panel-icon\"><span class=\"dashicon dashicons dashicons-arrow-down-alt2\"><\/span><\/div><\/div><div class=\"msswb-panel-content\">\n<p>V\u00e5ren 2021 kom det igjen i gang organiserte landhockeytreninger i Trondheim. Treningene foreg\u00e5r p\u00e5 onsdager 1630-1800 p\u00e5 Eberg kunstgress. For mer informasjon bli med i denne <a rel=\"noreferrer noopener\" href=\"https:\/\/www.facebook.com\/groups\/424722915457744\" target=\"_blank\">Facebook-gruppen<\/a>.<br>Kontaktadresse: <a href=\"mailto:landhockey.trondheim@gmail.com\">landhockey.trondheim@gmail.com<\/a><\/p>\n<\/div><\/div>\n\n\n\n<div class=\"wp-block-msswb-spacer msswb-spacer-container show-line\" style=\"height:67px\"><div class=\"line\" style=\"height:33px\"><\/div><div class=\"line-center-divider\"><\/div><\/div>\n\n\n<div class=\"msswb-link-box-grid-frontend-app-v2\" data-url-encoded-attrs=\"%7B%22maxCols%22%3A4%2C%22showTitle%22%3Atrue%2C%22titleColor%22%3A%22%23ffffff%22%2C%22useColorBackground%22%3Atrue%2C%22bgColor%22%3A%22%23d45c5c%22%2C%22overlayColor%22%3A%7B%22r%22%3A69%2C%22g%22%3A126%2C%22b%22%3A191%2C%22a%22%3A0.1%7D%2C%22linkBoxes%22%3A%5B%7B%22link_type%22%3A%22page%22%2C%22blog_id%22%3A5%2C%22ID%22%3A355%2C%22link%22%3A%22http%3A%2F%2Fbandyforbundet.no%2Flandhockey%2F%3Fpage_id%3D355%22%2C%22image%22%3Afalse%2C%22featuredImage%22%3Afalse%2C%22from_shared%22%3Atrue%2C%22showAltTitle%22%3Atrue%2C%22altTitle%22%3A%22Mer%20info%22%7D%2C%7B%22link_type%22%3A%22page%22%2C%22blog_id%22%3A5%2C%22ID%22%3A401%2C%22link%22%3A%22http%3A%2F%2Fbandyforbundet.no%2Flandhockey%2F%3Fpage_id%3D401%22%2C%22image%22%3Afalse%2C%22featuredImage%22%3Afalse%2C%22from_shared%22%3Atrue%2C%22showAltTitle%22%3Atrue%2C%22altTitle%22%3A%22Landhockey%20-%20utvikling%22%7D%2C%7B%22link_type%22%3A%22page%22%2C%22blog_id%22%3A5%2C%22ID%22%3A387%2C%22link%22%3A%22http%3A%2F%2Fbandyforbundet.no%2Flandhockey%2F%3Fpage_id%3D387%22%2C%22image%22%3Afalse%2C%22featuredImage%22%3Afalse%2C%22from_shared%22%3Atrue%2C%22showAltTitle%22%3Atrue%2C%22altTitle%22%3A%22Regelverk%22%7D%2C%7B%22link_type%22%3A%22page%22%2C%22blog_id%22%3A5%2C%22ID%22%3A396%2C%22link%22%3A%22http%3A%2F%2Fbandyforbundet.no%2Flandhockey%2F%3Fpage_id%3D396%22%2C%22image%22%3Afalse%2C%22featuredImage%22%3Afalse%2C%22from_shared%22%3Atrue%2C%22showAltTitle%22%3Atrue%2C%22altTitle%22%3A%22Kurs%20innen%20landhockey%22%7D%5D%7D\" ><\/div>\n\n\n<p><\/p>\n","protected":false},"excerpt":{"rendered":"<p>LANDHOCKEY Landhockey er en forholdsvis ny idrett i Norge. Vi kjenner kanskje idretten best i fra sommer-OL sitt \u00f8velsesprogram. Idretten kan ut\u00f8ves b\u00e5de og inne og ute, men h\u00f8rer opprinnelig hjemme p\u00e5 utend\u00f8rs kunstgressbane. I Midt-Norge har vi en klubb; Trondheim landhockeyklubb.<\/p>\n","protected":false},"author":12,"featured_media":0,"parent":876,"menu_order":0,"comment_status":"closed","ping_status":"closed","template":"","meta":{"cover_meta":"","footnotes":""},"class_list":["post-879","page","type-page","status-publish","hentry"],"_links":{"self":[{"href":"https:\/\/bandyforbundet.no\/midt-norge-bandyregion\/index.php?rest_route=\/wp\/v2\/pages\/879","targetHints":{"allow":["GET"]}}],"collection":[{"href":"https:\/\/bandyforbundet.no\/midt-norge-bandyregion\/index.php?rest_route=\/wp\/v2\/pages"}],"about":[{"href":"https:\/\/bandyforbundet.no\/midt-norge-bandyregion\/index.php?rest_route=\/wp\/v2\/types\/page"}],"author":[{"embeddable":true,"href":"https:\/\/bandyforbundet.no\/midt-norge-bandyregion\/index.php?rest_route=\/wp\/v2\/users\/12"}],"replies":[{"embeddable":true,"href":"https:\/\/bandyforbundet.no\/midt-norge-bandyregion\/index.php?rest_route=%2Fwp%2Fv2%2Fcomments&post=879"}],"version-history":[{"count":35,"href":"https:\/\/bandyforbundet.no\/midt-norge-bandyregion\/index.php?rest_route=\/wp\/v2\/pages\/879\/revisions"}],"predecessor-version":[{"id":8743,"href":"https:\/\/bandyforbundet.no\/midt-norge-bandyregion\/index.php?rest_route=\/wp\/v2\/pages\/879\/revisions\/8743"}],"up":[{"embeddable":true,"href":"https:\/\/bandyforbundet.no\/midt-norge-bandyregion\/index.php?rest_route=\/wp\/v2\/pages\/876"}],"wp:attachment":[{"href":"https:\/\/bandyforbundet.no\/midt-norge-bandyregion\/index.php?rest_route=%2Fwp%2Fv2%2Fmedia&parent=879"}],"curies":[{"name":"wp","href":"https:\/\/api.w.org\/{rel}","templated":true}]}}