{"id":8806,"date":"2025-12-17T11:46:50","date_gmt":"2025-12-17T11:46:50","guid":{"rendered":"https:\/\/bandyforbundet.no\/midt-norge-bandyregion\/?page_id=8806"},"modified":"2026-04-19T20:52:44","modified_gmt":"2026-04-19T20:52:44","slug":"regionscup-2","status":"publish","type":"page","link":"https:\/\/bandyforbundet.no\/midt-norge-bandyregion\/?page_id=8806","title":{"rendered":"Regionscup"},"content":{"rendered":"\n<div class=\"wp-block-msswb-spacer msswb-spacer-container\" style=\"height:25px\"><div class=\"line\" style=\"height:12px\"><\/div><div class=\"line-center-divider\"><\/div><\/div>\n\n\n<div class=\"msswb-image-frontend-app\"data-href-target=\"false\" data-href=\"%22%22\" data-use-link=\"false\" data-screen-width=\"false\" data-alignment=\"%22right%22\" data-url=\"%22%5C%2Fwp-content%5C%2Fuploads%5C%2Fsites%5C%2F9%5C%2F2025%5C%2F12%5C%2FRegionscup-scaled.png%22\" data-is-background-image=\"false\" data-border-radius=\"0\" data-image-width=\"2560\" data-image-height=\"2560\" data-selected-image=\"%7B%22image_id%22%3A8803%2C%22blog_id%22%3A9%2C%22term_id%22%3A-1%2C%22selected_size%22%3A%22full%22%7D\" data-image-aspect-ratio=\"1\" data-alt-text=\"%22%22\" data-caption=\"%22%22\" data-width=\"358\" data-height=\"358\" data-focal-point=\"\" data-show-light-box=\"false\" >\n<div class=\"msswb-image-block msswbright\" style=\"width:358px\"><div class=\"msswb-image \"><div class=\"image-container\" style=\"width:358px;height:358px\"><img decoding=\"async\" style=\"width:358px;height:358px\" src=\"\/wp-content\/uploads\/sites\/9\/2025\/12\/Regionscup-scaled.png\" \/><\/div><\/div><div class=\"msswb-image-caption-container\"><div class=\"msswb-image-caption\"><\/div><\/div><\/div>\n<\/div>\n\n\n<h2 class=\"wp-block-heading\">REGIONSCUP<\/h2>\n\n\n\n<div class=\"wp-block-group\">\n<p class=\"has-text-align-left\">I april 2026 arrangerer vi for f\u00f8rste gang Regionscup. Dette er en turnering som g\u00e5r over 2 helger som er \u00e5pen for alle lag som deltar i det ordin\u00e6re seriespillet for senior i innebandy. Det konkurreres i en klasse for damelag og en klasse for herrelag. Turneringen foreg\u00e5r i Trondheim og best\u00e5r av et innledende gruppespill i helg nr. 1, mens det i helg nr. to blir plasseringskamper og sluttspill. <br><br>Gruppene trekkes og her vil lagene p\u00e5 kunne m\u00f8tes p\u00e5 tvers av divisjoner. Lagene seedes ut i fra seriespillet. Antall grupper og antall lag i gruppene avgj\u00f8res ut i fra hvor mange lag som \u00f8nsker \u00e5 delta.<br><br>Fullstendig kamoppsett, resultater og annen statistikk fra regionscupen vil bli fortl\u00f8pende oppdatert i v\u00e5rt <a href=\"https:\/\/bandyforbundet.no\/innebandy\/?page_id=15828&amp;fbclid=IwY2xjawFTsnNleHRuA2FlbQIxMAABHSs1vnCzRCI2zAuVjWU4TvDQ3S9sWjEgXRPTNoe_VdEF_RFjD-hCZGcCgA_aem_ZuSJl5RsnNG-cuwSpiFQNA#\/sport\/72\/season\/201065\/region\/439508\/tab\/0\">kampsenter<\/a>. Oppsettet for cupens andre helg er n\u00e5 oppdatert.<\/p>\n<\/div>\n\n\n\n<div class=\"wp-block-msswb-spacer msswb-spacer-container\" style=\"height:28px\"><div class=\"line\" style=\"height:14px\"><\/div><div class=\"line-center-divider\"><\/div><\/div>\n\n\n\n<div class=\"wp-block-msswb-panel msswb-panel-container\"><div class=\"mwwsb-panel-header\"><div class=\"mwwsb-panel-title\">Praktisk info til kamphelg 2, 18-19. april<\/div><div class=\"mwwsb-panel-icon\"><span class=\"dashicon dashicons dashicons-arrow-down-alt2\"><\/span><\/div><\/div><div class=\"msswb-panel-content\">\n<p><strong>Menn:<\/strong><br>Semifinale 1: Sjetne IL &#8211; SK Trygg\/Lade 14-4<br>Semifinale 2: <em>NTNUI Innebandy &#8211; SK Freidig, spilles 18. april 12:00<\/em><br>Bronsefinale: <em>SK Trygg\/Lade &#8211; NTNUI Innebandy\/SK Freidig, spilles 18. april 18:45<\/em><br>Finale: <em>Sjetne IL &#8211; NTNUI Innebandy\/SK Freidig, spilles 19. april 16:45<\/em><br><br>Kamp om 9. plass: <em>NTNUI 2 &#8211; Kl\u00e6bu IBK, spilles 18. april klokka 14:50<\/em><br>Kamp om 7. plass: <em>Sjetne IL 2 &#8211; Nyborg IL 2, spilles 18. april klokka 16:30<\/em><br>Kamp om 5. plass: <em>Nyborg IL &#8211; Sjetne IL 3, spilles 18. april klokka 17:30<\/em><br><br><strong>Kvinner:<\/strong><br>Kamp om 5. plass: <em>NTNUI Innebandy 2 &#8211; Nidelv IL, spilles 18. april klokka 14:00<\/em><br>Kamp om 3. plass: <em>SK Freidig &#8211; Nyborg IL, spilles 18. april klokka 15:40<\/em><br>Finale: <em>Sjetne IL &#8211; NTNUI Innebandy, spilles 19. april klokka 14:30<\/em><br><br>Alle kamper spilles i TOBB-hallen, med Sjetne IL som teknisk arrang\u00f8r. <br>Kamptid i plasseringskampene er de samme som i gruppespillet, mens finaler, bronsefinale og semifinaler spilles med 3x20min effektiv tid. Alle kamper spilles med inntil 10 min spilleforlengelse (sudden death) dersom det st\u00e5r uavgjort etter ordin\u00e6r spilletid. Dersom det ikke kommer en avgj\u00f8relse i l\u00f8pet av spilleforlengelsen avgj\u00f8res kampen p\u00e5 straffeslagskonkurranse jmf. NBF sitt spillereglement.<br>Fortl\u00f8pende resultatservice i v\u00e5rt <a href=\"https:\/\/bandyforbundet.no\/innebandy\/?page_id=15828&amp;fbclid=IwY2xjawFTsnNleHRuA2FlbQIxMAABHSs1vnCzRCI2zAuVjWU4TvDQ3S9sWjEgXRPTNoe_VdEF_RFjD-hCZGcCgA_aem_ZuSJl5RsnNG-cuwSpiFQNA#\/sport\/72\/season\/201065\/region\/439508\/tab\/0\">kampsenter<\/a>.<br><\/p>\n<\/div><\/div>\n\n\n\n<div class=\"wp-block-msswb-panel msswb-panel-container\"><div class=\"mwwsb-panel-header\"><div class=\"mwwsb-panel-title\">Praktisk info til innledende gruppespill, 11-12. april<\/div><div class=\"mwwsb-panel-icon\"><span class=\"dashicon dashicons dashicons-arrow-down-alt2\"><\/span><\/div><\/div><div class=\"msswb-panel-content\">\n<p>&#8211; Vi oppfordrer alle til \u00e5 samkj\u00f8re eller ta buss til \u00c5sveihallen. Det er f\u00e5 parkeringsplasser og det er et annet arrangement som foreg\u00e5r i skolens kantine<br>&#8211; Det kommer til \u00e5 v\u00e6re en kiosk med varm\/kald drikke og noe \u00e5 tygge p\u00e5 samt frukt i tilknytning til tribune<br>&#8211; Husk at oppsatt hjemmelag i hver enkelt kamp har ansvar for kampsekretariat<br>&#8211; Det skal f\u00f8les skudd p\u00e5 m\u00e5l i alle kamper<br>&#8211; Det vil v\u00e6re en PC tilgjengelig i sekretariatet &#8211; ferdig p\u00e5logget i LIVE<br>&#8211; Vi oppfordrer alle lag til \u00e5 legge inn sine spillertropper til kampene s\u00e5 tidlig som mulig<br>&#8211; Siste minuttet av siste periode i gruppespillet spilles med effektiv spilletid<br>&#8211; Pausen mellom periodene er maksimalt 5 minutter<\/p>\n<\/div><\/div>\n\n\n\n<div class=\"wp-block-msswb-panel msswb-panel-container\"><div class=\"mwwsb-panel-header\"><div class=\"mwwsb-panel-title\">Turneringsinformasjon 2025\/26<\/div><div class=\"mwwsb-panel-icon\"><span class=\"dashicon dashicons dashicons-arrow-down-alt2\"><\/span><\/div><\/div><div class=\"msswb-panel-content\">\n<p><strong>Spillhelger:<\/strong> 11-12. april og 18-19. april<br><strong>P\u00e5meldingsfrist:<\/strong> 1. februar 2026<br><strong>P\u00e5meldingsavgift:<\/strong> 2500,- pr. lag<\/p>\n\n\n\n<p>Innledende runder spilles 11-12. april i \u00c5sveihallen, mens den siste helga spilles i TOBB-hallen med plasseringskamper og finalespill.<br>Oppsettet for innledende runder er n\u00e5 klart:<\/p>\n\n\n<div class=\"msswb-image-frontend-app\"data-href-target=\"false\" data-href=\"%22%22\" data-use-link=\"false\" data-screen-width=\"false\" data-alignment=\"%22center%22\" data-url=\"%22%5C%2Fwp-content%5C%2Fuploads%5C%2Fsites%5C%2F9%5C%2F2026%5C%2F03%5C%2FEndelig-oppsett.png%22\" data-is-background-image=\"false\" data-border-radius=\"12\" data-image-width=\"880\" data-image-height=\"608\" data-selected-image=\"%7B%22image_id%22%3A9056%2C%22blog_id%22%3A9%2C%22term_id%22%3A-1%2C%22selected_size%22%3A%22full%22%7D\" data-image-aspect-ratio=\"0.69\" data-alt-text=\"%22%22\" data-caption=\"%22%22\" data-width=\"580\" data-height=\"400\" data-focal-point=\"\" data-show-light-box=\"false\" >\n<div class=\"msswb-image-block msswbcenter\" style=\"width:580px\"><div class=\"msswb-image \"><div class=\"image-container\" style=\"width:580px;height:400px\"><img decoding=\"async\" style=\"width:580px;height:400px;border-radius:12px\" src=\"\/wp-content\/uploads\/sites\/9\/2026\/03\/Endelig-oppsett.png\" \/><\/div><\/div><div class=\"msswb-image-caption-container\"><div class=\"msswb-image-caption\"><\/div><\/div><\/div>\n<\/div>\n\n\n<p>Oppsettet for helg 2 ser slik ut (kan komme mindre endringer): <\/p>\n\n\n<div class=\"msswb-image-frontend-app\"data-href-target=\"false\" data-href=\"%22%22\" data-use-link=\"false\" data-screen-width=\"false\" data-alignment=\"%22center%22\" data-url=\"%22%5C%2Fwp-content%5C%2Fuploads%5C%2Fsites%5C%2F9%5C%2F2026%5C%2F03%5C%2FOppsett-helg-2.png%22\" data-is-background-image=\"false\" data-border-radius=\"0\" data-image-width=\"920\" data-image-height=\"262\" data-selected-image=\"%7B%22image_id%22%3A9067%2C%22blog_id%22%3A9%2C%22term_id%22%3A-1%2C%22selected_size%22%3A%22full%22%7D\" data-image-aspect-ratio=\"0.28\" data-alt-text=\"%22%22\" data-caption=\"%22%22\" data-width=\"573\" data-height=\"160\" data-focal-point=\"\" data-show-light-box=\"false\" >\n<div class=\"msswb-image-block msswbcenter\" style=\"width:573px\"><div class=\"msswb-image \"><div class=\"image-container\" style=\"width:573px;height:160px\"><img decoding=\"async\" style=\"width:573px;height:160px\" src=\"\/wp-content\/uploads\/sites\/9\/2026\/03\/Oppsett-helg-2.png\" \/><\/div><\/div><div class=\"msswb-image-caption-container\"><div class=\"msswb-image-caption\"><\/div><\/div><\/div>\n<\/div><\/div><\/div>\n\n\n\n<div class=\"wp-block-msswb-panel msswb-panel-container\"><div class=\"mwwsb-panel-header\"><div class=\"mwwsb-panel-title\">S\u00e6rskilte regler for Regionscup<\/div><div class=\"mwwsb-panel-icon\"><span class=\"dashicon dashicons dashicons-arrow-down-alt2\"><\/span><\/div><\/div><div class=\"msswb-panel-content\">\n<ul class=\"wp-block-list\">\n<li>Man m\u00e5 ha l\u00f8st lisens for \u00e5 kunne delta<\/li>\n\n\n\n<li>En spiller kan kun spille for et lag<\/li>\n\n\n\n<li>En m\u00e5lvakt kan s\u00f8ke om \u00e5 f\u00e5 spille for to lag i samme klubb<\/li>\n\n\n\n<li>Lagene betaler en dommer hver pr. kamp (400,- pr. dommer)<\/li>\n\n\n\n<li>Regionen betaler dommerne i finalene<\/li>\n\n\n\n<li>Kampene varer i 2&#215;15 min<\/li>\n\n\n\n<li>Semifinaler og finaler spilles 3&#215;20 min<\/li>\n<\/ul>\n<\/div><\/div>\n\n\n\n<div class=\"wp-block-msswb-spacer msswb-spacer-container\" style=\"height:6px\"><div class=\"line\" style=\"height:3px\"><\/div><div class=\"line-center-divider\"><\/div><\/div>\n\n\n\n<h2 class=\"wp-block-heading\">Historikk<\/h2>\n\n\n\n<div class=\"wp-block-msswb-panel msswb-panel-container\"><div class=\"mwwsb-panel-header\"><div class=\"mwwsb-panel-title\">Vinnere Regionscup 2026 &#8211;<\/div><div class=\"mwwsb-panel-icon\"><span class=\"dashicon dashicons dashicons-arrow-down-alt2\"><\/span><\/div><\/div><div class=\"msswb-panel-content\">\n<p>Oversikt over vinnere i regionscupen legges ut her.<\/p>\n\n\n\n<figure class=\"wp-block-table is-style-stripes\"><table><thead><tr><th>Sesong<\/th><th>Kvinner<\/th><th>Menn<\/th><\/tr><\/thead><tbody><tr><td>2025\/26<\/td><td>NTNUI innebandy<\/td><td>Sjetne IL<\/td><\/tr><\/tbody><\/table><\/figure>\n<\/div><\/div>\n\n\n\n<div class=\"wp-block-msswb-panel msswb-panel-container\"><div class=\"mwwsb-panel-header\"><div class=\"mwwsb-panel-title\">Sluttspillvinnere 2012-2025<\/div><div class=\"mwwsb-panel-icon\"><span class=\"dashicon dashicons dashicons-arrow-down-alt2\"><\/span><\/div><\/div><div class=\"msswb-panel-content\">\n<p>Frem til og med 2024\/25-sesongen hadde vi en sluttspillordning hvor kun de \u00f8verst plasserte lagene fra seriespillet deltok. For at sesongavslutning skal v\u00e6re noe flere lag kan ta del av gikk man i 2025\/26-sesongen over til en avsluttende regionscup. Under finner du en oversikt over vinnerne i sluttspillet disse sesongene.<\/p>\n\n\n<div class=\"msswb-display-internal-post-frontend-app-v2\" data-url-encoded-attrs=\"%7B%22displayInternalPost%22%3A%7B%22blog_id%22%3A9%2C%22ID%22%3A4582%7D%7D\" data-dip-id=\"8d6Bs\" ><\/div><\/div><\/div>\n","protected":false},"excerpt":{"rendered":"<p>REGIONSCUP I april 2026 arrangerer vi for f\u00f8rste gang Regionscup. Dette er en turnering som g\u00e5r over 2 helger som er \u00e5pen for alle lag som deltar i det ordin\u00e6re seriespillet for senior i innebandy. Det konkurreres i en klasse for damelag og en klasse for herrelag. Turneringen foreg\u00e5r i Trondheim og best\u00e5r av et [&hellip;]<\/p>\n","protected":false},"author":12,"featured_media":0,"parent":0,"menu_order":0,"comment_status":"closed","ping_status":"closed","template":"","meta":{"cover_meta":"","footnotes":""},"class_list":["post-8806","page","type-page","status-publish","hentry"],"_links":{"self":[{"href":"https:\/\/bandyforbundet.no\/midt-norge-bandyregion\/index.php?rest_route=\/wp\/v2\/pages\/8806","targetHints":{"allow":["GET"]}}],"collection":[{"href":"https:\/\/bandyforbundet.no\/midt-norge-bandyregion\/index.php?rest_route=\/wp\/v2\/pages"}],"about":[{"href":"https:\/\/bandyforbundet.no\/midt-norge-bandyregion\/index.php?rest_route=\/wp\/v2\/types\/page"}],"author":[{"embeddable":true,"href":"https:\/\/bandyforbundet.no\/midt-norge-bandyregion\/index.php?rest_route=\/wp\/v2\/users\/12"}],"replies":[{"embeddable":true,"href":"https:\/\/bandyforbundet.no\/midt-norge-bandyregion\/index.php?rest_route=%2Fwp%2Fv2%2Fcomments&post=8806"}],"version-history":[{"count":50,"href":"https:\/\/bandyforbundet.no\/midt-norge-bandyregion\/index.php?rest_route=\/wp\/v2\/pages\/8806\/revisions"}],"predecessor-version":[{"id":9131,"href":"https:\/\/bandyforbundet.no\/midt-norge-bandyregion\/index.php?rest_route=\/wp\/v2\/pages\/8806\/revisions\/9131"}],"wp:attachment":[{"href":"https:\/\/bandyforbundet.no\/midt-norge-bandyregion\/index.php?rest_route=%2Fwp%2Fv2%2Fmedia&parent=8806"}],"curies":[{"name":"wp","href":"https:\/\/api.w.org\/{rel}","templated":true}]}}