{"id":882,"date":"2019-02-08T21:38:47","date_gmt":"2019-02-08T20:38:47","guid":{"rendered":"http:\/\/bandyforbundet.no\/midt-norge-bandyregion\/?page_id=882"},"modified":"2026-03-16T08:29:44","modified_gmt":"2026-03-16T08:29:44","slug":"trondheim-ibk","status":"publish","type":"page","link":"https:\/\/bandyforbundet.no\/midt-norge-bandyregion\/?page_id=882","title":{"rendered":"Trondheim IBK"},"content":{"rendered":"\n<div class=\"wp-block-msswb-spacer msswb-spacer-container\" style=\"height:27px\"><div class=\"line\" style=\"height:13px\"><\/div><div class=\"line-center-divider\"><\/div><\/div>\n\n\n\n<h1 class=\"wp-block-heading\">TRONDHEIM IBK &#8211; INNEBANDYGLEDE FOR ALLE!<\/h1>\n\n\n\n<p>Trondheim Innebandyklubb ble stiftet i 2011. Klubben har som form\u00e5l \u00e5 tilby innebandyaktivitet for personer som \u00f8nsker \u00e5 delta i litt mindre \u201cseri\u00f8se\u201d former enn hva man finner i det ordin\u00e6re seriespillet. Siden oppstarten har klubbens aktivitet eksplodert, og klubben har n\u00e5 passert 650 medlemmer.<\/p>\n\n\n\n<p>Klubbens n\u00e6re samarbeidspartnere i Midt-Norge Bandyregion og Norges Bandyforbund muliggj\u00f8r at man kan tilby et unikt aktivitetstilbud til alle de som ikke finner det ordin\u00e6re seriespillet attraktivt.<\/p>\n\n\n\n<blockquote class=\"wp-block-quote\">\n<p><em>Trondheim IBK har som m\u00e5l \u00e5 bidra til innebandyglede for alle. Derfor tilbyr vi aktivitetstilbud for voksne som ikke \u00f8nsker \u00e5 v\u00e6re med i det ordin\u00e6re seriespillet. I tillegg tilbyr vi aktivitet i b\u00e5de landhockey og bandy.<\/em><\/p>\n<cite>Trondheim IBK<\/cite><\/blockquote>\n\n\n\n<p>P\u00e5 denne siden vil vi fortl\u00f8pende legge ut informasjon til klubbens medlemmer omkring v\u00e5rt aktivitetstilbud, m\u00f8ter og annen organisasjonsmessig info.&nbsp;<\/p>\n\n\n\n<div class=\"wp-block-msswb-spacer msswb-spacer-container show-line\" style=\"height:50px\"><div class=\"line\" style=\"border-bottom-width:2px;border-bottom-color:#444444;height:25px\"><\/div><div class=\"line-center-divider\"><\/div><\/div>\n\n\n\n<p class=\"has-text-align-center\"><em>V\u00e5r klubb tilbyr egne innebandyserier for spillere som \u00f8nsker \u00e5 spille innebandy p\u00e5 sitt eget niv\u00e5 &#8211; under det ordin\u00e6re seriespillet. Her st\u00e5r innebandygleden i fokus. her er informasjon om v\u00e5re aktivitetstilbud<\/em>.<\/p>\n\n\n<div class=\"msswb-link-box-grid-frontend-app-v2\" data-url-encoded-attrs=\"%7B%22maxCols%22%3A4%2C%22showTitle%22%3Atrue%2C%22titleColor%22%3A%22%232cac3a%22%2C%22useColorBackground%22%3Atrue%2C%22bgColor%22%3A%22%23221a1a%22%2C%22overlayColor%22%3A%7B%22r%22%3A69%2C%22g%22%3A126%2C%22b%22%3A191%2C%22a%22%3A0.1%7D%2C%22linkBoxes%22%3A%5B%7B%22link_type%22%3A%22page%22%2C%22blog_id%22%3A9%2C%22ID%22%3A880%2C%22link%22%3A%22http%3A%2F%2Fbandyforbundet.no%2Fmidt-norge-bandyregion%2F%3Fpage_id%3D880%22%2C%22image%22%3A%7B%22image_id%22%3A869%2C%22blog_id%22%3A9%2C%22term_id%22%3A-1%2C%22selected_size%22%3A%22full%22%7D%2C%22featuredImage%22%3Afalse%2C%22from_shared%22%3Atrue%2C%22showAltTitle%22%3Afalse%2C%22altTitle%22%3A%22%22%7D%2C%7B%22link_type%22%3A%22page%22%2C%22blog_id%22%3A9%2C%22ID%22%3A893%2C%22link%22%3A%22http%3A%2F%2Fbandyforbundet.no%2Fmidt-norge-bandyregion%2F%3Fpage_id%3D893%22%2C%22image%22%3A%7B%22image_id%22%3A762%2C%22blog_id%22%3A9%2C%22term_id%22%3A-1%2C%22selected_size%22%3A%22full%22%7D%2C%22featuredImage%22%3Afalse%2C%22from_shared%22%3Atrue%2C%22showAltTitle%22%3Afalse%2C%22altTitle%22%3A%22%22%7D%5D%7D\" ><\/div>\n\n\n<div class=\"wp-block-msswb-spacer msswb-spacer-container show-line\" style=\"height:18px\"><div class=\"line\" style=\"border-bottom-width:2px;border-bottom-color:#444444;height:9px\"><\/div><div class=\"line-center-divider\"><\/div><\/div>\n\n\n\n<div class=\"wp-block-msswb-panel msswb-panel-container\"><div class=\"mwwsb-panel-header\"><div class=\"mwwsb-panel-title\">Lover, \u00e5rsm\u00f8ter, infom\u00f8ter etc. Trondheim IBK<\/div><div class=\"mwwsb-panel-icon\"><span class=\"dashicon dashicons dashicons-arrow-down-alt2\"><\/span><\/div><\/div><div class=\"msswb-panel-content\">\n<h3 class=\"wp-block-heading\">\u00c5rsm\u00f8te 2026<\/h3>\n\n\n\n<div class=\"msswb-file\"><a href=\"https:\/\/bandyforbundet.no\/midt-norge-bandyregion\/wp-content\/uploads\/sites\/9\/2026\/03\/Sakspapirer-arsmote-2026.pdf\" class=\"file-button\" download><span class=\"dashicon dashicons dashicons-download\"><\/span><\/a><a class=\"file-link\" href=\"https:\/\/bandyforbundet.no\/midt-norge-bandyregion\/wp-content\/uploads\/sites\/9\/2026\/03\/Sakspapirer-arsmote-2026.pdf\">Sakspapirer \u00e5rsm\u00f8te 2026<\/a><\/div>\n\n\n\n<div class=\"msswb-file\"><a href=\"https:\/\/bandyforbundet.no\/midt-norge-bandyregion\/wp-content\/uploads\/sites\/9\/2026\/02\/Innkalling-arsmote-2026.pdf\" class=\"file-button\" download><span class=\"dashicon dashicons dashicons-download\"><\/span><\/a><a class=\"file-link\" href=\"https:\/\/bandyforbundet.no\/midt-norge-bandyregion\/wp-content\/uploads\/sites\/9\/2026\/02\/Innkalling-arsmote-2026.pdf\">Innkalling \u00e5rsm\u00f8te 2026<\/a><\/div>\n\n\n\n<h3 class=\"wp-block-heading\">\u00c5rsm\u00f8te 2025<\/h3>\n\n\n\n<div class=\"msswb-file\"><a href=\"https:\/\/bandyforbundet.no\/midt-norge-bandyregion\/wp-content\/uploads\/sites\/9\/2025\/03\/Sakspapirer-arsmote-2025.pdf\" class=\"file-button\" download><span class=\"dashicon dashicons dashicons-download\"><\/span><\/a><a class=\"file-link\" href=\"https:\/\/bandyforbundet.no\/midt-norge-bandyregion\/wp-content\/uploads\/sites\/9\/2025\/03\/Sakspapirer-arsmote-2025.pdf\">Sakspapirer \u00e5rsm\u00f8te 2025<\/a><\/div>\n\n\n\n<div class=\"msswb-file\"><a href=\"https:\/\/bandyforbundet.no\/midt-norge-bandyregion\/wp-content\/uploads\/sites\/9\/2025\/03\/Innkalling-arsmote-2025.pdf\" class=\"file-button\" download><span class=\"dashicon dashicons dashicons-download\"><\/span><\/a><a class=\"file-link\" href=\"https:\/\/bandyforbundet.no\/midt-norge-bandyregion\/wp-content\/uploads\/sites\/9\/2025\/03\/Innkalling-arsmote-2025.pdf\">Innkalling \u00e5rsm\u00f8te 2025<\/a><\/div>\n\n\n\n<h3 class=\"wp-block-heading\" style=\"font-size:34px\">\u00c5rsm\u00f8te 2024<\/h3>\n\n\n\n<div class=\"msswb-file\"><a href=\"https:\/\/bandyforbundet.no\/midt-norge-bandyregion\/wp-content\/uploads\/sites\/9\/2024\/02\/Innkalling-arsmote-2024.pdf\" class=\"file-button\" download><span class=\"dashicon dashicons dashicons-download\"><\/span><\/a><a class=\"file-link\" href=\"https:\/\/bandyforbundet.no\/midt-norge-bandyregion\/wp-content\/uploads\/sites\/9\/2024\/02\/Innkalling-arsmote-2024.pdf\">Innkalling \u00e5rsm\u00f8te 2024<\/a><\/div>\n\n\n\n<div class=\"msswb-file\"><a href=\"https:\/\/bandyforbundet.no\/midt-norge-bandyregion\/wp-content\/uploads\/sites\/9\/2024\/03\/Sakspapirer-arsmote-2024.pdf\" class=\"file-button\" download><span class=\"dashicon dashicons dashicons-download\"><\/span><\/a><a class=\"file-link\" href=\"https:\/\/bandyforbundet.no\/midt-norge-bandyregion\/wp-content\/uploads\/sites\/9\/2024\/03\/Sakspapirer-arsmote-2024.pdf\">Sakspapirer \u00e5rsm\u00f8te 2024<\/a><\/div>\n\n\n\n<div class=\"msswb-file\"><a href=\"https:\/\/bandyforbundet.no\/midt-norge-bandyregion\/wp-content\/uploads\/sites\/9\/2024\/04\/Signert-arsmoteprotokoll-2024.pdf\" class=\"file-button\" download><span class=\"dashicon dashicons dashicons-download\"><\/span><\/a><a class=\"file-link\" href=\"https:\/\/bandyforbundet.no\/midt-norge-bandyregion\/wp-content\/uploads\/sites\/9\/2024\/04\/Signert-arsmoteprotokoll-2024.pdf\">Protokoll 2024<\/a><\/div>\n\n\n\n<h3 class=\"wp-block-heading\">\u00c5rsm\u00f8te 2023<\/h3>\n\n\n\n<div class=\"msswb-file\"><a href=\"https:\/\/bandyforbundet.no\/midt-norge-bandyregion\/wp-content\/uploads\/sites\/9\/2023\/03\/Sakspapirer-arsmote-2023.pdf\" class=\"file-button\" download><span class=\"dashicon dashicons dashicons-download\"><\/span><\/a><a class=\"file-link\" href=\"https:\/\/bandyforbundet.no\/midt-norge-bandyregion\/wp-content\/uploads\/sites\/9\/2023\/03\/Sakspapirer-arsmote-2023.pdf\">Sakspapirer \u00e5rsm\u00f8te 2023<\/a><\/div>\n\n\n\n<div class=\"msswb-file\"><a href=\"https:\/\/bandyforbundet.no\/midt-norge-bandyregion\/wp-content\/uploads\/sites\/9\/2023\/02\/Innkalling-arsmote-2023.pdf\" class=\"file-button\" download><span class=\"dashicon dashicons dashicons-download\"><\/span><\/a><a class=\"file-link\" href=\"https:\/\/bandyforbundet.no\/midt-norge-bandyregion\/wp-content\/uploads\/sites\/9\/2023\/02\/Innkalling-arsmote-2023.pdf\">Innkalling \u00e5rsm\u00f8te 2023<\/a><\/div>\n\n\n\n<h4 class=\"wp-block-heading\">\u00c5rsm\u00f8te 2022<\/h4>\n\n\n\n<div class=\"msswb-file\"><a href=\"https:\/\/bandyforbundet.no\/midt-norge-bandyregion\/wp-content\/uploads\/sites\/9\/2022\/02\/Innkalling-arsmote-2022.pdf\" class=\"file-button\" download><span class=\"dashicon dashicons dashicons-download\"><\/span><\/a><a class=\"file-link\" href=\"https:\/\/bandyforbundet.no\/midt-norge-bandyregion\/wp-content\/uploads\/sites\/9\/2022\/02\/Innkalling-arsmote-2022.pdf\">Innkalling \u00e5rsm\u00f8te 2022<\/a><\/div>\n\n\n\n<div class=\"msswb-file\"><a href=\"https:\/\/bandyforbundet.no\/midt-norge-bandyregion\/wp-content\/uploads\/sites\/9\/2022\/06\/Sakspapirer-arsmote-2022.pdf\" class=\"file-button\" download><span class=\"dashicon dashicons dashicons-download\"><\/span><\/a><a class=\"file-link\" href=\"https:\/\/bandyforbundet.no\/midt-norge-bandyregion\/wp-content\/uploads\/sites\/9\/2022\/06\/Sakspapirer-arsmote-2022.pdf\">Sakspapirer \u00e5rsm\u00f8te 2022<\/a><\/div>\n\n\n\n<div class=\"msswb-file\"><a href=\"https:\/\/bandyforbundet.no\/midt-norge-bandyregion\/wp-content\/uploads\/sites\/9\/2022\/03\/Protokoll-Trondheim-IBK-2022.pdf\" class=\"file-button\" download><span class=\"dashicon dashicons dashicons-download\"><\/span><\/a><a class=\"file-link\" href=\"https:\/\/bandyforbundet.no\/midt-norge-bandyregion\/wp-content\/uploads\/sites\/9\/2022\/03\/Protokoll-Trondheim-IBK-2022.pdf\">Protokoll<\/a><\/div>\n\n\n<div class=\"msswb-display-internal-post-frontend-app-v2\" data-url-encoded-attrs=\"%7B%22displayInternalPost%22%3A%7B%22blog_id%22%3A9%2C%22ID%22%3A1167%7D%7D\" data-dip-id=\"\" ><\/div>\n\n\n<p><\/p>\n<\/div><\/div>\n\n\n\n<div class=\"wp-block-msswb-panel msswb-panel-container\"><div class=\"mwwsb-panel-header\"><div class=\"mwwsb-panel-title\">Innmelding og medlemskontingent i Trondheim IBK<\/div><div class=\"mwwsb-panel-icon\"><span class=\"dashicon dashicons dashicons-arrow-down-alt2\"><\/span><\/div><\/div><div class=\"msswb-panel-content\">\n<p>\u00c5 v\u00e6re medlem i Trondheim IBK koster 50,- pr. \u00e5r. Da har du muligheten til \u00e5 bli med p\u00e5 alle v\u00e5re lavterskeltilbud i innebandy for voksne.<br><br>Du melder deg inn gjennom denne linken; <a href=\"https:\/\/medlemskap.nif.no\/Start\/Index\/696617\">https:\/\/medlemskap.nif.no\/Start\/Index\/696617<\/a>.<br>For ytterligere sp\u00f8rsm\u00e5l etc. kontakt leder: jim@mnbr.no.<\/p>\n<\/div><\/div>\n\n\n\n<div class=\"wp-block-msswb-panel msswb-panel-container\"><div class=\"mwwsb-panel-header\"><div class=\"mwwsb-panel-title\">Kontakte Trondheim IBK?<\/div><div class=\"mwwsb-panel-icon\"><span class=\"dashicon dashicons dashicons-arrow-down-alt2\"><\/span><\/div><\/div><div class=\"msswb-panel-content\"><div class=\"msswb-display-internal-post-frontend-app-v2\" data-url-encoded-attrs=\"%7B%22displayInternalPost%22%3A%7B%22blog_id%22%3A9%2C%22ID%22%3A1166%7D%7D\" data-dip-id=\"\" ><\/div><\/div><\/div>\n\n\n\n<div class=\"wp-block-msswb-spacer msswb-spacer-container show-line\" style=\"height:23px\"><div class=\"line\" style=\"border-bottom-width:2px;border-bottom-color:#444444;height:11px\"><\/div><div class=\"line-center-divider\"><\/div><\/div>\n\n\n\n<div class=\"wp-block-msswb-spacer msswb-spacer-container\" style=\"height:50px\"><div class=\"line\" style=\"height:25px\"><\/div><div class=\"line-center-divider\"><\/div><\/div>\n","protected":false},"excerpt":{"rendered":"<p>TRONDHEIM IBK &#8211; INNEBANDYGLEDE FOR ALLE! Trondheim Innebandyklubb ble stiftet i 2011. Klubben har som form\u00e5l \u00e5 tilby innebandyaktivitet for personer som \u00f8nsker \u00e5 delta i litt mindre \u201cseri\u00f8se\u201d former enn hva man finner i det ordin\u00e6re seriespillet. Siden oppstarten har klubbens aktivitet eksplodert, og klubben har n\u00e5 passert 650 medlemmer. Klubbens n\u00e6re samarbeidspartnere i [&hellip;]<\/p>\n","protected":false},"author":12,"featured_media":0,"parent":880,"menu_order":0,"comment_status":"closed","ping_status":"closed","template":"","meta":{"cover_meta":"","footnotes":""},"class_list":["post-882","page","type-page","status-publish","hentry"],"_links":{"self":[{"href":"https:\/\/bandyforbundet.no\/midt-norge-bandyregion\/index.php?rest_route=\/wp\/v2\/pages\/882","targetHints":{"allow":["GET"]}}],"collection":[{"href":"https:\/\/bandyforbundet.no\/midt-norge-bandyregion\/index.php?rest_route=\/wp\/v2\/pages"}],"about":[{"href":"https:\/\/bandyforbundet.no\/midt-norge-bandyregion\/index.php?rest_route=\/wp\/v2\/types\/page"}],"author":[{"embeddable":true,"href":"https:\/\/bandyforbundet.no\/midt-norge-bandyregion\/index.php?rest_route=\/wp\/v2\/users\/12"}],"replies":[{"embeddable":true,"href":"https:\/\/bandyforbundet.no\/midt-norge-bandyregion\/index.php?rest_route=%2Fwp%2Fv2%2Fcomments&post=882"}],"version-history":[{"count":34,"href":"https:\/\/bandyforbundet.no\/midt-norge-bandyregion\/index.php?rest_route=\/wp\/v2\/pages\/882\/revisions"}],"predecessor-version":[{"id":9047,"href":"https:\/\/bandyforbundet.no\/midt-norge-bandyregion\/index.php?rest_route=\/wp\/v2\/pages\/882\/revisions\/9047"}],"up":[{"embeddable":true,"href":"https:\/\/bandyforbundet.no\/midt-norge-bandyregion\/index.php?rest_route=\/wp\/v2\/pages\/880"}],"wp:attachment":[{"href":"https:\/\/bandyforbundet.no\/midt-norge-bandyregion\/index.php?rest_route=%2Fwp%2Fv2%2Fmedia&parent=882"}],"curies":[{"name":"wp","href":"https:\/\/api.w.org\/{rel}","templated":true}]}}