{"id":883,"date":"2018-06-19T15:51:32","date_gmt":"2018-06-19T13:51:32","guid":{"rendered":"http:\/\/bandyforbundet.no\/midt-norge-bandyregion\/?page_id=883"},"modified":"2022-06-15T11:32:57","modified_gmt":"2022-06-15T11:32:57","slug":"mini-league","status":"publish","type":"page","link":"https:\/\/bandyforbundet.no\/midt-norge-bandyregion\/?page_id=883","title":{"rendered":"Mini League"},"content":{"rendered":"\n<div class=\"wp-block-msswb-spacer msswb-spacer-container\" style=\"height:27px\"><div class=\"line\" style=\"height:13px\"><\/div><div class=\"line-center-divider\"><\/div><\/div>\n\n\n\n<h1 class=\"wp-block-heading\">MINI LEAGUE<\/h1>\n\n\n\n<p class=\"has-small-font-size\"><em>Ved en gjennomgang av aktivitetstilbudet i regionen ble Mini League innlemmet i aktivitetstilbudet <a href=\"https:\/\/bandyforbundet.no\/midt-norge-bandyregion\/?page_id=895\" target=\"_blank\" rel=\"noreferrer noopener\">Weekend League<\/a> i forkant av sesongen 2022\/23. Dette for \u00e5 im\u00f8tekomme tilbakemeldinger fra klubbene, og regionens inntrykk av at aktivitetstilbudet ikke lengre var attraktivt nok for en st\u00f8rre antall av lagene i starten av ten\u00e5rene. Sammen med aktivitetstilbudet &laquo;Bl\u00e5 l\u00f8ype&raquo; \u00f8nsker man \u00e5 im\u00f8tekomme b\u00e5de spillere, lag og klubbers \u00f8nske om et enda bredere kamptilbud i sesongene etter minirundealder.<\/em><\/p>\n\n\n<div class=\"msswb-image-frontend-app\"data-href-target=\"false\" data-href=\"%22%22\" data-use-link=\"false\" data-screen-width=\"false\" data-alignment=\"%22right%22\" data-url=\"%22%5C%2Fwp-content%5C%2Fuploads%5C%2Fsites%5C%2F9%5C%2F2019%5C%2F11%5C%2F20191026_101013863_iOS-scaled.jpg%22\" data-is-background-image=\"true\" data-border-radius=\"41\" data-image-width=\"2560\" data-image-height=\"1920\" data-selected-image=\"%7B%22image_id%22%3A377%2C%22blog_id%22%3A9%2C%22term_id%22%3A-1%2C%22selected_size%22%3A%22full%22%7D\" data-image-aspect-ratio=\"0.75\" data-alt-text=\"%22Foto%20av%3A%20Sandra%20Grande%22\" data-caption=\"%22%22\" data-width=\"648\" data-height=\"343\" data-focal-point=\"%7B%22x%22%3A%220.71%22%2C%22y%22%3A%220.48%22%7D\" data-show-light-box=\"false\" >\n<div class=\"msswb-image-block msswbright\" style=\"width:648px\"><div class=\"msswb-image \"><div class=\"image-container is-background-image\" style=\"border-radius:41px;background-image:url(\/wp-content\/uploads\/sites\/9\/2019\/11\/20191026_101013863_iOS-scaled.jpg);background-position:71% 48%;background-size:cover;width:100%;height:343px\"><\/div><\/div><div class=\"msswb-image-caption-container\"><div class=\"msswb-image-caption\"><\/div><div class=\"msswb-image-attribution\">Foto av: Sandra Grande<\/div><\/div><\/div>\n<\/div>\n\n\n<p class=\"has-drop-cap\">Etter mange \u00e5r med minirundeaktivitet er det en del 11\u00e5ringer som begynner \u00e5 lengte etter litt st\u00f8rre bane. Samtidig har minirundene mange fine sider ved seg som kan v\u00e6re lurt \u00e5 bevare s\u00e5 lenge som mulig. \u00c5 spille p\u00e5 sm\u00e5 flater er fint for ballkontrollen og for \u00e5 utjevne fysiske forskjeller mellom barna. Vi har ogs\u00e5 veldig tro p\u00e5 at \u00e5 melde seg p\u00e5 fra runde til runde er en positiv ting dersom man \u00f8nsker \u00e5 tilrettelegge for at s\u00e5 mange som mulig kan v\u00e6re med. Mini League er et tilbud for de som tilh\u00f8rer de eldste p\u00e5 minirunden og som har lyst til \u00e5 et tilbud til. Her \u00f8ker vi banest\u00f8rrelsen litt, og vi introduserer spillerne ogs\u00e5 for 2 dommere. Fortsatt melder man seg p\u00e5 i forkant av hver runde. Vi \u00f8nsker ikke at dette skal v\u00e6re en erstatning for minirundene \u2013 men et tillegg for de som \u00f8nsker dette. Derfor legges Mini League sammen med Weekend League \u2013 og ikke p\u00e5 samme helg som det er minirunder. Fra desember av arrangerer vi Mini League. Totalt blir det 4 slike muligheter gjennom den siste sesongen p\u00e5 minirundene.<\/p>\n\n\n\n<div class=\"wp-block-msswb-spacer msswb-spacer-container show-line\" style=\"height:23px\"><div class=\"line\" style=\"border-bottom-width:1px;border-bottom-color:#111010;height:11px\"><\/div><div class=\"line-center-divider\"><\/div><\/div>\n\n\n\n<div class=\"wp-block-columns\">\n<div class=\"wp-block-column\">\n<h4 class=\"wp-block-heading\">Mini League-runder 2021\/22<\/h4>\n\n\n\n<figure class=\"wp-block-table is-style-stripes\"><table class=\"has-background\" style=\"background-color:#e9fbe5\"><thead><tr><th>Dato<\/th><th>Sted<\/th><\/tr><\/thead><tbody><tr><td>4. desember<\/td><td>TOBB-hallen Sjetne<\/td><\/tr><tr><td>9. januar<\/td><td>Ladehallen<\/td><\/tr><tr><td>5. februar<\/td><td>\u00c5sveihallen<\/td><\/tr><tr><td>27. mars<\/td><td>Ladehallen<\/td><\/tr><\/tbody><\/table><\/figure>\n<\/div>\n\n\n\n<div class=\"wp-block-column\">\n<h4 class=\"wp-block-heading\">Div. informasjonsskriv 2021\/22<\/h4>\n\n\n\n<div class=\"msswb-file\"><a href=\"https:\/\/bandyforbundet.no\/wp-content\/uploads\/sites\/9\/2021\/08\/Instruks-for-oppsett-og-merking-av-bane-i-MR-WL-1.pdf\" class=\"file-button\" download><span class=\"dashicon dashicons dashicons-download\"><\/span><\/a><a class=\"file-link\" href=\"https:\/\/bandyforbundet.no\/wp-content\/uploads\/sites\/9\/2021\/08\/Instruks-for-oppsett-og-merking-av-bane-i-MR-WL-1.pdf\">Instruks-for-oppsett-og-merking-av-bane-i-MR-WL-1<\/a><\/div>\n\n\n\n<div class=\"msswb-file\"><a href=\"https:\/\/bandyforbundet.no\/wp-content\/uploads\/sites\/9\/2017\/11\/Instruks-for-oppsett-og-merking-av-bane-i-MR-WL.pdf\" class=\"file-button\" download><span class=\"dashicon dashicons dashicons-download\"><\/span><\/a><a class=\"file-link\" href=\"https:\/\/bandyforbundet.no\/wp-content\/uploads\/sites\/9\/2017\/11\/Instruks-for-oppsett-og-merking-av-bane-i-MR-WL.pdf\">Instruks for oppsett og merking av bane<\/a><\/div>\n\n\n\n<div class=\"msswb-file\"><a href=\"https:\/\/bandyforbundet.no\/wp-content\/uploads\/sites\/9\/2021\/08\/Informasjonsskriv-WL-og-ML-2021_22-1.pdf\" class=\"file-button\" download><span class=\"dashicon dashicons dashicons-download\"><\/span><\/a><a class=\"file-link\" href=\"https:\/\/bandyforbundet.no\/wp-content\/uploads\/sites\/9\/2021\/08\/Informasjonsskriv-WL-og-ML-2021_22-1.pdf\">Informasjonsskriv-WL-og-ML-2021_22-1<\/a><\/div>\n<\/div>\n<\/div>\n\n\n\n<p>Kampoppsett til hver enkelt runde vil legges ut <a href=\"https:\/\/bandyforbundet.no\/midt-norge-bandyregion\/?page_id=884\" target=\"_blank\" rel=\"noreferrer noopener\">her<\/a>.<\/p>\n\n\n\n<div class=\"wp-block-msswb-spacer msswb-spacer-container show-line\" style=\"height:11px\"><div class=\"line\" style=\"height:5px\"><\/div><div class=\"line-center-divider\"><\/div><\/div>\n","protected":false},"excerpt":{"rendered":"<p>MINI LEAGUE Ved en gjennomgang av aktivitetstilbudet i regionen ble Mini League innlemmet i aktivitetstilbudet Weekend League i forkant av sesongen 2022\/23. Dette for \u00e5 im\u00f8tekomme tilbakemeldinger fra klubbene, og regionens inntrykk av at aktivitetstilbudet ikke lengre var attraktivt nok for en st\u00f8rre antall av lagene i starten av ten\u00e5rene. Sammen med aktivitetstilbudet &laquo;Bl\u00e5 l\u00f8ype&raquo; [&hellip;]<\/p>\n","protected":false},"author":12,"featured_media":0,"parent":876,"menu_order":0,"comment_status":"closed","ping_status":"closed","template":"","meta":{"cover_meta":"","footnotes":""},"class_list":["post-883","page","type-page","status-publish","hentry"],"_links":{"self":[{"href":"https:\/\/bandyforbundet.no\/midt-norge-bandyregion\/index.php?rest_route=\/wp\/v2\/pages\/883","targetHints":{"allow":["GET"]}}],"collection":[{"href":"https:\/\/bandyforbundet.no\/midt-norge-bandyregion\/index.php?rest_route=\/wp\/v2\/pages"}],"about":[{"href":"https:\/\/bandyforbundet.no\/midt-norge-bandyregion\/index.php?rest_route=\/wp\/v2\/types\/page"}],"author":[{"embeddable":true,"href":"https:\/\/bandyforbundet.no\/midt-norge-bandyregion\/index.php?rest_route=\/wp\/v2\/users\/12"}],"replies":[{"embeddable":true,"href":"https:\/\/bandyforbundet.no\/midt-norge-bandyregion\/index.php?rest_route=%2Fwp%2Fv2%2Fcomments&post=883"}],"version-history":[{"count":21,"href":"https:\/\/bandyforbundet.no\/midt-norge-bandyregion\/index.php?rest_route=\/wp\/v2\/pages\/883\/revisions"}],"predecessor-version":[{"id":4916,"href":"https:\/\/bandyforbundet.no\/midt-norge-bandyregion\/index.php?rest_route=\/wp\/v2\/pages\/883\/revisions\/4916"}],"up":[{"embeddable":true,"href":"https:\/\/bandyforbundet.no\/midt-norge-bandyregion\/index.php?rest_route=\/wp\/v2\/pages\/876"}],"wp:attachment":[{"href":"https:\/\/bandyforbundet.no\/midt-norge-bandyregion\/index.php?rest_route=%2Fwp%2Fv2%2Fmedia&parent=883"}],"curies":[{"name":"wp","href":"https:\/\/api.w.org\/{rel}","templated":true}]}}