{"id":886,"date":"2018-06-19T13:22:42","date_gmt":"2018-06-19T11:22:42","guid":{"rendered":"http:\/\/bandyforbundet.no\/midt-norge-bandyregion\/?page_id=886"},"modified":"2026-03-07T15:56:57","modified_gmt":"2026-03-07T15:56:57","slug":"minirunder-sesongen-201819","status":"publish","type":"page","link":"https:\/\/bandyforbundet.no\/midt-norge-bandyregion\/?page_id=886","title":{"rendered":"Minirunder 2025\/26, Tr\u00f8ndelag"},"content":{"rendered":"\n<div class=\"wp-block-msswb-spacer msswb-spacer-container\" style=\"height:27px\"><div class=\"line\" style=\"height:13px\"><\/div><div class=\"line-center-divider\"><\/div><\/div>\n\n\n\n<div class=\"wp-block-columns\">\n<div class=\"wp-block-column\" style=\"flex-basis:100%\">\n<h1 class=\"wp-block-heading\">MINIRUNDER I TR\u00d8NDELAG 2025\/26<\/h1>\n\n\n<div class=\"msswb-image-frontend-app\"data-href-target=\"false\" data-href=\"%22%22\" data-use-link=\"false\" data-screen-width=\"false\" data-alignment=\"%22left%22\" data-url=\"%22%5C%2Fwp-content%5C%2Fuploads%5C%2Fsites%5C%2F9%5C%2F2020%5C%2F03%5C%2FIMG_3174-scaled.jpg%22\" data-is-background-image=\"false\" data-border-radius=\"28\" data-image-width=\"2560\" data-image-height=\"1920\" data-selected-image=\"%7B%22image_id%22%3A256%2C%22blog_id%22%3A9%2C%22term_id%22%3A-1%2C%22selected_size%22%3A%22full%22%7D\" data-image-aspect-ratio=\"0.75\" data-alt-text=\"%22Foto%20av%3A%20Iselin%20Klungervik%22\" data-caption=\"%22%22\" data-width=\"266\" data-height=\"199\" data-focal-point=\"\" data-show-light-box=\"false\" >\n<div class=\"msswb-image-block msswbleft\" style=\"width:266px\"><div class=\"msswb-image \"><div class=\"image-container\" style=\"width:266px;height:199px\"><img decoding=\"async\" style=\"width:266px;height:199px;border-radius:28px\" src=\"\/wp-content\/uploads\/sites\/9\/2020\/03\/IMG_3174-scaled.jpg\" \/><\/div><\/div><div class=\"msswb-image-caption-container\"><div class=\"msswb-image-caption\"><\/div><div class=\"msswb-image-attribution\">Foto av: Iselin Klungervik<\/div><\/div><\/div>\n<\/div>\n\n\n<p>Minirunder er innebandyens kamptilbud for barn i alderen 6-11 \u00e5r. De yngste innebandyspillerne har bare en kampdag pr. mnd. Det betyr at man har 7 andre helgedager til \u00e5 benytte til mye annet n\u00e5r man spiller innebandy. Kanskje man har lyst \u00e5 holde p\u00e5 med andre idretter ogs\u00e5? Eller dra p\u00e5 hyttetur eller v\u00e6re hos mormor? innebandy skal v\u00e6re mulig \u00e5 kombinere med mye! Frem til barna er ten\u00e5ringer holder vi p\u00e5 denne strukturen. Vi tror det gj\u00f8r at man holder p\u00e5 lengre med idrettsaktivitet da sjansen er mindre for \u00e5 g\u00e5 lei. N\u00e5r man f\u00f8rst har kampdag i innebandy spiller man flere kamper i l\u00f8pet av et ganske kort tidsrom, og man er i hallen bare 2-3 timer totalt sett. N\u00e5r man er ferdig med kampene f\u00e5r alle spillerne premie \ud83d\ude42<\/p>\n\n\n\n<p>Vi har plassert 6 helger med minirunde p\u00e5 ulike lokasjoner i Tr\u00f8ndelag og h\u00e5per p\u00e5 stor deltakelse og mye innebandyglede kommende sesong (se oversikt). P\u00e5meldingsfrist er 10 dager f\u00f8r hver runde, og det koster 500,- i p\u00e5meldingsavgift pr. lag. Dette faktureres klubb i etterkant av turneringen. Kampoppsett sendes ut 5 dager f\u00f8r turneringen. Det kreves ikke lisens for \u00e5 v\u00e6re med, og idrettslaget trenger ikke \u00e5 v\u00e6re medlem av Norges Bandyforbund for \u00e5 melde p\u00e5 lag.<br><br>Vi har laget et informasjonsskriv for sesongen som kan lastes ned lengre ned p\u00e5 denne siden. Her vil det ogs\u00e5 fortl\u00f8pende legges ut kampoppsett og ytterligere informasjon. \u00d8nsker dere mer informasjon om minirundene send e-post til jim@mnbr.no. <\/p>\n\n\n\n<p>For minirunder i M\u00f8re og Romsdal s\u00e5 ligger det mer informasjon om disse <a href=\"https:\/\/bandyforbundet.no\/midt-norge-bandyregion\/?page_id=918\">her<\/a>.<\/p>\n<\/div>\n<\/div>\n\n\n\n<div class=\"wp-block-msswb-spacer msswb-spacer-container show-line\" style=\"height:16px\"><div class=\"line\" style=\"border-bottom-width:2px;border-bottom-color:#444444;height:8px\"><\/div><div class=\"line-center-divider\"><\/div><\/div>\n\n\n\n<div class=\"wp-block-columns\">\n<div class=\"wp-block-column\">\n<h5 class=\"wp-block-heading has-text-align-center has-white-normal-color has-black-normal-background-color has-text-color has-background\">Minirundearrangement i Tr\u00f8ndelag 25\/26<\/h5>\n\n\n\n<figure class=\"wp-block-table is-style-stripes\"><table><thead><tr><th class=\"has-text-align-center\" data-align=\"center\">Dato<\/th><th class=\"has-text-align-center\" data-align=\"center\">Hvor<\/th><th>P\u00e5melding<\/th><\/tr><\/thead><tbody><tr><td class=\"has-text-align-center\" data-align=\"center\">25-26. oktober<\/td><td class=\"has-text-align-center\" data-align=\"center\">Kl\u00e6buhallen, Trondheim<\/td><td><a href=\"https:\/\/forms.office.com\/e\/E184aueEdM\">Link<\/a><\/td><\/tr><tr><td class=\"has-text-align-center\" data-align=\"center\">15-16. november<\/td><td class=\"has-text-align-center\" data-align=\"center\">TOBB-hallen, Trondheim<\/td><td><a href=\"https:\/\/forms.office.com\/e\/bQBiEu2w9P\">Link<\/a><\/td><\/tr><tr><td class=\"has-text-align-center\" data-align=\"center\">6-7. desember<\/td><td class=\"has-text-align-center\" data-align=\"center\">Trygg\/Lade-hallen, Trondheim<\/td><td><a href=\"https:\/\/forms.office.com\/e\/ZZuzymraXE\">Link<\/a><\/td><\/tr><tr><td class=\"has-text-align-center\" data-align=\"center\">17-18. januar<\/td><td class=\"has-text-align-center\" data-align=\"center\">Leangen Bydelshall, Trondheim<\/td><td><a href=\"https:\/\/forms.office.com\/e\/8BscJvLMZg\">Link<\/a><\/td><\/tr><tr><td class=\"has-text-align-center\" data-align=\"center\">7-8. februar<\/td><td class=\"has-text-align-center\" data-align=\"center\">Utleirahallen, Trondheim<\/td><td><a href=\"https:\/\/forms.office.com\/e\/kjbVMbVa17\">Link<\/a><\/td><\/tr><tr><td class=\"has-text-align-center\" data-align=\"center\">14-15. mars<\/td><td class=\"has-text-align-center\" data-align=\"center\">\u00c5sveihallen, Trondheim<\/td><td><a href=\"https:\/\/forms.office.com\/e\/5eMUfapCbR\">Link<\/a><\/td><\/tr><tr><td class=\"has-text-align-center\" data-align=\"center\">18-19. april<\/td><td class=\"has-text-align-center\" data-align=\"center\">Gimshallen, Melhus<\/td><td><a href=\"https:\/\/forms.office.com\/e\/qSyQGQsSUa\">Link<\/a><\/td><\/tr><\/tbody><\/table><figcaption class=\"wp-element-caption\"><em>*Endringer kan forekomme<\/em><\/figcaption><\/figure>\n\n\n\n<p><\/p>\n<\/div>\n\n\n\n<div class=\"wp-block-column\">\n<h5 class=\"wp-block-heading has-text-align-center has-white-normal-color has-black-normal-background-color has-text-color has-background\">Informasjon<\/h5>\n\n\n\n<div class=\"msswb-file\"><a href=\"https:\/\/bandyforbundet.no\/midt-norge-bandyregion\/wp-content\/uploads\/sites\/9\/2025\/06\/Infoskriv-minirunde-2025_26-1.pdf\" class=\"file-button\" download><span class=\"dashicon dashicons dashicons-download\"><\/span><\/a><a class=\"file-link\" href=\"https:\/\/bandyforbundet.no\/midt-norge-bandyregion\/wp-content\/uploads\/sites\/9\/2025\/06\/Infoskriv-minirunde-2025_26-1.pdf\">Infoskriv minirunde 2025_26<\/a><\/div>\n\n\n\n<div class=\"msswb-file\"><a href=\"https:\/\/bandyforbundet.no\/midt-norge-bandyregion\/wp-content\/uploads\/sites\/9\/2025\/09\/Tildeling-minirunder-25_26.pdf\" class=\"file-button\" download><span class=\"dashicon dashicons dashicons-download\"><\/span><\/a><a class=\"file-link\" href=\"https:\/\/bandyforbundet.no\/midt-norge-bandyregion\/wp-content\/uploads\/sites\/9\/2025\/09\/Tildeling-minirunder-25_26.pdf\">Minirundearrang\u00f8rer 2025_26<\/a><\/div>\n\n\n\n<div class=\"msswb-file\"><a href=\"https:\/\/bandyforbundet.no\/midt-norge-bandyregion\/wp-content\/uploads\/sites\/9\/2021\/06\/Minirundebrosjyre-1.pdf\" class=\"file-button\" download><span class=\"dashicon dashicons dashicons-download\"><\/span><\/a><a class=\"file-link\" href=\"https:\/\/bandyforbundet.no\/midt-norge-bandyregion\/wp-content\/uploads\/sites\/9\/2021\/06\/Minirundebrosjyre-1.pdf\">Minirundebrosjyre<\/a><\/div>\n\n\n\n<div class=\"msswb-file\"><a href=\"https:\/\/bandyforbundet.no\/midt-norge-bandyregion\/wp-content\/uploads\/sites\/9\/2022\/06\/Veileder-oppsett-og-merking-av-bane.pdf\" class=\"file-button\" download><span class=\"dashicon dashicons dashicons-download\"><\/span><\/a><a class=\"file-link\" href=\"https:\/\/bandyforbundet.no\/midt-norge-bandyregion\/wp-content\/uploads\/sites\/9\/2022\/06\/Veileder-oppsett-og-merking-av-bane.pdf\">Veileder oppsett og merking av bane<\/a><\/div>\n\n\n\n<div class=\"msswb-file\"><a href=\"https:\/\/bandyforbundet.no\/wp-content\/uploads\/sites\/9\/2021\/08\/Banestorrelse-MR-og-WL.pdf\" class=\"file-button\" download><span class=\"dashicon dashicons dashicons-download\"><\/span><\/a><a class=\"file-link\" href=\"https:\/\/bandyforbundet.no\/wp-content\/uploads\/sites\/9\/2021\/08\/Banestorrelse-MR-og-WL.pdf\">Infoskriv, banest\u00f8rrelse<\/a><\/div>\n\n\n\n<div class=\"msswb-file\"><a href=\"https:\/\/bandyforbundet.no\/wp-content\/uploads\/sites\/9\/2018\/06\/Lagliste-minirunde.pdf\" class=\"file-button\" download><span class=\"dashicon dashicons dashicons-download\"><\/span><\/a><a class=\"file-link\" href=\"https:\/\/bandyforbundet.no\/wp-content\/uploads\/sites\/9\/2018\/06\/Lagliste-minirunde.pdf\">Lagliste<\/a><\/div>\n<\/div>\n<\/div>\n\n\n\n<div class=\"wp-block-msswb-spacer msswb-spacer-container show-line\" style=\"height:23px\"><div class=\"line\" style=\"height:11px\"><\/div><div class=\"line-center-divider\"><\/div><\/div>\n\n\n\n<div class=\"wp-block-msswb-panel msswb-panel-container\"><div class=\"mwwsb-panel-header\"><div class=\"mwwsb-panel-title\">Kampoppsett, kommende minirunde <\/div><div class=\"mwwsb-panel-icon\"><span class=\"dashicon dashicons dashicons-arrow-down-alt2\"><\/span><\/div><\/div><div class=\"msswb-panel-content\">\n<p><strong>14.-15. mars, <\/strong>\u00c5sveihallen, Trondheim<br><\/p>\n\n\n\n<div class=\"msswb-file\"><a href=\"https:\/\/bandyforbundet.no\/midt-norge-bandyregion\/wp-content\/uploads\/sites\/9\/2026\/03\/Lordag.pdf\" class=\"file-button\" download><span class=\"dashicon dashicons dashicons-download\"><\/span><\/a><a class=\"file-link\" href=\"https:\/\/bandyforbundet.no\/midt-norge-bandyregion\/wp-content\/uploads\/sites\/9\/2026\/03\/Lordag.pdf\">14. Mars<\/a><\/div>\n\n\n\n<div class=\"msswb-file\"><a href=\"https:\/\/bandyforbundet.no\/midt-norge-bandyregion\/wp-content\/uploads\/sites\/9\/2026\/03\/Sondag.pdf\" class=\"file-button\" download><span class=\"dashicon dashicons dashicons-download\"><\/span><\/a><a class=\"file-link\" href=\"https:\/\/bandyforbundet.no\/midt-norge-bandyregion\/wp-content\/uploads\/sites\/9\/2026\/03\/Sondag.pdf\">15. Mars<\/a><\/div>\n\n\n\n<p><em>\u00d8vrige oppsett finnes <a href=\"https:\/\/bandyforbundet.no\/midt-norge-bandyregion\/?page_id=916\" target=\"_blank\" rel=\"noreferrer noopener\">her<\/a>.<\/em><\/p>\n<\/div><\/div>\n\n\n\n<div class=\"wp-block-msswb-panel msswb-panel-container\"><div class=\"mwwsb-panel-header\"><div class=\"mwwsb-panel-title\">Aldersinndeling minirunder 2025\/26<\/div><div class=\"mwwsb-panel-icon\"><span class=\"dashicon dashicons dashicons-arrow-down-alt2\"><\/span><\/div><\/div><div class=\"msswb-panel-content\"><div class=\"msswb-display-internal-post-frontend-app-v2\" data-url-encoded-attrs=\"%7B%22displayInternalPost%22%3A%7B%22blog_id%22%3A9%2C%22ID%22%3A1208%7D%7D\" data-dip-id=\"\" ><\/div><\/div><\/div>\n\n\n\n<div class=\"wp-block-msswb-panel msswb-panel-container\"><div class=\"mwwsb-panel-header\"><div class=\"mwwsb-panel-title\">Barneidrettsbestemmelsene<\/div><div class=\"mwwsb-panel-icon\"><span class=\"dashicon dashicons dashicons-arrow-down-alt2\"><\/span><\/div><\/div><div class=\"msswb-panel-content\"><div class=\"msswb-display-internal-post-frontend-app-v2\" data-url-encoded-attrs=\"%7B%22displayInternalPost%22%3A%7B%22blog_id%22%3A2%2C%22ID%22%3A950%7D%7D\" data-dip-id=\"pCmdf\" ><\/div><\/div><\/div>\n","protected":false},"excerpt":{"rendered":"<p>MINIRUNDER I TR\u00d8NDELAG 2025\/26 Minirunder er innebandyens kamptilbud for barn i alderen 6-11 \u00e5r. De yngste innebandyspillerne har bare en kampdag pr. mnd. Det betyr at man har 7 andre helgedager til \u00e5 benytte til mye annet n\u00e5r man spiller innebandy. Kanskje man har lyst \u00e5 holde p\u00e5 med andre idretter ogs\u00e5? Eller dra p\u00e5 [&hellip;]<\/p>\n","protected":false},"author":12,"featured_media":0,"parent":885,"menu_order":0,"comment_status":"closed","ping_status":"closed","template":"templates\/template-cover.php","meta":{"cover_meta":"{\"showBackgroundImage\":true,\"bgImage\":{\"image_id\":3173,\"blog_id\":3,\"term_id\":172,\"selected_size\":\"full\"},\"showOverlay\":true,\"overlayColor\":\"#000d0d\",\"overlayOpacity\":0.5,\"showIntro\":true,\"introColor\":\"white\",\"intro\":\"Innebandytilbud for barn\",\"title\":\"Minirunde\",\"titleColor\":\"white\",\"showOutro\":true,\"outroColor\":\"white\",\"outro\":\"6-11 \u00e5r\"}","footnotes":""},"class_list":["post-886","page","type-page","status-publish","hentry"],"_links":{"self":[{"href":"https:\/\/bandyforbundet.no\/midt-norge-bandyregion\/index.php?rest_route=\/wp\/v2\/pages\/886","targetHints":{"allow":["GET"]}}],"collection":[{"href":"https:\/\/bandyforbundet.no\/midt-norge-bandyregion\/index.php?rest_route=\/wp\/v2\/pages"}],"about":[{"href":"https:\/\/bandyforbundet.no\/midt-norge-bandyregion\/index.php?rest_route=\/wp\/v2\/types\/page"}],"author":[{"embeddable":true,"href":"https:\/\/bandyforbundet.no\/midt-norge-bandyregion\/index.php?rest_route=\/wp\/v2\/users\/12"}],"replies":[{"embeddable":true,"href":"https:\/\/bandyforbundet.no\/midt-norge-bandyregion\/index.php?rest_route=%2Fwp%2Fv2%2Fcomments&post=886"}],"version-history":[{"count":110,"href":"https:\/\/bandyforbundet.no\/midt-norge-bandyregion\/index.php?rest_route=\/wp\/v2\/pages\/886\/revisions"}],"predecessor-version":[{"id":9029,"href":"https:\/\/bandyforbundet.no\/midt-norge-bandyregion\/index.php?rest_route=\/wp\/v2\/pages\/886\/revisions\/9029"}],"up":[{"embeddable":true,"href":"https:\/\/bandyforbundet.no\/midt-norge-bandyregion\/index.php?rest_route=\/wp\/v2\/pages\/885"}],"wp:attachment":[{"href":"https:\/\/bandyforbundet.no\/midt-norge-bandyregion\/index.php?rest_route=%2Fwp%2Fv2%2Fmedia&parent=886"}],"curies":[{"name":"wp","href":"https:\/\/api.w.org\/{rel}","templated":true}]}}