{"id":888,"date":"2018-06-26T15:13:58","date_gmt":"2018-06-26T13:13:58","guid":{"rendered":"http:\/\/bandyforbundet.no\/midt-norge-bandyregion\/?page_id=888"},"modified":"2025-03-30T18:28:24","modified_gmt":"2025-03-30T18:28:24","slug":"ordinaert-seriespill","status":"publish","type":"page","link":"https:\/\/bandyforbundet.no\/midt-norge-bandyregion\/?page_id=888","title":{"rendered":"Ordin\u00e6rt seriespill"},"content":{"rendered":"\n<div class=\"wp-block-msswb-spacer msswb-spacer-container\" style=\"height:27px\"><div class=\"line\" style=\"height:13px\"><\/div><div class=\"line-center-divider\"><\/div><\/div>\n\n\n\n<h1 class=\"wp-block-heading\">ORDIN\u00c6RT SERIESPILL<\/h1>\n\n\n<div class=\"msswb-gallery-frontend-app-v2 \" data-url-encoded-attrs=\"%7B%22images%22%3A%5B%7B%22blog_id%22%3A%229%22%2C%22image_id%22%3A787%7D%2C%7B%22blog_id%22%3A%229%22%2C%22image_id%22%3A786%7D%2C%7B%22blog_id%22%3A%229%22%2C%22image_id%22%3A785%7D%5D%2C%22maxCols%22%3A%223%22%7D\" ><\/div>\n\n\n<p class=\"has-text-align-center\">I Midt-Norge er det ordin\u00e6r seriespillaktivitet for ungdomslag og for seniorlag. Dette starter man med n\u00e5r man er 13 \u00e5r, og de ulike klassene er gjerne inndelt i forskjellige divisjoner &#8211; etter parametre som alder, niv\u00e5 og innebandyerfaring. V\u00e5rt m\u00e5l er \u00e5 ha et aktivitetstilbud i innebandy som fenger alle. <br><br>Derfor har vi ogs\u00e5 alternativer til et tradisjonelt seriespill for b\u00e5de ungdom og voksne. Passer det best med \u00e5 v\u00e6re med p\u00e5 en cup i &laquo;ny og ne&raquo;, har vi ogs\u00e5 en ambisjon om \u00e5 im\u00f8tekomme slike behov. Vi tilbyr aktivitet fra Sunnm\u00f8re i s\u00f8r til lengst nord i Tr\u00f8ndelag. Vi anbefaler \u00e5 ta en tur i v\u00e5r oversikt over de <a href=\"https:\/\/bandyforbundet.no\/midt-norge-bandyregion\/?page_id=876\" target=\"_blank\" rel=\"noreferrer noopener\">ulike aktivitetstilbudene<\/a> i menyen til h\u00f8yre.<br>For kampoppsett, resultater og tabeller henviser vi til v\u00e5rt&nbsp;<a href=\"https:\/\/bandyforbundet.no\/midt-norge-bandyregion\/?page_id=898\">kampsenter<\/a>.<\/p>\n\n\n\n<div class=\"wp-block-msswb-spacer msswb-spacer-container\" style=\"height:50px\"><div class=\"line\" style=\"height:25px\"><\/div><div class=\"line-center-divider\"><\/div><\/div>\n\n\n\n<div class=\"wp-block-msswb-panel msswb-panel-container\"><div class=\"mwwsb-panel-header\"><div class=\"mwwsb-panel-title\">Historikk, serievinnere 1. divisjon Midt-Norge<\/div><div class=\"mwwsb-panel-icon\"><span class=\"dashicon dashicons dashicons-arrow-down-alt2\"><\/span><\/div><\/div><div class=\"msswb-panel-content\"><div class=\"msswb-display-internal-post-frontend-app-v2\" data-url-encoded-attrs=\"%7B%22displayInternalPost%22%3A%7B%22blog_id%22%3A9%2C%22ID%22%3A8231%7D%7D\" data-dip-id=\"pye5g\" ><\/div><\/div><\/div>\n\n\n\n<p>Det avholdes ogs\u00e5 regionalt sluttspill hver eneste sesong. Informasjon om det finnes <a rel=\"noreferrer noopener\" href=\"https:\/\/bandyforbundet.no\/midt-norge-bandyregion\/?page_id=889\" target=\"_blank\">her<\/a>.<\/p>\n","protected":false},"excerpt":{"rendered":"<p>ORDIN\u00c6RT SERIESPILL I Midt-Norge er det ordin\u00e6r seriespillaktivitet for ungdomslag og for seniorlag. Dette starter man med n\u00e5r man er 13 \u00e5r, og de ulike klassene er gjerne inndelt i forskjellige divisjoner &#8211; etter parametre som alder, niv\u00e5 og innebandyerfaring. V\u00e5rt m\u00e5l er \u00e5 ha et aktivitetstilbud i innebandy som fenger alle. Derfor har vi [&hellip;]<\/p>\n","protected":false},"author":12,"featured_media":0,"parent":876,"menu_order":0,"comment_status":"closed","ping_status":"closed","template":"","meta":{"cover_meta":"","footnotes":""},"class_list":["post-888","page","type-page","status-publish","hentry"],"_links":{"self":[{"href":"https:\/\/bandyforbundet.no\/midt-norge-bandyregion\/index.php?rest_route=\/wp\/v2\/pages\/888","targetHints":{"allow":["GET"]}}],"collection":[{"href":"https:\/\/bandyforbundet.no\/midt-norge-bandyregion\/index.php?rest_route=\/wp\/v2\/pages"}],"about":[{"href":"https:\/\/bandyforbundet.no\/midt-norge-bandyregion\/index.php?rest_route=\/wp\/v2\/types\/page"}],"author":[{"embeddable":true,"href":"https:\/\/bandyforbundet.no\/midt-norge-bandyregion\/index.php?rest_route=\/wp\/v2\/users\/12"}],"replies":[{"embeddable":true,"href":"https:\/\/bandyforbundet.no\/midt-norge-bandyregion\/index.php?rest_route=%2Fwp%2Fv2%2Fcomments&post=888"}],"version-history":[{"count":16,"href":"https:\/\/bandyforbundet.no\/midt-norge-bandyregion\/index.php?rest_route=\/wp\/v2\/pages\/888\/revisions"}],"predecessor-version":[{"id":8273,"href":"https:\/\/bandyforbundet.no\/midt-norge-bandyregion\/index.php?rest_route=\/wp\/v2\/pages\/888\/revisions\/8273"}],"up":[{"embeddable":true,"href":"https:\/\/bandyforbundet.no\/midt-norge-bandyregion\/index.php?rest_route=\/wp\/v2\/pages\/876"}],"wp:attachment":[{"href":"https:\/\/bandyforbundet.no\/midt-norge-bandyregion\/index.php?rest_route=%2Fwp%2Fv2%2Fmedia&parent=888"}],"curies":[{"name":"wp","href":"https:\/\/api.w.org\/{rel}","templated":true}]}}