{"id":892,"date":"2018-06-21T14:24:21","date_gmt":"2018-06-21T12:24:21","guid":{"rendered":"http:\/\/bandyforbundet.no\/midt-norge-bandyregion\/?page_id=892"},"modified":"2024-07-08T17:01:19","modified_gmt":"2024-07-08T17:01:19","slug":"super-innebandy-5","status":"publish","type":"page","link":"https:\/\/bandyforbundet.no\/midt-norge-bandyregion\/?page_id=892","title":{"rendered":"SUPER-INNEBANDY"},"content":{"rendered":"\n<div class=\"wp-block-msswb-spacer msswb-spacer-container\" style=\"height:27px\"><div class=\"line\" style=\"height:13px\"><\/div><div class=\"line-center-divider\"><\/div><\/div>\n\n\n\n<h1 class=\"wp-block-heading\">SUPER-INNEBANDY<\/h1>\n\n\n<div class=\"msswb-image-frontend-app\"data-href-target=\"false\" data-href=\"%22%22\" data-use-link=\"false\" data-screen-width=\"false\" data-alignment=\"%22full%22\" data-url=\"%22%5C%2Fwp-content%5C%2Fuploads%5C%2Fsites%5C%2F9%5C%2F2022%5C%2F04%5C%2FIMG_0593-scaled.jpg%22\" data-is-background-image=\"false\" data-border-radius=\"32\" data-image-width=\"2560\" data-image-height=\"1920\" data-selected-image=\"%7B%22image_id%22%3A4480%2C%22blog_id%22%3A9%2C%22term_id%22%3A-1%2C%22selected_size%22%3A%22full%22%7D\" data-image-aspect-ratio=\"0.75\" data-alt-text=\"%22%22\" data-caption=\"%22%22\" data-width=\"575\" data-height=\"431.25\" data-focal-point=\"\" data-show-light-box=\"false\" >\n<div class=\"msswb-image-block msswbfull\"><div class=\"msswb-image \"><div class=\"image-container fullwidth\" style=\"width:100%;height:100%\"><img decoding=\"async\" style=\"width:100%;border-radius:32px\" src=\"\/wp-content\/uploads\/sites\/9\/2022\/04\/IMG_0593-scaled.jpg\" \/><\/div><\/div><div class=\"msswb-image-caption-container\"><div class=\"msswb-image-caption\"><\/div><\/div><\/div>\n<\/div>\n\n\n<p>Alle skal f\u00e5 ut\u00f8ve idrett ut i fra sine \u00f8nsker og behov. I den grad det er mulig skal&nbsp;Norges Bandyforbund og v\u00e5re klubber arbeide for at det gis et tilrettelagt tilbud til funksjonshemmede i n\u00e6rmilj\u00f8et og i klubben.<\/p>\n\n\n\n<p>Super-innebandy er et tilrettelagt innebandytilbud for mennesker med spesielle behov. Det kan v\u00e6re personer som&nbsp;har en&nbsp;nedsatt kognitiv eller fysisk funksjon, men som fremdeles kan oppleve mestringsglede&nbsp;med k\u00f8lle og ball.<\/p>\n\n\n\n<div class=\"wp-block-columns\">\n<div class=\"wp-block-column\" style=\"flex-basis:66.66%\">\n<p>Innebandy har en s\u00e6regen lav terskel for deltakelse, og krever ingen fysiske tekniske eller taktiske ferdigheter for at spillet skal fungere og man opplever mestring. Innebandy treffer sv\u00e6rt godt blant barn som i utgangspunktet ikke interesserer fysisk aktivitet. Innebandy er en enkel idrett \u00e5 organisere med stor overf\u00f8ringsverdi til andre ballspill. I Sverige&nbsp;finnes det&nbsp;n\u00e6rmere 70 lag med tilrettelagt innebandy. Vi tror det er et stort potensial ogs\u00e5 i Norge og har allerede f\u00e5tt en del milj\u00f8er. I Midt-Norge er det <a href=\"https:\/\/www.facebook.com\/nyborgil\/\">Nyborg IL<\/a> i Trondheim som har v\u00e6rt f\u00f8rst ute og etablert tilbudet. I sesongen 2021\/22 ble Stj\u00f8rdal Paraidrettslag og Kl\u00e6bu Funkis med i NBF familien for super lag, og har allerede f\u00e5tt noen bes\u00f8k fra oss i regionen, og Kl\u00e6bu Funkis har deltatt p\u00e5 minirunde denne sesongen. Fra og med sesongen 2022\/23 kommer vi til \u00e5 arrangere flere cuper for SUPER-innebandylag. Vi jobber med \u00e5 vise frem super innebandy til enda flere klubber i Trondheim og omegn i tiden fremover.<\/p>\n\n\n\n<p>For ytterligere informasjon kan man se NBF sine sider om <a href=\"https:\/\/bandyforbundet.no\/idrett-for-alle\/?page_id=335\">idrett for alle<\/a>.<\/p>\n<\/div>\n\n\n\n<div class=\"wp-block-column\" style=\"flex-basis:80%\">\n<div class=\"wp-block-msswb-panel msswb-panel-container\"><div class=\"mwwsb-panel-header\"><div class=\"mwwsb-panel-title\">Klubber i Midt-Norge<\/div><div class=\"mwwsb-panel-icon\"><span class=\"dashicon dashicons dashicons-arrow-down-alt2\"><\/span><\/div><\/div><div class=\"msswb-panel-content\">\n<p class=\"has-small-font-size\">Vi har flere milj\u00f8er med tilbud i SUPER-innebandy i Midt-Norge. Og dersom du\/dere \u00f8nsker \u00e5 starte dette tilbudet i deres klubb er det bare \u00e5 ta <a rel=\"noreferrer noopener\" href=\"https:\/\/bandyforbundet.no\/midt-norge-bandyregion\/?page_id=950\" target=\"_blank\">kontakt med oss<\/a>.<br><br><strong>Eksisterende klubber:<\/strong><\/p>\n\n\n\n<figure class=\"wp-block-table is-style-stripes\"><table class=\"has-fixed-layout\"><thead><tr><th>Klubb<\/th><th class=\"has-text-align-left\" data-align=\"left\">Kommune<\/th><th>Kontaktinfo<\/th><\/tr><\/thead><tbody><tr><td>Kl\u00e6bu IL<\/td><td class=\"has-text-align-left\" data-align=\"left\">Trondheim<\/td><td>renate@svinning.com<\/td><\/tr><tr><td>Sj\u00f8rdal Paraidrettslag<\/td><td class=\"has-text-align-left\" data-align=\"left\">Stj\u00f8rdal<\/td><td>kirstenkarls@hotmail.com<\/td><\/tr><tr><td>Nyborg IL<\/td><td class=\"has-text-align-left\" data-align=\"left\">Trondheim<\/td><td>terje@nyborgil.no<\/td><\/tr><tr><td>Selbu IBK avd. Peder Morset FHS<\/td><td class=\"has-text-align-left\" data-align=\"left\">Selbu<\/td><td><\/td><\/tr><tr><td><\/td><td class=\"has-text-align-left\" data-align=\"left\"><\/td><td><\/td><\/tr><\/tbody><\/table><figcaption class=\"wp-element-caption\"><em>Listen oppdateres fortl\u00f8pende.<\/em><\/figcaption><\/figure>\n<\/div><\/div>\n\n\n\n<div class=\"wp-block-msswb-panel msswb-panel-container\"><div class=\"mwwsb-panel-header\"><div class=\"mwwsb-panel-title\">Turneringer i 2024\/25<\/div><div class=\"mwwsb-panel-icon\"><span class=\"dashicon dashicons dashicons-arrow-down-alt2\"><\/span><\/div><\/div><div class=\"msswb-panel-content\">\n<p class=\"has-small-font-size\">Det arrangeres flere ganger i sesongen regionale cuper for SUPER-innebandylag. I l\u00f8pet av h\u00f8sten vil vi komme med datoer for denne sesongens cuper.<\/p>\n\n\n\n<figure class=\"wp-block-table is-style-stripes\"><table><thead><tr><th>Dato<\/th><th>Hvor<\/th><th>P\u00e5meldingsfrist<\/th><\/tr><\/thead><tbody><tr><td>1. feb<\/td><td>Ranheim aktivitetshall<\/td><td>Info kommer&#8230;<\/td><\/tr><tr><td><\/td><td><\/td><td><\/td><\/tr><tr><td><\/td><td><\/td><td><\/td><\/tr><\/tbody><\/table><figcaption class=\"wp-element-caption\"><em>Flere datoer og mer info kommer til h\u00f8sten&#8230;<\/em><\/figcaption><\/figure>\n<\/div><\/div>\n<\/div>\n<\/div>\n","protected":false},"excerpt":{"rendered":"<p>SUPER-INNEBANDY Alle skal f\u00e5 ut\u00f8ve idrett ut i fra sine \u00f8nsker og behov. I den grad det er mulig skal&nbsp;Norges Bandyforbund og v\u00e5re klubber arbeide for at det gis et tilrettelagt tilbud til funksjonshemmede i n\u00e6rmilj\u00f8et og i klubben. Super-innebandy er et tilrettelagt innebandytilbud for mennesker med spesielle behov. Det kan v\u00e6re personer som&nbsp;har en&nbsp;nedsatt [&hellip;]<\/p>\n","protected":false},"author":12,"featured_media":0,"parent":876,"menu_order":0,"comment_status":"closed","ping_status":"closed","template":"","meta":{"cover_meta":"","footnotes":""},"class_list":["post-892","page","type-page","status-publish","hentry"],"_links":{"self":[{"href":"https:\/\/bandyforbundet.no\/midt-norge-bandyregion\/index.php?rest_route=\/wp\/v2\/pages\/892","targetHints":{"allow":["GET"]}}],"collection":[{"href":"https:\/\/bandyforbundet.no\/midt-norge-bandyregion\/index.php?rest_route=\/wp\/v2\/pages"}],"about":[{"href":"https:\/\/bandyforbundet.no\/midt-norge-bandyregion\/index.php?rest_route=\/wp\/v2\/types\/page"}],"author":[{"embeddable":true,"href":"https:\/\/bandyforbundet.no\/midt-norge-bandyregion\/index.php?rest_route=\/wp\/v2\/users\/12"}],"replies":[{"embeddable":true,"href":"https:\/\/bandyforbundet.no\/midt-norge-bandyregion\/index.php?rest_route=%2Fwp%2Fv2%2Fcomments&post=892"}],"version-history":[{"count":40,"href":"https:\/\/bandyforbundet.no\/midt-norge-bandyregion\/index.php?rest_route=\/wp\/v2\/pages\/892\/revisions"}],"predecessor-version":[{"id":7537,"href":"https:\/\/bandyforbundet.no\/midt-norge-bandyregion\/index.php?rest_route=\/wp\/v2\/pages\/892\/revisions\/7537"}],"up":[{"embeddable":true,"href":"https:\/\/bandyforbundet.no\/midt-norge-bandyregion\/index.php?rest_route=\/wp\/v2\/pages\/876"}],"wp:attachment":[{"href":"https:\/\/bandyforbundet.no\/midt-norge-bandyregion\/index.php?rest_route=%2Fwp%2Fv2%2Fmedia&parent=892"}],"curies":[{"name":"wp","href":"https:\/\/api.w.org\/{rel}","templated":true}]}}