{"id":893,"date":"2017-11-28T15:21:05","date_gmt":"2017-11-28T14:21:05","guid":{"rendered":"http:\/\/bandyforbundet.no\/midt-norge-bandyregion\/?page_id=893"},"modified":"2025-10-08T11:12:55","modified_gmt":"2025-10-08T11:12:55","slug":"tronderserien","status":"publish","type":"page","link":"https:\/\/bandyforbundet.no\/midt-norge-bandyregion\/?page_id=893","title":{"rendered":"Tr\u00f8nderserien"},"content":{"rendered":"\n<div class=\"wp-block-msswb-spacer msswb-spacer-container\" style=\"height:27px\"><div class=\"line\" style=\"height:13px\"><\/div><div class=\"line-center-divider\"><\/div><\/div>\n\n\n<div class=\"msswb-image-frontend-app\"data-href-target=\"false\" data-href=\"%22%22\" data-use-link=\"false\" data-screen-width=\"false\" data-alignment=\"%22right%22\" data-url=\"%22%5C%2Fwp-content%5C%2Fuploads%5C%2Fsites%5C%2F9%5C%2F2017%5C%2F11%5C%2Fmnbr_aktivitet_tr%5Cu00f8nder_1-e1529489598902.png%22\" data-is-background-image=\"false\" data-border-radius=\"0\" data-image-width=\"1417\" data-image-height=\"1772\" data-selected-image=\"%7B%22image_id%22%3A870%2C%22blog_id%22%3A9%2C%22term_id%22%3A-1%2C%22selected_size%22%3A%22full%22%7D\" data-image-aspect-ratio=\"1.25\" data-alt-text=\"%22Foto%20av%3A%20Midt-Norge%20Bandyregion%22\" data-caption=\"%22%22\" data-width=\"134\" data-height=\"167\" data-focal-point=\"\" data-show-light-box=\"false\" >\n<div class=\"msswb-image-block msswbright\" style=\"width:134px\"><div class=\"msswb-image \"><div class=\"image-container\" style=\"width:134px;height:167px\"><img decoding=\"async\" style=\"width:134px;height:167px\" src=\"\/wp-content\/uploads\/sites\/9\/2017\/11\/mnbr_aktivitet_tr\u00f8nder_1-e1529489598902.png\" \/><\/div><\/div><div class=\"msswb-image-caption-container\"><div class=\"msswb-image-caption\"><\/div><div class=\"msswb-image-attribution\">Foto av: Midt-Norge Bandyregion<\/div><\/div><\/div>\n<\/div>\n\n\n<h1 class=\"wp-block-heading\">TR\u00d8NDERSERIEN<\/h1>\n\n\n\n<p class=\"has-drop-cap has-text-align-left\">Etterhvert som L\u00f8kkebandyen vokste dukket det stadig opp flere damelag som \u00f8nsket en egen dameserie i L\u00f8kkebandykonseptet. Og slik ble Tr\u00f8nderserien til. Ved \u00e5 etablere aktivitetstilbudet satte man seg m\u00e5l om \u00e5 aktivisere nye damespillere som av ulike \u00e5rsaker ikke finner det ordin\u00e6re seriespillet attraktivt. I motsetning til L\u00f8kkebandyen, s\u00e5 tillater vi lagene i Tr\u00f8nderserien \u00e5 benytte et lite antall spillere fra det ordin\u00e6re seriespillet. Dette etter \u00f8nske fra lagene selv.&nbsp;I sesongen 2017\/18 deltok&nbsp;8 lag i denne serien. Kampene spilles p\u00e5 kveldstid og f\u00f8lger samme struktur som L\u00f8kkebandyen. Niv\u00e5et er lavere og kravene er f\u00e6rre i Tr\u00f8nderserien enn hva som er tilfelle i det ordin\u00e6re seriespillet. Vi tilbyr ogs\u00e5 et sluttspill mot slutten av sesongen dersom lagene \u00f8nsker det.<br><\/p>\n\n\n\n<div class=\"msswb-file\"><a href=\"https:\/\/bandyforbundet.no\/midt-norge-bandyregion\/wp-content\/uploads\/sites\/9\/2025\/05\/Invitasjon-Tronderserien-2025_26.pdf\" class=\"file-button\" download><span class=\"dashicon dashicons dashicons-download\"><\/span><\/a><a class=\"file-link\" href=\"https:\/\/bandyforbundet.no\/midt-norge-bandyregion\/wp-content\/uploads\/sites\/9\/2025\/05\/Invitasjon-Tronderserien-2025_26.pdf\">Invitasjon, Tr\u00f8nderserien 2025\/26<\/a><\/div>\n\n\n\n<div class=\"wp-block-msswb-spacer msswb-spacer-container show-line\" style=\"height:43px\"><div class=\"line\" style=\"border-bottom-width:2px;border-bottom-color:#444444;height:21px\"><\/div><div class=\"line-center-divider\"><\/div><\/div>\n\n\n\n<div class=\"wp-block-msswb-panel msswb-panel-container\"><div class=\"mwwsb-panel-header\"><div class=\"mwwsb-panel-title\">Spillereglement, innebandy<\/div><div class=\"mwwsb-panel-icon\"><span class=\"dashicon dashicons dashicons-arrow-down-alt2\"><\/span><\/div><\/div><div class=\"msswb-panel-content\"><div class=\"msswb-display-internal-post-frontend-app-v2\" data-url-encoded-attrs=\"%7B%22displayInternalPost%22%3A%7B%22blog_id%22%3A3%2C%22ID%22%3A5351%7D%7D\" data-dip-id=\"\" ><\/div><\/div><\/div>\n\n\n\n<div class=\"wp-block-msswb-spacer msswb-spacer-container show-line\" style=\"height:27px\"><div class=\"line\" style=\"border-bottom-width:2px;border-bottom-color:#444444;height:13px\"><\/div><div class=\"line-center-divider\"><\/div><\/div>\n\n\n\n<p>I \u00e5rets sesong (2025\/2026) var det dessverre ikke nok p\u00e5meldte lag til Tr\u00f8nderserien. Vi h\u00e5per p\u00e5 flere p\u00e5meldte lag til neste sesong! <\/p>\n","protected":false},"excerpt":{"rendered":"<p>TR\u00d8NDERSERIEN Etterhvert som L\u00f8kkebandyen vokste dukket det stadig opp flere damelag som \u00f8nsket en egen dameserie i L\u00f8kkebandykonseptet. Og slik ble Tr\u00f8nderserien til. Ved \u00e5 etablere aktivitetstilbudet satte man seg m\u00e5l om \u00e5 aktivisere nye damespillere som av ulike \u00e5rsaker ikke finner det ordin\u00e6re seriespillet attraktivt. I motsetning til L\u00f8kkebandyen, s\u00e5 tillater vi lagene i [&hellip;]<\/p>\n","protected":false},"author":33,"featured_media":0,"parent":876,"menu_order":0,"comment_status":"closed","ping_status":"closed","template":"","meta":{"cover_meta":"","footnotes":""},"class_list":["post-893","page","type-page","status-publish","hentry"],"_links":{"self":[{"href":"https:\/\/bandyforbundet.no\/midt-norge-bandyregion\/index.php?rest_route=\/wp\/v2\/pages\/893","targetHints":{"allow":["GET"]}}],"collection":[{"href":"https:\/\/bandyforbundet.no\/midt-norge-bandyregion\/index.php?rest_route=\/wp\/v2\/pages"}],"about":[{"href":"https:\/\/bandyforbundet.no\/midt-norge-bandyregion\/index.php?rest_route=\/wp\/v2\/types\/page"}],"author":[{"embeddable":true,"href":"https:\/\/bandyforbundet.no\/midt-norge-bandyregion\/index.php?rest_route=\/wp\/v2\/users\/33"}],"replies":[{"embeddable":true,"href":"https:\/\/bandyforbundet.no\/midt-norge-bandyregion\/index.php?rest_route=%2Fwp%2Fv2%2Fcomments&post=893"}],"version-history":[{"count":66,"href":"https:\/\/bandyforbundet.no\/midt-norge-bandyregion\/index.php?rest_route=\/wp\/v2\/pages\/893\/revisions"}],"predecessor-version":[{"id":8627,"href":"https:\/\/bandyforbundet.no\/midt-norge-bandyregion\/index.php?rest_route=\/wp\/v2\/pages\/893\/revisions\/8627"}],"up":[{"embeddable":true,"href":"https:\/\/bandyforbundet.no\/midt-norge-bandyregion\/index.php?rest_route=\/wp\/v2\/pages\/876"}],"wp:attachment":[{"href":"https:\/\/bandyforbundet.no\/midt-norge-bandyregion\/index.php?rest_route=%2Fwp%2Fv2%2Fmedia&parent=893"}],"curies":[{"name":"wp","href":"https:\/\/api.w.org\/{rel}","templated":true}]}}