{"id":895,"date":"2017-11-28T15:18:46","date_gmt":"2017-11-28T14:18:46","guid":{"rendered":"http:\/\/bandyforbundet.no\/midt-norge-bandyregion\/?page_id=895"},"modified":"2025-11-17T13:31:03","modified_gmt":"2025-11-17T13:31:03","slug":"weekend-league","status":"publish","type":"page","link":"https:\/\/bandyforbundet.no\/midt-norge-bandyregion\/?page_id=895","title":{"rendered":"Weekend League"},"content":{"rendered":"\n<div class=\"wp-block-msswb-spacer msswb-spacer-container\" style=\"height:27px\"><div class=\"line\" style=\"height:13px\"><\/div><div class=\"line-center-divider\"><\/div><\/div>\n\n\n\n<h1 class=\"wp-block-heading\">WEEKEND LEAGUE<\/h1>\n\n\n\n<div class=\"wp-block-msswb-spacer msswb-spacer-container\" style=\"height:32px\"><div class=\"line\" style=\"height:16px\"><\/div><div class=\"line-center-divider\"><\/div><\/div>\n\n\n<div class=\"msswb-image-frontend-app\"data-href-target=\"false\" data-href=\"%22%22\" data-use-link=\"false\" data-screen-width=\"false\" data-alignment=\"%22right%22\" data-url=\"%22%5C%2Fwp-content%5C%2Fuploads%5C%2Fsites%5C%2F9%5C%2F2018%5C%2F06%5C%2FWl-1-scaled.jpg%22\" data-is-background-image=\"false\" data-border-radius=\"10\" data-image-width=\"2560\" data-image-height=\"1280\" data-selected-image=\"%7B%22image_id%22%3A813%2C%22blog_id%22%3A9%2C%22term_id%22%3A-1%2C%22selected_size%22%3A%22full%22%7D\" data-image-aspect-ratio=\"0.5\" data-alt-text=\"%22Foto%20av%3A%20MNBR%22\" data-caption=\"%22%22\" data-width=\"491\" data-height=\"245\" data-focal-point=\"\" data-show-light-box=\"false\" >\n<div class=\"msswb-image-block msswbright\" style=\"width:491px\"><div class=\"msswb-image \"><div class=\"image-container\" style=\"width:491px;height:245px\"><img decoding=\"async\" style=\"width:491px;height:245px;border-radius:10px\" src=\"\/wp-content\/uploads\/sites\/9\/2018\/06\/Wl-1-scaled.jpg\" \/><\/div><\/div><div class=\"msswb-image-caption-container\"><div class=\"msswb-image-caption\"><\/div><div class=\"msswb-image-attribution\">Foto av: MNBR<\/div><\/div><\/div>\n<\/div>\n\n\n<p>Til sesongen 2025\/26 er Weekend League er konkurransetilbudet for barn f\u00f8dt i 2013 og 2014. For spillerne f\u00f8dt i 2014 er fremdeles <a rel=\"noreferrer noopener\" href=\"https:\/\/bandyforbundet.no\/midt-norge-bandyregion\/?page_id=886\" target=\"_blank\">minirunder<\/a> det prim\u00e6re aktivitetstilbudet, men det er ogs\u00e5 mulighet \u00e5 f\u00e5 pr\u00f8ve seg p\u00e5 noe st\u00f8rre bane i Weekend League. <br><br>Banest\u00f8rrelsen er \u00f8kt en del sammenlignet med minirunder<em>,<\/em> og i selve kampen det er ogs\u00e5 kommet til 2 utdannede dommere. Fortsatt spilles det rundevis. Det betyr en kampdag i m\u00e5neden hvor man spiller flere kortere kamper samme dag. Man melder seg p\u00e5 en uke i forkant av turneringsdagen og bestemmer selv hvor mange runder man vil v\u00e6re med p\u00e5 i l\u00f8pet av en sesong. Da har man 7 andre helgedager i m\u00e5neden man kan bruke til andre idretter, g\u00e5 i skogen og dra p\u00e5 hytta. Vi f\u00f8rer ikke kampresultater eller tabell. Vi gj\u00f8r oppmerksom p\u00e5 at det kan bli noen endringer i b\u00e5de tid og sted for rundene i l\u00f8pet av h\u00f8sten, men dette vil i s\u00e5 fall bli fortl\u00f8pende oppdatert her. Vi sender ogs\u00e5 ut invitasjon til klubbene i forkant av rundene.<\/p>\n\n\n\n<div class=\"wp-block-msswb-panel msswb-panel-container\"><div class=\"mwwsb-panel-header\"><div class=\"mwwsb-panel-title\">Lisens<\/div><div class=\"mwwsb-panel-icon\"><span class=\"dashicon dashicons dashicons-arrow-down-alt2\"><\/span><\/div><\/div><div class=\"msswb-panel-content\">\n<p>Spillere som deltar i Weekend League skal l\u00f8se spillerlisens. <\/p>\n\n\n\n<p>Spillere f. 2013 l\u00f8ser lisenstypen &laquo;Turneringslisens&raquo;. 265-.<br>Spillere f. 2014 l\u00f8ser lisenstypen &laquo;Barn&raquo;. 55,-<\/p>\n\n\n\n<p>Spillere f. 2013 som ogs\u00e5 deltar i ordin\u00e6rt seriespill er spilleberettiget i Weekend League gjennom \u00e5 l\u00f8se lisenstypen &laquo;Ungdom 2013-2006&raquo;.<\/p>\n<\/div><\/div>\n\n\n\n<div class=\"wp-block-msswb-spacer msswb-spacer-container show-line\" style=\"height:26px\"><div class=\"line\" style=\"border-bottom-width:2px;border-bottom-color:#444444;height:13px\"><\/div><div class=\"line-center-divider\"><\/div><\/div>\n\n\n\n<div class=\"wp-block-columns\">\n<div class=\"wp-block-column is-vertically-aligned-top\">\n<h4 class=\"wp-block-heading has-text-align-center\">Div. informasjon<\/h4>\n\n\n\n<div class=\"msswb-file\"><a href=\"https:\/\/bandyforbundet.no\/midt-norge-bandyregion\/wp-content\/uploads\/sites\/9\/2025\/06\/Informasjonsskriv-WL-2025_26.pdf\" class=\"file-button\" download><span class=\"dashicon dashicons dashicons-download\"><\/span><\/a><a class=\"file-link\" href=\"https:\/\/bandyforbundet.no\/midt-norge-bandyregion\/wp-content\/uploads\/sites\/9\/2025\/06\/Informasjonsskriv-WL-2025_26.pdf\">Informasjonsskriv WL 2025_26<\/a><\/div>\n\n\n\n<div class=\"msswb-file\"><a href=\"https:\/\/bandyforbundet.no\/midt-norge-bandyregion\/wp-content\/uploads\/sites\/9\/2022\/06\/Veileder-oppsett-og-merking-av-bane.pdf\" class=\"file-button\" download><span class=\"dashicon dashicons dashicons-download\"><\/span><\/a><a class=\"file-link\" href=\"https:\/\/bandyforbundet.no\/midt-norge-bandyregion\/wp-content\/uploads\/sites\/9\/2022\/06\/Veileder-oppsett-og-merking-av-bane.pdf\">Veileder oppsett og merking av bane<\/a><\/div>\n\n\n\n<div class=\"wp-block-msswb-spacer msswb-spacer-container\" style=\"height:45px\"><div class=\"line\" style=\"height:22px\"><\/div><div class=\"line-center-divider\"><\/div><\/div>\n\n\n\n<div class=\"wp-block-msswb-panel msswb-panel-container\"><div class=\"mwwsb-panel-header\"><div class=\"mwwsb-panel-title\">P\u00e5meldingsinformasjon<\/div><div class=\"mwwsb-panel-icon\"><span class=\"dashicon dashicons dashicons-arrow-down-alt2\"><\/span><\/div><\/div><div class=\"msswb-panel-content\">\n<p>Vi \u00e5pner for p\u00e5melding tre uker i forkant av hver runde, og p\u00e5meldingsfristen er en uke i forkant av hver runde. Det legges ut link til p\u00e5melding i god tid. <\/p>\n<\/div><\/div>\n<\/div>\n\n\n\n<div class=\"wp-block-column is-vertically-aligned-center\">\n<h4 class=\"wp-block-heading has-text-align-center\">Weekend League-runder 2025\/26<\/h4>\n\n\n\n<figure class=\"wp-block-table is-style-stripes\"><table><thead><tr><th>Dato<\/th><th>Sted<\/th><th>Arrang\u00f8r<\/th><th>P\u00e5melding<\/th><\/tr><\/thead><tbody><tr><td>1. november<\/td><td>\u00c5sveihallen<\/td><td>Nyborg IL<\/td><td><\/td><\/tr><tr><td>22. november<\/td><td>Trygg\/Lade-hallen<\/td><td><\/td><td><\/td><\/tr><tr><td>14. desember<\/td><td>\u00c5sveihallen<\/td><td>Nyborg IL<\/td><td><a href=\"https:\/\/forms.office.com\/e\/jyz0ujmnpz\">Link<\/a><\/td><\/tr><tr><td>10. januar<\/td><td>TOBB-hallen<\/td><td><\/td><td><a href=\"https:\/\/forms.office.com\/e\/sfYQK7HhsL\">Link<\/a><\/td><\/tr><tr><td>28. februar<\/td><td>Gimshallen, Melhus<\/td><td>Melhus IL<\/td><td><a href=\"https:\/\/forms.office.com\/e\/QKwNixWj1M\">Link<\/a><\/td><\/tr><tr><td>21. mars<\/td><td>Trygg\/Lade-hallen<\/td><td><\/td><td><a href=\"https:\/\/forms.office.com\/e\/XXjPhn4afu\">Link<\/a><\/td><\/tr><tr><td>April<\/td><td>Arrangeres ved ettersp\u00f8rsel<\/td><td><\/td><td><\/td><\/tr><\/tbody><\/table><figcaption class=\"wp-element-caption\">*<em>Endringer kan forekomme<\/em><\/figcaption><\/figure>\n<\/div>\n<\/div>\n\n\n\n<p class=\"has-white-normal-color has-black-normal-background-color has-text-color has-background\">Kampoppsett til hver enkelt runde vil legges ut <a href=\"https:\/\/bandyforbundet.no\/midt-norge-bandyregion\/?page_id=896\" target=\"_blank\" rel=\"noreferrer noopener\">her<\/a>.<\/p>\n\n\n\n<div class=\"wp-block-msswb-spacer msswb-spacer-container show-line\" style=\"height:12px\"><div class=\"line\" style=\"height:6px\"><\/div><div class=\"line-center-divider\"><\/div><\/div>\n","protected":false},"excerpt":{"rendered":"<p>WEEKEND LEAGUE Til sesongen 2025\/26 er Weekend League er konkurransetilbudet for barn f\u00f8dt i 2013 og 2014. For spillerne f\u00f8dt i 2014 er fremdeles minirunder det prim\u00e6re aktivitetstilbudet, men det er ogs\u00e5 mulighet \u00e5 f\u00e5 pr\u00f8ve seg p\u00e5 noe st\u00f8rre bane i Weekend League. Banest\u00f8rrelsen er \u00f8kt en del sammenlignet med minirunder, og i selve [&hellip;]<\/p>\n","protected":false},"author":12,"featured_media":0,"parent":876,"menu_order":0,"comment_status":"closed","ping_status":"closed","template":"templates\/template-cover.php","meta":{"cover_meta":"{\"showBackgroundImage\":true,\"bgImage\":{\"image_id\":638,\"blog_id\":9,\"term_id\":-1,\"selected_size\":\"full\"},\"showOverlay\":true,\"overlayColor\":\"#000000\",\"overlayOpacity\":0.7,\"showIntro\":true,\"introColor\":\"white\",\"intro\":\"Innebandy etter minirundene\",\"title\":\"WEEKEND LEAGUE\",\"titleColor\":\"white\",\"showOutro\":true,\"outroColor\":\"white\",\"outro\":\"Innebandy p\u00e5 litt st\u00f8rre bane\"}","footnotes":""},"class_list":["post-895","page","type-page","status-publish","hentry"],"_links":{"self":[{"href":"https:\/\/bandyforbundet.no\/midt-norge-bandyregion\/index.php?rest_route=\/wp\/v2\/pages\/895","targetHints":{"allow":["GET"]}}],"collection":[{"href":"https:\/\/bandyforbundet.no\/midt-norge-bandyregion\/index.php?rest_route=\/wp\/v2\/pages"}],"about":[{"href":"https:\/\/bandyforbundet.no\/midt-norge-bandyregion\/index.php?rest_route=\/wp\/v2\/types\/page"}],"author":[{"embeddable":true,"href":"https:\/\/bandyforbundet.no\/midt-norge-bandyregion\/index.php?rest_route=\/wp\/v2\/users\/12"}],"replies":[{"embeddable":true,"href":"https:\/\/bandyforbundet.no\/midt-norge-bandyregion\/index.php?rest_route=%2Fwp%2Fv2%2Fcomments&post=895"}],"version-history":[{"count":81,"href":"https:\/\/bandyforbundet.no\/midt-norge-bandyregion\/index.php?rest_route=\/wp\/v2\/pages\/895\/revisions"}],"predecessor-version":[{"id":8712,"href":"https:\/\/bandyforbundet.no\/midt-norge-bandyregion\/index.php?rest_route=\/wp\/v2\/pages\/895\/revisions\/8712"}],"up":[{"embeddable":true,"href":"https:\/\/bandyforbundet.no\/midt-norge-bandyregion\/index.php?rest_route=\/wp\/v2\/pages\/876"}],"wp:attachment":[{"href":"https:\/\/bandyforbundet.no\/midt-norge-bandyregion\/index.php?rest_route=%2Fwp%2Fv2%2Fmedia&parent=895"}],"curies":[{"name":"wp","href":"https:\/\/api.w.org\/{rel}","templated":true}]}}