{"id":896,"date":"2018-08-08T15:45:31","date_gmt":"2018-08-08T13:45:31","guid":{"rendered":"http:\/\/bandyforbundet.no\/midt-norge-bandyregion\/?page_id=896"},"modified":"2026-03-16T08:41:24","modified_gmt":"2026-03-16T08:41:24","slug":"kampoppsett-2","status":"publish","type":"page","link":"https:\/\/bandyforbundet.no\/midt-norge-bandyregion\/?page_id=896","title":{"rendered":"Kampoppsett WL"},"content":{"rendered":"\n<div class=\"wp-block-msswb-spacer msswb-spacer-container\" style=\"height:27px\"><div class=\"line\" style=\"height:13px\"><\/div><div class=\"line-center-divider\"><\/div><\/div>\n\n\n<div class=\"msswb-image-frontend-app\"data-href-target=\"false\" data-href=\"%22%22\" data-use-link=\"false\" data-screen-width=\"false\" data-alignment=\"%22right%22\" data-url=\"%22%5C%2Fwp-content%5C%2Fuploads%5C%2Fsites%5C%2F9%5C%2F2018%5C%2F04%5C%2F20180304_131316-scaled.jpg%22\" data-is-background-image=\"false\" data-border-radius=\"15\" data-image-width=\"2560\" data-image-height=\"1440\" data-selected-image=\"%7B%22image_id%22%3A838%2C%22blog_id%22%3A9%2C%22term_id%22%3A102%2C%22selected_size%22%3A%22full%22%7D\" data-image-aspect-ratio=\"0.56\" data-alt-text=\"%22Foto%20av%3A%20Martin%20Denstedt%22\" data-caption=\"%22%22\" data-width=\"335\" data-height=\"187\" data-focal-point=\"\" data-show-light-box=\"false\" >\n<div class=\"msswb-image-block msswbright\" style=\"width:335px\"><div class=\"msswb-image \"><div class=\"image-container\" style=\"width:335px;height:187px\"><img decoding=\"async\" style=\"width:335px;height:187px;border-radius:15px\" src=\"\/wp-content\/uploads\/sites\/9\/2018\/04\/20180304_131316-scaled.jpg\" \/><\/div><\/div><div class=\"msswb-image-caption-container\"><div class=\"msswb-image-caption\"><\/div><div class=\"msswb-image-attribution\">Foto av: Martin Denstedt<\/div><\/div><\/div>\n<\/div>\n\n\n<h1 class=\"wp-block-heading\">KAMPOPPSETT WEEKEND LEAGUE<\/h1>\n\n\n\n<p>Her vil kampoppsettene for kommende sesongs runder legges ut. <br>For feil\/sp\u00f8rsm\u00e5l etc. kontakt <a href=\"johanneshoon.lovas@nif.idrett.no\">Johannes Hoon L\u00f8v\u00e5s<\/a>.<\/p>\n\n\n\n<div class=\"wp-block-msswb-spacer msswb-spacer-container\" style=\"height:97px\"><div class=\"line\" style=\"height:48px\"><\/div><div class=\"line-center-divider\"><\/div><\/div>\n\n\n\n<div class=\"wp-block-msswb-panel msswb-panel-container\"><div class=\"mwwsb-panel-header\"><div class=\"mwwsb-panel-title\">Kampoppsett WL 2025\/26<\/div><div class=\"mwwsb-panel-icon\"><span class=\"dashicon dashicons dashicons-arrow-down-alt2\"><\/span><\/div><\/div><div class=\"msswb-panel-content\">\n<div class=\"msswb-file\"><a href=\"https:\/\/bandyforbundet.no\/midt-norge-bandyregion\/wp-content\/uploads\/sites\/9\/2026\/03\/Dommer-og-kampoppsett-Weekend-League-21.03.2026.pdf\" class=\"file-button\" download><span class=\"dashicon dashicons dashicons-download\"><\/span><\/a><a class=\"file-link\" href=\"https:\/\/bandyforbundet.no\/midt-norge-bandyregion\/wp-content\/uploads\/sites\/9\/2026\/03\/Dommer-og-kampoppsett-Weekend-League-21.03.2026.pdf\">Dommer og kampoppsett Weekend League 21.03.2026<\/a><\/div>\n\n\n\n<div class=\"msswb-file\"><a href=\"https:\/\/bandyforbundet.no\/midt-norge-bandyregion\/wp-content\/uploads\/sites\/9\/2026\/02\/Dommer-og-kampoppsett-Weekend-League-28.02.2026.pdf\" class=\"file-button\" download><span class=\"dashicon dashicons dashicons-download\"><\/span><\/a><a class=\"file-link\" href=\"https:\/\/bandyforbundet.no\/midt-norge-bandyregion\/wp-content\/uploads\/sites\/9\/2026\/02\/Dommer-og-kampoppsett-Weekend-League-28.02.2026.pdf\">Dommer og kampoppsett Weekend League 28.02.2026<\/a><\/div>\n\n\n\n<div class=\"msswb-file\"><a href=\"https:\/\/bandyforbundet.no\/midt-norge-bandyregion\/wp-content\/uploads\/sites\/9\/2026\/01\/Dommer-og-kampoppsett-Weekend-League-10.01.2026.pdf\" class=\"file-button\" download><span class=\"dashicon dashicons dashicons-download\"><\/span><\/a><a class=\"file-link\" href=\"https:\/\/bandyforbundet.no\/midt-norge-bandyregion\/wp-content\/uploads\/sites\/9\/2026\/01\/Dommer-og-kampoppsett-Weekend-League-10.01.2026.pdf\">Dommer og kampoppsett Weekend League 10.01.26<\/a><\/div>\n\n\n\n<div class=\"msswb-file\"><a href=\"https:\/\/bandyforbundet.no\/midt-norge-bandyregion\/wp-content\/uploads\/sites\/9\/2025\/12\/Dommer-og-kampoppsett-Weekend-League-14.12.25.pdf\" class=\"file-button\" download><span class=\"dashicon dashicons dashicons-download\"><\/span><\/a><a class=\"file-link\" href=\"https:\/\/bandyforbundet.no\/midt-norge-bandyregion\/wp-content\/uploads\/sites\/9\/2025\/12\/Dommer-og-kampoppsett-Weekend-League-14.12.25.pdf\">Dommer og kampoppsett Weekend League 14.12.25<\/a><\/div>\n\n\n\n<div class=\"msswb-file\"><a href=\"https:\/\/bandyforbundet.no\/midt-norge-bandyregion\/wp-content\/uploads\/sites\/9\/2025\/11\/Dommer-og-kampoppsett-Weekend-League-22.11.25-.pdf\" class=\"file-button\" download><span class=\"dashicon dashicons dashicons-download\"><\/span><\/a><a class=\"file-link\" href=\"https:\/\/bandyforbundet.no\/midt-norge-bandyregion\/wp-content\/uploads\/sites\/9\/2025\/11\/Dommer-og-kampoppsett-Weekend-League-22.11.25-.pdf\">Dommer og kampoppsett Weekend League 22.11.25 &#8211; Trygg\/Lade Hallen<\/a><\/div>\n\n\n\n<div class=\"msswb-file\"><a href=\"https:\/\/bandyforbundet.no\/midt-norge-bandyregion\/wp-content\/uploads\/sites\/9\/2025\/10\/Dommer-og-kampoppsett-Weekend-League-01.11.25-utsendt.pdf\" class=\"file-button\" download><span class=\"dashicon dashicons dashicons-download\"><\/span><\/a><a class=\"file-link\" href=\"https:\/\/bandyforbundet.no\/midt-norge-bandyregion\/wp-content\/uploads\/sites\/9\/2025\/10\/Dommer-og-kampoppsett-Weekend-League-01.11.25-utsendt.pdf\">Dommer og kampoppsett Weekend League 01.11.25 &#8211; \u00c5sveien<\/a><\/div>\n<\/div><\/div>\n\n\n\n<div class=\"wp-block-msswb-panel msswb-panel-container\"><div class=\"mwwsb-panel-header\"><div class=\"mwwsb-panel-title\">Kampoppsett WL 2024\/25 <\/div><div class=\"mwwsb-panel-icon\"><span class=\"dashicon dashicons dashicons-arrow-down-alt2\"><\/span><\/div><\/div><div class=\"msswb-panel-content\">\n<div class=\"msswb-file\"><a href=\"https:\/\/bandyforbundet.no\/midt-norge-bandyregion\/wp-content\/uploads\/sites\/9\/2025\/02\/Dommer-og-kampoppsett-Weekend-League-23.2.25.pdf\" class=\"file-button\" download><span class=\"dashicon dashicons dashicons-download\"><\/span><\/a><a class=\"file-link\" href=\"https:\/\/bandyforbundet.no\/midt-norge-bandyregion\/wp-content\/uploads\/sites\/9\/2025\/02\/Dommer-og-kampoppsett-Weekend-League-23.2.25.pdf\">23.februar, Leangen Bydelshall<\/a><\/div>\n\n\n\n<div class=\"msswb-file\"><a href=\"https:\/\/bandyforbundet.no\/midt-norge-bandyregion\/wp-content\/uploads\/sites\/9\/2025\/01\/Dommer-og-kampoppsett-Weekend-League-1.2.25-.pdf\" class=\"file-button\" download><span class=\"dashicon dashicons dashicons-download\"><\/span><\/a><a class=\"file-link\" href=\"https:\/\/bandyforbundet.no\/midt-norge-bandyregion\/wp-content\/uploads\/sites\/9\/2025\/01\/Dommer-og-kampoppsett-Weekend-League-1.2.25-.pdf\">1. februar, Gimshallen<\/a><\/div>\n\n\n\n<div class=\"msswb-file\"><a href=\"https:\/\/bandyforbundet.no\/midt-norge-bandyregion\/wp-content\/uploads\/sites\/9\/2025\/01\/Dommer-og-kampoppsett-Weekend-League-11.1.25-Endelig.pdf\" class=\"file-button\" download><span class=\"dashicon dashicons dashicons-download\"><\/span><\/a><a class=\"file-link\" href=\"https:\/\/bandyforbundet.no\/midt-norge-bandyregion\/wp-content\/uploads\/sites\/9\/2025\/01\/Dommer-og-kampoppsett-Weekend-League-11.1.25-Endelig.pdf\">11. januar, Kl\u00e6buhallen<\/a><\/div>\n\n\n\n<div class=\"msswb-file\"><a href=\"https:\/\/bandyforbundet.no\/midt-norge-bandyregion\/wp-content\/uploads\/sites\/9\/2024\/12\/Dommer-og-kampoppsett-Weekend-League-7.12.24.pdf\" class=\"file-button\" download><span class=\"dashicon dashicons dashicons-download\"><\/span><\/a><a class=\"file-link\" href=\"https:\/\/bandyforbundet.no\/midt-norge-bandyregion\/wp-content\/uploads\/sites\/9\/2024\/12\/Dommer-og-kampoppsett-Weekend-League-7.12.24.pdf\">7. desember, TOBB-hallen<\/a><\/div>\n\n\n\n<div class=\"msswb-file\"><a href=\"https:\/\/bandyforbundet.no\/midt-norge-bandyregion\/wp-content\/uploads\/sites\/9\/2024\/11\/Dommer-og-kampoppsett-Weekend-League-23.11.24.pdf\" class=\"file-button\" download><span class=\"dashicon dashicons dashicons-download\"><\/span><\/a><a class=\"file-link\" href=\"https:\/\/bandyforbundet.no\/midt-norge-bandyregion\/wp-content\/uploads\/sites\/9\/2024\/11\/Dommer-og-kampoppsett-Weekend-League-23.11.24.pdf\">23. november, Trygg\/Lade-hallen<\/a><\/div>\n\n\n\n<div class=\"msswb-file\"><a href=\"https:\/\/bandyforbundet.no\/midt-norge-bandyregion\/wp-content\/uploads\/sites\/9\/2024\/10\/Dommer-og-kampoppsett-Weekend-League-3.11.24-.pdf\" class=\"file-button\" download><span class=\"dashicon dashicons dashicons-download\"><\/span><\/a><a class=\"file-link\" href=\"https:\/\/bandyforbundet.no\/midt-norge-bandyregion\/wp-content\/uploads\/sites\/9\/2024\/10\/Dommer-og-kampoppsett-Weekend-League-3.11.24-.pdf\">3. november, \u00c5sveihallen<\/a><\/div>\n<\/div><\/div>\n\n\n\n<div class=\"wp-block-msswb-panel msswb-panel-container\"><div class=\"mwwsb-panel-header\"><div class=\"mwwsb-panel-title\">Kampoppsett WL 2023\/24<\/div><div class=\"mwwsb-panel-icon\"><span class=\"dashicon dashicons dashicons-arrow-down-alt2\"><\/span><\/div><\/div><div class=\"msswb-panel-content\">\n<div class=\"msswb-file\"><a href=\"https:\/\/bandyforbundet.no\/midt-norge-bandyregion\/wp-content\/uploads\/sites\/9\/2024\/04\/Dommer-og-kampoppsett-Weekend-League-13.4.24-.doc\" class=\"file-button\" download><span class=\"dashicon dashicons dashicons-download\"><\/span><\/a><a class=\"file-link\" href=\"https:\/\/bandyforbundet.no\/midt-norge-bandyregion\/wp-content\/uploads\/sites\/9\/2024\/04\/Dommer-og-kampoppsett-Weekend-League-13.4.24-.doc\">April, TOBB-hallen<\/a><\/div>\n\n\n\n<div class=\"msswb-file\"><a href=\"https:\/\/bandyforbundet.no\/midt-norge-bandyregion\/wp-content\/uploads\/sites\/9\/2024\/03\/Dommer-og-kampoppsett-Weekend-League-9.3.24-.pdf\" class=\"file-button\" download><span class=\"dashicon dashicons dashicons-download\"><\/span><\/a><a class=\"file-link\" href=\"https:\/\/bandyforbundet.no\/midt-norge-bandyregion\/wp-content\/uploads\/sites\/9\/2024\/03\/Dommer-og-kampoppsett-Weekend-League-9.3.24-.pdf\">Mars, Trygg\/Lade-hallen<\/a><\/div>\n\n\n\n<div class=\"msswb-file\"><a href=\"https:\/\/bandyforbundet.no\/midt-norge-bandyregion\/wp-content\/uploads\/sites\/9\/2024\/01\/Dommer-og-kampoppsett-Weekend-League-6.1.24.pdf\" class=\"file-button\" download><span class=\"dashicon dashicons dashicons-download\"><\/span><\/a><a class=\"file-link\" href=\"https:\/\/bandyforbundet.no\/midt-norge-bandyregion\/wp-content\/uploads\/sites\/9\/2024\/01\/Dommer-og-kampoppsett-Weekend-League-6.1.24.pdf\">Januar, TOBB-hallen<\/a><\/div>\n\n\n\n<div class=\"msswb-file\"><a href=\"https:\/\/bandyforbundet.no\/midt-norge-bandyregion\/wp-content\/uploads\/sites\/9\/2023\/12\/Dommer-og-kampoppsett-Weekend-League-9.12.23.pdf\" class=\"file-button\" download><span class=\"dashicon dashicons dashicons-download\"><\/span><\/a><a class=\"file-link\" href=\"https:\/\/bandyforbundet.no\/midt-norge-bandyregion\/wp-content\/uploads\/sites\/9\/2023\/12\/Dommer-og-kampoppsett-Weekend-League-9.12.23.pdf\">Desember, Trygg\/Lade-hallen<\/a><\/div>\n<\/div><\/div>\n\n\n\n<div class=\"wp-block-msswb-panel msswb-panel-container\"><div class=\"mwwsb-panel-header\"><div class=\"mwwsb-panel-title\">Kampoppsett WL 2022\/23<\/div><div class=\"mwwsb-panel-icon\"><span class=\"dashicon dashicons dashicons-arrow-down-alt2\"><\/span><\/div><\/div><div class=\"msswb-panel-content\">\n<div class=\"msswb-file\"><a href=\"https:\/\/bandyforbundet.no\/midt-norge-bandyregion\/wp-content\/uploads\/sites\/9\/2023\/03\/Dommer-og-kampoppsett-Weekend-League-25.3.23.pdf\" class=\"file-button\" download><span class=\"dashicon dashicons dashicons-download\"><\/span><\/a><a class=\"file-link\" href=\"https:\/\/bandyforbundet.no\/midt-norge-bandyregion\/wp-content\/uploads\/sites\/9\/2023\/03\/Dommer-og-kampoppsett-Weekend-League-25.3.23.pdf\">25. mars By\u00e5sen vgs.<\/a><\/div>\n\n\n\n<div class=\"msswb-file\"><a href=\"https:\/\/bandyforbundet.no\/midt-norge-bandyregion\/wp-content\/uploads\/sites\/9\/2023\/01\/Dommer-og-kampoppsett-Weekend-League-21.1.23.pdf\" class=\"file-button\" download><span class=\"dashicon dashicons dashicons-download\"><\/span><\/a><a class=\"file-link\" href=\"https:\/\/bandyforbundet.no\/midt-norge-bandyregion\/wp-content\/uploads\/sites\/9\/2023\/01\/Dommer-og-kampoppsett-Weekend-League-21.1.23.pdf\"> 21. januar Leangen Bydelshall<\/a><\/div>\n\n\n\n<div class=\"msswb-file\"><a href=\"https:\/\/bandyforbundet.no\/midt-norge-bandyregion\/wp-content\/uploads\/sites\/9\/2022\/11\/Kampoppsett-Weekend-League-13.11.2022.pdf\" class=\"file-button\" download><span class=\"dashicon dashicons dashicons-download\"><\/span><\/a><a class=\"file-link\" href=\"https:\/\/bandyforbundet.no\/midt-norge-bandyregion\/wp-content\/uploads\/sites\/9\/2022\/11\/Kampoppsett-Weekend-League-13.11.2022.pdf\">13. november Ladehallen<\/a><\/div>\n\n\n\n<div class=\"msswb-file\"><a href=\"https:\/\/bandyforbundet.no\/midt-norge-bandyregion\/wp-content\/uploads\/sites\/9\/2022\/10\/Kampoppsett-Weekend-League-23.10.22.pdf\" class=\"file-button\" download><span class=\"dashicon dashicons dashicons-download\"><\/span><\/a><a class=\"file-link\" href=\"https:\/\/bandyforbundet.no\/midt-norge-bandyregion\/wp-content\/uploads\/sites\/9\/2022\/10\/Kampoppsett-Weekend-League-23.10.22.pdf\">23. oktober, Ladehallen<\/a><\/div>\n<\/div><\/div>\n\n\n\n<div class=\"wp-block-msswb-panel msswb-panel-container\"><div class=\"mwwsb-panel-header\"><div class=\"mwwsb-panel-title\">Kampoppsett WL 2021\/22<\/div><div class=\"mwwsb-panel-icon\"><span class=\"dashicon dashicons dashicons-arrow-down-alt2\"><\/span><\/div><\/div><div class=\"msswb-panel-content\">\n<div class=\"msswb-file\"><a href=\"https:\/\/bandyforbundet.no\/midt-norge-bandyregion\/wp-content\/uploads\/sites\/9\/2022\/03\/Kampoppsett-WL-og-ML-27-mars-2022.pdf\" class=\"file-button\" download><span class=\"dashicon dashicons dashicons-download\"><\/span><\/a><a class=\"file-link\" href=\"https:\/\/bandyforbundet.no\/midt-norge-bandyregion\/wp-content\/uploads\/sites\/9\/2022\/03\/Kampoppsett-WL-og-ML-27-mars-2022.pdf\">27. mars<\/a><\/div>\n\n\n\n<div class=\"msswb-file\"><a href=\"https:\/\/bandyforbundet.no\/midt-norge-bandyregion\/wp-content\/uploads\/sites\/9\/2022\/01\/Kampoppsett-ML-og-WL-5-februar-2022.pdf\" class=\"file-button\" download><span class=\"dashicon dashicons dashicons-download\"><\/span><\/a><a class=\"file-link\" href=\"https:\/\/bandyforbundet.no\/midt-norge-bandyregion\/wp-content\/uploads\/sites\/9\/2022\/01\/Kampoppsett-ML-og-WL-5-februar-2022.pdf\">5. februar<\/a><\/div>\n\n\n\n<div class=\"msswb-file\"><a href=\"https:\/\/bandyforbundet.no\/midt-norge-bandyregion\/wp-content\/uploads\/sites\/9\/2021\/11\/Kampoppsett-Weekend-League-41221.pdf\" class=\"file-button\" download><span class=\"dashicon dashicons dashicons-download\"><\/span><\/a><a class=\"file-link\" href=\"https:\/\/bandyforbundet.no\/midt-norge-bandyregion\/wp-content\/uploads\/sites\/9\/2021\/11\/Kampoppsett-Weekend-League-41221.pdf\">4. desember<\/a><\/div>\n\n\n\n<div class=\"msswb-file\"><a href=\"https:\/\/bandyforbundet.no\/midt-norge-bandyregion\/wp-content\/uploads\/sites\/9\/2021\/11\/Kampoppsett-Weekend-League-141121-1.pdf\" class=\"file-button\" download><span class=\"dashicon dashicons dashicons-download\"><\/span><\/a><a class=\"file-link\" href=\"https:\/\/bandyforbundet.no\/midt-norge-bandyregion\/wp-content\/uploads\/sites\/9\/2021\/11\/Kampoppsett-Weekend-League-141121-1.pdf\">14. november<\/a><\/div>\n<\/div><\/div>\n","protected":false},"excerpt":{"rendered":"<p>KAMPOPPSETT WEEKEND LEAGUE Her vil kampoppsettene for kommende sesongs runder legges ut. For feil\/sp\u00f8rsm\u00e5l etc. kontakt Johannes Hoon L\u00f8v\u00e5s.<\/p>\n","protected":false},"author":12,"featured_media":0,"parent":895,"menu_order":0,"comment_status":"closed","ping_status":"closed","template":"","meta":{"cover_meta":"","footnotes":""},"class_list":["post-896","page","type-page","status-publish","hentry"],"_links":{"self":[{"href":"https:\/\/bandyforbundet.no\/midt-norge-bandyregion\/index.php?rest_route=\/wp\/v2\/pages\/896","targetHints":{"allow":["GET"]}}],"collection":[{"href":"https:\/\/bandyforbundet.no\/midt-norge-bandyregion\/index.php?rest_route=\/wp\/v2\/pages"}],"about":[{"href":"https:\/\/bandyforbundet.no\/midt-norge-bandyregion\/index.php?rest_route=\/wp\/v2\/types\/page"}],"author":[{"embeddable":true,"href":"https:\/\/bandyforbundet.no\/midt-norge-bandyregion\/index.php?rest_route=\/wp\/v2\/users\/12"}],"replies":[{"embeddable":true,"href":"https:\/\/bandyforbundet.no\/midt-norge-bandyregion\/index.php?rest_route=%2Fwp%2Fv2%2Fcomments&post=896"}],"version-history":[{"count":42,"href":"https:\/\/bandyforbundet.no\/midt-norge-bandyregion\/index.php?rest_route=\/wp\/v2\/pages\/896\/revisions"}],"predecessor-version":[{"id":9055,"href":"https:\/\/bandyforbundet.no\/midt-norge-bandyregion\/index.php?rest_route=\/wp\/v2\/pages\/896\/revisions\/9055"}],"up":[{"embeddable":true,"href":"https:\/\/bandyforbundet.no\/midt-norge-bandyregion\/index.php?rest_route=\/wp\/v2\/pages\/895"}],"wp:attachment":[{"href":"https:\/\/bandyforbundet.no\/midt-norge-bandyregion\/index.php?rest_route=%2Fwp%2Fv2%2Fmedia&parent=896"}],"curies":[{"name":"wp","href":"https:\/\/api.w.org\/{rel}","templated":true}]}}