{"id":897,"date":"2018-06-21T14:22:47","date_gmt":"2018-06-21T12:22:47","guid":{"rendered":"http:\/\/bandyforbundet.no\/midt-norge-bandyregion\/?page_id=897"},"modified":"2024-10-21T05:36:03","modified_gmt":"2024-10-21T05:36:03","slug":"el-innebandy-10","status":"publish","type":"page","link":"https:\/\/bandyforbundet.no\/midt-norge-bandyregion\/?page_id=897","title":{"rendered":"El-innebandy"},"content":{"rendered":"\n<div class=\"wp-block-msswb-spacer msswb-spacer-container\" style=\"height:27px\"><div class=\"line\" style=\"height:13px\"><\/div><div class=\"line-center-divider\"><\/div><\/div>\n\n\n\n<h1 class=\"wp-block-heading\">EL-INNEBANDY I MIDT-NORGE<\/h1>\n\n\n<div class=\"msswb-image-frontend-app\"data-href-target=\"false\" data-href=\"%22%22\" data-use-link=\"false\" data-screen-width=\"false\" data-alignment=\"%22right%22\" data-url=\"%22%5C%2Fwp-content%5C%2Fuploads%5C%2Fsites%5C%2F6%5C%2F2017%5C%2F03%5C%2FKamp-mellom-Nyborg-og-Arendal.jpg%22\" data-is-background-image=\"false\" data-border-radius=\"12\" data-image-width=\"2048\" data-image-height=\"1447\" data-selected-image=\"%7B%22image_id%22%3A243%2C%22blog_id%22%3A6%2C%22term_id%22%3A11%2C%22selected_size%22%3A%22full%22%7D\" data-image-aspect-ratio=\"0.71\" data-alt-text=\"%22Foto%20av%3A%20Per%20Einar%20Johansen%22\" data-caption=\"%22%22\" data-width=\"378\" data-height=\"268\" data-focal-point=\"\" data-show-light-box=\"false\" >\n<div class=\"msswb-image-block msswbright\" style=\"width:378px\"><div class=\"msswb-image \"><div class=\"image-container\" style=\"width:378px;height:268px\"><img decoding=\"async\" style=\"width:378px;height:268px;border-radius:12px\" src=\"\/wp-content\/uploads\/sites\/6\/2017\/03\/Kamp-mellom-Nyborg-og-Arendal.jpg\" \/><\/div><\/div><div class=\"msswb-image-caption-container\"><div class=\"msswb-image-caption\"><\/div><div class=\"msswb-image-attribution\">Foto av: Per Einar Johansen<\/div><\/div><\/div>\n<\/div>\n\n\n<p>El-innebandy er en tilrettelagt lagidrett som henvender seg til barn, ungdom og voksne med store eller mindre bevegelseshemninger. Idretten foreg\u00e5r i spesialbygde elektriske stoler som produseres i Danmark og importeres til Norge av Handinor.<br><br>Spillet foreg\u00e5r i en vanlig idrettshall. Hvert lag kan ha 2 eller 3 spillere p\u00e5 banen samtidig. Det er et lagspill der de ut\u00f8ver aktiviteten sammen med andre. Samarbeid, samspill og spilleglede st\u00e5r sentralt. I tillegg til at spillerne l\u00e6rer seg \u00e5 utnytte kjelkens funksjonalitet utvikler de en forst\u00e5else for selve spillet.<br><br>Det finnes to typer av stoler. En brukerstyrt stol som styres av spilleren selv, med hjelp av en joystick og en ledsagerstyrt stol som er tilpasset spillere som ikke selv klarer \u00e5 styre og skyte. Den ledsagerstyrte stolen man\u00f8vreres ved hjelp av en ledsager, som st\u00e5r bak stolen p\u00e5 rullesk\u00f8yter.<br><br>I Midt-Norge har vi 7 klubbmilj\u00f8er som tilbyr el-innebandyaktivitet, og det arrangeres \u00e5rlig flere turneringer lagene kan delta p\u00e5 i v\u00e5r region. Disse milj\u00f8ene har vi f\u00f8rt opp i listen nedenfor. For mer informasjon om el-innebandy se NBF sine sider om <a href=\"https:\/\/bandyforbundet.no\/idrett-for-alle\/?page_id=335\">idrett for alle<\/a>.<\/p>\n\n\n\n<h4 class=\"wp-block-heading has-text-align-center\">Klubber i Midt-Norge<\/h4>\n\n\n\n<figure class=\"wp-block-table is-style-stripes\"><table class=\"has-background\" style=\"background-color:#fcf0ef\"><thead><tr><th>Klubb<\/th><th>Kommune<\/th><th>Kontaktinformasjon<\/th><\/tr><\/thead><tbody><tr><td>Nyborg IL<\/td><td>Trondheim<\/td><td><a href=\"mailto:eivind.guldseth@gmail.com\">eivind.guldseth@gmail.com<\/a><\/td><\/tr><tr><td>Levanger HSL<\/td><td>Levanger<\/td><td><a href=\"mailto:post@lhslbandy.com\">post@lhslbandy.com<\/a><\/td><\/tr><tr><td>\u00c5fjord IL<\/td><td>\u00c5fjord<\/td><td><\/td><\/tr><tr><td>\u00c5lesund Hurricanes<\/td><td>\u00c5lesund<\/td><td>post@hurricanesibk.no<\/td><\/tr><tr><td>Gl\u00e5mos IL<\/td><td>R\u00f8ros<\/td><td><a href=\"mailto:haugsbak@roros.net\">haugsbak@roros.net<\/a><\/td><\/tr><tr><td>IL Frem<\/td><td>Stj\u00f8rdal<\/td><td><\/td><\/tr><tr><td>H\u00f8dd IL<\/td><td>Ulsteinvik<\/td><td><a href=\"mailto:leiar.hoddinnebandy@gmail.com\">leiar.hoddinnebandy@gmail.com<\/a><\/td><\/tr><\/tbody><\/table><\/figure>\n\n\n\n<div class=\"wp-block-msswb-panel msswb-panel-container\"><div class=\"mwwsb-panel-header\"><div class=\"mwwsb-panel-title\">Spillereglement EL-innebandy<\/div><div class=\"mwwsb-panel-icon\"><span class=\"dashicon dashicons dashicons-arrow-down-alt2\"><\/span><\/div><\/div><div class=\"msswb-panel-content\"><div class=\"msswb-display-internal-post-frontend-app-v2\" data-url-encoded-attrs=\"%7B%22displayInternalPost%22%3A%7B%22blog_id%22%3A3%2C%22ID%22%3A5414%7D%7D\" data-dip-id=\"\" ><\/div><\/div><\/div>\n\n\n\n<div class=\"wp-block-msswb-panel msswb-panel-container\"><div class=\"mwwsb-panel-header\"><div class=\"mwwsb-panel-title\">Kampreglement EL-innebandy<\/div><div class=\"mwwsb-panel-icon\"><span class=\"dashicon dashicons dashicons-arrow-down-alt2\"><\/span><\/div><\/div><div class=\"msswb-panel-content\"><div class=\"msswb-display-internal-post-frontend-app-v2\" data-url-encoded-attrs=\"%7B%22displayInternalPost%22%3A%7B%22blog_id%22%3A3%2C%22ID%22%3A5435%7D%7D\" data-dip-id=\"\" ><\/div><\/div><\/div>\n","protected":false},"excerpt":{"rendered":"<p>EL-INNEBANDY I MIDT-NORGE El-innebandy er en tilrettelagt lagidrett som henvender seg til barn, ungdom og voksne med store eller mindre bevegelseshemninger. Idretten foreg\u00e5r i spesialbygde elektriske stoler som produseres i Danmark og importeres til Norge av Handinor. Spillet foreg\u00e5r i en vanlig idrettshall. Hvert lag kan ha 2 eller 3 spillere p\u00e5 banen samtidig. Det [&hellip;]<\/p>\n","protected":false},"author":12,"featured_media":0,"parent":875,"menu_order":0,"comment_status":"closed","ping_status":"closed","template":"","meta":{"cover_meta":"","footnotes":""},"class_list":["post-897","page","type-page","status-publish","hentry"],"_links":{"self":[{"href":"https:\/\/bandyforbundet.no\/midt-norge-bandyregion\/index.php?rest_route=\/wp\/v2\/pages\/897","targetHints":{"allow":["GET"]}}],"collection":[{"href":"https:\/\/bandyforbundet.no\/midt-norge-bandyregion\/index.php?rest_route=\/wp\/v2\/pages"}],"about":[{"href":"https:\/\/bandyforbundet.no\/midt-norge-bandyregion\/index.php?rest_route=\/wp\/v2\/types\/page"}],"author":[{"embeddable":true,"href":"https:\/\/bandyforbundet.no\/midt-norge-bandyregion\/index.php?rest_route=\/wp\/v2\/users\/12"}],"replies":[{"embeddable":true,"href":"https:\/\/bandyforbundet.no\/midt-norge-bandyregion\/index.php?rest_route=%2Fwp%2Fv2%2Fcomments&post=897"}],"version-history":[{"count":15,"href":"https:\/\/bandyforbundet.no\/midt-norge-bandyregion\/index.php?rest_route=\/wp\/v2\/pages\/897\/revisions"}],"predecessor-version":[{"id":7700,"href":"https:\/\/bandyforbundet.no\/midt-norge-bandyregion\/index.php?rest_route=\/wp\/v2\/pages\/897\/revisions\/7700"}],"up":[{"embeddable":true,"href":"https:\/\/bandyforbundet.no\/midt-norge-bandyregion\/index.php?rest_route=\/wp\/v2\/pages\/875"}],"wp:attachment":[{"href":"https:\/\/bandyforbundet.no\/midt-norge-bandyregion\/index.php?rest_route=%2Fwp%2Fv2%2Fmedia&parent=897"}],"curies":[{"name":"wp","href":"https:\/\/api.w.org\/{rel}","templated":true}]}}