{"id":898,"date":"2017-11-28T11:24:30","date_gmt":"2017-11-28T10:24:30","guid":{"rendered":"http:\/\/bandyforbundet.no\/midt-norge-bandyregion\/?page_id=898"},"modified":"2026-01-12T09:31:14","modified_gmt":"2026-01-12T09:31:14","slug":"kamper-5","status":"publish","type":"page","link":"https:\/\/bandyforbundet.no\/midt-norge-bandyregion\/?page_id=898","title":{"rendered":"Kamper"},"content":{"rendered":"<div class=\"msswb-link-box-grid-frontend-app-v2\" data-url-encoded-attrs=\"%7B%22maxCols%22%3A2%2C%22showTitle%22%3Atrue%2C%22titleColor%22%3A%22%233b3232%22%2C%22useColorBackground%22%3Atrue%2C%22bgColor%22%3A%22%23409a91%22%2C%22overlayColor%22%3A%7B%22r%22%3A69%2C%22g%22%3A126%2C%22b%22%3A191%2C%22a%22%3A0.1%7D%2C%22linkBoxes%22%3A%5B%7B%22link_type%22%3A%22url%22%2C%22blog_id%22%3Afalse%2C%22ID%22%3Afalse%2C%22link%22%3A%22https%3A%2F%2Fbandyforbundet.no%2Finnebandy%2F%3Fpage_id%3D15828%26fbclid%3DIwY2xjawFTsnNleHRuA2FlbQIxMAABHSs1vnCzRCI2zAuVjWU4TvDQ3S9sWjEgXRPTNoe_VdEF_RFjD-hCZGcCgA_aem_ZuSJl5RsnNG-cuwSpiFQNA%23%2Fsport%2F72%2Fseason%2F201065%2Fregion%2F439508%2Ftab%2F0%22%2C%22image%22%3A%7B%22image_id%22%3A21287%2C%22blog_id%22%3A3%2C%22term_id%22%3A214%2C%22selected_size%22%3A%22full%22%7D%2C%22featuredImage%22%3Afalse%2C%22from_shared%22%3Atrue%2C%22showAltTitle%22%3Atrue%2C%22altTitle%22%3A%22KAMPSENTER%22%7D%5D%7D\" ><\/div>\n\n\n<p class=\"has-text-align-center\"><em>Her finner du oppsett, tabeller, og resultater for alle divisjoner i Midt-Norge<\/em><\/p>\n\n\n\n<div class=\"wp-block-msswb-spacer msswb-spacer-container show-line\" style=\"height:36px\"><div class=\"line\" style=\"border-bottom-width:2px;border-bottom-color:#444444;height:18px\"><\/div><div class=\"line-center-divider\"><\/div><\/div>\n\n\n\n<div class=\"wp-block-msswb-spacer msswb-spacer-container\" style=\"height:17px\"><div class=\"line\" style=\"height:8px\"><\/div><div class=\"line-center-divider\"><\/div><\/div>\n\n\n\n<div class=\"wp-block-msswb-panel msswb-panel-container\"><div class=\"mwwsb-panel-header\"><div class=\"mwwsb-panel-title\">Hvilken lisens skal jeg l\u00f8se denne sesongen for spill i Midt-Norge denne sesongen?<\/div><div class=\"mwwsb-panel-icon\"><span class=\"dashicon dashicons dashicons-arrow-down-alt2\"><\/span><\/div><\/div><div class=\"msswb-panel-content\">\n<p><strong>1.divisjon menn\/kvinner<\/strong><br>Her l\u00f8ser man lisenstypen &laquo;\u00f8vrige seniorserier&raquo;.<br><br><strong>2.divisjon menn\/kvinner<\/strong><br>Her l\u00f8ser man lisenstypen &laquo;\u00f8vrige seniorserier&raquo;.<br><br><strong>Ungdomsserien<\/strong><br>Her l\u00f8ser man lisenstypen &laquo;ungdom&raquo;.<br><br><strong>Weekend League<\/strong><br>Hvilken lisenstype man l\u00f8ser for deltakelse p\u00e5 Weekend League er angitt<a rel=\"noreferrer noopener\" href=\"https:\/\/bandyforbundet.no\/midt-norge-bandyregion\/?page_id=895\" target=\"_blank\"> her<\/a>.<br><br><strong>Minirunde<\/strong><br>\u00c5 l\u00f8se lisens n\u00e5r man er i minirundealder er frivillig. For de som \u00f8nsker kan man l\u00f8se lisensen &laquo;barn&raquo;.<br>For barn under 13 \u00e5r er man uansett forsikret gjennom <a rel=\"noreferrer noopener\" href=\"https:\/\/www.idrettsforbundet.no\/klubbguiden\/drifte-et-idrettslag\/okonomi\/forsikring\/\" target=\"_blank\">barneidrettsforsikringen til NIF<\/a> ved deltakelse p\u00e5 v\u00e5re minirunder.<br><br>*For deltakelse i lavterskeltilbud for voksne og seriespill i M\u00f8re og Romsdal gjelder egne retningslinjer.<br>**Personer som kun skal d\u00f8mme og ikke spille l\u00f8ser &laquo;dommerlisens&raquo;. <br><br>\u00d8vrig informasjon om lisensordningen til NBF finnes <a href=\"https:\/\/bandyforbundet.no\/forbundet\/?msswb-post=avklaring-om-lisens-og-forsikring\" target=\"_blank\" rel=\"noreferrer noopener\">he<\/a><a rel=\"noreferrer noopener\" href=\"https:\/\/bandyforbundet.no\/forbundet\/?page_id=301\" target=\"_blank\">r<\/a>.<\/p>\n<\/div><\/div>\n\n\n\n<div class=\"wp-block-msswb-panel msswb-panel-container\"><div class=\"mwwsb-panel-header\"><div class=\"mwwsb-panel-title\">Oppdaterte lisensvilk\u00e5r 2025\/26<\/div><div class=\"mwwsb-panel-icon\"><span class=\"dashicon dashicons dashicons-arrow-down-alt2\"><\/span><\/div><\/div><div class=\"msswb-panel-content\">\n<p>NBF har oppdatert sine lisensvilk\u00e5r for kommende sesong:<\/p>\n\n\n\n<div class=\"msswb-file\"><a href=\"https:\/\/bandyforbundet.no\/midt-norge-bandyregion\/wp-content\/uploads\/sites\/9\/2025\/08\/Lisensvilkar-NBF.pdf\" class=\"file-button\" download><span class=\"dashicon dashicons dashicons-download\"><\/span><\/a><a class=\"file-link\" href=\"https:\/\/bandyforbundet.no\/midt-norge-bandyregion\/wp-content\/uploads\/sites\/9\/2025\/08\/Lisensvilkar-NBF.pdf\">Lisensvilk\u00e5r NBF<\/a><\/div>\n\n\n\n<div class=\"msswb-file\"><a href=\"https:\/\/bandyforbundet.no\/midt-norge-bandyregion\/wp-content\/uploads\/sites\/9\/2025\/08\/Avklaring-om-lisens-og-forsikring_2025-2026_pdf.pdf\" class=\"file-button\" download><span class=\"dashicon dashicons dashicons-download\"><\/span><\/a><a class=\"file-link\" href=\"https:\/\/bandyforbundet.no\/midt-norge-bandyregion\/wp-content\/uploads\/sites\/9\/2025\/08\/Avklaring-om-lisens-og-forsikring_2025-2026_pdf.pdf\">Avklaring om lisens og forsikring_2025-2026_pdf<\/a><\/div>\n<\/div><\/div>\n\n\n\n<div class=\"wp-block-msswb-panel msswb-panel-container\"><div class=\"mwwsb-panel-header\"><div class=\"mwwsb-panel-title\">Lisenspriser 2025\/26<\/div><div class=\"mwwsb-panel-icon\"><span class=\"dashicon dashicons dashicons-arrow-down-alt2\"><\/span><\/div><\/div><div class=\"msswb-panel-content\">\n<figure class=\"wp-block-table\"><table><thead><tr><th>INNEBANDY<\/th><th>Grunnlisens<\/th><th>Utvidet lisens<\/th><\/tr><\/thead><tbody><tr><td>H\u00f8yeste niv\u00e5 (elite og 1. div \u00f8stland menn)<\/td><td>2625<\/td><td>3300<\/td><\/tr><tr><td>\u00d8vrige seniorserier<\/td><td>1365<\/td><td>1980<\/td><\/tr><tr><td>Ungdom f\u00f8dt 2013- 2006 (12 \u00e5r tom 19 \u00e5r)<\/td><td>735<\/td><td>1210<\/td><\/tr><tr><td>Barn f\u00f8dt 2021 &#8211; 2014 (under 12 \u00e5r)<\/td><td>55<\/td><td><\/td><\/tr><tr><td>Turneringslisens (gjelder for 4 konkurransedager)<\/td><td>265<\/td><td><\/td><\/tr><tr><td>Dommerlisens (alle serier)<\/td><td><\/td><td>870*<\/td><\/tr><tr><td>Frivillig lisens st\u00f8tteapparat (alle serier)<\/td><td>500<\/td><td><\/td><\/tr><tr><td>Mosjonslisens uten skadeforsikring<\/td><td>525<\/td><td><\/td><\/tr><tr><td>Spillerlisens for EL-innebandy<\/td><td>505<\/td><td>780<\/td><\/tr><tr><td>Engangslisens NM-Veka EL-innebandy<\/td><td>295<\/td><td><\/td><\/tr><tr><td>Lisens Superinnebandy<\/td><td>505<\/td><td>780<\/td><\/tr><tr><td>Engangslisens Norgeslekene Superinnebandy<\/td><td>270<\/td><td><\/td><\/tr><\/tbody><\/table><figcaption class=\"wp-element-caption\"><strong>* For spillere til og med 19 \u00e5r, som har l\u00f8st spillerlisens for ungdom, og som samtidig er dommer, trenger ikke \u00e5 l\u00f8se dommerlisens<\/strong><\/figcaption><\/figure>\n<\/div><\/div>\n\n\n\n<div class=\"wp-block-msswb-panel msswb-panel-container\"><div class=\"mwwsb-panel-header\"><div class=\"mwwsb-panel-title\">Flyttereglement<\/div><div class=\"mwwsb-panel-icon\"><span class=\"dashicon dashicons dashicons-arrow-down-alt2\"><\/span><\/div><\/div><div class=\"msswb-panel-content\">\n<p><strong>Generelle flytteregler i Midt-Norge Bandyregion<\/strong><br>En klubb kan s\u00f8ke om \u00e5 f\u00e5 endret kamptidspunkt til sine lag ved \u00e5 s\u00f8ke til administrerende myndighet. S\u00f8knaden m\u00e5 f\u00f8lge gjeldende regelverk for at den skal kunne behandles og evt. innvilges. S\u00f8knadsprosedyrene er nevnt nedenfor.<\/p>\n\n\n\n<p>Det skal sendes en skriftlig s\u00f8knad om kampflytting til MNBR innen den tidsfristen som&nbsp;gjelder i klassen det aktuelle lag deltar. S\u00f8knaden skal sendes til dagligleder@mnbr.no, og skal sendes av enten leder eller sportslig leder i aktuell klubb.<br>I s\u00f8knaden skal det oppgis hvilken kamp det s\u00f8kes for, bakgrunn for s\u00f8knaden samt forslag til nytt kamptidspunkt. Sammen med s\u00f8knaden skal det ogs\u00e5 vedlegges bekreftelse p\u00e5 innbetalt administrasjonsgebyr.<\/p>\n\n\n\n<p>F\u00f8r s\u00f8knader om kampflytting vurderes, s\u00e5 skal et administrasjonsgebyr v\u00e6re betalt inn til Midt-Norge Bandyregion sin konto, 4200.09.45476. Det er opp til MNBR om slike s\u00f8knader skal innvilges, og evt. hvilket nytt kamptidspunkt kampen skal avvikles.<\/p>\n\n\n\n<p><strong>For lag i ordin\u00e6rt seriespill, seniorklasser<\/strong><br>Gebyr skal v\u00e6re innbetalt og s\u00f8knad mottatt minst 14 dager f\u00f8r oppsatt kampdato for at s\u00f8knad vurderes. Adm. gebyr: 500,-<\/p>\n\n\n\n<p><strong>For lag i ungdomsseriene<\/strong><br>Gebyr skal v\u00e6re innbetalt og s\u00f8knad mottatt minst 7 dager f\u00f8r oppsatt kampdato for at s\u00f8knad vurderes. Adm. gebyr: 200,-<\/p>\n\n\n\n<p><strong>\u00d8vrige klasser\/aktivitetstilbud<\/strong><br>I andre aktivitetstilbud gjelder egne flytteregler som oppgis til lagene i forkant av sesongen.<\/p>\n<\/div><\/div>\n\n\n\n<div class=\"wp-block-msswb-panel msswb-panel-container\"><div class=\"mwwsb-panel-header\"><div class=\"mwwsb-panel-title\">Spillereglement, innebandy<\/div><div class=\"mwwsb-panel-icon\"><span class=\"dashicon dashicons dashicons-arrow-down-alt2\"><\/span><\/div><\/div><div class=\"msswb-panel-content\"><div class=\"msswb-display-internal-post-frontend-app-v2\" data-url-encoded-attrs=\"%7B%22displayInternalPost%22%3A%7B%22blog_id%22%3A3%2C%22ID%22%3A11496%7D%7D\" data-dip-id=\"\" ><\/div><\/div><\/div>\n\n\n\n<div class=\"wp-block-msswb-panel msswb-panel-container\"><div class=\"mwwsb-panel-header\"><div class=\"mwwsb-panel-title\">Oppdatert informasjon om ungdomsserien, 25\/26<\/div><div class=\"mwwsb-panel-icon\"><span class=\"dashicon dashicons dashicons-arrow-down-alt2\"><\/span><\/div><\/div><div class=\"msswb-panel-content\">\n<p><strong>Spilletid:<\/strong> Kampene spilles 3&#215;15 min, med kun siste 3 min av kampen som effektiv spilletid<br><strong>Lisens:<\/strong> Spillerne skal ha l\u00f8st lisens jmf. \u00f8vrig informasjon<br><strong>Utstyr: <\/strong>Alle spillere skal benytte beskyttelsesbriller <em>(bruker en spiller vanlige briller, kan disse fungere som beskyttelsesbriller)<\/em><br><strong>Kampskjema:<\/strong> F\u00f8res digitalt av sekretariat<br><strong>Kampsekretariat: <\/strong>Hjemmelaget er ansvarlig for at dette besettes av personell<br><\/p>\n<\/div><\/div>\n\n\n\n<div class=\"msswb-file\"><a href=\"https:\/\/bandyforbundet.no\/midt-norge-bandyregion\/wp-content\/uploads\/sites\/9\/2026\/01\/Veileder-kampvert.pdf\" class=\"file-button\" download><span class=\"dashicon dashicons dashicons-download\"><\/span><\/a><a class=\"file-link\" href=\"https:\/\/bandyforbundet.no\/midt-norge-bandyregion\/wp-content\/uploads\/sites\/9\/2026\/01\/Veileder-kampvert.pdf\">Veileder kampvert<\/a><\/div>\n\n\n\n<div class=\"msswb-file\"><a href=\"https:\/\/bandyforbundet.no\/midt-norge-bandyregion\/wp-content\/uploads\/sites\/9\/2025\/09\/Vedr.-klubbenes-plikt-til-a-utdanne-dommere-2025_26.pdf\" class=\"file-button\" download><span class=\"dashicon dashicons dashicons-download\"><\/span><\/a><a class=\"file-link\" href=\"https:\/\/bandyforbundet.no\/midt-norge-bandyregion\/wp-content\/uploads\/sites\/9\/2025\/09\/Vedr.-klubbenes-plikt-til-a-utdanne-dommere-2025_26.pdf\">Vedr. klubbenes plikt til \u00e5 utdanne dommere 2025_26<\/a><\/div>\n\n\n\n<div class=\"wp-block-msswb-spacer msswb-spacer-container show-line\" style=\"height:31px\"><div class=\"line\" style=\"border-bottom-width:2px;border-bottom-color:#444444;height:15px\"><\/div><div class=\"line-center-divider\"><\/div><\/div>\n","protected":false},"excerpt":{"rendered":"<p>Her finner du oppsett, tabeller, og resultater for alle divisjoner i Midt-Norge<\/p>\n","protected":false},"author":12,"featured_media":0,"parent":875,"menu_order":0,"comment_status":"closed","ping_status":"closed","template":"templates\/template-cover.php","meta":{"cover_meta":"{\"showBackgroundImage\":true,\"bgImage\":{\"image_id\":5550,\"blog_id\":9,\"term_id\":-1,\"selected_size\":\"full\"},\"showOverlay\":true,\"overlayColor\":\"#121410\",\"overlayOpacity\":0.6,\"showIntro\":true,\"introColor\":\"white\",\"intro\":\"Se oppsett og resultater i v\u00e5rt\",\"title\":\"KAMPSENTER\",\"titleColor\":\"white\",\"showOutro\":true,\"outroColor\":\"white\",\"outro\":\"Innebandysesongen 2025\/26\"}","footnotes":""},"class_list":["post-898","page","type-page","status-publish","hentry"],"_links":{"self":[{"href":"https:\/\/bandyforbundet.no\/midt-norge-bandyregion\/index.php?rest_route=\/wp\/v2\/pages\/898","targetHints":{"allow":["GET"]}}],"collection":[{"href":"https:\/\/bandyforbundet.no\/midt-norge-bandyregion\/index.php?rest_route=\/wp\/v2\/pages"}],"about":[{"href":"https:\/\/bandyforbundet.no\/midt-norge-bandyregion\/index.php?rest_route=\/wp\/v2\/types\/page"}],"author":[{"embeddable":true,"href":"https:\/\/bandyforbundet.no\/midt-norge-bandyregion\/index.php?rest_route=\/wp\/v2\/users\/12"}],"replies":[{"embeddable":true,"href":"https:\/\/bandyforbundet.no\/midt-norge-bandyregion\/index.php?rest_route=%2Fwp%2Fv2%2Fcomments&post=898"}],"version-history":[{"count":486,"href":"https:\/\/bandyforbundet.no\/midt-norge-bandyregion\/index.php?rest_route=\/wp\/v2\/pages\/898\/revisions"}],"predecessor-version":[{"id":8870,"href":"https:\/\/bandyforbundet.no\/midt-norge-bandyregion\/index.php?rest_route=\/wp\/v2\/pages\/898\/revisions\/8870"}],"up":[{"embeddable":true,"href":"https:\/\/bandyforbundet.no\/midt-norge-bandyregion\/index.php?rest_route=\/wp\/v2\/pages\/875"}],"wp:attachment":[{"href":"https:\/\/bandyforbundet.no\/midt-norge-bandyregion\/index.php?rest_route=%2Fwp%2Fv2%2Fmedia&parent=898"}],"curies":[{"name":"wp","href":"https:\/\/api.w.org\/{rel}","templated":true}]}}