{"id":920,"date":"2018-06-21T10:55:53","date_gmt":"2018-06-21T08:55:53","guid":{"rendered":"http:\/\/bandyforbundet.no\/midt-norge-bandyregion\/?page_id=920"},"modified":"2025-02-21T18:22:00","modified_gmt":"2025-02-21T18:22:00","slug":"historie-3","status":"publish","type":"page","link":"https:\/\/bandyforbundet.no\/midt-norge-bandyregion\/?page_id=920","title":{"rendered":"Historie"},"content":{"rendered":"\n<div class=\"wp-block-msswb-spacer msswb-spacer-container\" style=\"height:27px\"><div class=\"line\" style=\"height:13px\"><\/div><div class=\"line-center-divider\"><\/div><\/div>\n\n\n\n<h1 class=\"wp-block-heading\">Historikk: Organisert innebandy i Midt-Norge<\/h1>\n\n\n<div class=\"msswb-image-frontend-app\"data-href-target=\"false\" data-href=\"%22%22\" data-use-link=\"false\" data-screen-width=\"false\" data-alignment=\"%22right%22\" data-url=\"%22https%3A%5C%2F%5C%2Fbandyforbundet.no%5C%2Fmidt-norge-bandyregion%5C%2Fwp-content%5C%2Fuploads%5C%2Fsites%5C%2F9%5C%2F2018%5C%2F06%5C%2Fmnbr_logo1_web-300x300.png%22\" data-is-background-image=\"false\" data-border-radius=\"31\" data-image-width=\"300\" data-image-height=\"300\" data-selected-image=\"%7B%22image_id%22%3A799%2C%22blog_id%22%3A%229%22%2C%22term_id%22%3A-1%2C%22selected_size%22%3A%22full%22%7D\" data-image-aspect-ratio=\"1\" data-alt-text=\"%22Foto%20av%3A%20MNBR%22\" data-caption=\"%22%22\" data-width=\"222\" data-height=\"222\" data-focal-point=\"\" data-show-light-box=\"false\" >\n<div class=\"msswb-image-block msswbright\" style=\"width:222px\"><div class=\"msswb-image \"><div class=\"image-container\" style=\"width:222px;height:222px\"><img decoding=\"async\" style=\"width:222px;height:222px;border-radius:31px\" src=\"https:\/\/bandyforbundet.no\/midt-norge-bandyregion\/wp-content\/uploads\/sites\/9\/2018\/06\/mnbr_logo1_web-300x300.png\" \/><\/div><\/div><div class=\"msswb-image-caption-container\"><div class=\"msswb-image-caption\"><\/div><div class=\"msswb-image-attribution\">Foto av: MNBR<\/div><\/div><\/div>\n<\/div>\n\n\n<p><em>I 2017 n\u00e6rmet det seg 50 aktive klubber i Midt-Norge med tilsammen over 3600 medlemmer. Siden oppstarten i 1993 har det skjedd mye. Her har vi fors\u00f8kt \u00e5 lage en kort oppsummering av 24 \u00e5r med organisert&nbsp;aktivitet i regi Norges Bandyforbund i Midt-Norge.<\/em><\/p>\n\n\n\n<p><strong>Begynnelsen <\/strong><\/p>\n\n\n\n<p>Det hele startet rundt januar-februar 1993. Innebandy hadde lenge blitt spilt her i Trondheim, men til n\u00e5 var dette uorganisert, og lagene m\u00f8ttes bare sporadisk til enkeltkamper eller sm\u00e5 turneringer. Men en mann bestemte seg for \u00e5 gj\u00f8re noe med dette, \u00d8yvind Reiersen. Han tok kontakt med idrettslaget p\u00e5 Trondheim Ingeni\u00f8rh\u00f8gskole. Der kom han i kontakt med Gard Maurud, som hadde erfaring med seriespill b\u00e5de i innebandy og bandy. Sammen bestemte de seg for \u00e5 pr\u00f8ve \u00e5 starte opp en krets, og sette igang et seriespill. Med hjelp av de ressurser som kunne disponeres ifm idrettslaget p\u00e5 TIH satte de to i gang en unders\u00f8kelse for \u00e5 sjekke interessen for et seriespill i Trondheim.<\/p>\n\n\n\n<p>Responsen p\u00e5 unders\u00f8kelsen var stor. Det var hele 16 lag som meldte sin interesse. Med rettledning fra NBF ble det innkalt til et m\u00f8te mellom alle de interesserte lagene. I mellomtiden ble det unders\u00f8kt om hall-leie, muligheten for vant, m\u00e5l, og andre praktiske ting som m\u00e5tte v\u00e6re i orden til lagene m\u00f8ttes. NBF hadde foresl\u00e5tt at det ble satt ned et interimstyre, som i begynnelsen, f\u00f8r dannelsen av kretsen, ordnet med de problemene som m\u00e5tte l\u00f8ses. Den 18.03.1993 ble det f\u00f8rste m\u00f8tet holdt, her ble interimstyret satt ned. De som ble valgt var: \u00d8yvind Reiersen (By\u00e5sen), Gard Maurud (TIH\u2019IL), Eddi Tausvig (T\u00d8HI), Dag L\u00f8vold (NTHI), Roy Floor (Hallset), Stig Rune Oddli (Evjensgrenda) og \u00c5ge Holden (Nidaros). Evjensgrenda IBK&nbsp;i fra Orkanger var&nbsp;klubben som hadde holdt p\u00e5 lengst i S\u00f8r-Tr\u00f8ndelag og var kommet langt innen klubbutviklingen. Det var mye erfaring \u00e5 hente herfra.<\/p>\n\n\n\n<p>Torsdag 15.04.1993 var Generalsekret\u00e6r i NBF, Tomas Jonsson, p\u00e5 bes\u00f8k i Trondheim, og sammen med de nevnte i interimstyret blir lover og regler bestemt, og S\u00d8R-TR\u00d8NDELAG BANDYKRETS blir&nbsp;<em>offisielt stiftet.<\/em> Den f\u00f8rste styrelederen var \u00d8yvind Reiersen, By\u00e5sen IBK. Nestleder var Gard Maurud, TIH IL.Innebandyen i Trondheim var n\u00e5 inne i en ny epoke, og styret stod foran mange nye og store utfordringer. F\u00f8rste offisielle kamp i S\u00f8r-Tr\u00f8ndelag Bandykrets ble spilt 5.september 1993. Lagene som var med i serien den f\u00f8rste sesongen var: Brannvesenet, Evjensgrenda, Nidaros, NTHI, NTHI 2, Ringve, T\u00d8HI og Ugla.<\/p>\n\n\n\n<p><strong>Utviklingen videre p\u00e5 1990-tallet<\/strong><\/p>\n\n\n\n<p>Den f\u00f8rste sesongen var det seriespill i en divisjon; 1. div herrer. Sesongen deretter var det utvidet til to divisjoner. Den tredje sesongen med offisielt seriespill (1995\/96) kom ogs\u00e5 damene med. 1. divisjon kvinner ble gjennomf\u00f8rt med fire lag. Veksten fortsatte sakte men sikkert i \u00e5rene mot \u00e5rtusenskiftet men det var kun divisjoner for seniorklassene man klarte \u00e5 etablere f\u00f8r man passerte inn i et nytt \u00e5rtusen.<\/p>\n\n\n\n<p><strong>Nytt \u00e5rtusen: Innebandy ogs\u00e5 for ten\u00e5ringene<\/strong><\/p>\n\n\n\n<p>I de f\u00f8rste sesongene med innebandy i v\u00e5rt distrikt var idretten preget av en dominans blant studentmilj\u00f8ene. Dette kan man ogs\u00e5 lese ut i fra tabellene fra 1990-tallet. Men etter hvert som idretten fikk fotfeste blant idrettslagene med lokalt fotfeste ble kvaliteten p\u00e5 disse bedre. Nidaros IBK og Ugla IBK utfordret for alvor studentmilj\u00f8ene i toppen av tabellene.&nbsp;Som et resultat av dette begynte man ogs\u00e5 \u00e5 tenke p\u00e5 rekruttering av nye spillere i klubbmilj\u00f8ene. I sesongen 2000\/01 fikk man for f\u00f8rste gang gjennomf\u00f8rt en aldersbestemt seriespill. 3 lag deltok i G16-serien. Antallet lag doblet seg til sesongen etter. I sesongen 2003\/04 deltok 5 lag i J13-serien, 6 lag i G13-serien mens G16-serien hadde 6 lag. Aldersbestemt innebandy hadde for alvor f\u00e5tt fotfeste ogs\u00e5 i S\u00f8r-Tr\u00f8ndelag.<\/p>\n\n\n\n<p><strong>2004: Innebandytilbud for de yngste barna etableres<\/strong><\/p>\n\n\n\n<p>Norges Bandyforbund ansatte i starten av 2000-tallet en egen utviklingskonsulent i S\u00f8r-Tr\u00f8ndelag. Dermed kom ogs\u00e5 fokus fra sentralt hold p\u00e5 rekruttering og fokus p\u00e5 barn og unge. Marius R. Aurstad var den f\u00f8rste utviklingskonsulenten i S\u00f8r-Tr\u00f8ndelag. Det har v\u00e6rt ansatt en person i en slik stilling i \u00e5rene siden. 11. desember 2005 var en merkedato. Da ble den f\u00f8rste minirunden i S\u00f8r-Tr\u00f8ndelag arrangert. Lagene ble inndelt i to klasser og det hele ble avholdt i&nbsp;Trondheim Spektrum&nbsp;sin C-hall. Dette var den spede begynnelsen av minirundene slik vi&nbsp;ser dem i dag.<\/p>\n\n\n\n<p><strong>Aktivitets\u00f8kningen rundt 2010 \u2013 stadig fler aktivitetstilbud og bedrede rammebetingelser<\/strong><\/p>\n\n\n\n<p>I 2008 ble aktiviteten i M\u00f8re og Romsdal innlemmet til S\u00f8r-Tr\u00f8ndelag Bandykrets sitt virkeomr\u00e5de. Dermed var det ogs\u00e5 behov for en navneendring. Regionaliseringsprosessen hadde n\u00e5 ogs\u00e5 kommet til v\u00e5r idrett, og Midt-Norge Bandyregion ble da et naturlig nytt navn p\u00e5 v\u00e5r organisasjon. Dette navnet skal dekke aktiviteten i Tr\u00f8ndelagsfylkene og M\u00f8re og Romsdal.&nbsp;Samtidig s\u00e5 man at aktiviteten stadig tiltrakk seg flere. Antallet medlemmer&nbsp;\u00f8kte markant utover 2000-tallet.&nbsp;Dette medf\u00f8rte flere lag, mer aktivitet og behov for \u00e5 administrere aktiviteten. I tillegg til utviklingskonsulent var det dermed behov for en administrativt ansatt. Tidligere hadde man hatt personer som jobbet p\u00e5 dugnad og timebetaling med slike arbeidsoppgaver. Via noen \u00e5r med personer ansatt i deltidsstilling vedtok man i 2009 \u00e5 ansette en&nbsp;daglig leder&nbsp;i fulltidsstilling for \u00e5&nbsp;kunne ta vare p\u00e5 regionens aktivitet. 1. august 2009 ble \u00c5smund Sj\u00f8berg ansatt som Midt-Norge Bandyregion sin f\u00f8rste daglige leder \u2013 i heltidsstilling.<\/p>\n\n\n\n<p>El-innebandy har allerede i flere \u00e5r v\u00e6rt en etablert aktivitet i flere klubber i Midt-Norge. Pr. 2013 tilbyr over 10 klubbmilj\u00f8er i Midt-Norge denne aktiviteten for personer med nedsatt fysisk funksjonsevne. Denne aktiviteten er en berikelse for hele organisasjonen og et viktig tilbud i \u00e5rene som kommer. Lagene har egne turneringer b\u00e5de i og utenfor Midt-Norge. Man har ogs\u00e5 et bandylag i Trondheim som deltar i nasjonalt seriespill, samt at det p\u00e5 senh\u00f8sten 2012 ble stiftet en landhockeyklubb i v\u00e5r region. Dermed er alle NBF sine idretter representert i Midt-Norge.<\/p>\n\n\n\n<div class=\"wp-block-msswb-panel msswb-panel-container\"><div class=\"mwwsb-panel-header\"><div class=\"mwwsb-panel-title\">Utvikling i Midt-Norge 2007-2017<\/div><div class=\"mwwsb-panel-icon\"><span class=\"dashicon dashicons dashicons-arrow-down-alt2\"><\/span><\/div><\/div><div class=\"msswb-panel-content\"><div class=\"msswb-display-internal-post-frontend-app-v2\" data-url-encoded-attrs=\"%7B%22displayInternalPost%22%3A%7B%22blog_id%22%3A9%2C%22ID%22%3A1213%7D%7D\" data-dip-id=\"\" ><\/div><\/div><\/div>\n\n\n\n<p>P\u00e5 innebandyfronten ble spesielt minirundene &nbsp;hovedfokus&nbsp;i disse \u00e5rene. &nbsp;Dette resulterte i at plutselig var man opp i 60-70 deltakende lag en gang i m\u00e5neden p\u00e5 denne aktiviteten. Disse lagene best\u00e5ende av spillere under 12 \u00e5r er det viktigste man gj\u00f8r for \u00e5 sikre et ytterligere vekst, og eksistens, for innebandy i fremtiden. I tillegg har man etablert flere andre aktivitetstilbud for \u00e5 tiltrekke enda fler&nbsp;medlemmer til v\u00e5re idretter.<\/p>\n\n\n\n<p>Videre ble det p\u00e5begynte et mer systematisk arbeid for \u00e5 etablere klubbmilj\u00f8er utenfor Trondheim. Dette har resultert i innebandymilj\u00f8er i Malvik, B\u00f8rsa, Kl\u00e6bu, Selbu, Namdalseid, L\u00e5nke og Melhus. Felles for alle disse milj\u00f8ene er at de enten har startet som en minirundeaktivitet, eller som en mosjonsaktivitet for voksne foreldre. Det er viktig for en videre utvikling av innebandysporten at det ikke bare blir et \u201cTrondheimsfenomen\u201d. Arbeidet med \u00e5 etablere flere milj\u00f8er utenfor regionens st\u00f8rste by vil dermed fortsatt bli betydelig vektlagt. Samtidig satte man ogs\u00e5 inn ressurser spesifikt inn mot M\u00f8re og Romsdal for \u00e5 \u00f8ke aktiviteten i fylket. Det har resultert i fremvekst av innebandymilj\u00f8er i en god del idrettslag allerede etter f\u00e5 \u00e5rs innsats. I tillegg har man ogs\u00e5 f\u00e5tt i gang en kultur i fylket for innebandyaktivitet for barn.<\/p>\n\n\n\n<p>Dette \u00f8ker ogs\u00e5 behovet for at regionen jobber godt med kommuner og idrettsr\u00e5d for \u00e5 bedre rammebetingelsene for v\u00e5re idrettslag. Bare de siste 10-15 \u00e5rene har det skjedd en rivende utvikling med tanke p\u00e5 antall haller som er tilrettelagt for innebandyaktivitet. Der hvor all innebandyaktivitet tidligere kun ble spilt i noen f\u00e5talls haller i Trondheim har antallet haller med innebandyvant og korrekt oppmerking \u00f8kt kraftig. At barn og unge kan ut\u00f8ve aktivitet i sitt n\u00e6rmilj\u00f8 er s\u00e6rdeles viktig for rekrutteringen. \u00c5 fortsette et godt og systematisk arbeid opp mot kommuner og idrettsr\u00e5d vil derfor v\u00e6re en suksessfaktor i de kommende \u00e5r for \u00e5 fortsette spredningen av innebandyen i Midt-Norge. Dette er ogs\u00e5 viktig for forbundets to andre idretter \u2013 og i 2017 \u00e5pnet den f\u00f8rste utend\u00f8rs bandybanen i Trondheim (Leangen), og det jobbes ogs\u00e5 for at landhockeyen kan f\u00e5 et fullverdig utend\u00f8rsanlegg i regionens st\u00f8rste kommune.<\/p>\n\n\n\n<p><strong>12. mars 2020: Pandemi og aktivitetsnedgang<\/strong><\/p>\n\n\n\n<p>Som mange andre idretter ble ogs\u00e5 innebandyens aktivitetsutvikling p\u00e5virket av samfunnets nedstengning i forbindelse med pandemien. Flere \u00e5r med begrensninger i aktivitetstilbudet bidro til at mange forsvant fra idrettslagene, og ei heller fant veien tilbake. Kanskje fikk innebandyen i Midt-Norge virkelig erfare at etter nesten 2 ti\u00e5r med konstant vekst hadde ikke klubborganisasjonene utviklet seg i samme takt. Der hvor mange klubber ble drevet av 1-2 personer &#8211; stod flere milj\u00f8er tilbake med betydelig f\u00e6rre medlemmer ved utgangen av pandemien. Hvor hadde ressurspersonene tatt veien?Kanskje hadde man hatt for stort fokus p\u00e5 rekruttering og for lite fokus p\u00e5 organisasjonsutvikling? 5 \u00e5r etter pandemien jobber vi fremdeles med \u00e5 komme tilbake til aktivitetsniv\u00e5et vi hadde 11. mars 2020.  <\/p>\n","protected":false},"excerpt":{"rendered":"<p>Historikk: Organisert innebandy i Midt-Norge I 2017 n\u00e6rmet det seg 50 aktive klubber i Midt-Norge med tilsammen over 3600 medlemmer. Siden oppstarten i 1993 har det skjedd mye. Her har vi fors\u00f8kt \u00e5 lage en kort oppsummering av 24 \u00e5r med organisert&nbsp;aktivitet i regi Norges Bandyforbund i Midt-Norge. Begynnelsen Det hele startet rundt januar-februar 1993. [&hellip;]<\/p>\n","protected":false},"author":12,"featured_media":0,"parent":919,"menu_order":0,"comment_status":"closed","ping_status":"closed","template":"","meta":{"cover_meta":"","footnotes":""},"class_list":["post-920","page","type-page","status-publish","hentry"],"_links":{"self":[{"href":"https:\/\/bandyforbundet.no\/midt-norge-bandyregion\/index.php?rest_route=\/wp\/v2\/pages\/920","targetHints":{"allow":["GET"]}}],"collection":[{"href":"https:\/\/bandyforbundet.no\/midt-norge-bandyregion\/index.php?rest_route=\/wp\/v2\/pages"}],"about":[{"href":"https:\/\/bandyforbundet.no\/midt-norge-bandyregion\/index.php?rest_route=\/wp\/v2\/types\/page"}],"author":[{"embeddable":true,"href":"https:\/\/bandyforbundet.no\/midt-norge-bandyregion\/index.php?rest_route=\/wp\/v2\/users\/12"}],"replies":[{"embeddable":true,"href":"https:\/\/bandyforbundet.no\/midt-norge-bandyregion\/index.php?rest_route=%2Fwp%2Fv2%2Fcomments&post=920"}],"version-history":[{"count":11,"href":"https:\/\/bandyforbundet.no\/midt-norge-bandyregion\/index.php?rest_route=\/wp\/v2\/pages\/920\/revisions"}],"predecessor-version":[{"id":8106,"href":"https:\/\/bandyforbundet.no\/midt-norge-bandyregion\/index.php?rest_route=\/wp\/v2\/pages\/920\/revisions\/8106"}],"up":[{"embeddable":true,"href":"https:\/\/bandyforbundet.no\/midt-norge-bandyregion\/index.php?rest_route=\/wp\/v2\/pages\/919"}],"wp:attachment":[{"href":"https:\/\/bandyforbundet.no\/midt-norge-bandyregion\/index.php?rest_route=%2Fwp%2Fv2%2Fmedia&parent=920"}],"curies":[{"name":"wp","href":"https:\/\/api.w.org\/{rel}","templated":true}]}}