{"id":922,"date":"2018-08-27T14:04:39","date_gmt":"2018-08-27T12:04:39","guid":{"rendered":"http:\/\/bandyforbundet.no\/midt-norge-bandyregion\/?page_id=922"},"modified":"2026-04-16T13:10:18","modified_gmt":"2026-04-16T13:10:18","slug":"halltilgjengelighet-trondheim-kommune","status":"publish","type":"page","link":"https:\/\/bandyforbundet.no\/midt-norge-bandyregion\/?page_id=922","title":{"rendered":"Hallfordeling, Trondheim kommune"},"content":{"rendered":"\n<div class=\"wp-block-msswb-spacer msswb-spacer-container\" style=\"height:27px\"><div class=\"line\" style=\"height:13px\"><\/div><div class=\"line-center-divider\"><\/div><\/div>\n\n\n\n<h1 class=\"wp-block-heading\">HALLFORDELING, TRONDHEIM KOMMUNE<\/h1>\n\n\n\n<div class=\"wp-block-msswb-spacer msswb-spacer-container\" style=\"height:23px\"><div class=\"line\" style=\"height:11px\"><\/div><div class=\"line-center-divider\"><\/div><\/div>\n\n\n<div class=\"msswb-image-frontend-app\"data-href-target=\"true\" data-href=\"%22https%3A%5C%2F%5C%2Futleie.trondheim.kommune.no%5C%2F%22\" data-use-link=\"true\" data-screen-width=\"false\" data-alignment=\"%22left%22\" data-url=\"%22%5C%2Fwp-content%5C%2Fuploads%5C%2Fsites%5C%2F9%5C%2F2024%5C%2F07%5C%2FStartskjerm.png%22\" data-is-background-image=\"false\" data-border-radius=\"37\" data-image-width=\"2298\" data-image-height=\"1476\" data-selected-image=\"%7B%22image_id%22%3A7512%2C%22blog_id%22%3A9%2C%22term_id%22%3A-1%2C%22selected_size%22%3A%22full%22%7D\" data-image-aspect-ratio=\"0.64\" data-alt-text=\"%22%22\" data-caption=\"%22Dette%20er%20startbildet%20p%5Cu00e5%20BookUp%21%20S%5Cu00f8k%20p%5Cu00e5%20aktuell%20idrettshall%20for%20%5Cu00e5%20f%5Cu00e5%20oversikt.%22\" data-width=\"310\" data-height=\"198\" data-focal-point=\"\" data-show-light-box=\"false\" >\n<div class=\"msswb-image-block msswbleft\" style=\"width:310px\"><a href=\"https:\/\/utleie.trondheim.kommune.no\/\" target=\"_blank\" rel=\"noreferrer noopener\"><div class=\"msswb-image \"><div class=\"image-container\" style=\"width:310px;height:198px\"><img decoding=\"async\" style=\"width:310px;height:198px;border-radius:37px\" src=\"\/wp-content\/uploads\/sites\/9\/2024\/07\/Startskjerm.png\" \/><\/div><\/div><\/a><div class=\"msswb-image-caption-container\"><div class=\"msswb-image-caption\">Dette er startbildet p\u00e5 BookUp! S\u00f8k p\u00e5 aktuell idrettshall for \u00e5 f\u00e5 oversikt.<\/div><\/div><\/div>\n<\/div>\n\n<div class=\"msswb-image-frontend-app\"data-href-target=\"false\" data-href=\"%22%22\" data-use-link=\"false\" data-screen-width=\"false\" data-alignment=\"%22right%22\" data-url=\"%22%5C%2Fwp-content%5C%2Fuploads%5C%2Fsites%5C%2F9%5C%2F2024%5C%2F07%5C%2FInnebandytrening-som-vanlig.png%22\" data-is-background-image=\"false\" data-border-radius=\"21\" data-image-width=\"1436\" data-image-height=\"1444\" data-selected-image=\"%7B%22image_id%22%3A7519%2C%22blog_id%22%3A9%2C%22term_id%22%3A-1%2C%22selected_size%22%3A%22full%22%7D\" data-image-aspect-ratio=\"1.01\" data-alt-text=\"%22%22\" data-caption=\"%22Dette%20er%20et%20eksempel%20p%5Cu00e5%20at%20oppsatt%20treningstid%20kan%20gjennomf%5Cu00f8res%20som%20normalt.%22\" data-width=\"397\" data-height=\"400\" data-focal-point=\"\" data-show-light-box=\"false\" >\n<div class=\"msswb-image-block msswbright\" style=\"width:397px\"><div class=\"msswb-image \"><div class=\"image-container\" style=\"width:397px;height:400px\"><img decoding=\"async\" style=\"width:397px;height:400px;border-radius:21px\" src=\"\/wp-content\/uploads\/sites\/9\/2024\/07\/Innebandytrening-som-vanlig.png\" \/><\/div><\/div><div class=\"msswb-image-caption-container\"><div class=\"msswb-image-caption\">Dette er et eksempel p\u00e5 at oppsatt treningstid kan gjennomf\u00f8res som normalt.<\/div><\/div><\/div>\n<\/div>\n\n\n<p>Trondheim er kommunen hvor majoriteten av v\u00e5r aktivitet foreg\u00e5r. Det er ogs\u00e5 kommunen med desidert flest anlegg tilrettelagt for innebandy, og hjemkommunen til mange av v\u00e5re idrettslag. Derfor lenker vi her til <a rel=\"noreferrer noopener\" href=\"http:\/\/utleie.trondheim.kommune.no\" target=\"_blank\">oversikten<\/a> som Trondheim kommune har over sine mange idrettshaller. For sp\u00f8rsm\u00e5l kontakt administrasjonen i regionen.<br><br>HANO er n\u00e5 byttet ut med siden tjenesten BookUp. VI har oppdatert linken p\u00e5 dette. Her kan man s\u00f8ke opp aktuell idrettshall for \u00e5 se om trening g\u00e5r som tildelt. Velg &laquo;se tilgjengelighet&raquo; etter \u00e5 ha valgt aktuell hall. St\u00e5r det at Midt-Norge Bandyregion er leietaker og form\u00e5let er innebandy p\u00e5 aktuell \u00f8kt g\u00e5r trening som &laquo;normalt&raquo;. Noen ganger kan trening utg\u00e5 p\u00e5 grunn av andre arrangementer, messer etc. Man kan ogs\u00e5 bruke systemet til \u00e5 leie evt. ledig tid.<\/p>\n\n\n\n<div class=\"wp-block-msswb-spacer msswb-spacer-container\" style=\"height:93px\"><div class=\"line\" style=\"height:46px\"><\/div><div class=\"line-center-divider\"><\/div><\/div>\n\n\n\n<h5 class=\"wp-block-heading\">Sesongen 2026\/27:<\/h5>\n\n\n\n<div class=\"wp-block-msswb-panel msswb-panel-container\"><div class=\"mwwsb-panel-header\"><div class=\"mwwsb-panel-title\">Tildeling, sommerperioden 2026<\/div><div class=\"mwwsb-panel-icon\"><span class=\"dashicon dashicons dashicons-arrow-down-alt2\"><\/span><\/div><\/div><div class=\"msswb-panel-content\">\n<div class=\"msswb-file\"><a href=\"https:\/\/bandyforbundet.no\/midt-norge-bandyregion\/wp-content\/uploads\/sites\/9\/2026\/04\/Sommerfordeling-2026.pdf\" class=\"file-button\" download><span class=\"dashicon dashicons dashicons-download\"><\/span><\/a><a class=\"file-link\" href=\"https:\/\/bandyforbundet.no\/midt-norge-bandyregion\/wp-content\/uploads\/sites\/9\/2026\/04\/Sommerfordeling-2026.pdf\">Sommerfordeling 2026<\/a><\/div>\n\n\n\n<p>Sommerfordelingen gjelder i noen uker i hver ende av perioden 1. mai &#8211; 31. august. <br>Da er et f\u00e5tall av idrettshallene \u00e5pne &#8211; noe som betyr langt mindre treningstid \u00e5 fordele. \u00c5pningstidene f\u00f8lger skoleruta i de ukene hallene er \u00e5pne. Det vil variere fra hall til hall hvilke uke den enkelte hall er \u00e5pen. Klubbene anbefales \u00e5 f\u00f8lge med p\u00e5 kommunens bookingsystem for \u00e5 se om treningstiden g\u00e5r som normalt eller om det er arrangement etc. i treningstiden.<br>Dersom en klubb ikke kommer til \u00e5 benytte all tildelt treningstid m\u00e5 man si i fra om dette i god til. Hvis ikke vil konsekvensen kunne bli en mindre tildeling ved neste korsvei.<\/p>\n<\/div><\/div>\n\n\n\n<div class=\"wp-block-msswb-panel msswb-panel-container\"><div class=\"mwwsb-panel-header\"><div class=\"mwwsb-panel-title\">S\u00d8KNADSPROSESS: treningstid i Trondheim kommune &laquo;sommer 2026&raquo; og &laquo;sesongen 2026\/27&raquo;<\/div><div class=\"mwwsb-panel-icon\"><span class=\"dashicon dashicons dashicons-arrow-down-alt2\"><\/span><\/div><\/div><div class=\"msswb-panel-content\">\n<p>Hallfordelingsprosessen i Trondheim for sesongen 2026\/27 er n\u00e5 i oppstartsfasen. Det blir en fordeling for perioden 1. mai &#8211; 31. august, og en fordeling for idrettsperioden som f\u00f8lger skoleruta i perioden 1. september til 30. april.<br><br>Som vanlig \u00f8nsker vi \u00e5 innhente informasjon fra klubbene slik at vi vet hva deres behov er. Ber dere svare p\u00e5 sp\u00f8rsm\u00e5lene nedenfor, og evt. ogs\u00e5 legge til informasjon som kan v\u00e6re nyttig for oss \u00e5 vite inn i denne prosessen.<\/p>\n\n\n\n<p><strong>Frist for innsending:<\/strong> 1. april 2026<br><strong>Sendes til:<\/strong> <a href=\"mailto:dagligleder@mnbr.no\" target=\"_blank\" rel=\"noreferrer noopener\">dagligleder@mnbr.no<\/a><\/p>\n\n\n\n<p><strong>1.<\/strong> I hvor stor grad har dere utnyttet treningstiden innev\u00e6rende sesong?<br><strong>2. <\/strong>Hvor mange timer treningstid pr. uke \u00f8nsker dere kommende sesong?<br><strong>3.<\/strong> Fordelt p\u00e5 hvor mange ulike \u00f8kter\/hvilke dager \u00f8nsker dere denne tiden?<br><strong>4.<\/strong> I hvilke anlegg \u00f8nsker dere denne tiden? Nevn gjerne mer enn 1 hall i prioritert rekkef\u00f8lge.<br><strong>5.<\/strong> Er det enkelte arrangement dere planlegger kommende sesong dere trenger ekstra halltid til? (cup, innebandyskole etc.)<br><strong>6.<\/strong> Hvor mange lag\/hvilke lag ser dere for dere at dere har med i aktivitet kommende sesong?<br><strong>7.<\/strong> Kommer din klubb ogs\u00e5 til \u00e5 s\u00f8ke om gymsaltid?<br><strong>8.<\/strong> Kommer deres klubb til \u00e5 s\u00f8ke om \u00e5 arrangere minirunde eller Weekend League\/Mini League?<br><strong>9. <\/strong>Er det noen anlegg i deres n\u00e6rmilj\u00f8 som ikke er tilrettelagt for innebandy &#8211; som dere gjerne skulle hatt treningstid i?<br><br><strong>10. <\/strong>\u00d8nsker din klubb treningstid i sommerperioden etter at hallene slutter med ordin\u00e6r \u00e5pningstid? (mai, deler av juni og august &#8211; sv\u00e6rt begrenset med tid tilgjengelig)<\/p>\n<\/div><\/div>\n\n\n\n<div class=\"wp-block-msswb-panel msswb-panel-container\"><div class=\"mwwsb-panel-header\"><div class=\"mwwsb-panel-title\">Hallfordeling i Trondheim kommune<\/div><div class=\"mwwsb-panel-icon\"><span class=\"dashicon dashicons dashicons-arrow-down-alt2\"><\/span><\/div><\/div><div class=\"msswb-panel-content\">\n<p>Med over 170.000 innbyggere, n\u00e6r 40 idrettshaller, 15 medlemsklubber og omtrent 2000 medlemmer er regionen delaktig i fordelingen av treningstid p\u00e5 en langt mer aktiv m\u00e5te enn i de andre kommunene vi har idrettslag i. Fordelingskriteriene er aktivitetstall og reell aktivitet i v\u00e5rt aktivitetstilbud. Videre vektes barn og unge tungt b\u00e5de i antall tid &#8211; og ikke minst n\u00e5r det kommer til fordeling av tid i de mange bydelshallene. Majoriteten av v\u00e5r voksenaktivitet foreg\u00e5r i storhallen <a rel=\"noreferrer noopener\" href=\"https:\/\/trondheimspektrum.no\/\" target=\"_blank\">Trondheim Spektrum<\/a>.<\/p>\n\n\n\n<div class=\"wp-block-msswb-spacer msswb-spacer-container\" style=\"height:15px\"><div class=\"line\" style=\"height:7px\"><\/div><div class=\"line-center-divider\"><\/div><\/div>\n\n\n\n<p class=\"has-normal-font-size\"><em>Idretts\u00e5ret i Trondheim kommune g\u00e5r fra 2.9 til 30.4 og f\u00f8lger skoleruta. Publisering av idretts\u00e5rets fordeling av halltid skjer i slutten av juni hvert \u00e5r, og utsendes av de ulike s\u00e6rkretsene &#8211; som ogs\u00e5 er eier av tida. Kommunal halltid i Trondheim er gratis. Klubbene m\u00e5 s\u00f8ke regionen om halltid (treningstid) kommende idretts\u00e5r innen <strong>1. april <\/strong>hvert \u00e5r.<\/em><\/p>\n<\/div><\/div>\n\n\n\n<div class=\"msswb-file\"><a href=\"https:\/\/bandyforbundet.no\/midt-norge-bandyregion\/wp-content\/uploads\/sites\/9\/2024\/12\/250822-Sikkerhet-i-idrettshallene-NY2022.pdf\" class=\"file-button\" download><span class=\"dashicon dashicons dashicons-download\"><\/span><\/a><a class=\"file-link\" href=\"https:\/\/bandyforbundet.no\/midt-norge-bandyregion\/wp-content\/uploads\/sites\/9\/2024\/12\/250822-Sikkerhet-i-idrettshallene-NY2022.pdf\">Informasjonsskriv om sikkerhet i idrettshallene<\/a><\/div>\n\n\n\n<div class=\"wp-block-msswb-spacer msswb-spacer-container\" style=\"height:32px\"><div class=\"line\" style=\"height:16px\"><\/div><div class=\"line-center-divider\"><\/div><\/div>\n\n\n\n<h5 class=\"wp-block-heading\">Tidligere sesonger:<\/h5>\n\n\n\n<div class=\"wp-block-msswb-panel msswb-panel-container\"><div class=\"mwwsb-panel-header\"><div class=\"mwwsb-panel-title\">Tildeling treningstid, idrettsperioden 2025\/26<\/div><div class=\"mwwsb-panel-icon\"><span class=\"dashicon dashicons dashicons-arrow-down-alt2\"><\/span><\/div><\/div><div class=\"msswb-panel-content\">\n<p>Tildeling for idretts\u00e5ret 2025\/26 gjelder fra og med 1. september 2025 f\u00f8lger skoleruta &#8211; og avsluttes 30. april 2026. Tildeling gj\u00f8res etter faktisk aktivitet og s\u00f8knad fra klubbene. MNBR er fast medlem i kommunens hallfordelingsgruppe som foretar den endelige fordelingen av treningstid i idrettshallene.<br>For kommende sesong st\u00e5r man i Trondheim i en krevende situasjon. Trondheim kommune har ikke lengre midler til \u00e5 kj\u00f8pe ekstra halltid i de private idrettshallene som foreg\u00e5ende \u00e5r. I tillegg er kun en hallflate i den nye Nidarvollhallen tilgjengelig. S\u00e5 er det ogs\u00e5 usikkerhet om Tr\u00f8ndelag Fylkeskommune fortsetter ordningen med \u00e5 gj\u00f8re sine idrettshaller tilgjengelig for idretten. N\u00e5v\u00e6rende avtale strekker seg kun ut 31.12.25. Dersom fylkeskommunen ikke forlenger avtalen vil en ny hallfordeling i Trondheim v\u00e6re p\u00e5krevd &#8211; gjeldende fra og med 1. januar 2026. <br>Videre har ikke innebandyaktiviteten i Trondheim \u00f8kt like mye som h\u00e5ndball og volleyball det siste \u00e5ret hvilket resulterer i at de fleste klubbene vil merke i form av f\u00e6rre treningstimer kommende sesong. <\/p>\n\n\n\n<div class=\"msswb-file\"><a href=\"https:\/\/bandyforbundet.no\/midt-norge-bandyregion\/wp-content\/uploads\/sites\/9\/2025\/06\/Treningstid-Trondheim-25_26.pdf\" class=\"file-button\" download><span class=\"dashicon dashicons dashicons-download\"><\/span><\/a><a class=\"file-link\" href=\"https:\/\/bandyforbundet.no\/midt-norge-bandyregion\/wp-content\/uploads\/sites\/9\/2025\/06\/Treningstid-Trondheim-25_26.pdf\">Treningstid Trondheim 25_26<\/a><\/div>\n<\/div><\/div>\n\n\n\n<div class=\"wp-block-msswb-panel msswb-panel-container\"><div class=\"mwwsb-panel-header\"><div class=\"mwwsb-panel-title\">Tildeling treningstid, sommerperioden 2025<\/div><div class=\"mwwsb-panel-icon\"><span class=\"dashicon dashicons dashicons-arrow-down-alt2\"><\/span><\/div><\/div><div class=\"msswb-panel-content\">\n<div class=\"msswb-file\"><a href=\"https:\/\/bandyforbundet.no\/midt-norge-bandyregion\/wp-content\/uploads\/sites\/9\/2025\/04\/Sommerfordeling-2025.pdf\" class=\"file-button\" download><span class=\"dashicon dashicons dashicons-download\"><\/span><\/a><a class=\"file-link\" href=\"https:\/\/bandyforbundet.no\/midt-norge-bandyregion\/wp-content\/uploads\/sites\/9\/2025\/04\/Sommerfordeling-2025.pdf\">Sommerfordeling 2025<\/a><\/div>\n\n\n\n<p>Sommerfordelingen gjelder i noen uker i hver ende av perioden 1. mai &#8211; 31. august. <br>Da er et f\u00e5tall av idrettshallene \u00e5pne &#8211; noe som betyr langt mindre treningstid \u00e5 fordele. \u00c5pningstidene f\u00f8lger skoleruta i de ukene hallene er \u00e5pne. Det vil variere fra hall til hall hvilke uke den enkelte hall er \u00e5pen. Klubbene anbefales \u00e5 f\u00f8lge med p\u00e5 kommunens bookingsystem for \u00e5 se om treningstiden g\u00e5r som normalt eller om det er arrangement etc. i treningstiden.<br>Dersom en klubb ikke kommer til \u00e5 benytte all tildelt treningstid m\u00e5 man si i fra om dette i god til. Hvis ikke vil konsekvensen kunne bli en mindre tildeling ved neste korsvei.<\/p>\n<\/div><\/div>\n","protected":false},"excerpt":{"rendered":"<p>HALLFORDELING, TRONDHEIM KOMMUNE Trondheim er kommunen hvor majoriteten av v\u00e5r aktivitet foreg\u00e5r. Det er ogs\u00e5 kommunen med desidert flest anlegg tilrettelagt for innebandy, og hjemkommunen til mange av v\u00e5re idrettslag. Derfor lenker vi her til oversikten som Trondheim kommune har over sine mange idrettshaller. For sp\u00f8rsm\u00e5l kontakt administrasjonen i regionen. HANO er n\u00e5 byttet ut [&hellip;]<\/p>\n","protected":false},"author":12,"featured_media":0,"parent":921,"menu_order":0,"comment_status":"closed","ping_status":"closed","template":"","meta":{"cover_meta":"","footnotes":""},"class_list":["post-922","page","type-page","status-publish","hentry"],"_links":{"self":[{"href":"https:\/\/bandyforbundet.no\/midt-norge-bandyregion\/index.php?rest_route=\/wp\/v2\/pages\/922","targetHints":{"allow":["GET"]}}],"collection":[{"href":"https:\/\/bandyforbundet.no\/midt-norge-bandyregion\/index.php?rest_route=\/wp\/v2\/pages"}],"about":[{"href":"https:\/\/bandyforbundet.no\/midt-norge-bandyregion\/index.php?rest_route=\/wp\/v2\/types\/page"}],"author":[{"embeddable":true,"href":"https:\/\/bandyforbundet.no\/midt-norge-bandyregion\/index.php?rest_route=\/wp\/v2\/users\/12"}],"replies":[{"embeddable":true,"href":"https:\/\/bandyforbundet.no\/midt-norge-bandyregion\/index.php?rest_route=%2Fwp%2Fv2%2Fcomments&post=922"}],"version-history":[{"count":79,"href":"https:\/\/bandyforbundet.no\/midt-norge-bandyregion\/index.php?rest_route=\/wp\/v2\/pages\/922\/revisions"}],"predecessor-version":[{"id":9119,"href":"https:\/\/bandyforbundet.no\/midt-norge-bandyregion\/index.php?rest_route=\/wp\/v2\/pages\/922\/revisions\/9119"}],"up":[{"embeddable":true,"href":"https:\/\/bandyforbundet.no\/midt-norge-bandyregion\/index.php?rest_route=\/wp\/v2\/pages\/921"}],"wp:attachment":[{"href":"https:\/\/bandyforbundet.no\/midt-norge-bandyregion\/index.php?rest_route=%2Fwp%2Fv2%2Fmedia&parent=922"}],"curies":[{"name":"wp","href":"https:\/\/api.w.org\/{rel}","templated":true}]}}