{"id":923,"date":"2018-06-21T11:56:35","date_gmt":"2018-06-21T09:56:35","guid":{"rendered":"http:\/\/bandyforbundet.no\/midt-norge-bandyregion\/?page_id=923"},"modified":"2025-09-10T11:35:01","modified_gmt":"2025-09-10T11:35:01","slug":"innebandydommere","status":"publish","type":"page","link":"https:\/\/bandyforbundet.no\/midt-norge-bandyregion\/?page_id=923","title":{"rendered":"Dommere"},"content":{"rendered":"\n<div class=\"wp-block-msswb-spacer msswb-spacer-container\" style=\"height:27px\"><div class=\"line\" style=\"height:13px\"><\/div><div class=\"line-center-divider\"><\/div><\/div>\n\n\n\n<h2 class=\"wp-block-heading has-text-align-center\">DOMMERINFORMASJON<\/h2>\n\n\n\n<p class=\"has-text-align-center has-small-font-size\">P\u00e5 denne siden vil det v\u00e6re informasjon til, om og for regionens dommere. Og du skal ikke se bort i fra at det ogs\u00e5 vil v\u00e6re relevant informasjon for de som ikke har funnet frem dommert\u00f8yet enda ogs\u00e5. DK MNBR er et lite knippe utvalgte personer som gj\u00f8r det de kan for at dommerne skal bli flere og flinkere &#8211; samtidig som de har det g\u00f8y. Ikke n\u00f8l med \u00e5 ta kontakt med oss.<\/p>\n\n\n\n<div class=\"wp-block-msswb-spacer msswb-spacer-container show-line\" style=\"height:17px\"><div class=\"line\" style=\"border-bottom-width:2px;border-bottom-color:#444444;height:8px\"><\/div><div class=\"line-center-divider\"><\/div><\/div>\n\n\n<div class=\"msswb-link-box-grid-frontend-app-v2\" data-url-encoded-attrs=\"%7B%22maxCols%22%3A4%2C%22showTitle%22%3Atrue%2C%22titleColor%22%3A%22%23d7e200%22%2C%22useColorBackground%22%3Afalse%2C%22bgColor%22%3A%22%23d45c5c%22%2C%22overlayColor%22%3A%7B%22r%22%3A17%2C%22g%22%3A18%2C%22b%22%3A19%2C%22a%22%3A0.52%7D%2C%22linkBoxes%22%3A%5B%7B%22link_type%22%3A%22page%22%2C%22blog_id%22%3A9%2C%22ID%22%3A924%2C%22link%22%3A%22https%3A%2F%2Fbandyforbundet.no%2Fmidt-norge-bandyregion%3Fpage_id%3D924%22%2C%22image%22%3A%7B%22image_id%22%3A678%2C%22blog_id%22%3A9%2C%22term_id%22%3A-1%7D%2C%22featuredImage%22%3Afalse%2C%22showTitle%22%3Atrue%2C%22showAltTitle%22%3Atrue%2C%22altTitle%22%3A%22Dommere%22%7D%2C%7B%22link_type%22%3A%22page%22%2C%22blog_id%22%3A9%2C%22ID%22%3A925%2C%22link%22%3A%22https%3A%2F%2Fbandyforbundet.no%2Fmidt-norge-bandyregion%3Fpage_id%3D925%22%2C%22image%22%3A%7B%22image_id%22%3A797%2C%22blog_id%22%3A9%2C%22term_id%22%3A-1%7D%2C%22featuredImage%22%3Afalse%2C%22showTitle%22%3Atrue%2C%22showAltTitle%22%3Afalse%2C%22altTitle%22%3A%22DK%20MNBR%22%7D%2C%7B%22link_type%22%3A%22page%22%2C%22blog_id%22%3A9%2C%22ID%22%3A931%2C%22link%22%3A%22https%3A%2F%2Fbandyforbundet.no%2Fmidt-norge-bandyregion%3Fpage_id%3D931%22%2C%22image%22%3A%7B%22image_id%22%3A796%2C%22blog_id%22%3A9%2C%22term_id%22%3A-1%7D%2C%22featuredImage%22%3Afalse%2C%22showTitle%22%3Atrue%2C%22showAltTitle%22%3Afalse%2C%22altTitle%22%3A%22%C3%98vrig%20info%22%7D%2C%7B%22link_type%22%3A%22page%22%2C%22blog_id%22%3A9%2C%22ID%22%3A926%2C%22link%22%3A%22https%3A%2F%2Fbandyforbundet.no%2Fmidt-norge-bandyregion%2F%3Fpage_id%3D926%22%2C%22image%22%3A%7B%22image_id%22%3A768%2C%22blog_id%22%3A9%2C%22term_id%22%3A-1%2C%22selected_size%22%3A%22full%22%7D%2C%22featuredImage%22%3Afalse%2C%22from_shared%22%3Atrue%2C%22showAltTitle%22%3Atrue%2C%22altTitle%22%3A%22Oppsett%22%7D%5D%7D\" ><\/div>\n\n\n<p class=\"has-text-align-center\">Lyst til \u00e5 bli innebandydommer? Vi arrangerer det grunnleggene dommerkurset i Trondheim 18-19. oktober. <br><em>P\u00e5melding til dagligleder@mnbr.no<\/em><\/p>\n\n\n\n<div class=\"wp-block-msswb-spacer msswb-spacer-container show-line\" style=\"height:26px\"><div class=\"line\" style=\"border-bottom-width:2px;border-bottom-color:#444444;height:13px\"><\/div><div class=\"line-center-divider\"><\/div><\/div>\n\n\n\n<div class=\"wp-block-msswb-panel msswb-panel-container\"><div class=\"mwwsb-panel-header\"><div class=\"mwwsb-panel-title\">Fokusomr\u00e5der for dommere, sesongen 2025\/26<\/div><div class=\"mwwsb-panel-icon\"><span class=\"dashicon dashicons dashicons-arrow-down-alt2\"><\/span><\/div><\/div><div class=\"msswb-panel-content\">\n<p>Fokusomr\u00e5der for dommere sesongen 2025\/26 er utarbeidet av NBF DK-Innebandy. <\/p>\n\n\n\n<div class=\"msswb-file\"><a href=\"https:\/\/bandyforbundet.no\/midt-norge-bandyregion\/wp-content\/uploads\/sites\/3\/2025\/09\/NBF_DK-I_Fokusomrader_Region_2025-2026.pdf\" class=\"file-button\" download><span class=\"dashicon dashicons dashicons-download\"><\/span><\/a><a class=\"file-link\" href=\"https:\/\/bandyforbundet.no\/midt-norge-bandyregion\/wp-content\/uploads\/sites\/3\/2025\/09\/NBF_DK-I_Fokusomrader_Region_2025-2026.pdf\">NBF_DK-I_Fokusomra\u030ader_Region_2025-2026<\/a><\/div>\n<\/div><\/div>\n\n\n\n<div class=\"wp-block-msswb-panel msswb-panel-container\"><div class=\"mwwsb-panel-header\"><div class=\"mwwsb-panel-title\">Hvilke aktivitetstilbud finnes?<\/div><div class=\"mwwsb-panel-icon\"><span class=\"dashicon dashicons dashicons-arrow-down-alt2\"><\/span><\/div><\/div><div class=\"msswb-panel-content\">\n<p class=\"has-small-font-size\"><strong>I Midt-Norge har vi flere ulike aktivitetstilbud som inneb\u00e6rer kamper med dommere:<\/strong><br>&#8211; Weekend League, innebandy for 12\u00e5ringer p\u00e5 litt mindre bane<br>&#8211; Ungdomsserier<br>&#8211; Ordin\u00e6rt seriespill for voksne<br>&#8211; Lavterskelserier for voksne som L\u00f8kkebandy og Tr\u00f8nderserien<br>&#8211; Eget seriespill for lag i M\u00f8re og Romsdal<\/p>\n<\/div><\/div>\n\n\n\n<div class=\"wp-block-msswb-panel msswb-panel-container\"><div class=\"mwwsb-panel-header\"><div class=\"mwwsb-panel-title\">Hva m\u00e5 jeg tenke p\u00e5 n\u00e5r jeg d\u00f8mmer i lavterskelseriene for voksne?<\/div><div class=\"mwwsb-panel-icon\"><span class=\"dashicon dashicons dashicons-arrow-down-alt2\"><\/span><\/div><\/div><div class=\"msswb-panel-content\">\n<p class=\"has-small-font-size\">Dette er aktivitetstilbud i regi av Trondheim IBK. Det betyr at det gjelder egne betalingssatser og dommerhonoraret utbetales m\u00e5nedsvis. Videre s\u00e5 er dette serier for lag som ikke \u00f8nsker \u00e5 delta i den ordin\u00e6re serieaktiviteten, noe som kan bety et lavere ferdighetsniv\u00e5 og en generell lav kjennskap til innebandy og dens spilleregler. Her m\u00e5 kamplederne ha som m\u00e5l \u00e5 l\u00e6re bort regler &#8211; i tillegg til \u00e5 h\u00e5ndheve de p\u00e5 vanlig m\u00e5te.<br><br><strong>Vanlige spilleregler f\u00f8lger men med noen tilpasninger;<\/strong><br>&#8211; Vi gir ikke utvisninger for &laquo;feil utstyr&raquo; n\u00e5r dette gjelder at spillerne skal ha eksakt like drakter<br>&#8211; Lagene kan &#8211; som i ungdomsseriene &#8211; bytte m\u00e5lvakter i l\u00f8pet av en kamp og bruke spillere som har v\u00e6rt m\u00e5lvakter som utespillere i samme kamp<br>&#8211; Kampene spilles i sin helhet med l\u00f8pende tid<br>&#8211; Det benyttes ikke digitalt\/elektronisk kampskjema<br><br><em>\u00d8vrige sp\u00f8rsm\u00e5l kan rettes til jim@mnbr.no <\/em><\/p>\n<\/div><\/div>\n\n\n\n<div class=\"wp-block-msswb-spacer msswb-spacer-container show-line\" style=\"height:31px\"><div class=\"line\" style=\"border-bottom-width:1px;border-bottom-color:#111010;height:15px\"><\/div><div class=\"line-center-divider\"><\/div><\/div>\n\n\n<div class=\"msswb-display-internal-post-frontend-app-v2\" data-url-encoded-attrs=\"%7B%22displayInternalPost%22%3A%7B%22blog_id%22%3A9%2C%22ID%22%3A2185%7D%7D\" data-dip-id=\"\" ><\/div>\n\n\n<div class=\"wp-block-msswb-spacer msswb-spacer-container show-line\" style=\"height:24px\"><div class=\"line\" style=\"border-bottom-width:3px;border-bottom-color:#444444;height:12px\"><\/div><div class=\"line-center-divider\"><\/div><\/div>\n\n\n\n<div class=\"wp-block-msswb-panel msswb-panel-container\"><div class=\"mwwsb-panel-header\"><div class=\"mwwsb-panel-title\">Oppdatert spillereglement innebandy 2022<\/div><div class=\"mwwsb-panel-icon\"><span class=\"dashicon dashicons dashicons-arrow-down-alt2\"><\/span><\/div><\/div><div class=\"msswb-panel-content\"><div class=\"msswb-display-internal-post-frontend-app-v2\" data-url-encoded-attrs=\"%7B%22displayInternalPost%22%3A%7B%22blog_id%22%3A3%2C%22ID%22%3A11496%7D%7D\" data-dip-id=\"\" ><\/div><\/div><\/div>\n\n\n\n<div class=\"wp-block-msswb-spacer msswb-spacer-container\" style=\"height:25px\"><div class=\"line\" style=\"height:12px\"><\/div><div class=\"line-center-divider\"><\/div><\/div>\n\n\n\n<h5 class=\"wp-block-heading\">\u00d8vrig dommerinformasjon<\/h5>\n\n\n\n<div class=\"msswb-file\"><a href=\"https:\/\/bandyforbundet.no\/midt-norge-bandyregion\/wp-content\/uploads\/sites\/9\/2025\/09\/Vedr.-klubbenes-plikt-til-a-utdanne-dommere-2025_26.pdf\" class=\"file-button\" download><span class=\"dashicon dashicons dashicons-download\"><\/span><\/a><a class=\"file-link\" href=\"https:\/\/bandyforbundet.no\/midt-norge-bandyregion\/wp-content\/uploads\/sites\/9\/2025\/09\/Vedr.-klubbenes-plikt-til-a-utdanne-dommere-2025_26.pdf\">Vedr. klubbenes plikt til \u00e5 utdanne dommere 2025_26<\/a><\/div>\n\n\n\n<div class=\"msswb-file\"><a href=\"https:\/\/bandyforbundet.no\/midt-norge-bandyregion\/wp-content\/uploads\/sites\/9\/2022\/08\/Dommerregning.xls\" class=\"file-button\" download><span class=\"dashicon dashicons dashicons-download\"><\/span><\/a><a class=\"file-link\" href=\"https:\/\/bandyforbundet.no\/midt-norge-bandyregion\/wp-content\/uploads\/sites\/9\/2022\/08\/Dommerregning.xls\">Dommerregning<\/a><\/div>\n\n\n\n<div class=\"msswb-file\"><a href=\"https:\/\/bandyforbundet.no\/midt-norge-bandyregion\/wp-content\/uploads\/sites\/9\/2022\/07\/Mal-dommerrapport.doc\" class=\"file-button\" download><span class=\"dashicon dashicons dashicons-download\"><\/span><\/a><a class=\"file-link\" href=\"https:\/\/bandyforbundet.no\/midt-norge-bandyregion\/wp-content\/uploads\/sites\/9\/2022\/07\/Mal-dommerrapport.doc\">Dommerrapport<\/a><\/div>\n","protected":false},"excerpt":{"rendered":"<p>DOMMERINFORMASJON P\u00e5 denne siden vil det v\u00e6re informasjon til, om og for regionens dommere. Og du skal ikke se bort i fra at det ogs\u00e5 vil v\u00e6re relevant informasjon for de som ikke har funnet frem dommert\u00f8yet enda ogs\u00e5. DK MNBR er et lite knippe utvalgte personer som gj\u00f8r det de kan for at dommerne [&hellip;]<\/p>\n","protected":false},"author":12,"featured_media":0,"parent":919,"menu_order":0,"comment_status":"closed","ping_status":"closed","template":"templates\/template-cover.php","meta":{"cover_meta":"{\"showBackgroundImage\":true,\"bgImage\":{\"image_id\":4597,\"blog_id\":9,\"term_id\":-1,\"selected_size\":\"full\"},\"showOverlay\":true,\"overlayColor\":\"#313333\",\"overlayOpacity\":0.6,\"showIntro\":false,\"introColor\":\"white\",\"intro\":\"\",\"title\":\"KAMPLEDERE\",\"titleColor\":\"white\",\"showOutro\":true,\"outroColor\":\"white\",\"outro\":\"For deg som er - eller \u00f8nsker \u00e5 bli - innebandydommer\"}","footnotes":""},"class_list":["post-923","page","type-page","status-publish","hentry"],"_links":{"self":[{"href":"https:\/\/bandyforbundet.no\/midt-norge-bandyregion\/index.php?rest_route=\/wp\/v2\/pages\/923","targetHints":{"allow":["GET"]}}],"collection":[{"href":"https:\/\/bandyforbundet.no\/midt-norge-bandyregion\/index.php?rest_route=\/wp\/v2\/pages"}],"about":[{"href":"https:\/\/bandyforbundet.no\/midt-norge-bandyregion\/index.php?rest_route=\/wp\/v2\/types\/page"}],"author":[{"embeddable":true,"href":"https:\/\/bandyforbundet.no\/midt-norge-bandyregion\/index.php?rest_route=\/wp\/v2\/users\/12"}],"replies":[{"embeddable":true,"href":"https:\/\/bandyforbundet.no\/midt-norge-bandyregion\/index.php?rest_route=%2Fwp%2Fv2%2Fcomments&post=923"}],"version-history":[{"count":58,"href":"https:\/\/bandyforbundet.no\/midt-norge-bandyregion\/index.php?rest_route=\/wp\/v2\/pages\/923\/revisions"}],"predecessor-version":[{"id":8568,"href":"https:\/\/bandyforbundet.no\/midt-norge-bandyregion\/index.php?rest_route=\/wp\/v2\/pages\/923\/revisions\/8568"}],"up":[{"embeddable":true,"href":"https:\/\/bandyforbundet.no\/midt-norge-bandyregion\/index.php?rest_route=\/wp\/v2\/pages\/919"}],"wp:attachment":[{"href":"https:\/\/bandyforbundet.no\/midt-norge-bandyregion\/index.php?rest_route=%2Fwp%2Fv2%2Fmedia&parent=923"}],"curies":[{"name":"wp","href":"https:\/\/api.w.org\/{rel}","templated":true}]}}