{"id":932,"date":"2017-11-28T12:57:25","date_gmt":"2017-11-28T11:57:25","guid":{"rendered":"http:\/\/bandyforbundet.no\/midt-norge-bandyregion\/?page_id=932"},"modified":"2026-04-10T09:57:22","modified_gmt":"2026-04-10T09:57:22","slug":"klubber-i-mnbr-2","status":"publish","type":"page","link":"https:\/\/bandyforbundet.no\/midt-norge-bandyregion\/?page_id=932","title":{"rendered":"Klubboversikt"},"content":{"rendered":"\n<div class=\"wp-block-msswb-spacer msswb-spacer-container\" style=\"height:27px\"><div class=\"line\" style=\"height:13px\"><\/div><div class=\"line-center-divider\"><\/div><\/div>\n\n\n\n<h1 class=\"wp-block-heading\">KLUBBOVERSIKT<\/h1>\n\n\n\n<p>Nedenfor er oversikt over v\u00e5re medlemsklubber. Vi \u00f8nsker at klubbene hjelper oss med \u00e5 holde denne listen s\u00e5 oppdatert som mulig til enhver tid.<\/p>\n\n\n\n<figure class=\"wp-block-table is-style-stripes\"><table><thead><tr><th>Klubb<\/th><th>Leder<\/th><th>E-post<\/th><th>Web<\/th><th>Draktfarge<\/th><th>Kommune<\/th><\/tr><\/thead><tbody><tr><td>Braatt IL<\/td><td>Ola Krogsrud<\/td><td>ebola@muzikguide.no <\/td><td><a href=\"https:\/\/www.braatt.com\/\" target=\"_blank\" rel=\"noreferrer noopener\">Link<\/a><\/td><td>Gul\/oransje<\/td><td>Kristiansund<\/td><\/tr><tr><td>Byafossen IL<\/td><td>Denis Shulgin<\/td><td>leder@byafossen.no<\/td><td><a href=\"https:\/\/byafossen.no\/\" target=\"_blank\" rel=\"noreferrer noopener\">Link<\/a><\/td><td>Gr\u00f8nn og hvit<\/td><td>Steinkjer<\/td><\/tr><tr><td>Byneset IL<\/td><td>\u00d8yvind By<\/td><td>oyvindby@gmail.com<\/td><td><a href=\"https:\/\/www.bynesetil.no\/portal\/arego\/club\/662\" target=\"_blank\" rel=\"noreferrer noopener\">Link<\/a><\/td><td>Hvit og gr\u00f8nn<\/td><td>Trondheim<\/td><\/tr><tr><td>B\u00f8rsa IL<\/td><td>Vegar God\u00f8 Sl\u00f8rdal<\/td><td>innebandy@borsa-il.no<\/td><td><a href=\"https:\/\/nb-no.facebook.com\/BorsaIL\" target=\"_blank\" rel=\"noreferrer noopener\">Link<\/a><\/td><td>Gul og svart<\/td><td>Skaun<\/td><\/tr><tr><td>Charlottenlund SK<\/td><td>Helge Pedersen<\/td><td>helge.pedersen@csk.no<\/td><td><a href=\"https:\/\/csk.no\/\" target=\"_blank\" rel=\"noreferrer noopener\">Link<\/a><\/td><td>Gr\u00e5 og r\u00f8d<\/td><td>Trondheim<\/td><\/tr><tr><td>Eide IBK<\/td><td>Mary Hatlen<\/td><td>eideinnebandyklubb@gmail.com <\/td><td><a href=\"https:\/\/nb-no.facebook.com\/Eide-Innebandy-Klubb-738048629548415\/\" target=\"_blank\" rel=\"noreferrer noopener\">Link<\/a><\/td><td>Hvite<\/td><td>Eide<\/td><\/tr><tr><td>Eidsv\u00e5g IL<\/td><td>Alexander Klokset<\/td><td>ak.vedlikeholdservice@gmail.com<\/td><td><a href=\"https:\/\/www.eil.no\/\" target=\"_blank\" rel=\"noreferrer noopener\">Link<\/a><\/td><td><\/td><td>Nesset<\/td><\/tr><tr><td>Ellings\u00f8ya IL<\/td><td>Terje Slotsvik<\/td><td>terje_slotsvik@hotmail.com<\/td><td><a href=\"https:\/\/www.fotball.no\/fotballdata\/klubb\/hjem\/?fiksId=1005\" target=\"_blank\" rel=\"noreferrer noopener\">Link<\/a><\/td><td>Gul<\/td><td>\u00c5lesund<\/td><\/tr><tr><td>Flat\u00e5s IL<\/td><td>Kristian Lie-Pedersen<\/td><td>kristian.liep@gmail.com<\/td><td><a href=\"https:\/\/www.flatas.no\/\" target=\"_blank\" rel=\"noreferrer noopener\">Link<\/a><\/td><td>R\u00f8d<\/td><td>Trondheim<\/td><\/tr><tr><td>SK Freidig<\/td><td>Torbj\u00f8rn Alvestrand<\/td><td>torbjornalvestrand@gmail.com<\/td><td><a href=\"http:\/\/hoved.freidig.idrett.no\/\" target=\"_blank\" rel=\"noreferrer noopener\">Link<\/a><\/td><td>R\u00f8de og gule striper<\/td><td>Trondheim<\/td><\/tr><tr><td>Gl\u00e5mos IL<\/td><td>Oddmar Haugsbak<\/td><td>haugsbak@roros.net<\/td><td><a href=\"https:\/\/www.fotball.no\/fotballdata\/klubb\/hjem\/?fiksId=1191\" target=\"_blank\" rel=\"noreferrer noopener\">Link<\/a><\/td><td><\/td><td>R\u00f8ros<\/td><\/tr><tr><td>H.E.G IL<\/td><td>Tor Arne Holden<\/td><td><\/td><td><a href=\"https:\/\/nb-no.facebook.com\/hegil\" target=\"_blank\" rel=\"noreferrer noopener\">Lin<\/a><a href=\"https:\/\/nb-no.facebook.com\/hegil\">k<\/a><\/td><td>Gr\u00f8nn<\/td><td>R\u00f8ros<\/td><\/tr><tr><td>H\u00f8dd IL<\/td><td>Odd Egil Holta<\/td><td>leiar.hoddinnebandy@gmail.com<\/td><td><a href=\"https:\/\/www.ilhodd.no\/\" target=\"_blank\" rel=\"noreferrer noopener\">Link<\/a><\/td><td>Bl\u00e5 og hvit<\/td><td>Ulstein<\/td><\/tr><tr><td>IL Fram<\/td><td>Ingeborg Bremseth<\/td><td><\/td><td><a href=\"https:\/\/ilfram.no\/\" target=\"_blank\" rel=\"noreferrer noopener\">Link<\/a><\/td><td><\/td><td>Stj\u00f8rdal<\/td><\/tr><tr><td>Kl\u00e6bu IBK<\/td><td>Anne Mette Hox<\/td><td>kibkstyret@gmail.com<\/td><td><a href=\"https:\/\/www.facebook.com\/KlabuIBK\/\" target=\"_blank\" rel=\"noreferrer noopener\">Link<\/a><\/td><td>Gr\u00f8nn og Sort<\/td><td>Trondheim<\/td><\/tr><tr><td>Langev\u00e5g IL<\/td><td>Marius Skj\u00f8nberg<\/td><td>mskj@live.no<\/td><td><a href=\"https:\/\/www.langevagil.no\/portal\/arego\/club\/76\" target=\"_blank\" rel=\"noreferrer noopener\">Link<\/a><\/td><td>Gul<\/td><td>Sula<\/td><\/tr><tr><td>Leksvik IL<\/td><td><\/td><td><\/td><td><a href=\"https:\/\/leksvikil.no\/\" target=\"_blank\" rel=\"noreferrer noopener\">Link<\/a><\/td><td><\/td><td>Indre Fosen<\/td><\/tr><tr><td>Levanger HSL<\/td><td><\/td><td>an.neb@live.no<\/td><td><a href=\"https:\/\/leksvikil.no\/\" target=\"_blank\" rel=\"noreferrer noopener\">Link<\/a><\/td><td>R\u00f8d<\/td><td>Levanger<\/td><\/tr><tr><td>Levangerstudentene<\/td><td><\/td><td><\/td><td><a href=\"https:\/\/www.fotball.no\/fotballdata\/lag\/hjem\/?fiksId=30826\" target=\"_blank\" rel=\"noreferrer noopener\">Link<\/a><\/td><td><\/td><td>Levanger<\/td><\/tr><tr><td>L\u00e5nke IL<\/td><td>\u00c5ge Sj\u00f8lstad<\/td><td>Age@stjordal-sjotransport.no<\/td><td><a href=\"https:\/\/lankeil.no\/\" target=\"_blank\" rel=\"noreferrer noopener\">Link<\/a><\/td><td>Gul og sort<\/td><td>Stj\u00f8rdal<\/td><\/tr><tr><td>Malvik IL<\/td><td>Lars Sivertsen<\/td><td>larsm.sivertsen@gmail.com<\/td><td><a href=\"https:\/\/www.malvikil.no\/\" target=\"_blank\" rel=\"noreferrer noopener\">Link<\/a><\/td><td>R\u00f8d<\/td><td>Malvik<\/td><\/tr><tr><td>Melhus IL<\/td><td>Siv Tone Myran Sommervold<\/td><td>s.tone@hotmail.com<\/td><td><a href=\"https:\/\/www.melhusil.no\/\" target=\"_blank\" rel=\"noreferrer noopener\">Link<\/a><\/td><td><\/td><td>Melhus<\/td><\/tr><tr><td>Namdalseid IL<\/td><td>Sissel Stormo Holtan<\/td><td>tigerjakt@gmail.com<\/td><td><a href=\"https:\/\/www.namdalseidil.no\/\" target=\"_blank\" rel=\"noreferrer noopener\">Link<\/a><\/td><td><\/td><td>Namsos<\/td><\/tr><tr><td>Nidaros IBK<\/td><td>Narve Aske<\/td><td>nidaros@nibk.com<\/td><td><a href=\"https:\/\/www.nidaros.no\/\" target=\"_blank\" rel=\"noreferrer noopener\">Link<\/a><\/td><td>Bl\u00e5<\/td><td>Trondheim<\/td><\/tr><tr><td>Nidelv IL<\/td><td>Arvid Johnsen<\/td><td>arvidjohnsen@hotmail.com<\/td><td><a href=\"https:\/\/www.nidelvil.no\/portal\/arego\/club\/561\/sport\/6\" target=\"_blank\" rel=\"noreferrer noopener\">Link<\/a><\/td><td>Bl\u00e5 og r\u00f8d<\/td><td>Trondheim<\/td><\/tr><tr><td>Nordbyen SK<\/td><td>Anders \u00d8rnhammar<\/td><td>anderguo@online.no<\/td><td><a href=\"https:\/\/nordbyensk.no\/index.html\" target=\"_blank\" rel=\"noreferrer noopener\">Link<\/a><\/td><td><\/td><td>Molde<\/td><\/tr><tr><td>NTNUI Bandy<\/td><td>J\u00f8rgen R\u00f8ine<\/td><td>jorgen.roine@hotmail.com<\/td><td><a href=\"https:\/\/ntnui.no\/grupper\/#bandy\" target=\"_blank\" rel=\"noreferrer noopener\">Link<\/a><\/td><td>Gul <\/td><td>Trondheim<\/td><\/tr><tr><td>NTNUI Innebandy<\/td><td>Jonas Hildonen Brustad<\/td><td>jonas.brustad@ntnui.no<\/td><td><a href=\"https:\/\/ntnui.no\/grupper\/#innebandy\" target=\"_blank\" rel=\"noreferrer noopener\">Link<\/a><\/td><td>Gul og gr\u00f8nn<\/td><td>Trondheim<\/td><\/tr><tr><td>Nyborg IL<\/td><td>Arve Sponnich<\/td><td>innebandy@nyborgil.no<\/td><td><a href=\"https:\/\/nyborgil.no\/\" target=\"_blank\" rel=\"noreferrer noopener\">Link<\/a><\/td><td>Bl\u00e5<\/td><td>Trondheim<\/td><\/tr><tr><td>Oppdal IBK<\/td><td>Arnt-Owe Ishoel<\/td><td>aoishoel@gmail.com<\/td><td>Link<\/td><td>R\u00f8d<\/td><td>Oppdal<\/td><\/tr><tr><td>Ranheim IBK<\/td><td>Eystein Bye<\/td><td>ranheimibk@gmail.com<\/td><td><a href=\"https:\/\/www.facebook.com\/ranheimibk\/\" target=\"_blank\" rel=\"noreferrer noopener\">Link<\/a><\/td><td>Bl\u00e5<\/td><td>Trondheim<\/td><\/tr><tr><td>Selsbakk IF<\/td><td>Anita Katrine Johansen<\/td><td>anita_katrinej@hotmail.com<\/td><td><\/td><td>Gul og Bl\u00e5<\/td><td>Trondheim<\/td><\/tr><tr><td>Selbu IBK<\/td><td>Svein Morten Ren\u00e5<\/td><td>selbuinnebandy@gmail.com<\/td><td><br><a href=\"https:\/\/www.fotball.no\/fotballdata\/klubb\/hjem\/?fiksId=1210\" target=\"_blank\" rel=\"noreferrer noopener\">Link<\/a><\/td><td>Sort og bl\u00e5<\/td><td>Selbu<\/td><\/tr><tr><td>Sjetne IL<\/td><td>Ida Kristin Brekke<\/td><td>idakristinbrekke@gmail.com.<\/td><td><a href=\"https:\/\/www.sjetneil.no\/\" target=\"_blank\" rel=\"noreferrer noopener\">Link<\/a><\/td><td>Burgunder<\/td><td>Trondheim<\/td><\/tr><tr><td>SK Trygg\/Lade<\/td><td>Magnus Br\u00f8rs<\/td><td>Magnusbrors@gmail.com<\/td><td><a href=\"https:\/\/www.trygglade.no\/\" target=\"_blank\" rel=\"noreferrer noopener\">Link<\/a><\/td><td>Hvit<\/td><td>Trondheim<\/td><\/tr><tr><td>Skodje IL<\/td><td>Kenneth Nes<\/td><td>kenneth.nes@alesund.kommune.no<\/td><td><a href=\"https:\/\/www.skodjeil.no\/\" target=\"_blank\" rel=\"noreferrer noopener\">Link<\/a><\/td><td>Gul<\/td><td>\u00c5lesund<\/td><\/tr><tr><td>Surnadal IL<\/td><td>Rickard Larsson<\/td><td>rickardlarsson83@gmail.com <\/td><td><a href=\"https:\/\/surnadal-il.no\/\" target=\"_blank\" rel=\"noreferrer noopener\">Link<\/a><\/td><td>Bl\u00e5<\/td><td>Surnadal<\/td><\/tr><tr><td>Sykkylven IBK<\/td><td>\u00d8ystein Bakke<\/td><td>oystein.bakke72@gmail.com<\/td><td><a href=\"https:\/\/sykkylven-il.no\/\" target=\"_blank\" rel=\"noreferrer noopener\">Link<\/a><\/td><td>R\u00f8d og sort<\/td><td>Sykkylven<\/td><\/tr><tr><td>Tomrefjord IL<\/td><td>Elin Jeanette Lid<\/td><td>elinjhansen@hotmail.com<\/td><td><a href=\"https:\/\/www.tomrefjordil.no\/\" target=\"_blank\" rel=\"noreferrer noopener\">Link<\/a><\/td><td>Gul og Sort<\/td><td>Vestnes<\/td><\/tr><tr><td>Trondheim Landhockeyklubb<\/td><td>Asa Mallon<\/td><td>landhockey.trondheim@gmail.com<\/td><td><a href=\"https:\/\/bandyforbundet.no\/midt-norge-bandyregion\/?page_id=882\" target=\"_blank\" rel=\"noreferrer noopener\">Link<\/a><\/td><td><\/td><td>Trondheim<\/td><\/tr><tr><td>Trondheim IBK<\/td><td>Jim L\u00f8v\u00e5s<\/td><td>trondheimibk@gmail.com<\/td><td><a href=\"https:\/\/bandyforbundet.no\/midt-norge-bandyregion\/?page_id=882\" target=\"_blank\" rel=\"noreferrer noopener\">Link<\/a><\/td><td><\/td><td>Trondheim<\/td><\/tr><tr><td>Utleira IL<\/td><td>Tore Baadshaug<\/td><td>tbaad@hotmail.com<\/td><td><a href=\"https:\/\/www.utleira.no\/\" target=\"_blank\" rel=\"noreferrer noopener\">Link<\/a><\/td><td>Oransje<\/td><td>Trondheim<\/td><\/tr><tr><td>Volda IBK<\/td><td>Lluis Aguilar<\/td><td>aguilar.lluis@gmail.com<\/td><td><a href=\"https:\/\/nb-no.facebook.com\/VoldaIbk\/\" target=\"_blank\" rel=\"noreferrer noopener\">Link<\/a><\/td><td>Bl\u00e5<\/td><td>Volda<\/td><\/tr><tr><td>Yrjar IBK<\/td><td>Ivar Kristian Mj\u00f8en<\/td><td>ivar.yrjarinnebandyklubb@gmail.com<\/td><td><a href=\"https:\/\/uk.linkedin.com\/company\/yrjar-ibk?original_referer=https%3A%2F%2Fwww.bing.com%2F\" target=\"_blank\" rel=\"noreferrer noopener\">Link<\/a><\/td><td>Sort<\/td><td>\u00d8rland<\/td><\/tr><tr><td>\u00d8rsta IL<\/td><td>\u00d8ystein Kr\u00f8vel<\/td><td>innebandy@orstail.no<\/td><td><a href=\"http:\/\/www.orstail.no\" target=\"_blank\" rel=\"noreferrer noopener\">Link<\/a><\/td><td>Hvit<\/td><td>\u00d8rsta<\/td><\/tr><tr><td>\u00c5fjord IL<\/td><td>Tone Murvold<\/td><td>tmurvold@online.no<\/td><td><a href=\"https:\/\/www.afjordil.no\/portal\/arego\/club\/918\" target=\"_blank\" rel=\"noreferrer noopener\">Link<\/a><\/td><td><\/td><td>\u00c5fjord<\/td><\/tr><tr><td>\u00c5lesund IBK<\/td><td>Kenneth Solberg<\/td><td>post@hurricanesibk.no<\/td><td><a href=\"https:\/\/www.hurricanesibk.no\/\" target=\"_blank\" rel=\"noreferrer noopener\">Link<\/a><\/td><td>R\u00f8d<\/td><td>\u00c5lesund<\/td><\/tr><\/tbody><\/table><\/figure>\n\n\n\n<p><\/p>\n","protected":false},"excerpt":{"rendered":"<p>KLUBBOVERSIKT Nedenfor er oversikt over v\u00e5re medlemsklubber. Vi \u00f8nsker at klubbene hjelper oss med \u00e5 holde denne listen s\u00e5 oppdatert som mulig til enhver tid. Klubb Leder E-post Web Draktfarge Kommune Braatt IL Ola Krogsrud ebola@muzikguide.no Link Gul\/oransje Kristiansund Byafossen IL Denis Shulgin leder@byafossen.no Link Gr\u00f8nn og hvit Steinkjer Byneset IL \u00d8yvind By oyvindby@gmail.com Link [&hellip;]<\/p>\n","protected":false},"author":19,"featured_media":0,"parent":919,"menu_order":0,"comment_status":"closed","ping_status":"closed","template":"","meta":{"cover_meta":"","footnotes":""},"class_list":["post-932","page","type-page","status-publish","hentry"],"_links":{"self":[{"href":"https:\/\/bandyforbundet.no\/midt-norge-bandyregion\/index.php?rest_route=\/wp\/v2\/pages\/932","targetHints":{"allow":["GET"]}}],"collection":[{"href":"https:\/\/bandyforbundet.no\/midt-norge-bandyregion\/index.php?rest_route=\/wp\/v2\/pages"}],"about":[{"href":"https:\/\/bandyforbundet.no\/midt-norge-bandyregion\/index.php?rest_route=\/wp\/v2\/types\/page"}],"author":[{"embeddable":true,"href":"https:\/\/bandyforbundet.no\/midt-norge-bandyregion\/index.php?rest_route=\/wp\/v2\/users\/19"}],"replies":[{"embeddable":true,"href":"https:\/\/bandyforbundet.no\/midt-norge-bandyregion\/index.php?rest_route=%2Fwp%2Fv2%2Fcomments&post=932"}],"version-history":[{"count":96,"href":"https:\/\/bandyforbundet.no\/midt-norge-bandyregion\/index.php?rest_route=\/wp\/v2\/pages\/932\/revisions"}],"predecessor-version":[{"id":9101,"href":"https:\/\/bandyforbundet.no\/midt-norge-bandyregion\/index.php?rest_route=\/wp\/v2\/pages\/932\/revisions\/9101"}],"up":[{"embeddable":true,"href":"https:\/\/bandyforbundet.no\/midt-norge-bandyregion\/index.php?rest_route=\/wp\/v2\/pages\/919"}],"wp:attachment":[{"href":"https:\/\/bandyforbundet.no\/midt-norge-bandyregion\/index.php?rest_route=%2Fwp%2Fv2%2Fmedia&parent=932"}],"curies":[{"name":"wp","href":"https:\/\/api.w.org\/{rel}","templated":true}]}}