{"id":933,"date":"2017-11-28T12:54:01","date_gmt":"2017-11-28T11:54:01","guid":{"rendered":"http:\/\/bandyforbundet.no\/midt-norge-bandyregion\/?page_id=933"},"modified":"2025-12-12T10:11:19","modified_gmt":"2025-12-12T10:11:19","slug":"kontakt-oss-13","status":"publish","type":"page","link":"https:\/\/bandyforbundet.no\/midt-norge-bandyregion\/?page_id=933","title":{"rendered":"Om Midt-Norge Bandyregion"},"content":{"rendered":"\n<div class=\"wp-block-msswb-spacer msswb-spacer-container\" style=\"height:27px\"><div class=\"line\" style=\"height:13px\"><\/div><div class=\"line-center-divider\"><\/div><\/div>\n\n\n\n<h1 class=\"wp-block-heading\">ORGANISASJONSINFO<\/h1>\n\n\n\n<p class=\"has-small-font-size\"><em>Velkommen til Midt-Norge Bandyregion. Vi administrerer Norges Bandyforbund sin aktivitet i M\u00f8re og Romsdal og Tr\u00f8ndelag. Vi har godt over 40 medlemsklubber som til sammen har omtrent 3000 medlemmer. Vi er med andre ord en s\u00e6rkrets med betydelig aktivitet innen v\u00e5re idretter (innebandy, landhockey og bandy)<\/em>.<\/p>\n\n\n\n<p class=\"has-white-normal-color has-black-normal-background-color has-text-color has-background\"><strong>Adresse<\/strong><br><em>Midt-Norge Bandyregion<br>Idrettens Hus<br>Ingvald Ystgaards vei 3a<br>7047 Trondheim<\/em><br><br><strong>Konto:<\/strong> 4200.09.45476<br><strong>Org.nr: <\/strong>983.876.876<\/p>\n\n\n\n<div class=\"msswb-file\"><a href=\"https:\/\/bandyforbundet.no\/midt-norge-bandyregion\/wp-content\/uploads\/sites\/9\/2024\/02\/Lovnorm-MNBR-2024.pdf\" class=\"file-button\" download><span class=\"dashicon dashicons dashicons-download\"><\/span><\/a><a class=\"file-link\" href=\"https:\/\/bandyforbundet.no\/midt-norge-bandyregion\/wp-content\/uploads\/sites\/9\/2024\/02\/Lovnorm-MNBR-2024.pdf\">Lov MNBR<\/a><\/div>\n\n\n\n<div class=\"msswb-file\"><a href=\"https:\/\/bandyforbundet.no\/midt-norge-bandyregion\/wp-content\/uploads\/sites\/9\/2024\/05\/Malgarden-1.pdf\" class=\"file-button\" download><span class=\"dashicon dashicons dashicons-download\"><\/span><\/a><a class=\"file-link\" href=\"https:\/\/bandyforbundet.no\/midt-norge-bandyregion\/wp-content\/uploads\/sites\/9\/2024\/05\/Malgarden-1.pdf\">Strategidokumentet &laquo;M\u00e5lg\u00e5rden&raquo;<\/a><\/div>\n\n\n\n<div class=\"wp-block-msswb-spacer msswb-spacer-container\" style=\"height:30px\"><div class=\"line\" style=\"height:15px\"><\/div><div class=\"line-center-divider\"><\/div><\/div>\n\n\n\n<div class=\"wp-block-msswb-panel msswb-panel-container\"><div class=\"mwwsb-panel-header\"><div class=\"mwwsb-panel-title\">Regionstyret<\/div><div class=\"mwwsb-panel-icon\"><span class=\"dashicon dashicons dashicons-arrow-down-alt2\"><\/span><\/div><\/div><div class=\"msswb-panel-content\"><div class=\"msswb-image-frontend-app\"data-href-target=\"false\" data-href=\"%22%22\" data-use-link=\"false\" data-screen-width=\"false\" data-alignment=\"%22right%22\" data-url=\"%22%22\" data-is-background-image=\"false\" data-border-radius=\"38\" data-image-width=\"400\" data-image-height=\"300\" data-selected-image=\"null\" data-image-aspect-ratio=\"0.75\" data-alt-text=\"%22%22\" data-caption=\"%22%22\" data-width=\"0\" data-height=\"0\" data-focal-point=\"\" data-show-light-box=\"false\" >\n<div class=\"msswb-image-block msswbright\" style=\"width:0px\"><div class=\"msswb-image \"><div class=\"image-container\" style=\"width:0;height:0px\"><img decoding=\"async\" style=\"width:0;height:0;border-radius:38px\" src=\"\" \/><\/div><\/div><div class=\"msswb-image-caption-container\"><div class=\"msswb-image-caption\"><\/div><\/div><\/div>\n<\/div>\n\n\n<p>Regionstyret best\u00e5r i perioden 2024-26 av:<\/p>\n\n\n\n<p class=\"has-small-font-size\"><strong>Leder:<\/strong> Linda Str\u00f8mmen Reknes<br><strong>Nestleder:<\/strong> Aya Anima<br><strong>Medlem: <\/strong>Jonas Kjellstadli<br><strong>Medlem:<\/strong> B\u00e5rd Steinshylla Solum<br><strong>Medlem: <\/strong>Eystein Bye<br><strong>Vara:<\/strong> Hanne Haugen<br><br><em>Henvendelser til styret gj\u00f8res til e-post: linstroe@hotmail.com<\/em>.<\/p>\n<\/div><\/div>\n\n\n\n<div class=\"wp-block-msswb-panel msswb-panel-container\"><div class=\"mwwsb-panel-header\"><div class=\"mwwsb-panel-title\">Arbeidsutvalg<\/div><div class=\"mwwsb-panel-icon\"><span class=\"dashicon dashicons dashicons-arrow-down-alt2\"><\/span><\/div><\/div><div class=\"msswb-panel-content\">\n<p>For perioden 2024-2026 vedtok styret i styrem\u00f8tet 26.6.24 at regionens arbeidsutvalg (AU) skal ha f\u00f8lgende sammensetning:<\/p>\n\n\n\n<p><em>Styreleder<br>Nestleder<br>Daglig leder<\/em><\/p>\n<\/div><\/div>\n\n\n\n<div class=\"wp-block-msswb-panel msswb-panel-container\"><div class=\"mwwsb-panel-header\"><div class=\"mwwsb-panel-title\">Administrasjon<\/div><div class=\"mwwsb-panel-icon\"><span class=\"dashicon dashicons dashicons-arrow-down-alt2\"><\/span><\/div><\/div><div class=\"msswb-panel-content\"><div class=\"msswb-display-internal-post-frontend-app-v2\" data-url-encoded-attrs=\"%7B%22displayInternalPost%22%3A%7B%22blog_id%22%3A9%2C%22ID%22%3A1228%7D%7D\" data-dip-id=\"\" ><\/div><\/div><\/div>\n\n\n\n<div class=\"wp-block-msswb-panel msswb-panel-container\"><div class=\"mwwsb-panel-header\"><div class=\"mwwsb-panel-title\">Utviklingsavdelingen Midt-Norge<\/div><div class=\"mwwsb-panel-icon\"><span class=\"dashicon dashicons dashicons-arrow-down-alt2\"><\/span><\/div><\/div><div class=\"msswb-panel-content\"><div class=\"msswb-display-internal-post-frontend-app-v2\" data-url-encoded-attrs=\"%7B%22displayInternalPost%22%3A%7B%22blog_id%22%3A9%2C%22ID%22%3A1225%7D%7D\" data-dip-id=\"\" ><\/div><\/div><\/div>\n\n\n\n<div class=\"wp-block-msswb-spacer msswb-spacer-container\" style=\"height:12px\"><div class=\"line\" style=\"height:6px\"><\/div><div class=\"line-center-divider\"><\/div><\/div>\n\n\n\n<div class=\"wp-block-msswb-spacer msswb-spacer-container\" style=\"height:33px\"><div class=\"line\" style=\"height:16px\"><\/div><div class=\"line-center-divider\"><\/div><\/div>\n\n\n\n<p class=\"has-text-align-center has-white-normal-color has-text-color has-background has-normal-font-size\" style=\"background-color:#3e573f\">Styret i MNBR velges av regionens \u00e5rsm\u00f8te, og er medlemsklubbenes tillitsvalgte til \u00e5 gj\u00f8re en jobb for fellesskapet. Regionens \u00e5rsm\u00f8te avholdes i mai m\u00e5ned i partalls\u00e5r, og alle klubber i Midt-Norge har representasjonsrett. Innkalling og sakspapirer offentliggj\u00f8res her p\u00e5 nettsiden. Her legges det ogs\u00e5 ut protokoller fra styrem\u00f8tene. \u00c5rsm\u00f8tet avholdes i partalls\u00e5r<\/p>\n\n\n\n<div class=\"wp-block-msswb-panel msswb-panel-container\"><div class=\"mwwsb-panel-header\"><div class=\"mwwsb-panel-title\">Kontrollutvalg<\/div><div class=\"mwwsb-panel-icon\"><span class=\"dashicon dashicons dashicons-arrow-down-alt2\"><\/span><\/div><\/div><div class=\"msswb-panel-content\">\n<p><em>Regionens valgte kontrollutvalg er sammensatt p\u00e5 f\u00f8lgende m\u00e5te i perioden 2024-2026<\/em>:<\/p>\n\n\n\n<p><strong>Leder: <\/strong>Nina R\u00f8kkum<br><strong>Medlem:<\/strong> Espen Sjetne<br><strong>Vara:<\/strong> Lou Chen<\/p>\n\n\n\n<p class=\"has-small-font-size\">Henvendelser direkte til kontrollutvalget kan gj\u00f8res til leder p\u00e5 e-post: nina.rokkum@gmail.com.<\/p>\n<\/div><\/div>\n\n\n\n<div class=\"wp-block-msswb-panel msswb-panel-container\"><div class=\"mwwsb-panel-header\"><div class=\"mwwsb-panel-title\">Valgkomite<\/div><div class=\"mwwsb-panel-icon\"><span class=\"dashicon dashicons dashicons-arrow-down-alt2\"><\/span><\/div><\/div><div class=\"msswb-panel-content\">\n<p><em>\u00c5rsm\u00f8tet 2024 valgte f\u00f8lgende valgkomite til \u00e5rsm\u00f8tet i 2026:<\/em><\/p>\n\n\n\n<p><strong>Leder: <\/strong>Gunnar Olsen<br><strong>Medlem:<\/strong> Magnus Br\u00f8rs<br><strong>Medlem:<\/strong> Ha-Ny Lene Nguyen Vo<br><strong>Vara: <\/strong>Linn Cesilie Ness<\/p>\n\n\n\n<p class=\"has-small-font-size\">Henvendelser til valgkomiteen kan gj\u00f8res til leder p\u00e5 e-post: gunnar.olsen47@gmail.com.<\/p>\n<\/div><\/div>\n\n\n\n<div class=\"wp-block-msswb-panel msswb-panel-container\"><div class=\"mwwsb-panel-header\"><div class=\"mwwsb-panel-title\">Dommerkomite<\/div><div class=\"mwwsb-panel-icon\"><span class=\"dashicon dashicons dashicons-arrow-down-alt2\"><\/span><\/div><\/div><div class=\"msswb-panel-content\">\n<p>DK MNBR h\u00e5ndterer oppf\u00f8lging, oppsett og utdanning av kampledere i innebandy. For perioden 2024-26 er komiteen slik sammensatt:<br><br><strong>Leder: <\/strong>Tiril Vermund<br><strong>Medlem: <\/strong>Thomas Selven<br><strong>Medlem:<\/strong> Are Hovdar<br><strong>Vara: <\/strong>Pt. ikke besatt<br><br>Kontaktinfo: <em>dommerkomite@mnbr.no<\/em><\/p>\n<\/div><\/div>\n\n\n\n<div class=\"wp-block-msswb-spacer msswb-spacer-container\" style=\"height:25px\"><div class=\"line\" style=\"height:12px\"><\/div><div class=\"line-center-divider\"><\/div><\/div>\n\n\n\n<h4 class=\"wp-block-heading has-red-normal-color has-text-color has-background\" style=\"background-color:#b7b7b7\">PROTOKOLLER OG DOKUMENTER<\/h4>\n\n\n\n<div class=\"wp-block-msswb-panel msswb-panel-container\"><div class=\"mwwsb-panel-header\"><div class=\"mwwsb-panel-title\">\u00c5rsm\u00f8tedokumenter<\/div><div class=\"mwwsb-panel-icon\"><span class=\"dashicon dashicons dashicons-arrow-down-alt2\"><\/span><\/div><\/div><div class=\"msswb-panel-content\"><div class=\"msswb-display-internal-post-frontend-app-v2\" data-url-encoded-attrs=\"%7B%22displayInternalPost%22%3A%7B%22blog_id%22%3A9%2C%22ID%22%3A1215%7D%7D\" data-dip-id=\"\" ><\/div><\/div><\/div>\n\n\n\n<div class=\"wp-block-msswb-panel msswb-panel-container\"><div class=\"mwwsb-panel-header\"><div class=\"mwwsb-panel-title\">Styrem\u00f8teprotokoller<\/div><div class=\"mwwsb-panel-icon\"><span class=\"dashicon dashicons dashicons-arrow-down-alt2\"><\/span><\/div><\/div><div class=\"msswb-panel-content\"><div class=\"msswb-display-internal-post-frontend-app-v2\" data-url-encoded-attrs=\"%7B%22displayInternalPost%22%3A%7B%22blog_id%22%3A9%2C%22ID%22%3A1216%7D%7D\" data-dip-id=\"\" ><\/div><\/div><\/div>\n\n\n\n<div class=\"wp-block-msswb-panel msswb-panel-container\"><div class=\"mwwsb-panel-header\"><div class=\"mwwsb-panel-title\">Klubbm\u00f8ter<\/div><div class=\"mwwsb-panel-icon\"><span class=\"dashicon dashicons dashicons-arrow-down-alt2\"><\/span><\/div><\/div><div class=\"msswb-panel-content\">\n<div class=\"msswb-file\"><a href=\"https:\/\/bandyforbundet.no\/midt-norge-bandyregion\/wp-content\/uploads\/sites\/9\/2025\/12\/Klubbmote-9.-desember.pdf\" class=\"file-button\" download><span class=\"dashicon dashicons dashicons-download\"><\/span><\/a><a class=\"file-link\" href=\"https:\/\/bandyforbundet.no\/midt-norge-bandyregion\/wp-content\/uploads\/sites\/9\/2025\/12\/Klubbmote-9.-desember.pdf\">Klubbm\u00f8te, 9. desember<\/a><\/div>\n\n\n\n<div class=\"msswb-file\"><a href=\"https:\/\/bandyforbundet.no\/midt-norge-bandyregion\/wp-content\/uploads\/sites\/9\/2025\/06\/Klubbmote-juni-mnbr.pdf\" class=\"file-button\" download><span class=\"dashicon dashicons dashicons-download\"><\/span><\/a><a class=\"file-link\" href=\"https:\/\/bandyforbundet.no\/midt-norge-bandyregion\/wp-content\/uploads\/sites\/9\/2025\/06\/Klubbmote-juni-mnbr.pdf\">Klubbm\u00f8te, juni 2025<\/a><\/div>\n\n\n\n<div class=\"msswb-file\"><a href=\"https:\/\/bandyforbundet.no\/midt-norge-bandyregion\/wp-content\/uploads\/sites\/9\/2025\/09\/Klubbmote-september-endelig-referat.pdf\" class=\"file-button\" download><span class=\"dashicon dashicons dashicons-download\"><\/span><\/a><a class=\"file-link\" href=\"https:\/\/bandyforbundet.no\/midt-norge-bandyregion\/wp-content\/uploads\/sites\/9\/2025\/09\/Klubbmote-september-endelig-referat.pdf\">Klubbm\u00f8te september<\/a><\/div>\n\n\n\n<div class=\"wp-block-msswb-spacer msswb-spacer-container\" style=\"height:13px\"><div class=\"line\" style=\"height:6px\"><\/div><div class=\"line-center-divider\"><\/div><\/div>\n\n\n\n<p>For sesongen 2024\/25:<\/p>\n\n\n\n<div class=\"msswb-file\"><a href=\"https:\/\/bandyforbundet.no\/midt-norge-bandyregion\/wp-content\/uploads\/sites\/9\/2024\/08\/Klubbmote-juni-2024.pdf\" class=\"file-button\" download><span class=\"dashicon dashicons dashicons-download\"><\/span><\/a><a class=\"file-link\" href=\"https:\/\/bandyforbundet.no\/midt-norge-bandyregion\/wp-content\/uploads\/sites\/9\/2024\/08\/Klubbmote-juni-2024.pdf\">Klubbm\u00f8te juni 2024<\/a><\/div>\n\n\n\n<div class=\"msswb-file\"><a href=\"https:\/\/bandyforbundet.no\/midt-norge-bandyregion\/wp-content\/uploads\/sites\/9\/2024\/09\/Klubbmote-september-2024.pdf\" class=\"file-button\" download><span class=\"dashicon dashicons dashicons-download\"><\/span><\/a><a class=\"file-link\" href=\"https:\/\/bandyforbundet.no\/midt-norge-bandyregion\/wp-content\/uploads\/sites\/9\/2024\/09\/Klubbmote-september-2024.pdf\">Klubbm\u00f8te september 2024<\/a><\/div>\n<\/div><\/div>\n\n\n\n<div class=\"wp-block-msswb-panel msswb-panel-container\"><div class=\"mwwsb-panel-header\"><div class=\"mwwsb-panel-title\">SLU-m\u00f8ter<\/div><div class=\"mwwsb-panel-icon\"><span class=\"dashicon dashicons dashicons-arrow-down-alt2\"><\/span><\/div><\/div><div class=\"msswb-panel-content\"><div class=\"msswb-display-internal-post-frontend-app-v2\" data-url-encoded-attrs=\"%7B%22displayInternalPost%22%3A%7B%22blog_id%22%3A9%2C%22ID%22%3A1214%7D%7D\" data-dip-id=\"\" ><\/div><\/div><\/div>\n\n\n\n<div class=\"wp-block-msswb-spacer msswb-spacer-container\" style=\"height:50px\"><div class=\"line\" style=\"height:25px\"><\/div><div class=\"line-center-divider\"><\/div><\/div>\n\n\n\n<div class=\"wp-block-msswb-panel msswb-panel-container\"><div class=\"mwwsb-panel-header\"><div class=\"mwwsb-panel-title\">Hvem er MNBR og hva kan vi hjelpe ditt idrettslag med?<\/div><div class=\"mwwsb-panel-icon\"><span class=\"dashicon dashicons dashicons-arrow-down-alt2\"><\/span><\/div><\/div><div class=\"msswb-panel-content\">\n<p>Hvem er vi og hva kan vi bidra med ovenfor idrettslag som \u00f8nsker \u00e5 tilby innebandyaktivitet? Vi slo av en prat med <a rel=\"noreferrer noopener\" href=\"https:\/\/www.radiotrondelag.no\/\" target=\"_blank\">Radio Tr\u00f8ndelag<\/a> for noen \u00e5r siden om blant annet det.<\/p>\n\n\n\n<figure class=\"wp-block-audio\"><audio controls src=\"https:\/\/bandyforbundet.no\/midt-norge-bandyregion\/wp-content\/uploads\/sites\/9\/2022\/04\/RadioTrondelag-1.mp3\"><\/audio><\/figure>\n<\/div><\/div>\n","protected":false},"excerpt":{"rendered":"<p>ORGANISASJONSINFO Velkommen til Midt-Norge Bandyregion. Vi administrerer Norges Bandyforbund sin aktivitet i M\u00f8re og Romsdal og Tr\u00f8ndelag. Vi har godt over 40 medlemsklubber som til sammen har omtrent 3000 medlemmer. Vi er med andre ord en s\u00e6rkrets med betydelig aktivitet innen v\u00e5re idretter (innebandy, landhockey og bandy). AdresseMidt-Norge BandyregionIdrettens HusIngvald Ystgaards vei 3a7047 Trondheim Konto: [&hellip;]<\/p>\n","protected":false},"author":33,"featured_media":0,"parent":919,"menu_order":0,"comment_status":"closed","ping_status":"closed","template":"","meta":{"cover_meta":"","footnotes":""},"class_list":["post-933","page","type-page","status-publish","hentry"],"_links":{"self":[{"href":"https:\/\/bandyforbundet.no\/midt-norge-bandyregion\/index.php?rest_route=\/wp\/v2\/pages\/933","targetHints":{"allow":["GET"]}}],"collection":[{"href":"https:\/\/bandyforbundet.no\/midt-norge-bandyregion\/index.php?rest_route=\/wp\/v2\/pages"}],"about":[{"href":"https:\/\/bandyforbundet.no\/midt-norge-bandyregion\/index.php?rest_route=\/wp\/v2\/types\/page"}],"author":[{"embeddable":true,"href":"https:\/\/bandyforbundet.no\/midt-norge-bandyregion\/index.php?rest_route=\/wp\/v2\/users\/33"}],"replies":[{"embeddable":true,"href":"https:\/\/bandyforbundet.no\/midt-norge-bandyregion\/index.php?rest_route=%2Fwp%2Fv2%2Fcomments&post=933"}],"version-history":[{"count":55,"href":"https:\/\/bandyforbundet.no\/midt-norge-bandyregion\/index.php?rest_route=\/wp\/v2\/pages\/933\/revisions"}],"predecessor-version":[{"id":8799,"href":"https:\/\/bandyforbundet.no\/midt-norge-bandyregion\/index.php?rest_route=\/wp\/v2\/pages\/933\/revisions\/8799"}],"up":[{"embeddable":true,"href":"https:\/\/bandyforbundet.no\/midt-norge-bandyregion\/index.php?rest_route=\/wp\/v2\/pages\/919"}],"wp:attachment":[{"href":"https:\/\/bandyforbundet.no\/midt-norge-bandyregion\/index.php?rest_route=%2Fwp%2Fv2%2Fmedia&parent=933"}],"curies":[{"name":"wp","href":"https:\/\/api.w.org\/{rel}","templated":true}]}}