{"id":934,"date":"2017-11-28T13:14:03","date_gmt":"2017-11-28T12:14:03","guid":{"rendered":"http:\/\/bandyforbundet.no\/midt-norge-bandyregion\/?page_id=934"},"modified":"2021-09-17T12:35:26","modified_gmt":"2021-09-17T12:35:26","slug":"linker","status":"publish","type":"page","link":"https:\/\/bandyforbundet.no\/midt-norge-bandyregion\/?page_id=934","title":{"rendered":"Linker"},"content":{"rendered":"\n<div class=\"wp-block-msswb-spacer msswb-spacer-container\" style=\"height:27px\"><div class=\"line\" style=\"height:13px\"><\/div><div class=\"line-center-divider\"><\/div><\/div>\n\n\n\n<h1 class=\"wp-block-heading\">LINKER<\/h1>\n\n\n\n<ul class=\"has-background wp-block-list\" style=\"background:linear-gradient(90deg,rgb(238,238,238) 0%,rgb(169,184,195) 100%)\"><li><a rel=\"noreferrer noopener\" href=\"https:\/\/www.idrettsforbundet.no\/\" target=\"_blank\">Norges Idrettsforbund<\/a><\/li><li><a rel=\"noreferrer noopener\" href=\"https:\/\/www.idrettsforbundet.no\/idrettskrets\/trondelag\/\" target=\"_blank\">Tr\u00f8ndelag idrettskrets<\/a><\/li><li><a rel=\"noreferrer noopener\" href=\"https:\/\/www.idrettsforbundet.no\/idrettskrets\/moreogromsdal\/\" target=\"_blank\">M\u00f8re og Romsdal idrettskrets<\/a><\/li><li><a rel=\"noreferrer noopener\" href=\"https:\/\/floorball.sport\/\" target=\"_blank\">Det internasjonale innebandyforbundet<\/a><\/li><li><a rel=\"noreferrer noopener\" href=\"https:\/\/www.innebandy.se\/\" target=\"_blank\">Det svenske innebandyforbundet<\/a><\/li><li><a rel=\"noreferrer noopener\" href=\"https:\/\/www.trondelagfylke.no\/\" target=\"_blank\">Tr\u00f8ndelag fylkeskommune<\/a><\/li><li><a rel=\"noreferrer noopener\" href=\"https:\/\/mrfylke.no\/\" target=\"_blank\">M\u00f8re og Romsdal fylkeskommune<\/a><\/li><\/ul>\n","protected":false},"excerpt":{"rendered":"<p>LINKER Norges Idrettsforbund Tr\u00f8ndelag idrettskrets M\u00f8re og Romsdal idrettskrets Det internasjonale innebandyforbundet Det svenske innebandyforbundet Tr\u00f8ndelag fylkeskommune M\u00f8re og Romsdal fylkeskommune<\/p>\n","protected":false},"author":19,"featured_media":0,"parent":919,"menu_order":0,"comment_status":"closed","ping_status":"closed","template":"","meta":{"cover_meta":"","footnotes":""},"class_list":["post-934","page","type-page","status-publish","hentry"],"_links":{"self":[{"href":"https:\/\/bandyforbundet.no\/midt-norge-bandyregion\/index.php?rest_route=\/wp\/v2\/pages\/934","targetHints":{"allow":["GET"]}}],"collection":[{"href":"https:\/\/bandyforbundet.no\/midt-norge-bandyregion\/index.php?rest_route=\/wp\/v2\/pages"}],"about":[{"href":"https:\/\/bandyforbundet.no\/midt-norge-bandyregion\/index.php?rest_route=\/wp\/v2\/types\/page"}],"author":[{"embeddable":true,"href":"https:\/\/bandyforbundet.no\/midt-norge-bandyregion\/index.php?rest_route=\/wp\/v2\/users\/19"}],"replies":[{"embeddable":true,"href":"https:\/\/bandyforbundet.no\/midt-norge-bandyregion\/index.php?rest_route=%2Fwp%2Fv2%2Fcomments&post=934"}],"version-history":[{"count":9,"href":"https:\/\/bandyforbundet.no\/midt-norge-bandyregion\/index.php?rest_route=\/wp\/v2\/pages\/934\/revisions"}],"predecessor-version":[{"id":3189,"href":"https:\/\/bandyforbundet.no\/midt-norge-bandyregion\/index.php?rest_route=\/wp\/v2\/pages\/934\/revisions\/3189"}],"up":[{"embeddable":true,"href":"https:\/\/bandyforbundet.no\/midt-norge-bandyregion\/index.php?rest_route=\/wp\/v2\/pages\/919"}],"wp:attachment":[{"href":"https:\/\/bandyforbundet.no\/midt-norge-bandyregion\/index.php?rest_route=%2Fwp%2Fv2%2Fmedia&parent=934"}],"curies":[{"name":"wp","href":"https:\/\/api.w.org\/{rel}","templated":true}]}}