{"id":936,"date":"2017-11-28T12:20:32","date_gmt":"2017-11-28T11:20:32","guid":{"rendered":"http:\/\/bandyforbundet.no\/midt-norge-bandyregion\/?page_id=936"},"modified":"2025-08-23T07:15:06","modified_gmt":"2025-08-23T07:15:06","slug":"regelverk-10","status":"publish","type":"page","link":"https:\/\/bandyforbundet.no\/midt-norge-bandyregion\/?page_id=936","title":{"rendered":"Lover og regelverk"},"content":{"rendered":"\n<div class=\"wp-block-msswb-spacer msswb-spacer-container\" style=\"height:27px\"><div class=\"line\" style=\"height:13px\"><\/div><div class=\"line-center-divider\"><\/div><\/div>\n\n\n\n<h2 class=\"wp-block-heading\">LOVER OG REGELVERK<\/h2>\n\n\n\n<p class=\"has-drop-cap has-white-normal-color has-black-normal-background-color has-text-color has-background\">Midt-Norge Bandyregion er en s\u00e6rkrets opprettet av Norges Bandyforbund. Norges Bandyforbund er et s\u00e6rforbund i Norges idrettsforbund. Norges Bandyforbund organiserer og administrerer all aktivitet i idrettene innebandy, bandy og landhockey. Midt-Norge Bandyregion administrerer Norges Bandyforbund sin aktivitet i Tr\u00f8ndelag og M\u00f8re og Romsdal.<br><br>For \u00e5 h\u00e5ndtere dette m\u00e5 man f\u00f8lge idrettens ulike regelverk. Det finnes b\u00e5de et regelverk for s\u00e6rforbund, s\u00e6rkretser, idrettsr\u00e5d og idrettslag. I tillegg finnes de idrettsspesifikke regelverkene som spillereglement og kampreglement. I menyen til h\u00f8yre gir vi en oversikt over en del av disse.<\/p>\n\n\n\n<div class=\"wp-block-msswb-spacer msswb-spacer-container show-line\" style=\"height:48px\"><div class=\"line\" style=\"border-bottom-width:2px;border-bottom-color:#444444;height:24px\"><\/div><div class=\"line-center-divider\"><\/div><\/div>\n\n\n\n<div class=\"wp-block-columns\">\n<div class=\"wp-block-column\">\n<h3 class=\"wp-block-heading has-text-align-center has-white-normal-color has-black-normal-background-color has-text-color has-background\">Regionalt regelverk<\/h3>\n\n\n\n<div class=\"wp-block-msswb-panel msswb-panel-container\"><div class=\"mwwsb-panel-header\"><div class=\"mwwsb-panel-title\">Flyttereglement<\/div><div class=\"mwwsb-panel-icon\"><span class=\"dashicon dashicons dashicons-arrow-down-alt2\"><\/span><\/div><\/div><div class=\"msswb-panel-content\">\n<p class=\"has-small-font-size\"><strong>Generelle flytteregler i Midt-Norge Bandyregion<\/strong><br>En klubb kan s\u00f8ke om \u00e5 f\u00e5 endret kamptidspunkt til sine lag ved \u00e5 s\u00f8ke til administrerende myndighet. S\u00f8knaden m\u00e5 f\u00f8lge gjeldende regelverk for at den skal kunne behandles og evt. innvilges. S\u00f8knadsprosedyrene er nevnt nedenfor.<\/p>\n\n\n\n<p class=\"has-small-font-size\">Det skal sendes en skriftlig s\u00f8knad om kampflytting til MNBR innen den tidsfristen som&nbsp;gjelder i klassen det aktuelle lag deltar. S\u00f8knaden skal sendes til dagligleder@mnbr.no, og skal sendes av enten leder eller sportslig leder i aktuell klubb.<br>I s\u00f8knaden skal det oppgis hvilken kamp det s\u00f8kes for, bakgrunn for s\u00f8knaden samt forslag til nytt kamptidspunkt. Sammen med s\u00f8knaden skal det ogs\u00e5 vedlegges bekreftelse p\u00e5 innbetalt administrasjonsgebyr.<\/p>\n\n\n\n<p class=\"has-small-font-size\">F\u00f8r s\u00f8knader om kampflytting vurderes, s\u00e5 skal et administrasjonsgebyr v\u00e6re betalt inn til Midt-Norge Bandyregion sin konto, 4200.09.45476. Det er opp til MNBR om slike s\u00f8knader skal innvilges, og evt. hvilket nytt kamptidspunkt kampen skal avvikles.<\/p>\n\n\n\n<p class=\"has-small-font-size\"><strong>For lag i ordin\u00e6rt seriespill, seniorklasser<\/strong><br>Gebyr skal v\u00e6re innbetalt og s\u00f8knad mottatt senest 14 dager f\u00f8r oppsatt kampdato for at s\u00f8knad vurderes. Adm. gebyr: 500,-<\/p>\n\n\n\n<p class=\"has-small-font-size\"><strong>For lag i ungdomsseriene<\/strong><br>Gebyr skal v\u00e6re innbetalt og s\u00f8knad mottatt senest 7 dager f\u00f8r oppsatt kampdato for at s\u00f8knad vurderes. Adm. gebyr: 200,-<\/p>\n\n\n\n<p class=\"has-small-font-size\"><strong>\u00d8vrige klasser\/aktivitetstilbud<\/strong><br>I andre aktivitetstilbud gjelder egne flytteregler som oppgis til lagene i forkant av sesongen.<\/p>\n<\/div><\/div>\n\n\n\n<div class=\"wp-block-msswb-panel msswb-panel-container\"><div class=\"mwwsb-panel-header\"><div class=\"mwwsb-panel-title\">Retningslinjer for spilleroverganger for spillere under 18 \u00e5r<\/div><div class=\"mwwsb-panel-icon\"><span class=\"dashicon dashicons dashicons-arrow-down-alt2\"><\/span><\/div><\/div><div class=\"msswb-panel-content\">\n<p class=\"has-small-font-size\"><strong><em><u>Retningslinjer omkring spillerovergang for spillere under 18 \u00e5r<\/u><\/em><\/strong><br>I Langtidsplanen til Midt-Norge Bandyregion er det et konkret m\u00e5l om \u00e5 \u00f8ke aktiviteten blant ungdom. For \u00e5 kunne n\u00e5 et slikt m\u00e5l er man avhengig av \u00e5 beholde etablerte milj\u00f8er. Flere av milj\u00f8ene i regionen best\u00e5r av relativt f\u00e5 spillere og de er sv\u00e6rt s\u00e5rbare for frafall. Dersom en klubb mister 2-3 spillere til en annen klubb kan det f\u00f8re til at hele laget i den aldersgruppen m\u00e5 legges ned. Til tross for omleggingen av seriespillet for noen sesonger siden er det fremdeles s\u00e5nn at man m\u00e5 spille relativt mange kamper mot samme motstand i l\u00f8pet av en sesong. Vi \u00f8nsker \u00e5 jobbe for at vi beholder flest mulig milj\u00f8er s\u00e5 lenge som mulig. Derfor har vi et regelverk som skal virke preventiv i tilfeller hvor klubber \u00f8nsker \u00e5 erverve seg spillere under 18 \u00e5r fra andre klubber. Dette ble vedtatt p\u00e5 \u00e5rsm\u00f8tet 2018.<\/p>\n\n\n\n<p class=\"has-small-font-size\"><strong>Regel: Overganger for spillere under 18 \u00e5r tillates ikke. Unntak fra denne regelen kan kun innvilges i s\u00e6rskilte tilfeller. F\u00f8lgende \u00e5rsaker kan medf\u00f8re unntak:<\/strong><\/p>\n\n\n\n<ul class=\"has-small-font-size wp-block-list\">\n<li>Det opprettes aktivitetstilbud n\u00e6rmere bosted<\/li>\n\n\n\n<li>Ut\u00f8ver flytter og f\u00e5r aktivitetstilbud n\u00e6rmere nytt bosted<\/li>\n\n\n\n<li>Spilleren vil f\u00e5 fast plass p\u00e5 et eliteserielag<\/li>\n\n\n\n<li>Sosiale hensyn, eksempelvis mobbing<\/li>\n\n\n\n<li>Moderklubb anbefaler overgang<\/li>\n\n\n\n<li>N\u00e5v\u00e6rende klubb ikke lenger har noe aktivitetstilbud til aktuell spiller<\/li>\n<\/ul>\n\n\n\n<p><strong>Etter forutg\u00e5ende dialog mellom klubbene s\u00f8kes det om unntak fra regelen p\u00e5 f\u00f8lgende m\u00e5te:<\/strong><\/p>\n\n\n\n<ul class=\"has-small-font-size wp-block-list\">\n<li>Klubbledere i avleverende og mottakende klubb, og spillerens foresatte, sender e-post med bakgrunnsinformasjon og begrunnelse til daglig leder og utviklingskonsulent i regionen. S\u00f8knad om unntak kan s\u00f8kes om frem til tre uker f\u00f8r overgangsvinduet stenger i januar.<\/li>\n\n\n\n<li>Behandlingstiden er 2 uker i sesong.<\/li>\n\n\n\n<li>Endelig vedtak vil gj\u00f8res av styret i regionen p\u00e5 bakgrunn av all innsendt dokumentasjon og en eventuell dialog med de involverte parter<\/li>\n\n\n\n<li>Alle involverte parter vil f\u00e5 en skriftlig begrunnelse for vedtaket<\/li>\n<\/ul>\n\n\n\n<p class=\"has-small-font-size\"><strong>Konsekvenser for brudd p\u00e5 denne regelen kan medf\u00f8re nedprioritering av ervervende klubb p\u00e5 ett eller flere f\u00f8lgende omr\u00e5der:<\/strong><em>(Styret gis myndighet til \u00e5 bestemme varighet p\u00e5 ilagt konsekvens for brudd p\u00e5 regelen)<\/em><\/p>\n\n\n\n<ul class=\"has-small-font-size wp-block-list\">\n<li>Tildeling av minirundearrangementer<\/li>\n\n\n\n<li>St\u00f8tte av utviklingskonsulent<\/li>\n\n\n\n<li>Skolebes\u00f8k<\/li>\n\n\n\n<li>Tilgang p\u00e5 kurs i klubb<\/li>\n\n\n\n<li>Bortfall av muligheten til tilbakebetaling av seriespillavgift<\/li>\n<\/ul>\n<\/div><\/div>\n\n\n\n<div class=\"wp-block-msswb-panel msswb-panel-container\"><div class=\"mwwsb-panel-header\"><div class=\"mwwsb-panel-title\">Lov MNBR<\/div><div class=\"mwwsb-panel-icon\"><span class=\"dashicon dashicons dashicons-arrow-down-alt2\"><\/span><\/div><\/div><div class=\"msswb-panel-content\">\n<div class=\"msswb-file\"><a href=\"https:\/\/bandyforbundet.no\/midt-norge-bandyregion\/wp-content\/uploads\/sites\/9\/2024\/03\/Lov-MNBR-2024.pdf\" class=\"file-button\" download><span class=\"dashicon dashicons dashicons-download\"><\/span><\/a><a class=\"file-link\" href=\"https:\/\/bandyforbundet.no\/midt-norge-bandyregion\/wp-content\/uploads\/sites\/9\/2024\/03\/Lov-MNBR-2024.pdf\">Lov MNBR<\/a><\/div>\n<\/div><\/div>\n\n\n\n<div class=\"wp-block-msswb-panel msswb-panel-container\"><div class=\"mwwsb-panel-header\"><div class=\"mwwsb-panel-title\">Retningslinjer kampgjennomf\u00f8ring<\/div><div class=\"mwwsb-panel-icon\"><span class=\"dashicon dashicons dashicons-arrow-down-alt2\"><\/span><\/div><\/div><div class=\"msswb-panel-content\">\n<p>Alle obligatoriske kamper skal f\u00f8lge NBF sitt spillereglement og kampreglement for den enkelte idrett. Videre tydeliggj\u00f8r vi f\u00f8lgende for kampgjennomf\u00f8ring.<\/p>\n\n\n\n<ul class=\"wp-block-list\">\n<li>Det er oppsatt hjemmelag som er ansvarlig for rigging av bane, godkjente m\u00e5lbur og \u00f8vrige omgivelser tilknyttet spillestedet.<\/li>\n\n\n\n<li>Det er oppsatt hjemmelag som er ansvarlig for at det i kampsekretariatet er minst to personer som betjener f\u00f8ring av kampskjema og kampklokken. Det er hjemmelagets ansvar \u00e5 s\u00f8rge for at kampsekretariatet har tilstrekkelig med utstyr p\u00e5 plass.<\/li>\n\n\n\n<li>Det er oppsatt hjemmelag som har ansvar for tjenester tilknyttet  publikum, dommere, kiosk og tilgjengelige garderobefasiliteter.<\/li>\n<\/ul>\n<\/div><\/div>\n\n\n\n<div class=\"wp-block-msswb-panel msswb-panel-container\"><div class=\"mwwsb-panel-header\"><div class=\"mwwsb-panel-title\">Retningslinjer for disp. s\u00f8knader<\/div><div class=\"mwwsb-panel-icon\"><span class=\"dashicon dashicons dashicons-arrow-down-alt2\"><\/span><\/div><\/div><div class=\"msswb-panel-content\">\n<p><em>\u00a718 i kampreglementet sier: &laquo;Administrerende myndighet kan dispensere fra aldersbestemmelsene for \u00e5 legge til rette for \u00f8kt aktivitet.&raquo;<\/em><\/p>\n\n\n\n<p><em>MNBR tolker ikke dette slik at det menes at dispensasjon fra aldersbestemmelsene burde innvilges som substitutt for manglende rekruttering til seniorlag. Vi kommer derfor ikke til \u00e5 innvilge dispensasjon fra aldersbestemmelsene p\u00e5 dette grunnlaget.<\/em><\/p>\n\n\n\n<p><em>Hvis vi skal gi dispensasjon fra aldersbestemmelsene m\u00e5 det v\u00e6re fordi dispensasjonen legger til rette for \u00f8kt aktivitet for spilleren p\u00e5 en m\u00e5te som ikke lar seg gj\u00f8re uten en dispensasjon. Vi oppfordrer klubbene til \u00e5 beskrive situasjonen s\u00e5 konkret som mulig, med fokus p\u00e5 hvordan dispensasjonen faktisk vil bidra til mer og bedre aktivitet for spilleren.<\/em><\/p>\n<\/div><\/div>\n\n\n\n<div class=\"wp-block-msswb-panel msswb-panel-container\"><div class=\"mwwsb-panel-header\"><div class=\"mwwsb-panel-title\">Klubbenes plikt til \u00e5 utdanne dommere<\/div><div class=\"mwwsb-panel-icon\"><span class=\"dashicon dashicons dashicons-arrow-down-alt2\"><\/span><\/div><\/div><div class=\"msswb-panel-content\">\n<p class=\"has-small-font-size\">Alle klubber med lag i ordin\u00e6rt seriespill b\u00e6rer et ansvar for \u00e5 ha nok utdannede kampledere til aktiviteten. Hver sesong defineres regelverket omkring hvilke krav som gjelder rundt dette. Det arrangeres jevnlig dommerkurs i b\u00e5de Tr\u00f8ndelag og M\u00f8re og Romsdal.<\/p>\n\n\n\n<div class=\"msswb-file\"><a href=\"https:\/\/bandyforbundet.no\/midt-norge-bandyregion\/wp-content\/uploads\/sites\/9\/2022\/08\/Vedr.-klubbenes-plikt-til-a-utdanne-dommere-2022_23.pdf\" class=\"file-button\" download><span class=\"dashicon dashicons dashicons-download\"><\/span><\/a><a class=\"file-link\" href=\"https:\/\/bandyforbundet.no\/midt-norge-bandyregion\/wp-content\/uploads\/sites\/9\/2022\/08\/Vedr.-klubbenes-plikt-til-a-utdanne-dommere-2022_23.pdf\">Vedr. klubbenes plikt til \u00e5 utdanne dommere 2022_23<\/a><\/div>\n<\/div><\/div>\n<\/div>\n\n\n\n<div class=\"wp-block-column\">\n<h3 class=\"wp-block-heading has-text-align-center has-white-normal-color has-black-normal-background-color has-text-color has-background\">Nasjonalt regelverk<\/h3>\n\n\n\n<div class=\"wp-block-msswb-panel msswb-panel-container\"><div class=\"mwwsb-panel-header\"><div class=\"mwwsb-panel-title\">Lov NBF<\/div><div class=\"mwwsb-panel-icon\"><span class=\"dashicon dashicons dashicons-arrow-down-alt2\"><\/span><\/div><\/div><div class=\"msswb-panel-content\">\n<div class=\"msswb-file\"><a href=\"https:\/\/bandyforbundet.no\/wp-content\/uploads\/sites\/9\/2021\/08\/Lov-NBF-1.pdf\" class=\"file-button\" download><span class=\"dashicon dashicons dashicons-download\"><\/span><\/a><a class=\"file-link\" href=\"https:\/\/bandyforbundet.no\/wp-content\/uploads\/sites\/9\/2021\/08\/Lov-NBF-1.pdf\">Lov-NBF-1<\/a><\/div>\n<\/div><\/div>\n\n\n\n<div class=\"wp-block-msswb-panel msswb-panel-container\"><div class=\"mwwsb-panel-header\"><div class=\"mwwsb-panel-title\">NBF sitt sanksjons &#8211; og protestreglement<\/div><div class=\"mwwsb-panel-icon\"><span class=\"dashicon dashicons dashicons-arrow-down-alt2\"><\/span><\/div><\/div><div class=\"msswb-panel-content\"><div class=\"msswb-display-internal-post-frontend-app-v2\" data-url-encoded-attrs=\"%7B%22displayInternalPost%22%3A%7B%22blog_id%22%3A2%2C%22ID%22%3A952%7D%7D\" data-dip-id=\"\" ><\/div><\/div><\/div>\n\n\n\n<div class=\"wp-block-msswb-panel msswb-panel-container\"><div class=\"mwwsb-panel-header\"><div class=\"mwwsb-panel-title\">NIF sine lover og bestemmelser<\/div><div class=\"mwwsb-panel-icon\"><span class=\"dashicon dashicons dashicons-arrow-down-alt2\"><\/span><\/div><\/div><div class=\"msswb-panel-content\">\n<p><a href=\"https:\/\/www.idrettsforbundet.no\/tema\/juss\/\" target=\"_blank\" rel=\"noreferrer noopener\">Norges idrettsforbunds lov og bestemmelser<\/a><\/p>\n<\/div><\/div>\n\n\n\n<div class=\"wp-block-msswb-panel msswb-panel-container\"><div class=\"mwwsb-panel-header\"><div class=\"mwwsb-panel-title\">Barneidrettsbestemmelsene<\/div><div class=\"mwwsb-panel-icon\"><span class=\"dashicon dashicons dashicons-arrow-down-alt2\"><\/span><\/div><\/div><div class=\"msswb-panel-content\"><div class=\"msswb-display-internal-post-frontend-app-v2\" data-url-encoded-attrs=\"%7B%22displayInternalPost%22%3A%7B%22blog_id%22%3A2%2C%22ID%22%3A950%7D%7D\" data-dip-id=\"\" ><\/div><\/div><\/div>\n<\/div>\n<\/div>\n\n\n\n<div class=\"wp-block-msswb-spacer msswb-spacer-container show-line\" style=\"height:60px\"><div class=\"line\" style=\"border-bottom-width:2px;border-bottom-color:#444444;height:30px\"><\/div><div class=\"line-center-divider\"><\/div><\/div>\n\n\n\n<p>Videre s\u00e5 har vi egne regelverk direkte knyttet opp til forbundets idretter. For ytterligere regelverk se denne <a href=\"https:\/\/bandyforbundet.no\/forbundet\/?page_id=318\" target=\"_blank\" rel=\"noreferrer noopener\">linken<\/a>.<\/p>\n\n\n\n<div class=\"wp-block-msswb-panel msswb-panel-container\"><div class=\"mwwsb-panel-header\"><div class=\"mwwsb-panel-title\">Spillereglement i innebandy<\/div><div class=\"mwwsb-panel-icon\"><span class=\"dashicon dashicons dashicons-arrow-down-alt2\"><\/span><\/div><\/div><div class=\"msswb-panel-content\"><div class=\"msswb-display-internal-post-frontend-app-v2\" data-url-encoded-attrs=\"%7B%22displayInternalPost%22%3A%7B%22blog_id%22%3A3%2C%22ID%22%3A11496%7D%7D\" data-dip-id=\"\" ><\/div><\/div><\/div>\n\n\n\n<div class=\"wp-block-msswb-panel msswb-panel-container\"><div class=\"mwwsb-panel-header\"><div class=\"mwwsb-panel-title\">Kampreglement i innebandy<\/div><div class=\"mwwsb-panel-icon\"><span class=\"dashicon dashicons dashicons-arrow-down-alt2\"><\/span><\/div><\/div><div class=\"msswb-panel-content\"><div class=\"msswb-display-internal-post-frontend-app-v2\" data-url-encoded-attrs=\"%7B%22displayInternalPost%22%3A%7B%22blog_id%22%3A3%2C%22ID%22%3A5438%7D%7D\" data-dip-id=\"\" ><\/div><\/div><\/div>\n\n\n\n<p class=\"has-small-font-size\"><em>Alle s\u00f8knader om disp. fra gjeldende regelverk skal leveres sendes til dagligleder@mnbr.no. S\u00f8knad m\u00e5 inneholde regelhenvisning og begrunnelse.<\/em><\/p>\n\n\n\n<div class=\"wp-block-msswb-spacer msswb-spacer-container show-line\" style=\"height:24px\"><div class=\"line\" style=\"border-bottom-width:2px;border-bottom-color:#444444;height:12px\"><\/div><div class=\"line-center-divider\"><\/div><\/div>\n\n\n\n<p>Regionen har ogs\u00e5 vedtatt en Langtidsplan frem mot 2026 &#8211; i tillegg til et strategidokument. Dette er ikke et lovverk, men sier noe om hvilken retning og hvilke prioriteringer regionen \u00f8nsker skal prege v\u00e5rt arbeid om \u00e5 n\u00e5 NBF sitt hovedm\u00e5l. Vi har kalt dokumentet &laquo;M\u00e5lg\u00e5rden&raquo;.<\/p>\n\n\n\n<div class=\"msswb-file\"><a href=\"https:\/\/bandyforbundet.no\/midt-norge-bandyregion\/wp-content\/uploads\/sites\/9\/2024\/05\/Malgarden-1.pdf\" class=\"file-button\" download><span class=\"dashicon dashicons dashicons-download\"><\/span><\/a><a class=\"file-link\" href=\"https:\/\/bandyforbundet.no\/midt-norge-bandyregion\/wp-content\/uploads\/sites\/9\/2024\/05\/Malgarden-1.pdf\">M\u00e5lg\u00e5rden<\/a><\/div>\n","protected":false},"excerpt":{"rendered":"<p>LOVER OG REGELVERK Midt-Norge Bandyregion er en s\u00e6rkrets opprettet av Norges Bandyforbund. Norges Bandyforbund er et s\u00e6rforbund i Norges idrettsforbund. Norges Bandyforbund organiserer og administrerer all aktivitet i idrettene innebandy, bandy og landhockey. Midt-Norge Bandyregion administrerer Norges Bandyforbund sin aktivitet i Tr\u00f8ndelag og M\u00f8re og Romsdal. For \u00e5 h\u00e5ndtere dette m\u00e5 man f\u00f8lge idrettens ulike [&hellip;]<\/p>\n","protected":false},"author":33,"featured_media":0,"parent":919,"menu_order":0,"comment_status":"closed","ping_status":"closed","template":"","meta":{"cover_meta":"","footnotes":""},"class_list":["post-936","page","type-page","status-publish","hentry"],"_links":{"self":[{"href":"https:\/\/bandyforbundet.no\/midt-norge-bandyregion\/index.php?rest_route=\/wp\/v2\/pages\/936","targetHints":{"allow":["GET"]}}],"collection":[{"href":"https:\/\/bandyforbundet.no\/midt-norge-bandyregion\/index.php?rest_route=\/wp\/v2\/pages"}],"about":[{"href":"https:\/\/bandyforbundet.no\/midt-norge-bandyregion\/index.php?rest_route=\/wp\/v2\/types\/page"}],"author":[{"embeddable":true,"href":"https:\/\/bandyforbundet.no\/midt-norge-bandyregion\/index.php?rest_route=\/wp\/v2\/users\/33"}],"replies":[{"embeddable":true,"href":"https:\/\/bandyforbundet.no\/midt-norge-bandyregion\/index.php?rest_route=%2Fwp%2Fv2%2Fcomments&post=936"}],"version-history":[{"count":40,"href":"https:\/\/bandyforbundet.no\/midt-norge-bandyregion\/index.php?rest_route=\/wp\/v2\/pages\/936\/revisions"}],"predecessor-version":[{"id":8537,"href":"https:\/\/bandyforbundet.no\/midt-norge-bandyregion\/index.php?rest_route=\/wp\/v2\/pages\/936\/revisions\/8537"}],"up":[{"embeddable":true,"href":"https:\/\/bandyforbundet.no\/midt-norge-bandyregion\/index.php?rest_route=\/wp\/v2\/pages\/919"}],"wp:attachment":[{"href":"https:\/\/bandyforbundet.no\/midt-norge-bandyregion\/index.php?rest_route=%2Fwp%2Fv2%2Fmedia&parent=936"}],"curies":[{"name":"wp","href":"https:\/\/api.w.org\/{rel}","templated":true}]}}