{"id":944,"date":"2017-11-28T12:19:31","date_gmt":"2017-11-28T11:19:31","guid":{"rendered":"http:\/\/bandyforbundet.no\/midt-norge-bandyregion\/?page_id=944"},"modified":"2025-05-26T10:00:34","modified_gmt":"2025-05-26T10:00:34","slug":"utdanning-10","status":"publish","type":"page","link":"https:\/\/bandyforbundet.no\/midt-norge-bandyregion\/?page_id=944","title":{"rendered":"Utdanning"},"content":{"rendered":"\n<div class=\"wp-block-msswb-spacer msswb-spacer-container\" style=\"height:27px\"><div class=\"line\" style=\"height:13px\"><\/div><div class=\"line-center-divider\"><\/div><\/div>\n\n\n\n<h1 class=\"wp-block-heading\">UTDANNING<\/h1>\n\n\n<div class=\"msswb-image-frontend-app\"data-href-target=\"false\" data-href=\"%22%22\" data-use-link=\"false\" data-screen-width=\"false\" data-alignment=\"%22right%22\" data-url=\"%22https%3A%5C%2F%5C%2Fbandyforbundet.no%5C%2Fforbundet%5C%2Fwp-content%5C%2Fuploads%5C%2Fsites%5C%2F2%5C%2F2016%5C%2F07%5C%2Fkursmatrise_2015-300x204.png%22\" data-is-background-image=\"false\" data-border-radius=\"0\" data-image-width=\"300\" data-image-height=\"204\" data-selected-image=\"%7B%22image_id%22%3A215%2C%22blog_id%22%3A%229%22%2C%22term_id%22%3A129%2C%22selected_size%22%3A%22full%22%7D\" data-image-aspect-ratio=\"0.68\" data-alt-text=\"%22Foto%20av%3A%20NBF%22\" data-caption=\"%22%22\" data-width=\"347\" data-height=\"235\" data-focal-point=\"\" data-show-light-box=\"false\" >\n<div class=\"msswb-image-block msswbright\" style=\"width:347px\"><div class=\"msswb-image \"><div class=\"image-container\" style=\"width:347px;height:235px\"><img decoding=\"async\" style=\"width:347px;height:235px\" src=\"https:\/\/bandyforbundet.no\/forbundet\/wp-content\/uploads\/sites\/2\/2016\/07\/kursmatrise_2015-300x204.png\" \/><\/div><\/div><div class=\"msswb-image-caption-container\"><div class=\"msswb-image-caption\"><\/div><div class=\"msswb-image-attribution\">Foto av: NBF<\/div><\/div><\/div>\n<\/div>\n\n\n<p>I idretten kan som oftest utdanning oversettes til begrepet kurs. Vi utdanner frivillige gjennom v\u00e5rt kurstilbud p\u00e5 de ulike omr\u00e5dene innen v\u00e5r organisasjon.<br><br>All aktivitet er avhengig av at klubbens medlemmer p\u00e5tar seg verv som trener, lagleder, styremedlem, dommer etc. For \u00e5 p\u00e5ta seg et slikt verv er det viktig at man har tilegnet seg kompetanse for \u00e5 ut\u00f8ve vervets oppgaver p\u00e5 en best mulig m\u00e5te. Dette vil ogs\u00e5 gi den enkelte langt st\u00f8rre glede og engasjement i sin ut\u00f8velse av vervet. Det vil igjen gi en best mulig hverdag til de andre omkring dette laget. Med dette som bakgrunn er det viktig for oss \u00e5 tilby et best mulig kurstilbud i v\u00e5r region. Oversiktene over de ulike kursene finner du p\u00e5 disse sidene, og vi h\u00e5per at flest mulig av v\u00e5re klubbers medlemmer finner et kurstilbud som passer og interesserer.<\/p>\n\n\n\n<div class=\"wp-block-msswb-spacer msswb-spacer-container show-line\" style=\"height:22px\"><div class=\"line\" style=\"border-bottom-width:2px;border-bottom-color:#444444;height:11px\"><\/div><div class=\"line-center-divider\"><\/div><\/div>\n\n\n\n<p>I menyen til h\u00f8yre kan du lete frem mer informasjon om v\u00e5re ulike kursomr\u00e5der og om de ulike kursene<\/p>\n\n\n\n<div class=\"wp-block-msswb-spacer msswb-spacer-container show-line\" style=\"height:23px\"><div class=\"line\" style=\"border-bottom-width:2px;border-bottom-color:#2f2e2e;height:11px\"><\/div><div class=\"line-center-divider\"><\/div><\/div>\n\n\n\n<h5 class=\"wp-block-heading\">Kurs i Tr\u00f8ndelag 2025\/26<\/h5>\n\n\n\n<p>Denne listen viser hvilke kurs vi setter opp i Tr\u00f8ndelag sesongen 2024\/25. Listen oppdateres fortl\u00f8pende, og endringer kan forekomme.<\/p>\n\n\n\n<figure class=\"wp-block-table is-style-stripes\"><table><thead><tr><th>Kurs<\/th><th>Dato<\/th><th>Sted<\/th><th>P\u00e5melding til<\/th><th>Mer informasjon<\/th><\/tr><\/thead><tbody><tr><td>Trener 1 &#8211; innebandy<\/td><td>24-25. januar<\/td><td>Byneshallen, Trondheim<\/td><td>dagligleder@mnbr.no<\/td><td>Det m\u00e5 i tillegg fullf\u00f8res en digital kursmodul<\/td><\/tr><tr><td>Dommer Grunnkurs 1 &#8211; innebandy<\/td><td>18-19. oktober<\/td><td>Trondheim<\/td><td>dagligleder@mnbr.no<\/td><td>Kurset krever ingen forkunnskaper<\/td><\/tr><tr><td>Nybegynnerkurs<\/td><td>Tilbys i klubb<\/td><td>Fortl\u00f8pende e\/behov<\/td><td><\/td><td><\/td><\/tr><tr><td>Velkommen til innebandy<\/td><td>Tilbys i klubb<\/td><td>Fortl\u00f8pende e\/behov<\/td><td><\/td><td><\/td><\/tr><\/tbody><\/table><figcaption class=\"wp-element-caption\"><em>Endringer kan forekomme<\/em><\/figcaption><\/figure>\n\n\n\n<div class=\"wp-block-msswb-spacer msswb-spacer-container show-line\" style=\"height:50px\"><div class=\"line\" style=\"height:25px\"><\/div><div class=\"line-center-divider\"><\/div><\/div>\n\n\n<div class=\"msswb-display-posts-frontend-app-v2\" data-url-encoded-attrs=\"%7B%22mode%22%3A%22grid%22%2C%22scrollDirection%22%3A%22vertical%22%2C%22displayPostsFromCategories%22%3A%5B%7B%22blog_id%22%3A9%2C%22included%22%3A%5B86%5D%2C%22excluded%22%3A%5B%5D%2C%22filterDate%22%3A%22from1yearago%22%2C%22dateObj%22%3A%7B%22fromDate%22%3A%221%20year%20ago%22%2C%22toDate%22%3A%22%22%7D%7D%5D%2C%22displayPostsFromSharedCategories%22%3A%5B%5D%2C%22maxCols%22%3A3%7D\" ><\/div>","protected":false},"excerpt":{"rendered":"<p>UTDANNING I idretten kan som oftest utdanning oversettes til begrepet kurs. Vi utdanner frivillige gjennom v\u00e5rt kurstilbud p\u00e5 de ulike omr\u00e5dene innen v\u00e5r organisasjon. All aktivitet er avhengig av at klubbens medlemmer p\u00e5tar seg verv som trener, lagleder, styremedlem, dommer etc. For \u00e5 p\u00e5ta seg et slikt verv er det viktig at man har tilegnet [&hellip;]<\/p>\n","protected":false},"author":33,"featured_media":0,"parent":875,"menu_order":0,"comment_status":"closed","ping_status":"closed","template":"","meta":{"cover_meta":"","footnotes":""},"class_list":["post-944","page","type-page","status-publish","hentry"],"_links":{"self":[{"href":"https:\/\/bandyforbundet.no\/midt-norge-bandyregion\/index.php?rest_route=\/wp\/v2\/pages\/944","targetHints":{"allow":["GET"]}}],"collection":[{"href":"https:\/\/bandyforbundet.no\/midt-norge-bandyregion\/index.php?rest_route=\/wp\/v2\/pages"}],"about":[{"href":"https:\/\/bandyforbundet.no\/midt-norge-bandyregion\/index.php?rest_route=\/wp\/v2\/types\/page"}],"author":[{"embeddable":true,"href":"https:\/\/bandyforbundet.no\/midt-norge-bandyregion\/index.php?rest_route=\/wp\/v2\/users\/33"}],"replies":[{"embeddable":true,"href":"https:\/\/bandyforbundet.no\/midt-norge-bandyregion\/index.php?rest_route=%2Fwp%2Fv2%2Fcomments&post=944"}],"version-history":[{"count":36,"href":"https:\/\/bandyforbundet.no\/midt-norge-bandyregion\/index.php?rest_route=\/wp\/v2\/pages\/944\/revisions"}],"predecessor-version":[{"id":8353,"href":"https:\/\/bandyforbundet.no\/midt-norge-bandyregion\/index.php?rest_route=\/wp\/v2\/pages\/944\/revisions\/8353"}],"up":[{"embeddable":true,"href":"https:\/\/bandyforbundet.no\/midt-norge-bandyregion\/index.php?rest_route=\/wp\/v2\/pages\/875"}],"wp:attachment":[{"href":"https:\/\/bandyforbundet.no\/midt-norge-bandyregion\/index.php?rest_route=%2Fwp%2Fv2%2Fmedia&parent=944"}],"curies":[{"name":"wp","href":"https:\/\/api.w.org\/{rel}","templated":true}]}}