{"id":947,"date":"2018-06-21T12:59:14","date_gmt":"2018-06-21T10:59:14","guid":{"rendered":"http:\/\/bandyforbundet.no\/midt-norge-bandyregion\/?page_id=947"},"modified":"2025-09-25T05:46:25","modified_gmt":"2025-09-25T05:46:25","slug":"dommerkurs-i-midt-norge","status":"publish","type":"page","link":"https:\/\/bandyforbundet.no\/midt-norge-bandyregion\/?page_id=947","title":{"rendered":"Dommerkurs i Midt-Norge"},"content":{"rendered":"\n<div class=\"wp-block-msswb-spacer msswb-spacer-container\" style=\"height:27px\"><div class=\"line\" style=\"height:13px\"><\/div><div class=\"line-center-divider\"><\/div><\/div>\n\n\n\n<h1 class=\"wp-block-heading\">Dommerkurs 2025\/26<\/h1>\n\n\n\n<p>Det avholdes jevnlig ulike dommerkurs i v\u00e5r region. P\u00e5 denne siden vil det komme informasjon om hvilke kurs, hvor det avholdes og tidspunkt for kurset. Det vil ogs\u00e5 bli gitt informasjon om hvordan man skal kunne melde seg p\u00e5.<\/p>\n\n\n<div class=\"msswb-image-frontend-app\"data-href-target=\"false\" data-href=\"%22%22\" data-use-link=\"false\" data-screen-width=\"false\" data-alignment=\"%22left%22\" data-url=\"%22%5C%2Fwp-content%5C%2Fuploads%5C%2Fsites%5C%2F3%5C%2F2019%5C%2F11%5C%2Fregeldatabase-bilde1_august2016.jpg%22\" data-is-background-image=\"true\" data-border-radius=\"23\" data-image-width=\"2000\" data-image-height=\"943\" data-selected-image=\"%7B%22image_id%22%3A218%2C%22blog_id%22%3A3%2C%22term_id%22%3A180%2C%22selected_size%22%3A%22full%22%7D\" data-image-aspect-ratio=\"0.47\" data-alt-text=\"%22Foto%20av%3A%20Arild%20Bjerkan%22\" data-caption=\"%22%22\" data-width=\"530\" data-height=\"249\" data-focal-point=\"\" data-show-light-box=\"false\" >\n<div class=\"msswb-image-block msswbleft\" style=\"width:530px\"><div class=\"msswb-image \"><div class=\"image-container is-background-image\" style=\"border-radius:23px;background-image:url(\/wp-content\/uploads\/sites\/3\/2019\/11\/regeldatabase-bilde1_august2016.jpg);background-position:center center;background-size:cover;width:100%;height:249px\"><\/div><\/div><div class=\"msswb-image-caption-container\"><div class=\"msswb-image-caption\"><\/div><div class=\"msswb-image-attribution\">Foto av: Arild Bjerkan<\/div><\/div><\/div>\n<\/div>\n\n\n<p><br><strong>P\u00e5melding til dommerkurs gj\u00f8res til:<\/strong><br>dagligleder@mnbr.no<br><br>P\u00e5meldingsfrist: <em>En uke f\u00f8r kursets oppstart<\/em><br><br>Mer informasjon om kursets innhold finnes <a href=\"https:\/\/bandyforbundet.no\/midt-norge-bandyregion\/?msswb-post=dommerkurs-i-innebandy\" target=\"_blank\" rel=\"noreferrer noopener\">her<\/a>.<\/p>\n\n\n\n<figure class=\"wp-block-table is-style-stripes\"><table><tbody><tr><td><strong>Type kurs<\/strong><\/td><td><strong>Tidspunkt<\/strong><\/td><td><strong>Hvor avholdes kurset<\/strong><\/td><\/tr><tr><td>Dommer, Grunnkurs 1<\/td><td>18-19. oktober 2025<\/td><td>Trondheim<\/td><\/tr><tr><td><\/td><td><\/td><td><\/td><\/tr><\/tbody><\/table><figcaption class=\"wp-element-caption\">P\u00e5melding gj\u00f8res til: dagligleder@mnbr.no<\/figcaption><\/figure>\n","protected":false},"excerpt":{"rendered":"<p>Dommerkurs 2025\/26 Det avholdes jevnlig ulike dommerkurs i v\u00e5r region. P\u00e5 denne siden vil det komme informasjon om hvilke kurs, hvor det avholdes og tidspunkt for kurset. Det vil ogs\u00e5 bli gitt informasjon om hvordan man skal kunne melde seg p\u00e5. P\u00e5melding til dommerkurs gj\u00f8res til:dagligleder@mnbr.no P\u00e5meldingsfrist: En uke f\u00f8r kursets oppstart Mer informasjon om [&hellip;]<\/p>\n","protected":false},"author":12,"featured_media":0,"parent":946,"menu_order":0,"comment_status":"closed","ping_status":"closed","template":"","meta":{"cover_meta":"","footnotes":""},"class_list":["post-947","page","type-page","status-publish","hentry"],"_links":{"self":[{"href":"https:\/\/bandyforbundet.no\/midt-norge-bandyregion\/index.php?rest_route=\/wp\/v2\/pages\/947","targetHints":{"allow":["GET"]}}],"collection":[{"href":"https:\/\/bandyforbundet.no\/midt-norge-bandyregion\/index.php?rest_route=\/wp\/v2\/pages"}],"about":[{"href":"https:\/\/bandyforbundet.no\/midt-norge-bandyregion\/index.php?rest_route=\/wp\/v2\/types\/page"}],"author":[{"embeddable":true,"href":"https:\/\/bandyforbundet.no\/midt-norge-bandyregion\/index.php?rest_route=\/wp\/v2\/users\/12"}],"replies":[{"embeddable":true,"href":"https:\/\/bandyforbundet.no\/midt-norge-bandyregion\/index.php?rest_route=%2Fwp%2Fv2%2Fcomments&post=947"}],"version-history":[{"count":25,"href":"https:\/\/bandyforbundet.no\/midt-norge-bandyregion\/index.php?rest_route=\/wp\/v2\/pages\/947\/revisions"}],"predecessor-version":[{"id":8591,"href":"https:\/\/bandyforbundet.no\/midt-norge-bandyregion\/index.php?rest_route=\/wp\/v2\/pages\/947\/revisions\/8591"}],"up":[{"embeddable":true,"href":"https:\/\/bandyforbundet.no\/midt-norge-bandyregion\/index.php?rest_route=\/wp\/v2\/pages\/946"}],"wp:attachment":[{"href":"https:\/\/bandyforbundet.no\/midt-norge-bandyregion\/index.php?rest_route=%2Fwp%2Fv2%2Fmedia&parent=947"}],"curies":[{"name":"wp","href":"https:\/\/api.w.org\/{rel}","templated":true}]}}