{"id":948,"date":"2017-11-29T13:23:59","date_gmt":"2017-11-29T12:23:59","guid":{"rendered":"http:\/\/bandyforbundet.no\/midt-norge-bandyregion\/?page_id=948"},"modified":"2025-05-26T10:01:28","modified_gmt":"2025-05-26T10:01:28","slug":"trener-6","status":"publish","type":"page","link":"https:\/\/bandyforbundet.no\/midt-norge-bandyregion\/?page_id=948","title":{"rendered":"Trener"},"content":{"rendered":"\n<div class=\"wp-block-msswb-spacer msswb-spacer-container\" style=\"height:27px\"><div class=\"line\" style=\"height:13px\"><\/div><div class=\"line-center-divider\"><\/div><\/div>\n\n\n\n<h1 class=\"wp-block-heading\">TRENERKURS<\/h1>\n\n\n\n<p>Vi arrangerer trener1-kurs i januar\/februar 2025 i Trondheim. Her er de bare \u00e5 kjenne til bes\u00f8kelsestid \u00e5 melde seg p\u00e5.<br>P\u00e5melding for alle kurs i Tr\u00f8ndelag skjer til: dagligleder@mnbr.no.<\/p>\n\n\n\n<div class=\"wp-block-msswb-spacer msswb-spacer-container\" style=\"height:20px\"><div class=\"line\" style=\"height:10px\"><\/div><div class=\"line-center-divider\"><\/div><\/div>\n\n\n\n<h4 class=\"wp-block-heading has-white-normal-color has-black-normal-background-color has-text-color has-background\">Kurs i Tr\u00f8ndelag<\/h4>\n\n\n\n<div class=\"wp-block-msswb-spacer msswb-spacer-container\" style=\"height:10px\"><div class=\"line\" style=\"height:5px\"><\/div><div class=\"line-center-divider\"><\/div><\/div>\n\n\n\n<figure class=\"wp-block-table is-style-stripes\"><table><thead><tr><th>Kurs<\/th><th>Sted<\/th><th>Dato<\/th><\/tr><\/thead><tbody><tr><td>Trener 1 Innebandy<\/td><td>Byneshallen, Trondheim<\/td><td><mark class=\"has-inline-color has-black-normal-color\">24-25. januar<\/mark><\/td><\/tr><tr><td>&laquo;Nybegynnerkurs&raquo;<\/td><td>I klubb<\/td><td>Fortl\u00f8pende ved behov<\/td><\/tr><tr><td>&laquo;Velkommen til innebandy&raquo;<\/td><td>I klubb<\/td><td>Fortl\u00f8pende<\/td><\/tr><\/tbody><\/table><\/figure>\n\n\n\n<div class=\"wp-block-msswb-spacer msswb-spacer-container show-line\" style=\"height:37px\"><div class=\"line\" style=\"border-bottom-width:2px;border-bottom-color:#444444;height:18px\"><\/div><div class=\"line-center-divider\"><\/div><\/div>\n\n\n\n<div class=\"wp-block-msswb-spacer msswb-spacer-container show-line\" style=\"height:33px\"><div class=\"line\" style=\"border-bottom-width:2px;border-bottom-color:#444444;height:16px\"><\/div><div class=\"line-center-divider\"><\/div><\/div>\n\n\n<div class=\"msswb-link-box-grid-frontend-app-v2\" data-url-encoded-attrs=\"%7B%22maxCols%22%3A5%2C%22showTitle%22%3Atrue%2C%22titleColor%22%3A%22%232b2929%22%2C%22useColorBackground%22%3Atrue%2C%22bgColor%22%3A%22%237cb4eb%22%2C%22overlayColor%22%3A%7B%22r%22%3A69%2C%22g%22%3A126%2C%22b%22%3A191%2C%22a%22%3A0.1%7D%2C%22linkBoxes%22%3A%5B%7B%22link_type%22%3A%22page%22%2C%22blog_id%22%3A2%2C%22ID%22%3A1652%2C%22link%22%3A%22https%3A%2F%2Fbandyforbundet.no%2Fforbundet%2F%3Fpage_id%3D1652%22%2C%22image%22%3Afalse%2C%22featuredImage%22%3Afalse%2C%22from_shared%22%3Atrue%2C%22showAltTitle%22%3Atrue%2C%22altTitle%22%3A%22Strategi%20trenere%20-%20NBF%22%7D%2C%7B%22link_type%22%3A%22page%22%2C%22blog_id%22%3A9%2C%22ID%22%3A2407%2C%22link%22%3A%22https%3A%2F%2Fbandyforbundet.no%2Fmidt-norge-bandyregion%2F%3Fpage_id%3D2407%22%2C%22image%22%3Afalse%2C%22featuredImage%22%3Afalse%2C%22from_shared%22%3Atrue%2C%22showAltTitle%22%3Atrue%2C%22altTitle%22%3A%22Trenerp%C3%A5fyll%20Midt-Norge%22%7D%2C%7B%22link_type%22%3A%22page%22%2C%22blog_id%22%3A3%2C%22ID%22%3A3825%2C%22link%22%3A%22https%3A%2F%2Fbandyforbundet.no%2Finnebandy%2F%3Fpage_id%3D3825%22%2C%22image%22%3Afalse%2C%22featuredImage%22%3Afalse%2C%22from_shared%22%3Atrue%2C%22showAltTitle%22%3Atrue%2C%22altTitle%22%3A%22VIL%20DU%20BLI%20TRENER%2FLEDER%3F%22%7D%2C%7B%22link_type%22%3A%22page%22%2C%22blog_id%22%3A9%2C%22ID%22%3A949%2C%22link%22%3A%22https%3A%2F%2Fbandyforbundet.no%2Fmidt-norge-bandyregion%2F%3Fpage_id%3D949%22%2C%22image%22%3Afalse%2C%22featuredImage%22%3Afalse%2C%22from_shared%22%3Atrue%2C%22showAltTitle%22%3Atrue%2C%22altTitle%22%3A%22TRENINGSTIPS%22%7D%2C%7B%22link_type%22%3A%22page%22%2C%22blog_id%22%3A9%2C%22ID%22%3A943%2C%22link%22%3A%22https%3A%2F%2Fbandyforbundet.no%2Fmidt-norge-bandyregion%2F%3Fpage_id%3D943%22%2C%22image%22%3Afalse%2C%22featuredImage%22%3Afalse%2C%22from_shared%22%3Atrue%2C%22showAltTitle%22%3Atrue%2C%22altTitle%22%3A%22HVA%20ER%20VIKTIGST%3F%22%7D%5D%7D\" ><\/div>\n\n\n<div class=\"wp-block-msswb-spacer msswb-spacer-container show-line\" style=\"height:42px\"><div class=\"line\" style=\"border-bottom-width:2px;border-bottom-color:#444444;height:21px\"><\/div><div class=\"line-center-divider\"><\/div><\/div>\n\n\n\n<h4 class=\"wp-block-heading has-white-normal-color has-black-normal-background-color has-text-color has-background\">Hvilke trenerkurs finnes?<\/h4>\n\n\n\n<div class=\"wp-block-msswb-panel msswb-panel-container\"><div class=\"mwwsb-panel-header\"><div class=\"mwwsb-panel-title\">Trener 1 del 1 &#8211; Velkommen til innebandy\/bandy\/landhockey\/EL-innebandy<\/div><div class=\"mwwsb-panel-icon\"><span class=\"dashicon dashicons dashicons-arrow-down-alt2\"><\/span><\/div><\/div><div class=\"msswb-panel-content\"><div class=\"msswb-display-internal-post-frontend-app-v2\" data-url-encoded-attrs=\"%7B%22displayInternalPost%22%3A%7B%22blog_id%22%3A2%2C%22ID%22%3A838%7D%7D\" data-dip-id=\"\" ><\/div><\/div><\/div>\n\n\n\n<div class=\"wp-block-msswb-panel msswb-panel-container\"><div class=\"mwwsb-panel-header\"><div class=\"mwwsb-panel-title\">Trener 1 (T1) Innebandy\/Bandy\/Landhockey\/EL-innebandy<\/div><div class=\"mwwsb-panel-icon\"><span class=\"dashicon dashicons dashicons-arrow-down-alt2\"><\/span><\/div><\/div><div class=\"msswb-panel-content\"><div class=\"msswb-display-internal-post-frontend-app-v2\" data-url-encoded-attrs=\"%7B%22displayInternalPost%22%3A%7B%22blog_id%22%3A2%2C%22ID%22%3A837%7D%7D\" data-dip-id=\"\" ><\/div><\/div><\/div>\n\n\n\n<div class=\"wp-block-msswb-panel msswb-panel-container\"><div class=\"mwwsb-panel-header\"><div class=\"mwwsb-panel-title\">Trener 2 (T2) Innebandy\/Bandy\/Landhockey\/EL-innebandy<\/div><div class=\"mwwsb-panel-icon\"><span class=\"dashicon dashicons dashicons-arrow-down-alt2\"><\/span><\/div><\/div><div class=\"msswb-panel-content\"><div class=\"msswb-display-internal-post-frontend-app-v2\" data-url-encoded-attrs=\"%7B%22displayInternalPost%22%3A%7B%22blog_id%22%3A2%2C%22ID%22%3A805%7D%7D\" data-dip-id=\"\" ><\/div><\/div><\/div>\n\n\n\n<div class=\"wp-block-msswb-panel msswb-panel-container\"><div class=\"mwwsb-panel-header\"><div class=\"mwwsb-panel-title\">Trener 3 (T3) Innebandy\/Bandy\/Landhockey\/EL-innebandy<\/div><div class=\"mwwsb-panel-icon\"><span class=\"dashicon dashicons dashicons-arrow-down-alt2\"><\/span><\/div><\/div><div class=\"msswb-panel-content\"><div class=\"msswb-display-internal-post-frontend-app-v2\" data-url-encoded-attrs=\"%7B%22displayInternalPost%22%3A%7B%22blog_id%22%3A2%2C%22ID%22%3A778%7D%7D\" data-dip-id=\"\" ><\/div><\/div><\/div>\n\n\n\n<div class=\"wp-block-msswb-panel msswb-panel-container\"><div class=\"mwwsb-panel-header\"><div class=\"mwwsb-panel-title\">Trener 4 (T4) Innebandy\/Bandy\/Landhockey\/EL-innebandy<\/div><div class=\"mwwsb-panel-icon\"><span class=\"dashicon dashicons dashicons-arrow-down-alt2\"><\/span><\/div><\/div><div class=\"msswb-panel-content\"><div class=\"msswb-display-internal-post-frontend-app-v2\" data-url-encoded-attrs=\"%7B%22displayInternalPost%22%3A%7B%22blog_id%22%3A2%2C%22ID%22%3A777%7D%7D\" data-dip-id=\"\" ><\/div><\/div><\/div>\n\n\n\n<div class=\"wp-block-msswb-panel msswb-panel-container\"><div class=\"mwwsb-panel-header\"><div class=\"mwwsb-panel-title\">Trenerbes\u00f8k<\/div><div class=\"mwwsb-panel-icon\"><span class=\"dashicon dashicons dashicons-arrow-down-alt2\"><\/span><\/div><\/div><div class=\"msswb-panel-content\"><div class=\"msswb-display-internal-post-frontend-app-v2\" data-url-encoded-attrs=\"%7B%22displayInternalPost%22%3A%7B%22blog_id%22%3A2%2C%22ID%22%3A781%7D%7D\" data-dip-id=\"\" ><\/div><\/div><\/div>\n\n\n\n<div class=\"wp-block-msswb-panel msswb-panel-container\"><div class=\"mwwsb-panel-header\"><div class=\"mwwsb-panel-title\">Trenerinspirasjonssamling<\/div><div class=\"mwwsb-panel-icon\"><span class=\"dashicon dashicons dashicons-arrow-down-alt2\"><\/span><\/div><\/div><div class=\"msswb-panel-content\"><div class=\"msswb-display-internal-post-frontend-app-v2\" data-url-encoded-attrs=\"%7B%22displayInternalPost%22%3A%7B%22blog_id%22%3A2%2C%22ID%22%3A779%7D%7D\" data-dip-id=\"\" ><\/div><\/div><\/div>\n\n\n\n<div class=\"wp-block-msswb-panel msswb-panel-container\"><div class=\"mwwsb-panel-header\"><div class=\"mwwsb-panel-title\">Trenerinstrukt\u00f8rkurs<\/div><div class=\"mwwsb-panel-icon\"><span class=\"dashicon dashicons dashicons-arrow-down-alt2\"><\/span><\/div><\/div><div class=\"msswb-panel-content\"><div class=\"msswb-display-internal-post-frontend-app-v2\" data-url-encoded-attrs=\"%7B%22displayInternalPost%22%3A%7B%22blog_id%22%3A2%2C%22ID%22%3A775%7D%7D\" data-dip-id=\"\" ><\/div><\/div><\/div>\n\n\n\n<div class=\"wp-block-msswb-panel msswb-panel-container\"><div class=\"mwwsb-panel-header\"><div class=\"mwwsb-panel-title\">Trenerkoordinator<\/div><div class=\"mwwsb-panel-icon\"><span class=\"dashicon dashicons dashicons-arrow-down-alt2\"><\/span><\/div><\/div><div class=\"msswb-panel-content\"><div class=\"msswb-display-internal-post-frontend-app-v2\" data-url-encoded-attrs=\"%7B%22displayInternalPost%22%3A%7B%22blog_id%22%3A2%2C%22ID%22%3A776%7D%7D\" data-dip-id=\"\" ><\/div><\/div><\/div>\n\n\n\n<div class=\"wp-block-msswb-panel msswb-panel-container\"><div class=\"mwwsb-panel-header\"><div class=\"mwwsb-panel-title\">Treneroppf\u00f8lging<\/div><div class=\"mwwsb-panel-icon\"><span class=\"dashicon dashicons dashicons-arrow-down-alt2\"><\/span><\/div><\/div><div class=\"msswb-panel-content\"><div class=\"msswb-display-internal-post-frontend-app-v2\" data-url-encoded-attrs=\"%7B%22displayInternalPost%22%3A%7B%22blog_id%22%3A2%2C%22ID%22%3A780%7D%7D\" data-dip-id=\"\" ><\/div><\/div><\/div>\n\n\n\n<div class=\"wp-block-msswb-panel msswb-panel-container\"><div class=\"mwwsb-panel-header\"><div class=\"mwwsb-panel-title\">Trenerveiledning<\/div><div class=\"mwwsb-panel-icon\"><span class=\"dashicon dashicons dashicons-arrow-down-alt2\"><\/span><\/div><\/div><div class=\"msswb-panel-content\"><div class=\"msswb-display-internal-post-frontend-app-v2\" data-url-encoded-attrs=\"%7B%22displayInternalPost%22%3A%7B%22blog_id%22%3A2%2C%22ID%22%3A774%7D%7D\" data-dip-id=\"\" ><\/div><\/div><\/div>\n","protected":false},"excerpt":{"rendered":"<p>TRENERKURS Vi arrangerer trener1-kurs i januar\/februar 2025 i Trondheim. Her er de bare \u00e5 kjenne til bes\u00f8kelsestid \u00e5 melde seg p\u00e5.P\u00e5melding for alle kurs i Tr\u00f8ndelag skjer til: dagligleder@mnbr.no. Kurs i Tr\u00f8ndelag Kurs Sted Dato Trener 1 Innebandy Byneshallen, Trondheim 24-25. januar &laquo;Nybegynnerkurs&raquo; I klubb Fortl\u00f8pende ved behov &laquo;Velkommen til innebandy&raquo; I klubb Fortl\u00f8pende Hvilke [&hellip;]<\/p>\n","protected":false},"author":33,"featured_media":0,"parent":944,"menu_order":0,"comment_status":"closed","ping_status":"closed","template":"","meta":{"cover_meta":"","footnotes":""},"class_list":["post-948","page","type-page","status-publish","hentry"],"_links":{"self":[{"href":"https:\/\/bandyforbundet.no\/midt-norge-bandyregion\/index.php?rest_route=\/wp\/v2\/pages\/948","targetHints":{"allow":["GET"]}}],"collection":[{"href":"https:\/\/bandyforbundet.no\/midt-norge-bandyregion\/index.php?rest_route=\/wp\/v2\/pages"}],"about":[{"href":"https:\/\/bandyforbundet.no\/midt-norge-bandyregion\/index.php?rest_route=\/wp\/v2\/types\/page"}],"author":[{"embeddable":true,"href":"https:\/\/bandyforbundet.no\/midt-norge-bandyregion\/index.php?rest_route=\/wp\/v2\/users\/33"}],"replies":[{"embeddable":true,"href":"https:\/\/bandyforbundet.no\/midt-norge-bandyregion\/index.php?rest_route=%2Fwp%2Fv2%2Fcomments&post=948"}],"version-history":[{"count":32,"href":"https:\/\/bandyforbundet.no\/midt-norge-bandyregion\/index.php?rest_route=\/wp\/v2\/pages\/948\/revisions"}],"predecessor-version":[{"id":8354,"href":"https:\/\/bandyforbundet.no\/midt-norge-bandyregion\/index.php?rest_route=\/wp\/v2\/pages\/948\/revisions\/8354"}],"up":[{"embeddable":true,"href":"https:\/\/bandyforbundet.no\/midt-norge-bandyregion\/index.php?rest_route=\/wp\/v2\/pages\/944"}],"wp:attachment":[{"href":"https:\/\/bandyforbundet.no\/midt-norge-bandyregion\/index.php?rest_route=%2Fwp%2Fv2%2Fmedia&parent=948"}],"curies":[{"name":"wp","href":"https:\/\/api.w.org\/{rel}","templated":true}]}}