{"id":950,"date":"2017-11-28T12:18:59","date_gmt":"2017-11-28T11:18:59","guid":{"rendered":"http:\/\/bandyforbundet.no\/midt-norge-bandyregion\/?page_id=950"},"modified":"2025-02-02T13:46:48","modified_gmt":"2025-02-02T13:46:48","slug":"utvikling-12","status":"publish","type":"page","link":"https:\/\/bandyforbundet.no\/midt-norge-bandyregion\/?page_id=950","title":{"rendered":"Utvikling"},"content":{"rendered":"\n<div class=\"wp-block-msswb-spacer msswb-spacer-container\" style=\"height:27px\"><div class=\"line\" style=\"height:13px\"><\/div><div class=\"line-center-divider\"><\/div><\/div>\n\n\n\n<h1 class=\"wp-block-heading\">UTVIKLING<\/h1>\n\n\n\n<p class=\"has-text-align-left\"><em>Hovedm\u00e5let til Norges Bandyforbund er \u00f8kt medlemsvekst. Vi \u00f8nsker flere klubber, flere lag og flere spillere. For \u00e5 f\u00e5 til dette har vi utviklingskonsulenter ansatt rundt omkring i landet. Utviklingskonsulentene skal bist\u00e5 eksisterende klubber i sitt rekrutteringsarbeid, v\u00e6re aktive i arbeidet med \u00e5 f\u00e5 etablert nye klubber og samtidig v\u00e6re en viktig ressurs til \u00e5 tilf\u00f8re v\u00e5re medlemmer \u00f8kt kompetanse.<\/em><\/p>\n\n\n\n<div class=\"wp-block-msswb-spacer msswb-spacer-container show-line\" style=\"height:20px\"><div class=\"line\" style=\"height:10px\"><\/div><div class=\"line-center-divider\"><\/div><\/div>\n\n\n\n<h3 class=\"wp-block-heading has-text-align-center\">HVA TRENGER DU\/DIN KLUBB BISTAND TIL?<\/h3>\n\n\n<div class=\"msswb-link-box-grid-frontend-app-v2\" data-url-encoded-attrs=\"%7B%22maxCols%22%3A5%2C%22showTitle%22%3Atrue%2C%22titleColor%22%3A%22%230f0f0f%22%2C%22useColorBackground%22%3Atrue%2C%22bgColor%22%3A%22%2317af59%22%2C%22overlayColor%22%3A%7B%22r%22%3A69%2C%22g%22%3A126%2C%22b%22%3A191%2C%22a%22%3A0.1%7D%2C%22linkBoxes%22%3A%5B%7B%22link_type%22%3A%22page%22%2C%22blog_id%22%3A9%2C%22ID%22%3A2403%2C%22link%22%3A%22https%3A%2F%2Fbandyforbundet.no%2Fmidt-norge-bandyregion%2F%3Fpage_id%3D2403%22%2C%22image%22%3Afalse%2C%22featuredImage%22%3Afalse%2C%22from_shared%22%3Atrue%2C%22showAltTitle%22%3Atrue%2C%22altTitle%22%3A%22Rekruttere%20ut%C3%B8vere%22%7D%2C%7B%22link_type%22%3A%22page%22%2C%22blog_id%22%3A9%2C%22ID%22%3A2405%2C%22link%22%3A%22https%3A%2F%2Fbandyforbundet.no%2Fmidt-norge-bandyregion%2F%3Fpage_id%3D2405%22%2C%22image%22%3Afalse%2C%22featuredImage%22%3Afalse%2C%22from_shared%22%3Atrue%2C%22showAltTitle%22%3Atrue%2C%22altTitle%22%3A%22Klubbdrift%22%7D%2C%7B%22link_type%22%3A%22page%22%2C%22blog_id%22%3A9%2C%22ID%22%3A2407%2C%22link%22%3A%22https%3A%2F%2Fbandyforbundet.no%2Fmidt-norge-bandyregion%2F%3Fpage_id%3D2407%22%2C%22image%22%3Afalse%2C%22featuredImage%22%3Afalse%2C%22from_shared%22%3Atrue%2C%22showAltTitle%22%3Atrue%2C%22altTitle%22%3A%22Trenere%22%7D%2C%7B%22link_type%22%3A%22page%22%2C%22blog_id%22%3A9%2C%22ID%22%3A2538%2C%22link%22%3A%22https%3A%2F%2Fbandyforbundet.no%2Fmidt-norge-bandyregion%2F%3Fpage_id%3D2538%22%2C%22image%22%3Afalse%2C%22featuredImage%22%3Afalse%2C%22from_shared%22%3Atrue%2C%22showAltTitle%22%3Atrue%2C%22altTitle%22%3A%22Lage%20ny%20klubb%22%7D%5D%7D\" ><\/div>\n\n<div class=\"msswb-link-box-grid-frontend-app-v2\" data-url-encoded-attrs=\"%7B%22maxCols%22%3A5%2C%22showTitle%22%3Atrue%2C%22titleColor%22%3A%22%23040404%22%2C%22useColorBackground%22%3Atrue%2C%22bgColor%22%3A%22%2317af59%22%2C%22overlayColor%22%3A%7B%22r%22%3A69%2C%22g%22%3A126%2C%22b%22%3A191%2C%22a%22%3A0.1%7D%2C%22linkBoxes%22%3A%5B%7B%22link_type%22%3A%22page%22%2C%22blog_id%22%3A9%2C%22ID%22%3A878%2C%22link%22%3A%22http%3A%2F%2Fbandyforbundet.no%2Fmidt-norge-bandyregion%2F%3Fpage_id%3D878%22%2C%22image%22%3Afalse%2C%22featuredImage%22%3Afalse%2C%22from_shared%22%3Atrue%2C%22showAltTitle%22%3Atrue%2C%22altTitle%22%3A%22CAMPER%22%7D%2C%7B%22link_type%22%3A%22page%22%2C%22blog_id%22%3A9%2C%22ID%22%3A2409%2C%22link%22%3A%22http%3A%2F%2Fbandyforbundet.no%2Fmidt-norge-bandyregion%2F%3Fpage_id%3D2409%22%2C%22image%22%3Afalse%2C%22featuredImage%22%3Afalse%2C%22from_shared%22%3Atrue%2C%22showAltTitle%22%3Atrue%2C%22altTitle%22%3A%22DOMMERE%22%7D%2C%7B%22link_type%22%3A%22page%22%2C%22blog_id%22%3A9%2C%22ID%22%3A2413%2C%22link%22%3A%22http%3A%2F%2Fbandyforbundet.no%2Fmidt-norge-bandyregion%2F%3Fpage_id%3D2413%22%2C%22image%22%3Afalse%2C%22featuredImage%22%3Afalse%2C%22from_shared%22%3Atrue%2C%22showAltTitle%22%3Atrue%2C%22altTitle%22%3A%22FORELDRE%20GRUPPA%22%7D%2C%7B%22link_type%22%3A%22page%22%2C%22blog_id%22%3A9%2C%22ID%22%3A7988%2C%22link%22%3A%22https%3A%2F%2Fbandyforbundet.no%2Fmidt-norge-bandyregion%2F%3Fpage_id%3D7988%22%2C%22image%22%3Afalse%2C%22featuredImage%22%3Afalse%2C%22from_shared%22%3Atrue%2C%22showAltTitle%22%3Atrue%2C%22altTitle%22%3A%22P%C3%85TA%20SEG%20ARRANGEMENT%3F%22%7D%5D%7D\" ><\/div>\n\n\n<div class=\"wp-block-msswb-spacer msswb-spacer-container show-line\" style=\"height:13px\"><div class=\"line\" style=\"height:6px\"><\/div><div class=\"line-center-divider\"><\/div><\/div>\n\n\n\n<div class=\"wp-block-columns\">\n<div class=\"wp-block-column\" style=\"flex-basis:33.33%\">\n<p class=\"has-drop-cap has-white-normal-color has-black-normal-background-color has-text-color has-background\">I Midt-Norge har vi to utviklingskonsulenter. Sandra Grande Stellander har virkeomr\u00e5de i Tr\u00f8ndelag, mens Tomas Trogstad arbeider i M\u00f8re og Romsdal. Begge kan bist\u00e5 klubber med det meste innen rekruttering &#8211; samtidig som det ogs\u00e5 er viktig \u00e5 understreke at det er klubbene som m\u00e5 &laquo;eie&raquo; prosessen. Utviklingskonsulentene kan bist\u00e5, men det er klubbene som m\u00e5 s\u00f8rge for at den rekrutteringsjobben vi feks. gj\u00f8r p\u00e5 et skolebes\u00f8k ender i et fastlagt aktivitetstilbud i klubb for de barna som er interessert. Utviklingskonsulentene har et klart hovedfokus p\u00e5 \u00e5 rekruttere barn og unge, men samtidig er vi veldig klar over at det er foreldre som som oftest driver klubbene og er en forutsetning for kontinuiteten i aktivitetstilbudet. Derfor tilbyr vi kvelder hvor foreldre kan f\u00e5 \u00f8kt sin innebandykompetanse, og vi har ogs\u00e5 aktivitetstilbud tilpasset typiske &laquo;mamma-lag&raquo; og &laquo;pappa-lag&raquo;. <br><br>Samtidig som vi kan bidra med mye er vi ofte avhengige av at klubbene tar kontakt direkte med oss. Det er vanskelig \u00e5 lukte seg frem til hvem som trenger st\u00f8tte til hva til enhver tid. Ikke n\u00f8l med \u00e5 ta kontakt med oss &#8211; uansett om det s\u00e5 bare er for en oppdatering p\u00e5 status i din klubb. Vi ses \ud83d\ude42<\/p>\n<\/div>\n\n\n\n<div class=\"wp-block-column\" style=\"flex-basis:66.66%\">\n<div class=\"wp-block-msswb-panel msswb-panel-container\"><div class=\"mwwsb-panel-header\"><div class=\"mwwsb-panel-title\">M\u00e5nedsbrev fra utviklingskonsulentene<\/div><div class=\"mwwsb-panel-icon\"><span class=\"dashicon dashicons dashicons-arrow-down-alt2\"><\/span><\/div><\/div><div class=\"msswb-panel-content\">\n<p class=\"has-text-align-center has-black-normal-color has-text-color has-background has-small-font-size\" style=\"background-color:#cfcccc\"><em>Hver m\u00e5ned skriver v\u00e5re utviklingskonsulenter en kort rapport om hva som har fylt deres hverdag den siste tiden. Her har vi samlet siste nytt fra utviklingsfronten.<\/em><\/p>\n\n\n\n<div class=\"wp-block-columns\">\n<div class=\"wp-block-column\">\n<h4 class=\"wp-block-heading has-text-align-center\">Tr\u00f8ndelag<\/h4>\n\n\n<div class=\"msswb-display-posts-frontend-app-v2\" data-url-encoded-attrs=\"%7B%22mode%22%3A%22carousel%22%2C%22carouselHeight%22%3A500%2C%22carouselMax%22%3A15%2C%22startAnimation%22%3A%22start%22%2C%22design%22%3A%22msswbcard%22%2C%22hideExcerpt%22%3Afalse%2C%22filterDate%22%3A%22fromdate%22%2C%22dateObj%22%3A%7B%7D%2C%22scrollDirection%22%3A%22vertical%22%2C%22displayPostsFromCategories%22%3A%5B%7B%22blog_id%22%3A9%2C%22included%22%3A%5B94%5D%2C%22excluded%22%3A%5B%5D%7D%5D%2C%22displayPostsFromSharedCategories%22%3A%5B%5D%2C%22maxCols%22%3A3%7D\" ><\/div><\/div>\n\n\n\n<div class=\"wp-block-column\">\n<h4 class=\"wp-block-heading has-text-align-center\">M\u00f8re og Romsdal<\/h4>\n\n\n<div class=\"msswb-display-posts-frontend-app-v2\" data-url-encoded-attrs=\"%7B%22mode%22%3A%22carousel%22%2C%22carouselHeight%22%3A500%2C%22carouselMax%22%3A15%2C%22startAnimation%22%3A%22start%22%2C%22design%22%3A%22msswbcard%22%2C%22hideExcerpt%22%3Afalse%2C%22filterDate%22%3A%22custom%22%2C%22dateObj%22%3A%7B%22fromDate%22%3A%222018-11-01%22%7D%2C%22scrollDirection%22%3A%22vertical%22%2C%22displayPostsFromCategories%22%3A%5B%7B%22blog_id%22%3A9%2C%22included%22%3A%5B95%5D%2C%22excluded%22%3A%5B%5D%7D%5D%2C%22displayPostsFromSharedCategories%22%3A%5B%5D%2C%22maxCols%22%3A3%7D\" ><\/div><\/div>\n<\/div>\n<\/div><\/div>\n\n\n\n<div class=\"wp-block-msswb-spacer msswb-spacer-container show-line\" style=\"height:32px\"><div class=\"line\" style=\"height:16px\"><\/div><div class=\"line-center-divider\"><\/div><\/div>\n\n\n<div class=\"msswb-display-internal-post-frontend-app-v2\" data-url-encoded-attrs=\"%7B%22displayInternalPost%22%3A%7B%22blog_id%22%3A9%2C%22ID%22%3A1225%7D%7D\" data-dip-id=\"\" ><\/div>\n\n\n<div class=\"wp-block-msswb-spacer msswb-spacer-container show-line\" style=\"height:7px\"><div class=\"line\" style=\"height:3px\"><\/div><div class=\"line-center-divider\"><\/div><\/div>\n\n\n\n<div class=\"wp-block-msswb-spacer msswb-spacer-container\" style=\"height:14px\"><div class=\"line\" style=\"height:7px\"><\/div><div class=\"line-center-divider\"><\/div><\/div>\n\n\n\n<div class=\"wp-block-msswb-panel msswb-panel-container\"><div class=\"mwwsb-panel-header\"><div class=\"mwwsb-panel-title\">Eldre m\u00e5nedsbrev fra utviklingskonsulentene<\/div><div class=\"mwwsb-panel-icon\"><span class=\"dashicon dashicons dashicons-arrow-down-alt2\"><\/span><\/div><\/div><div class=\"msswb-panel-content\">\n<p class=\"has-text-align-center has-background has-small-font-size\" style=\"background-color:#d9d9d9\"><em>Her har vi samlet eldre m\u00e5nedsbrev fra utviklingskonsulentene.<\/em><\/p>\n\n\n\n<div class=\"wp-block-columns\">\n<div class=\"wp-block-column\">\n<h4 class=\"wp-block-heading has-text-align-center\">Tr\u00f8ndelag<\/h4>\n\n\n<div class=\"msswb-display-posts-frontend-app-v2\" data-url-encoded-attrs=\"%7B%22mode%22%3A%22carousel%22%2C%22carouselHeight%22%3A500%2C%22carouselMax%22%3A15%2C%22startAnimation%22%3A%22start%22%2C%22design%22%3A%22msswbcard%22%2C%22hideExcerpt%22%3Afalse%2C%22filterDate%22%3A%22custom%22%2C%22dateObj%22%3A%7B%22fromDate%22%3A%222016-12-01%22%2C%22toDate%22%3A%222019-08-01%22%7D%2C%22scrollDirection%22%3A%22vertical%22%2C%22displayPostsFromCategories%22%3A%5B%7B%22blog_id%22%3A9%2C%22included%22%3A%5B94%5D%2C%22excluded%22%3A%5B%5D%7D%5D%2C%22displayPostsFromSharedCategories%22%3A%5B%5D%2C%22maxCols%22%3A3%7D\" ><\/div><\/div>\n\n\n\n<div class=\"wp-block-column\">\n<h4 class=\"wp-block-heading has-text-align-center\">M\u00f8re og Romsdal<\/h4>\n\n\n<div class=\"msswb-display-posts-frontend-app-v2\" data-url-encoded-attrs=\"%7B%22mode%22%3A%22carousel%22%2C%22carouselHeight%22%3A500%2C%22carouselMax%22%3A15%2C%22startAnimation%22%3A%22start%22%2C%22design%22%3A%22msswbcard%22%2C%22hideExcerpt%22%3Afalse%2C%22filterDate%22%3A%22custom%22%2C%22dateObj%22%3A%7B%22fromDate%22%3A%222016-11-01%22%2C%22toDate%22%3A%222018-12-01%22%7D%2C%22scrollDirection%22%3A%22vertical%22%2C%22displayPostsFromCategories%22%3A%5B%7B%22blog_id%22%3A9%2C%22included%22%3A%5B95%5D%2C%22excluded%22%3A%5B%5D%7D%5D%2C%22displayPostsFromSharedCategories%22%3A%5B%5D%2C%22maxCols%22%3A3%7D\" ><\/div><\/div>\n<\/div>\n<\/div><\/div>\n<\/div>\n<\/div>\n\n\n\n<div class=\"wp-block-msswb-spacer msswb-spacer-container show-line\" style=\"height:39px\"><div class=\"line\" style=\"height:19px\"><\/div><div class=\"line-center-divider\"><\/div><\/div>\n\n\n\n<div class=\"wp-block-columns\">\n<div class=\"wp-block-column\" style=\"flex-basis:60%\"><\/div>\n<\/div>\n\n\n<div class=\"msswb-display-posts-frontend-app-v2\" data-url-encoded-attrs=\"%7B%22mode%22%3A%22grid%22%2C%22scrollDirection%22%3A%22vertical%22%2C%22displayPostsFromCategories%22%3A%5B%7B%22blog_id%22%3A9%2C%22included%22%3A%5B92%5D%2C%22excluded%22%3A%5B%5D%2C%22filterDate%22%3A%22from1yearago%22%2C%22dateObj%22%3A%7B%22fromDate%22%3A%221%20year%20ago%22%2C%22toDate%22%3A%22%22%7D%7D%5D%2C%22displayPostsFromSharedCategories%22%3A%5B%5D%2C%22maxCols%22%3A3%7D\" ><\/div>\n\n\n<div style=\"height:50px\" aria-hidden=\"true\" class=\"wp-block-spacer\"><\/div>\n\n\n\n<div class=\"wp-block-columns\">\n<div class=\"wp-block-column\">\n<h3 class=\"wp-block-heading has-text-align-center\">M\u00e5nedsbrev Tr\u00f8ndelag<\/h3>\n\n\n<div class=\"msswb-display-posts-frontend-app-v2\" data-url-encoded-attrs=\"%7B%22mode%22%3A%22list%22%2C%22scrollDirection%22%3A%22vertical%22%2C%22displayPostsFromCategories%22%3A%5B%7B%22blog_id%22%3A9%2C%22included%22%3A%5B94%5D%2C%22excluded%22%3A%5B%5D%7D%5D%2C%22displayPostsFromSharedCategories%22%3A%5B%5D%2C%22maxCols%22%3A4%7D\" ><\/div><\/div>\n\n\n\n<div class=\"wp-block-column\">\n<h3 class=\"wp-block-heading has-text-align-center\">M\u00e5nedsbrev M\u00f8re og Romsdal<\/h3>\n\n\n<div class=\"msswb-display-posts-frontend-app-v2\" data-url-encoded-attrs=\"%7B%22mode%22%3A%22list%22%2C%22scrollDirection%22%3A%22vertical%22%2C%22displayPostsFromCategories%22%3A%5B%7B%22blog_id%22%3A9%2C%22included%22%3A%5B95%5D%2C%22excluded%22%3A%5B%5D%7D%5D%2C%22displayPostsFromSharedCategories%22%3A%5B%5D%2C%22maxCols%22%3A4%7D\" ><\/div><\/div>\n<\/div>\n\n\n\n<div class=\"wp-block-msswb-panel msswb-panel-container\"><div class=\"mwwsb-panel-header\"><div class=\"mwwsb-panel-title\">Utviklingsavdelingen Midt-Norge<\/div><div class=\"mwwsb-panel-icon\"><span class=\"dashicon dashicons dashicons-arrow-down-alt2\"><\/span><\/div><\/div><div class=\"msswb-panel-content\"><div class=\"msswb-display-internal-post-frontend-app-v2\" data-url-encoded-attrs=\"%7B%22displayInternalPost%22%3A%7B%22blog_id%22%3A9%2C%22ID%22%3A1225%7D%7D\" data-dip-id=\"\" ><\/div><\/div><\/div>\n","protected":false},"excerpt":{"rendered":"<p>UTVIKLING Hovedm\u00e5let til Norges Bandyforbund er \u00f8kt medlemsvekst. Vi \u00f8nsker flere klubber, flere lag og flere spillere. For \u00e5 f\u00e5 til dette har vi utviklingskonsulenter ansatt rundt omkring i landet. Utviklingskonsulentene skal bist\u00e5 eksisterende klubber i sitt rekrutteringsarbeid, v\u00e6re aktive i arbeidet med \u00e5 f\u00e5 etablert nye klubber og samtidig v\u00e6re en viktig ressurs til [&hellip;]<\/p>\n","protected":false},"author":12,"featured_media":0,"parent":875,"menu_order":0,"comment_status":"closed","ping_status":"closed","template":"","meta":{"cover_meta":"","footnotes":""},"class_list":["post-950","page","type-page","status-publish","hentry"],"_links":{"self":[{"href":"https:\/\/bandyforbundet.no\/midt-norge-bandyregion\/index.php?rest_route=\/wp\/v2\/pages\/950","targetHints":{"allow":["GET"]}}],"collection":[{"href":"https:\/\/bandyforbundet.no\/midt-norge-bandyregion\/index.php?rest_route=\/wp\/v2\/pages"}],"about":[{"href":"https:\/\/bandyforbundet.no\/midt-norge-bandyregion\/index.php?rest_route=\/wp\/v2\/types\/page"}],"author":[{"embeddable":true,"href":"https:\/\/bandyforbundet.no\/midt-norge-bandyregion\/index.php?rest_route=\/wp\/v2\/users\/12"}],"replies":[{"embeddable":true,"href":"https:\/\/bandyforbundet.no\/midt-norge-bandyregion\/index.php?rest_route=%2Fwp%2Fv2%2Fcomments&post=950"}],"version-history":[{"count":46,"href":"https:\/\/bandyforbundet.no\/midt-norge-bandyregion\/index.php?rest_route=\/wp\/v2\/pages\/950\/revisions"}],"predecessor-version":[{"id":8485,"href":"https:\/\/bandyforbundet.no\/midt-norge-bandyregion\/index.php?rest_route=\/wp\/v2\/pages\/950\/revisions\/8485"}],"up":[{"embeddable":true,"href":"https:\/\/bandyforbundet.no\/midt-norge-bandyregion\/index.php?rest_route=\/wp\/v2\/pages\/875"}],"wp:attachment":[{"href":"https:\/\/bandyforbundet.no\/midt-norge-bandyregion\/index.php?rest_route=%2Fwp%2Fv2%2Fmedia&parent=950"}],"curies":[{"name":"wp","href":"https:\/\/api.w.org\/{rel}","templated":true}]}}