{"id":953,"date":"2018-08-01T13:54:11","date_gmt":"2018-08-01T11:54:11","guid":{"rendered":"http:\/\/bandyforbundet.no\/midt-norge-bandyregion\/?page_id=953"},"modified":"2021-09-17T13:30:39","modified_gmt":"2021-09-17T13:30:39","slug":"slu","status":"publish","type":"page","link":"https:\/\/bandyforbundet.no\/midt-norge-bandyregion\/?page_id=953","title":{"rendered":"SLU"},"content":{"rendered":"\n<div class=\"wp-block-msswb-spacer msswb-spacer-container\" style=\"height:28px\"><div class=\"line\" style=\"height:14px\"><\/div><div class=\"line-center-divider\"><\/div><\/div>\n\n\n<div class=\"msswb-image-frontend-app\"data-href-target=\"false\" data-href=\"%22%22\" data-use-link=\"false\" data-screen-width=\"false\" data-alignment=\"%22right%22\" data-url=\"%22https%3A%5C%2F%5C%2Fbandyforbundet.no%5C%2Fmidt-norge-bandyregion%5C%2Fwp-content%5C%2Fuploads%5C%2Fsites%5C%2F9%5C%2F2018%5C%2F03%5C%2FSLU-e1535535761684-300x133.jpg%22\" data-is-background-image=\"false\" data-border-radius=\"0\" data-image-width=\"300\" data-image-height=\"133\" data-selected-image=\"%7B%22image_id%22%3A842%2C%22blog_id%22%3A%229%22%2C%22term_id%22%3A102%2C%22selected_size%22%3A%22full%22%7D\" data-image-aspect-ratio=\"0.44\" data-alt-text=\"%22Foto%20av%3A%20Martin%20Denstedt%22\" data-caption=\"%22Sportslig%20Langsiktig%20Utvikling%20-%20MNBR%20er%20et%20samarbeidforum%20for%20klubbenes%20sportslige%20organ.%22\" data-width=\"246\" data-height=\"108\" data-focal-point=\"\" data-show-light-box=\"false\" >\n<div class=\"msswb-image-block msswbright\" style=\"width:246px\"><div class=\"msswb-image\"><div class=\"image-container\" style=\"width:246px;height:108px\"><img decoding=\"async\" style=\"width:246px;height:108px\" src=\"https:\/\/bandyforbundet.no\/midt-norge-bandyregion\/wp-content\/uploads\/sites\/9\/2018\/03\/SLU-e1535535761684-300x133.jpg\"\/><\/div><\/div><div class=\"msswb-image-attribution\">Foto av: Martin Denstedt<\/div><div class=\"msswb-image-caption\">Sportslig Langsiktig Utvikling &#8211; MNBR er et samarbeidforum for klubbenes sportslige organ.<\/div><\/div>\n<\/div>\n\n\n<h1 class=\"wp-block-heading\">SLU &#8211; Sportslig langsiktig utvikling<\/h1>\n\n\n\n<p><em><span class=\"has-inline-color has-red-normal-color\">Oppdatert informasjon kommer&#8230;.<\/span><\/em><\/p>\n\n\n\n<p>Midt-Norge Bandyregion har en ambisjon om \u00e5 leve opp til forbund<span class=\"text_exposed_show\">ets visjon \u201cBest p\u00e5 samspill\u201d og \u00f8nsker derfor \u00e5 skape en arena for klubbene til \u00e5 systematisere samarbeidet omkring felles utfordringer og m\u00e5l \u2013 et forum for <strong>Sportslig Langsiktig Utvikling<\/strong> (SLU). Her er m\u00e5let \u00e5 f\u00e5 med sportslige ledere fra alle klubber i Midt-Norge Bandyregion og utviklingskonsulenten i Midt-Norge.<\/span><\/p>\n\n\n\n<p>Deltagerne i SLU m\u00f8tes 4 ganger per sesong \u2013 2 ganger p\u00e5 h\u00f8sten og 2 p\u00e5 v\u00e5ren. Utviklingskonsulenten kaller inn til m\u00f8tene, som&nbsp;avholdes i Idrettens Hus.<\/p>\n\n\n\n<div class=\"wp-block-msswb-spacer msswb-spacer-container show-line\" style=\"height:31px\"><div class=\"line\" style=\"border-bottom-width:2px;border-bottom-color:#121212;height:15px\"><\/div><div class=\"line-center-divider\"><\/div><\/div>\n\n\n\n<div class=\"wp-block-msswb-panel msswb-panel-container\"><div class=\"mwwsb-panel-header\"><div class=\"mwwsb-panel-title\">SLU-m\u00f8ter<\/div><div class=\"mwwsb-panel-icon\"><span class=\"dashicon dashicons dashicons-arrow-down-alt2\"><\/span><\/div><\/div><div class=\"msswb-panel-content\"><div class=\"msswb-display-internal-post-frontend-app-v2\" data-url-encoded-attrs=\"%7B%22displayInternalPost%22%3A%7B%22blog_id%22%3A9%2C%22ID%22%3A1214%7D%7D\" data-dip-id=\"\" ><\/div><\/div><\/div>\n\n\n\n<div class=\"wp-block-msswb-panel msswb-panel-container\"><div class=\"mwwsb-panel-header\"><div class=\"mwwsb-panel-title\">Utviklingsavdelingen Midt-Norge<\/div><div class=\"mwwsb-panel-icon\"><span class=\"dashicon dashicons dashicons-arrow-down-alt2\"><\/span><\/div><\/div><div class=\"msswb-panel-content\"><div class=\"msswb-display-internal-post-frontend-app-v2\" data-url-encoded-attrs=\"%7B%22displayInternalPost%22%3A%7B%22blog_id%22%3A9%2C%22ID%22%3A1225%7D%7D\" data-dip-id=\"\" ><\/div><\/div><\/div>\n","protected":false},"excerpt":{"rendered":"<p>SLU &#8211; Sportslig langsiktig utvikling Oppdatert informasjon kommer&#8230;. Midt-Norge Bandyregion har en ambisjon om \u00e5 leve opp til forbundets visjon \u201cBest p\u00e5 samspill\u201d og \u00f8nsker derfor \u00e5 skape en arena for klubbene til \u00e5 systematisere samarbeidet omkring felles utfordringer og m\u00e5l \u2013 et forum for Sportslig Langsiktig Utvikling (SLU). Her er m\u00e5let \u00e5 f\u00e5 med [&hellip;]<\/p>\n","protected":false},"author":12,"featured_media":0,"parent":950,"menu_order":0,"comment_status":"closed","ping_status":"closed","template":"","meta":{"cover_meta":"","footnotes":""},"class_list":["post-953","page","type-page","status-publish","hentry"],"_links":{"self":[{"href":"https:\/\/bandyforbundet.no\/midt-norge-bandyregion\/index.php?rest_route=\/wp\/v2\/pages\/953","targetHints":{"allow":["GET"]}}],"collection":[{"href":"https:\/\/bandyforbundet.no\/midt-norge-bandyregion\/index.php?rest_route=\/wp\/v2\/pages"}],"about":[{"href":"https:\/\/bandyforbundet.no\/midt-norge-bandyregion\/index.php?rest_route=\/wp\/v2\/types\/page"}],"author":[{"embeddable":true,"href":"https:\/\/bandyforbundet.no\/midt-norge-bandyregion\/index.php?rest_route=\/wp\/v2\/users\/12"}],"replies":[{"embeddable":true,"href":"https:\/\/bandyforbundet.no\/midt-norge-bandyregion\/index.php?rest_route=%2Fwp%2Fv2%2Fcomments&post=953"}],"version-history":[{"count":9,"href":"https:\/\/bandyforbundet.no\/midt-norge-bandyregion\/index.php?rest_route=\/wp\/v2\/pages\/953\/revisions"}],"predecessor-version":[{"id":3207,"href":"https:\/\/bandyforbundet.no\/midt-norge-bandyregion\/index.php?rest_route=\/wp\/v2\/pages\/953\/revisions\/3207"}],"up":[{"embeddable":true,"href":"https:\/\/bandyforbundet.no\/midt-norge-bandyregion\/index.php?rest_route=\/wp\/v2\/pages\/950"}],"wp:attachment":[{"href":"https:\/\/bandyforbundet.no\/midt-norge-bandyregion\/index.php?rest_route=%2Fwp%2Fv2%2Fmedia&parent=953"}],"curies":[{"name":"wp","href":"https:\/\/api.w.org\/{rel}","templated":true}]}}