{"id":1997,"date":"2025-08-18T19:09:44","date_gmt":"2025-08-18T19:09:44","guid":{"rendered":"https:\/\/bandyforbundet.no\/nord-norge-bandyregion\/?page_id=1997"},"modified":"2025-08-18T19:09:44","modified_gmt":"2025-08-18T19:09:44","slug":"rekruttere-utovere","status":"publish","type":"page","link":"https:\/\/bandyforbundet.no\/nord-norge-bandyregion\/?page_id=1997","title":{"rendered":"Rekruttere ut\u00f8vere"},"content":{"rendered":"\n<h2 class=\"wp-block-heading\">REKRUTTERE UT\u00d8VERE<\/h2>\n\n\n\n<p>\u00c5 rekruttere ut\u00f8vere er det f\u00f8rste man tenker p\u00e5 med en klubb. For hva har man dersom man ikke har noen aktive som ut\u00f8ver aktiviteten? Her har vi i Utviklingsavdelingen lang erfaring med hvordan vi skal bidra til at klubbene f\u00e5r markedsf\u00f8rt sin idrett i skolene i n\u00e6rheten. Skolebes\u00f8k er noe vi gj\u00f8r mest av og som vi har sv\u00e6rt gode erfaringer med. For \u00e5 f\u00e5 \u00f8kt medlemsmassen blant de yngste er skolebes\u00f8ket ofte n\u00f8kkelen. Det er klubben selv som avgj\u00f8r hvilke alderstrinn man \u00f8nsker \u00e5 rekruttere fra, men p\u00e5 generelt grunnlag anbefaler vi barneskoletrinnene. Her er det enklest \u00e5 f\u00e5 barna til \u00e5 begynne med en ny idrett &#8211; og det er ogs\u00e5 lettest \u00e5 f\u00e5 med aktive foresatte.<\/p>\n\n\n\n<div class=\"wp-block-columns has-background\" style=\"background-color:#8bb6f8\">\n<div class=\"wp-block-column\" style=\"flex-basis:30%\">\n<h5 class=\"wp-block-heading has-text-align-center\">Eks. infoskriv<\/h5>\n\n\n\n<p class=\"has-small-font-size\">Hva er det viktig \u00e5 ha med av informasjon p\u00e5 informasjonsskrivet som utdeles p\u00e5 skolebes\u00f8k? Det aller viktigste er at foresatte forst\u00e5r hvor og n\u00e5r det er tilbud for \u00e5 spille innebandy. Vi legger ved noen fine eksempler p\u00e5 utdelte skriv p\u00e5 skolen fra klubb.<\/p>\n\n\n\n<div class=\"msswb-file\"><a href=\"https:\/\/bandyforbundet.no\/wp-content\/uploads\/sites\/9\/2021\/08\/inforskriv-eks-2-2.png\" class=\"file-button\" download><span class=\"dashicon dashicons dashicons-download\"><\/span><\/a><a class=\"file-link\" href=\"https:\/\/bandyforbundet.no\/wp-content\/uploads\/sites\/9\/2021\/08\/inforskriv-eks-2-2.png\">inforskriv-eks-2-2<\/a><\/div>\n\n\n\n<div class=\"msswb-file\"><a href=\"https:\/\/bandyforbundet.no\/wp-content\/uploads\/sites\/9\/2021\/08\/inforskriv-eks-1-1.png\" class=\"file-button\" download><span class=\"dashicon dashicons dashicons-download\"><\/span><\/a><a class=\"file-link\" href=\"https:\/\/bandyforbundet.no\/wp-content\/uploads\/sites\/9\/2021\/08\/inforskriv-eks-1-1.png\">inforskriv-eks-1-1<\/a><\/div>\n<\/div>\n\n\n\n<div class=\"wp-block-column\" style=\"flex-basis:50%\">\n<h5 class=\"wp-block-heading has-text-align-center\">Hvilke tiltak har vi?<\/h5>\n\n\n\n<div class=\"wp-block-msswb-panel msswb-panel-container\"><div class=\"mwwsb-panel-header\"><div class=\"mwwsb-panel-title\">Skolebes\u00f8k<\/div><div class=\"mwwsb-panel-icon\"><span class=\"dashicon dashicons dashicons-arrow-down-alt2\"><\/span><\/div><\/div><div class=\"msswb-panel-content\">\n<p class=\"has-small-font-size\"><em>Det mest grunnleggende og effektive tiltaket vi kan tilby klubber som \u00f8nsker \u00e5 rekruttere barn.<\/em><br><br><strong>M\u00e5lgruppe:<\/strong> Barn i n\u00e6rmilj\u00f8et til en bestemt klubb i en viss alder som man \u00f8nsker skal introduseres for innebandy. gj\u00f8res ofte trinnvis p\u00e5 et utvalg av skoler.<br><strong>L\u00e6ringsm\u00e5l: <\/strong>barna opplever at innebandy er s\u00e5 artig at man \u00f8nsker \u00e5 starte med\/pr\u00f8ve ut idretten i idrettslaget<br><strong>Varighet:<\/strong> En gymtime pr. klasse<br><strong>Pris: <\/strong>Gratis &#8211; dette er utviklingskonsulentens kjerneoppgave.<\/p>\n<\/div><\/div>\n\n\n\n<div class=\"wp-block-msswb-panel msswb-panel-container\"><div class=\"mwwsb-panel-header\"><div class=\"mwwsb-panel-title\">Nybegynnerkurs<\/div><div class=\"mwwsb-panel-icon\"><span class=\"dashicon dashicons dashicons-arrow-down-alt2\"><\/span><\/div><\/div><div class=\"msswb-panel-content\">\n<p class=\"has-small-font-size\"><em>Etter skolebes\u00f8k starter aktiviteten i klubben. Her m\u00e5 fast treningstid v\u00e6re p\u00e5 plass til lagene. Som oftest er klubben avhengig av at foresatte tar p\u00e5 seg roller som trenere\/lagledere. I et nybegynnerkurs s\u00e5 tar NBF p\u00e5 seg trenerrollen p\u00e5 lagets treninger i 5 uker. Etter dette m\u00e5 foresatte ta over denne rollen. Det er viktig \u00e5 p\u00e5peke at foresatte m\u00e5 v\u00e6re med v\u00e5r instrukt\u00f8r i disse ukene, men vi kan lede aktiviteten. Forh\u00e5pentligvis vil dette gi nok kompetanse til foresatte om \u00e5 &laquo;ta over&raquo; aktiviteten p\u00e5 fast basis etter disse ukene.<\/em> vi tilbyr ogs\u00e5 kurset &laquo;Velkommen til innebandy&raquo; i etterkant av disse ukene.<\/p>\n\n\n\n<p class=\"has-small-font-size\"><strong>M\u00e5lgruppe og l\u00e6ringsm\u00e5l: <\/strong>aktiviteten er for barna, men hovedm\u00e5let er at foresatte gjennom kurset kan overta som trenere\/lagledere etter disse ukene med &laquo;innleid&raquo; trenere.<br><strong>Varighet:<\/strong> En dag i uka i inntil 5 uker<br><strong>Pris: <\/strong>Dette b\u00f8r v\u00e6re gratis for deltakerne. Vi anbefaler dog at innmelding i klubb &#8211; og innbetaling av medlemsklubb gj\u00f8res slik at man f\u00e5r registrert ut\u00f8verne som medlemmer. Klubben betaler ingenting til forbundet for disse ukene. <\/p>\n<\/div><\/div>\n\n\n\n<div class=\"wp-block-msswb-panel msswb-panel-container\"><div class=\"mwwsb-panel-header\"><div class=\"mwwsb-panel-title\">Innebandyskole<\/div><div class=\"mwwsb-panel-icon\"><span class=\"dashicon dashicons dashicons-arrow-down-alt2\"><\/span><\/div><\/div><div class=\"msswb-panel-content\">\n<p class=\"has-small-font-size\"><em>Et klubbdrevet tiltak p\u00e5 noen timer p\u00e5 en helgedag som  arrangeres i samarbeid med forbund\/region.<\/em><br><br><strong>M\u00e5lgruppe:<\/strong> Barn som \u00f8nsker \u00e5 begynne med innebandy<br><strong>L\u00e6ringsm\u00e5l: <\/strong>Ha en aktivitet i hjemmehall som gir barn lyst til \u00e5 starte med innebandy i idrettslaget. Dette kan avholdes i etterkant av skolebes\u00f8k, eller istedet for selve skolebes\u00f8k. I s\u00e5 tilfelle er det viktig \u00e5 ha informert godt ut til alle i lokalmilj\u00f8et p\u00e5 andre m\u00e5ter enn \u00e5 ha v\u00e6rt p\u00e5 skolen.<\/p>\n\n\n\n<p class=\"has-small-font-size\"><strong>Varighet:<\/strong>&nbsp;Det styrer klubben<br><strong>Pris:<\/strong>&nbsp;Dette styrer klubben, men vi anbefaler \u00e5 holde kostandene s\u00e5 lave som mulig. Dette vil \u00f8ke deltakelsen og mulighet for rekruttering.<\/p>\n<\/div><\/div>\n<\/div>\n\n\n\n<div class=\"wp-block-column\" style=\"flex-basis:35%\">\n<h5 class=\"wp-block-heading has-text-align-center\">Om skolebes\u00f8ket&#8230;<\/h5>\n\n\n\n<p class=\"has-small-font-size\">Selv om NBF Utvikling kan bist\u00e5 under selve skolebes\u00f8ket s\u00e5 er det viktig at klubben har gjort noe arbeid i forkant, og er klar for \u00e5 ta imot barna som \u00f8nsker \u00e5 pr\u00f8ve ut innebandy i etterkant. Her f\u00f8lger en liten oppskrift.<\/p>\n\n\n\n<div class=\"wp-block-msswb-panel msswb-panel-container\"><div class=\"mwwsb-panel-header\"><div class=\"mwwsb-panel-title\">F\u00f8r skolebes\u00f8ket<\/div><div class=\"mwwsb-panel-icon\"><span class=\"dashicon dashicons dashicons-arrow-down-alt2\"><\/span><\/div><\/div><div class=\"msswb-panel-content\">\n<ol class=\"has-small-font-size wp-block-list\">\n<li>Klubben tar kontakt med NNBR med tanke p\u00e5 skolebes\u00f8k. Klubben m\u00e5 ha en plan for hvilke skoler og hvilke trinn man \u00f8nsker \u00e5 rekruttere fra, og n\u00e5r.<\/li>\n\n\n\n<li>Klubben i samarbeid med konsulent fra utviklingsavdelingen avtaler med skolen tidspunkt for skolebes\u00f8k<\/li>\n\n\n\n<li>Klubben m\u00e5 lage et informasjonsskriv om innebandyaktiviteten i klubben som skal deles ut til alle elever p\u00e5 selve skolebes\u00f8ket<\/li>\n\n\n\n<li>Det er viktig at klubben har en treningstid til de ulike gruppene man da \u00f8nsker skal starte med innebandy.<\/li>\n<\/ol>\n<\/div><\/div>\n\n\n\n<div class=\"wp-block-msswb-panel msswb-panel-container\"><div class=\"mwwsb-panel-header\"><div class=\"mwwsb-panel-title\">Etter skolebes\u00f8ket<\/div><div class=\"mwwsb-panel-icon\"><span class=\"dashicon dashicons dashicons-arrow-down-alt2\"><\/span><\/div><\/div><div class=\"msswb-panel-content\">\n<ol class=\"has-small-font-size wp-block-list\">\n<li>Avtal med utviklingskonsulenten at man avholder et nybegynnerkurs s\u00e5 tidlig som mulig etter skolebes\u00f8k.<\/li>\n\n\n\n<li>Viktig at klubben har satt av en fast treningstid til de som \u00f8nsker \u00e5 starte<\/li>\n\n\n\n<li>Avhold et foreldrem\u00f8te samtidig som barna er p\u00e5 trening nr. 1 eller 2. <\/li>\n\n\n\n<li>Kommuniser at det er viktig at de foresatte bidrar i klubben for at aktiviteten skal videref\u00f8res. He trengs b\u00e5de trenere\/lagledere etc.<\/li>\n<\/ol>\n<\/div><\/div>\n\n\n\n<p class=\"has-small-font-size\"><\/p>\n<\/div>\n<\/div>\n\n\n<div class=\"msswb-image-frontend-app\"data-href-target=\"false\" data-href=\"%22%22\" data-use-link=\"false\" data-screen-width=\"false\" data-alignment=\"%22left%22\" data-url=\"%22%5C%2Fwp-content%5C%2Fuploads%5C%2Fsites%5C%2F9%5C%2F2021%5C%2F10%5C%2Fveien-videre.jpg%22\" data-is-background-image=\"false\" data-border-radius=\"27\" data-image-width=\"1618\" data-image-height=\"1288\" data-selected-image=\"%7B%22image_id%22%3A3471%2C%22blog_id%22%3A9%2C%22term_id%22%3A-1%2C%22selected_size%22%3A%22full%22%7D\" data-image-aspect-ratio=\"0.8\" data-alt-text=\"%22%22\" data-caption=\"%22%22\" data-width=\"450\" data-height=\"360\" data-focal-point=\"\" data-show-light-box=\"false\" >\n<div class=\"msswb-image-block msswbleft\" style=\"width:450px\"><div class=\"msswb-image \"><div class=\"image-container\" style=\"width:450px;height:360px\"><img decoding=\"async\" style=\"width:450px;height:360px;border-radius:27px\" src=\"\/wp-content\/uploads\/sites\/9\/2021\/10\/veien-videre.jpg\" \/><\/div><\/div><div class=\"msswb-image-caption-container\"><div class=\"msswb-image-caption\"><\/div><\/div><\/div>\n<\/div>\n\n\n<p>Illustrasjonen i bildet til venstre viser hvordan samspillet mellom klubb som \u00f8nsker rekruttering og bidraget fra oss i forbundet kan fungere i praksis. Det finnes ingen fasit som fungerer optimalt over alt, men v\u00e5r erfaring er at denne m\u00e5ten \u00e5 gj\u00f8re det p\u00e5 er en god oppskrift p\u00e5 hvordan klubb og forbund kan samarbeide om tiltak som ender med varig \u00f8kt rekruttering i klubb. Det betinger dog at klubbene evner \u00e5 f\u00e5 med foreldrene til \u00e5 bidra i &#8211; og rundt &#8211; aktiviteten.<br><br>Denne siden har vist den prim\u00e6re tiltakspakken vi har for \u00e5 bist\u00e5 klubbene med \u00e5 rekruttere ut\u00f8vere. Alt dette er klubbstyrt &#8211; vi stiller med personell til \u00e5 gj\u00f8re den f\u00f8rste rekrutteringsfasen. Det er viktig \u00e5 huske p\u00e5 at en ting er \u00e5 f\u00e5 rekruttert de inn til den f\u00f8rste klubbtreningen i fra skolebes\u00f8ket &#8211; mens det er helt opp til klubben om man klarer \u00e5 beholde disse ut\u00f8verne uke etter uke. N\u00f8kkelen her trenere\/lagledere og et sosialt godt milj\u00f8. F\u00e5r man til dette i alle klubbens ulike lag er man godt p\u00e5 vei. Vi anbefaler alle klubber \u00e5 jobbe for \u00e5 \u00f8ke rekrutteringen &#8211; og vi i NBF skal selvf\u00f8lgelig bist\u00e5. Kontakt oss n\u00e5!<\/p>\n","protected":false},"excerpt":{"rendered":"<p>REKRUTTERE UT\u00d8VERE \u00c5 rekruttere ut\u00f8vere er det f\u00f8rste man tenker p\u00e5 med en klubb. For hva har man dersom man ikke har noen aktive som ut\u00f8ver aktiviteten? Her har vi i Utviklingsavdelingen lang erfaring med hvordan vi skal bidra til at klubbene f\u00e5r markedsf\u00f8rt sin idrett i skolene i n\u00e6rheten. Skolebes\u00f8k er noe vi gj\u00f8r [&hellip;]<\/p>\n","protected":false},"author":70,"featured_media":0,"parent":0,"menu_order":0,"comment_status":"closed","ping_status":"closed","template":"","meta":{"cover_meta":"","footnotes":""},"class_list":["post-1997","page","type-page","status-publish","hentry"],"_links":{"self":[{"href":"https:\/\/bandyforbundet.no\/nord-norge-bandyregion\/index.php?rest_route=\/wp\/v2\/pages\/1997","targetHints":{"allow":["GET"]}}],"collection":[{"href":"https:\/\/bandyforbundet.no\/nord-norge-bandyregion\/index.php?rest_route=\/wp\/v2\/pages"}],"about":[{"href":"https:\/\/bandyforbundet.no\/nord-norge-bandyregion\/index.php?rest_route=\/wp\/v2\/types\/page"}],"author":[{"embeddable":true,"href":"https:\/\/bandyforbundet.no\/nord-norge-bandyregion\/index.php?rest_route=\/wp\/v2\/users\/70"}],"replies":[{"embeddable":true,"href":"https:\/\/bandyforbundet.no\/nord-norge-bandyregion\/index.php?rest_route=%2Fwp%2Fv2%2Fcomments&post=1997"}],"version-history":[{"count":1,"href":"https:\/\/bandyforbundet.no\/nord-norge-bandyregion\/index.php?rest_route=\/wp\/v2\/pages\/1997\/revisions"}],"predecessor-version":[{"id":1998,"href":"https:\/\/bandyforbundet.no\/nord-norge-bandyregion\/index.php?rest_route=\/wp\/v2\/pages\/1997\/revisions\/1998"}],"wp:attachment":[{"href":"https:\/\/bandyforbundet.no\/nord-norge-bandyregion\/index.php?rest_route=%2Fwp%2Fv2%2Fmedia&parent=1997"}],"curies":[{"name":"wp","href":"https:\/\/api.w.org\/{rel}","templated":true}]}}