{"id":2004,"date":"2025-08-18T19:18:54","date_gmt":"2025-08-18T19:18:54","guid":{"rendered":"https:\/\/bandyforbundet.no\/nord-norge-bandyregion\/?page_id=2004"},"modified":"2025-08-18T19:18:54","modified_gmt":"2025-08-18T19:18:54","slug":"trenertilbud","status":"publish","type":"page","link":"https:\/\/bandyforbundet.no\/nord-norge-bandyregion\/?page_id=2004","title":{"rendered":"Trenertilbud"},"content":{"rendered":"\n<div class=\"wp-block-msswb-spacer msswb-spacer-container\" style=\"height:27px\"><div class=\"line\" style=\"height:13px\"><\/div><div class=\"line-center-divider\"><\/div><\/div>\n\n\n\n<h1 class=\"wp-block-heading\">TRENERE<\/h1>\n\n\n\n<p class=\"has-drop-cap has-white-normal-color has-black-normal-background-color has-text-color has-background\">Dersom man allerede har klart \u00e5 f\u00e5 foreldre eller andre til \u00e5 p\u00e5ta seg et trenerverv s\u00e5 er det lurt \u00e5 tilby dem kompetanse s\u00e5 raskt mulig. Trenerkurs er b\u00e5de inspirerende og l\u00e6rerikt. Her har vi flere spennende tilbud, og det er viktig \u00e5 finne et tilbud som im\u00f8tekommer deres behov p\u00e5 en best mulig m\u00e5te.<\/p>\n\n\n\n<div class=\"wp-block-columns\">\n<div class=\"wp-block-column\">\n<h4 class=\"wp-block-heading has-text-align-center\">HVILKE KURS FINNES?<\/h4>\n\n\n\n<div class=\"wp-block-msswb-panel msswb-panel-container\"><div class=\"mwwsb-panel-header\"><div class=\"mwwsb-panel-title\">MINIRUNDETRENEREN<\/div><div class=\"mwwsb-panel-icon\"><span class=\"dashicon dashicons dashicons-arrow-down-alt2\"><\/span><\/div><\/div><div class=\"msswb-panel-content\">\n<p class=\"has-small-font-size\"><em>Bli med p\u00e5 et morsomt og praktisk innrettet kurs. Her g\u00e5r vi gjennom en rekke \u00f8velser og spillformer som gj\u00f8r innebandytreningene for barn morsomme og l\u00e6rerike<\/em>. Kurset passer godt \u00e5 avholdes i klubbens treningstid en kveld.<br><br><strong>M\u00e5lgruppe:&nbsp;<\/strong>Trenere, lagledere og foreldre for Minirundelag&nbsp;<br><strong>L\u00e6ringsm\u00e5l:<\/strong> Gi deg kjennskap til innebandy og ufarliggj\u00f8re det \u00e5 lede innebandyaktivitet for barn.<\/p>\n\n\n\n<p><strong>Varighet:<\/strong> 2 timer<br><strong>Pris: <\/strong>Gratis<\/p>\n<\/div><\/div>\n\n\n\n<div class=\"wp-block-msswb-panel msswb-panel-container\"><div class=\"mwwsb-panel-header\"><div class=\"mwwsb-panel-title\">VELKOMMEN TIL INNEBANDY<\/div><div class=\"mwwsb-panel-icon\"><span class=\"dashicon dashicons dashicons-arrow-down-alt2\"><\/span><\/div><\/div><div class=\"msswb-panel-content\">\n<p class=\"has-small-font-size\"><em>Dette kurset kan ogs\u00e5 avholdes i el-innebandy, bandy og landhockey, og er den f\u00f8rste delen av TRENER1-kurset. Dette kurset kan vi avholde i hver enkelt klubb som et klubbkurs. Hva med \u00e5 samle alle foreldrene en kveld i deres treningstid? Plutselig har dere 10-15 potensielle trenere\/lagledere.<\/em><\/p>\n\n\n\n<p><strong>Kurstype:<\/strong>&nbsp;Velkommen til innebandy <br><strong>M\u00e5lgruppe:<\/strong>&nbsp;Kurset er egnet for alle som \u00f8nsker \u00e5 l\u00e6re mer om innebandy. Passer for b\u00e5de spillere, foreldre, trenere, lagledere og ledere.<br><strong>L\u00e6ringsm\u00e5l:<\/strong>&nbsp;Deltakerne skal f\u00e5 kjennskap til innebandy. Ufarliggj\u00f8re det \u00e5 lede aktivitet i innebandy. Etter dette kurset vil alle deltakere kunne lede en innebandytrening.<br><strong>Varighet:<\/strong>&nbsp;Kurs som g\u00e5r over fire timer, to timer teori og to timer praktisk i hall.<br><strong>Pris:<\/strong>&nbsp;Gratis<\/p>\n<\/div><\/div>\n\n\n\n<div class=\"wp-block-msswb-panel msswb-panel-container\"><div class=\"mwwsb-panel-header\"><div class=\"mwwsb-panel-title\">TRENER 1<\/div><div class=\"mwwsb-panel-icon\"><span class=\"dashicon dashicons dashicons-arrow-down-alt2\"><\/span><\/div><\/div><div class=\"msswb-panel-content\">\n<p class=\"has-small-font-size\"><em>Dette er det neste trinnet etter  kurset &laquo;Velkommen til innebandy&raquo;. Her g\u00e5r man litt mer i dybden p\u00e5 b\u00e5de teori og praksis &#8211; noe som viser seg i omfanget p\u00e5 kurset. Dette arrangerer vi over en helg i Tr\u00f8ndelag en gang i l\u00f8pet av sesongen.<\/em><\/p>\n\n\n\n<p><strong>Kurstype:<\/strong>&nbsp;Trener 1 (T1) Innebandy<br><strong>M\u00e5lgruppe:<\/strong>&nbsp;Kurset er egnet for alle som \u00f8nsker \u00e5 l\u00e6re mer om innebandy \u2013 b\u00e5de spillere, foreldre, trenere og ledere. Det er ingen forkrav for \u00e5 delta p\u00e5 kurset. Vi \u00f8nsker alle velkommen.<br><strong>L\u00e6ringsm\u00e5l:<\/strong><\/p>\n\n\n\n<ul class=\"wp-block-list\">\n<li>Deltakerne skal kunne bruke idrettens begreper og ivareta en felles terminologi.<\/li>\n\n\n\n<li>Gi en innl\u00e6ring av grunnleggende tekniske og taktiske ferdigheter i innebandy.<\/li>\n\n\n\n<li>Utvikle fysiske, psykiske og sosiale egenskaper for ut\u00f8vere p\u00e5 begynnerniv\u00e5, og \u00e5 ivareta ut\u00f8vernes behov i et sosialt, spennende og trygt milj\u00f8.<\/li>\n\n\n\n<li>Deltakerne skal kunne tilpasse trening for ulike aldergrupper med ulike erfaringer med klare rammer, tilrettelegging og veiledning.<\/li>\n\n\n\n<li>Deltakerne skal lage en \u00f8ktplan<\/li>\n<\/ul>\n\n\n\n<p><strong>Varighet:<\/strong>&nbsp;45 timer undervisning, fordelt p\u00e5 teoretisk og praktisk undervisning med kursl\u00e6rer samt e-l\u00e6ring. 20 timer gjennomf\u00f8res med kursl\u00e6rer over en helg eller fem ukedager. Praksiskravet p\u00e5 Trener 1 er 45 timer.<br><strong>Pris:<\/strong>&nbsp;3000<\/p>\n<\/div><\/div>\n\n\n\n<div class=\"wp-block-msswb-panel msswb-panel-container\"><div class=\"mwwsb-panel-header\"><div class=\"mwwsb-panel-title\">TRENERBES\u00d8K<\/div><div class=\"mwwsb-panel-icon\"><span class=\"dashicon dashicons dashicons-arrow-down-alt2\"><\/span><\/div><\/div><div class=\"msswb-panel-content\">\n<p class=\"has-small-font-size\"><em>Er du trener men \u00f8nsker litt inspirasjon og bevisstgj\u00f8ring omkring eget trenerverv? Vi stiller for \u00e5 spille deg bedre!<\/em><br><br><strong>Kurstype:<\/strong>&nbsp;Trenerbes\u00f8k<br><strong>M\u00e5lgruppe:<\/strong>&nbsp;Alle trenere knyttet til Norges Bandyforbund som \u00f8nsker bes\u00f8k<br><strong>L\u00e6ringsm\u00e5l:<\/strong>&nbsp;Bevisstgj\u00f8ring over egen trenerrolle med fokus p\u00e5 klare rammer, tilrettelegging og veiledning.<br><strong>Varighet:<\/strong>&nbsp;1 time<br><strong>Pris:<\/strong>&nbsp;Gratis<\/p>\n<\/div><\/div>\n\n\n\n<div class=\"wp-block-msswb-panel msswb-panel-container\"><div class=\"mwwsb-panel-header\"><div class=\"mwwsb-panel-title\">LAGLEDERLISENSKURS<\/div><div class=\"mwwsb-panel-icon\"><span class=\"dashicon dashicons dashicons-arrow-down-alt2\"><\/span><\/div><\/div><div class=\"msswb-panel-content\">\n<p class=\"has-small-font-size\"><em>Dette kurset er obligatorisk for lagledere i lag i ungdomsserien. Har man tatt Trener1-kurs har man automatisk f\u00e5tt denne kompetansen.<\/em><\/p>\n\n\n\n<p><strong>Kurstype:<\/strong>&nbsp;Laglederlisenskurs<br><strong>M\u00e5lgruppe:<\/strong>&nbsp;N\u00e5v\u00e6rende og fremtidige lagledere for barne- og ungdomslag<br><strong>L\u00e6ringsm\u00e5l:<\/strong>&nbsp;Bevisstgj\u00f8ring av deltakernes syn p\u00e5 laglederrollen. Kurset skal gi deltakerne innf\u00f8ring i hvilke verdier NBF \u00f8nsker skal prege idrettsaktiviteten, og som skal gi kommende generasjon innebandyspillere et sunt og livslangt forhold til idrett<br><strong>Varighet:<\/strong>&nbsp;4 timer teori med instrukt\u00f8r<br><strong>Pris:<\/strong>&nbsp;Gratis<\/p>\n<\/div><\/div>\n<\/div>\n\n\n\n<div class=\"wp-block-column\">\n<h4 class=\"wp-block-heading has-text-align-center\">PLANLAGTE KURS I NORD-NORGE 25\/26<\/h4>\n\n\n<div class=\"msswb-link-box-grid-frontend-app-v2\" data-url-encoded-attrs=\"%7B%22maxCols%22%3A3%2C%22showTitle%22%3Atrue%2C%22titleColor%22%3A%22%23030e0f%22%2C%22useColorBackground%22%3Atrue%2C%22bgColor%22%3A%22%23cf6b35%22%2C%22overlayColor%22%3A%7B%22r%22%3A69%2C%22g%22%3A126%2C%22b%22%3A191%2C%22a%22%3A0.1%7D%2C%22linkBoxes%22%3A%5B%5D%7D\" ><\/div>\n\n\n<p class=\"has-background\" style=\"background-color:#c6d8f5\"><em>Vi setter kun opp de st\u00f8rste kursene p\u00e5 tvers av klubber. Minirundetrenere, Velkommen til innebandy og trenerbes\u00f8k avtales direkte med den enkelte klubb. Ikke n\u00f8l med \u00e5 ta kontakt med regionen for \u00e5 avtale et slikt kurs hos dere!<\/em><\/p>\n<\/div>\n<\/div>\n\n\n\n<p class=\"has-white-normal-color has-black-normal-background-color has-text-color has-background\">Har man allerede personer som er villig til \u00e5 p\u00e5ta seg trenerverv i klubbens lag m\u00e5 man verdsette disse godt. Ofte opplever man at den vanskeligste jobben er \u00e5 f\u00e5 lokalisert slike personer. Vi har ikke rent f\u00e5 ganger f\u00e5tt tilbakemelding fra klubber om hvor vanskelig det er f\u00e5 foresatte til \u00e5 trene et innebandylag. Det er det egentlig ingen grunn til. Innebandy er ingen spesielt vanskeligere idrett \u00e5 v\u00e6re trener\/lagleder i enn andre ballidretter. <\/p>\n\n\n\n<div class=\"wp-block-msswb-spacer msswb-spacer-container show-line\" style=\"height:32px\"><div class=\"line\" style=\"border-bottom-width:1px;border-bottom-color:#0f0e0e;height:16px\"><\/div><div class=\"line-center-divider\"><\/div><\/div>\n","protected":false},"excerpt":{"rendered":"<p>TRENERE Dersom man allerede har klart \u00e5 f\u00e5 foreldre eller andre til \u00e5 p\u00e5ta seg et trenerverv s\u00e5 er det lurt \u00e5 tilby dem kompetanse s\u00e5 raskt mulig. Trenerkurs er b\u00e5de inspirerende og l\u00e6rerikt. Her har vi flere spennende tilbud, og det er viktig \u00e5 finne et tilbud som im\u00f8tekommer deres behov p\u00e5 en best [&hellip;]<\/p>\n","protected":false},"author":70,"featured_media":0,"parent":0,"menu_order":0,"comment_status":"closed","ping_status":"closed","template":"","meta":{"cover_meta":"","footnotes":""},"class_list":["post-2004","page","type-page","status-publish","hentry"],"_links":{"self":[{"href":"https:\/\/bandyforbundet.no\/nord-norge-bandyregion\/index.php?rest_route=\/wp\/v2\/pages\/2004","targetHints":{"allow":["GET"]}}],"collection":[{"href":"https:\/\/bandyforbundet.no\/nord-norge-bandyregion\/index.php?rest_route=\/wp\/v2\/pages"}],"about":[{"href":"https:\/\/bandyforbundet.no\/nord-norge-bandyregion\/index.php?rest_route=\/wp\/v2\/types\/page"}],"author":[{"embeddable":true,"href":"https:\/\/bandyforbundet.no\/nord-norge-bandyregion\/index.php?rest_route=\/wp\/v2\/users\/70"}],"replies":[{"embeddable":true,"href":"https:\/\/bandyforbundet.no\/nord-norge-bandyregion\/index.php?rest_route=%2Fwp%2Fv2%2Fcomments&post=2004"}],"version-history":[{"count":1,"href":"https:\/\/bandyforbundet.no\/nord-norge-bandyregion\/index.php?rest_route=\/wp\/v2\/pages\/2004\/revisions"}],"predecessor-version":[{"id":2005,"href":"https:\/\/bandyforbundet.no\/nord-norge-bandyregion\/index.php?rest_route=\/wp\/v2\/pages\/2004\/revisions\/2005"}],"wp:attachment":[{"href":"https:\/\/bandyforbundet.no\/nord-norge-bandyregion\/index.php?rest_route=%2Fwp%2Fv2%2Fmedia&parent=2004"}],"curies":[{"name":"wp","href":"https:\/\/api.w.org\/{rel}","templated":true}]}}