{"id":2007,"date":"2025-08-18T19:24:05","date_gmt":"2025-08-18T19:24:05","guid":{"rendered":"https:\/\/bandyforbundet.no\/nord-norge-bandyregion\/?page_id=2007"},"modified":"2025-08-18T19:24:05","modified_gmt":"2025-08-18T19:24:05","slug":"camper","status":"publish","type":"page","link":"https:\/\/bandyforbundet.no\/nord-norge-bandyregion\/?page_id=2007","title":{"rendered":"Camper"},"content":{"rendered":"\n<div class=\"wp-block-msswb-spacer msswb-spacer-container\" style=\"height:27px\"><div class=\"line\" style=\"height:13px\"><\/div><div class=\"line-center-divider\"><\/div><\/div>\n\n\n\n<h1 class=\"wp-block-heading\">CAMPER<\/h1>\n\n\n\n<p class=\"has-white-normal-color has-black-normal-background-color has-text-color has-background\">Av og til kan det \u00e5 arrangere noe spesielt &#8211; alts\u00e5 noe annet enn de vanlige klubbtreningene med tilh\u00f8rende kamper &#8211; v\u00e6re et tiltak som kan tilf\u00f8re noe ekstra. Kanskje man \u00f8nsker et ekstra fokus p\u00e5 rekruttering i klubben sin i l\u00f8pet av av kort periode, kanskje er det en kortere ferie hvor man \u00f8nsker \u00e5 tilby en slags innebandyskole i ferietiden eller kanskje er det et behov for ekstra p\u00e5fyll av inspirasjon til de som allerede er aktive i idretten. Camper er et godt tiltak for \u00e5 im\u00f8tekomme alle disse behovene. Camper kan forekomme i flere ulike former, men kan kanskje best forklares som en lengre samling hvor trivsel og innebandy er hovedingrediensene. Camper kan arrangeres og gjennomf\u00f8res p\u00e5 flere ulike m\u00e5ter.<\/p>\n\n\n\n<div class=\"wp-block-columns\">\n<div class=\"wp-block-column\">\n<h5 class=\"wp-block-heading has-text-align-center\">Camper i klubbregi<\/h5>\n\n\n\n<p class=\"has-white-normal-color has-blue-normal-background-color has-text-color has-background\">Vi anbefaler alle klubber til \u00e5 vurdere camp som et tiltak i sin klubb. Har man tilgang p\u00e5 hall og foreldre\/eldre spillere som instrukt\u00f8rer s\u00e5 er ikke veien lang til \u00e5 f\u00e5 etablert en CAMP som kan gi stor rekruttering av spillere til klubben. Vi i regionen er selvf\u00f8lgelig behjelpelige med \u00e5 planlegge dette &#8211; dersom det er \u00f8nskelig. Det er selvf\u00f8lgelig ogs\u00e5 fullt mulig for flere klubber \u00e5 g\u00e5 sammen om en felles camp i for eksempel en skoleferie. Man b\u00f8r gj\u00f8re seg opp noen tanker p\u00e5 forh\u00e5nd omkring omfang og m\u00e5lgruppe.<\/p>\n<\/div>\n\n\n\n<div class=\"wp-block-column\">\n<h5 class=\"wp-block-heading has-text-align-center\">Camper hvor regionen arrangerer<\/h5>\n\n\n\n<p class=\"has-white-normal-color has-blue-normal-background-color has-text-color has-background\">Fra regionen sin side s\u00e5 arrangerer vi camper i samarbeid med klubber for \u00e5 f\u00e5 opp rekruttering av barn og unge i et utvalgt klubbmilj\u00f8. Disse campene kan for eksempel v\u00e6re et samarbeid med Sparebankstiftelsen, BUFDIR etc. <br><br>Vi fors\u00f8ker ogs\u00e5 \u00e5 ha camper som er \u00e5pne p\u00e5 tvers av klubber og klubbtilh\u00f8righet. Da kan ogs\u00e5 faglig p\u00e5fyll til de som allerede er aktive i idretten v\u00e6re en m\u00e5lgruppe med en camp.  <\/p>\n<\/div>\n\n\n\n<div class=\"wp-block-column\">\n<h5 class=\"wp-block-heading has-text-align-center\">Nasjonale camper<\/h5>\n\n\n\n<p class=\"has-white-normal-color has-blue-normal-background-color has-text-color has-background\">En gang i \u00e5ret arrangeres det ogs\u00e5 en nasjonal innebandycamp hvor alle kan melde seg p\u00e5 for en ukes innebandysamling p\u00e5 tvers av alle landsdeler, ambisjoner og ferdigheter. Denne \u00e5rlige samlingen har blitt et stort innebandyh\u00f8ydepunkt for mange av deltakerne s\u00e5 langt. Informasjon om denne kommer alltid p\u00e5 senh\u00f8sten fra forbundet.<\/p>\n<\/div>\n<\/div>\n\n\n\n<div class=\"wp-block-msswb-spacer msswb-spacer-container show-line\" style=\"height:26px\"><div class=\"line\" style=\"border-bottom-width:2px;border-bottom-color:#444444;height:13px\"><\/div><div class=\"line-center-divider\"><\/div><\/div>\n\n\n\n<p>Vi mener at alle klubber kan klare \u00e5 arrangere camper. Det trenger ikke \u00e5 v\u00e6re et s\u00e5 stort prosjekt som man kanskje skulle tro. Man m\u00e5 finne det konseptet som passer for din klubb. Det viktigste for oss er at tilbudet ikke legger opp til selektering av hvem som kan delta og ikke, samt at idrettsglede skal st\u00e5 i fokus. Det er ogs\u00e5 et poeng at det ikke skal v\u00e6re for dyrt \u00e5 delta. Her skal terskelen v\u00e6re lav for \u00e5 melde seg p\u00e5. Ta gjerne kontakt med oss regionen, s\u00e5 kan vi sammen finne ut av hvilket konsept som passer din klubb og om vi kan bidra p\u00e5 noen som helst m\u00e5te.<\/p>\n\n\n\n<div class=\"wp-block-msswb-spacer msswb-spacer-container show-line\" style=\"height:50px\"><div class=\"line\" style=\"height:25px\"><\/div><div class=\"line-center-divider\"><\/div><\/div>\n\n\n<div class=\"msswb-gallery-frontend-app-v2 \" data-url-encoded-attrs=\"%7B%22images%22%3A%5B%7B%22image_id%22%3A366%2C%22blog_id%22%3A3%2C%22selected_size%22%3A%22full%22%7D%2C%7B%22image_id%22%3A73%2C%22blog_id%22%3A3%2C%22selected_size%22%3A%22full%22%7D%2C%7B%22image_id%22%3A119%2C%22blog_id%22%3A3%2C%22selected_size%22%3A%22full%22%7D%2C%7B%22image_id%22%3A304%2C%22blog_id%22%3A3%2C%22selected_size%22%3A%22full%22%7D%2C%7B%22image_id%22%3A311%2C%22blog_id%22%3A3%2C%22selected_size%22%3A%22full%22%7D%2C%7B%22image_id%22%3A310%2C%22blog_id%22%3A3%2C%22selected_size%22%3A%22full%22%7D%2C%7B%22image_id%22%3A312%2C%22blog_id%22%3A3%2C%22selected_size%22%3A%22full%22%7D%2C%7B%22image_id%22%3A2099%2C%22blog_id%22%3A3%2C%22selected_size%22%3A%22full%22%7D%5D%2C%22maxCols%22%3A3%2C%22displayMode%22%3A%22carousel%22%2C%22carouselHeight%22%3A462%2C%22maxCarouselCols%22%3A1%2C%22startAnimation%22%3A%22start%22%2C%22carouselBgSize%22%3A%22contain%22%2C%22sortBy%22%3A%22image-time%22%2C%22sortDirection%22%3A%22asc%22%7D\" ><\/div>","protected":false},"excerpt":{"rendered":"<p>CAMPER Av og til kan det \u00e5 arrangere noe spesielt &#8211; alts\u00e5 noe annet enn de vanlige klubbtreningene med tilh\u00f8rende kamper &#8211; v\u00e6re et tiltak som kan tilf\u00f8re noe ekstra. Kanskje man \u00f8nsker et ekstra fokus p\u00e5 rekruttering i klubben sin i l\u00f8pet av av kort periode, kanskje er det en kortere ferie hvor man [&hellip;]<\/p>\n","protected":false},"author":70,"featured_media":0,"parent":0,"menu_order":0,"comment_status":"closed","ping_status":"closed","template":"","meta":{"cover_meta":"","footnotes":""},"class_list":["post-2007","page","type-page","status-publish","hentry"],"_links":{"self":[{"href":"https:\/\/bandyforbundet.no\/nord-norge-bandyregion\/index.php?rest_route=\/wp\/v2\/pages\/2007","targetHints":{"allow":["GET"]}}],"collection":[{"href":"https:\/\/bandyforbundet.no\/nord-norge-bandyregion\/index.php?rest_route=\/wp\/v2\/pages"}],"about":[{"href":"https:\/\/bandyforbundet.no\/nord-norge-bandyregion\/index.php?rest_route=\/wp\/v2\/types\/page"}],"author":[{"embeddable":true,"href":"https:\/\/bandyforbundet.no\/nord-norge-bandyregion\/index.php?rest_route=\/wp\/v2\/users\/70"}],"replies":[{"embeddable":true,"href":"https:\/\/bandyforbundet.no\/nord-norge-bandyregion\/index.php?rest_route=%2Fwp%2Fv2%2Fcomments&post=2007"}],"version-history":[{"count":1,"href":"https:\/\/bandyforbundet.no\/nord-norge-bandyregion\/index.php?rest_route=\/wp\/v2\/pages\/2007\/revisions"}],"predecessor-version":[{"id":2008,"href":"https:\/\/bandyforbundet.no\/nord-norge-bandyregion\/index.php?rest_route=\/wp\/v2\/pages\/2007\/revisions\/2008"}],"wp:attachment":[{"href":"https:\/\/bandyforbundet.no\/nord-norge-bandyregion\/index.php?rest_route=%2Fwp%2Fv2%2Fmedia&parent=2007"}],"curies":[{"name":"wp","href":"https:\/\/api.w.org\/{rel}","templated":true}]}}