{"id":2009,"date":"2025-08-18T19:27:04","date_gmt":"2025-08-18T19:27:04","guid":{"rendered":"https:\/\/bandyforbundet.no\/nord-norge-bandyregion\/?page_id=2009"},"modified":"2025-08-18T20:48:47","modified_gmt":"2025-08-18T20:48:47","slug":"dommere","status":"publish","type":"page","link":"https:\/\/bandyforbundet.no\/nord-norge-bandyregion\/?page_id=2009","title":{"rendered":"Dommere"},"content":{"rendered":"\n<div class=\"wp-block-msswb-spacer msswb-spacer-container\" style=\"height:27px\"><div class=\"line\" style=\"height:13px\"><\/div><div class=\"line-center-divider\"><\/div><\/div>\n\n\n\n<h1 class=\"wp-block-heading\">DOMMERKURSOVERSIKT<\/h1>\n\n\n<div class=\"msswb-image-frontend-app\"data-href-target=\"false\" data-href=\"%22%22\" data-use-link=\"false\" data-screen-width=\"false\" data-alignment=\"%22right%22\" data-url=\"%22https%3A%5C%2F%5C%2Fbandyforbundet.no%5C%2Finnebandy%5C%2Fwp-content%5C%2Fuploads%5C%2Fsites%5C%2F3%5C%2F2017%5C%2F04%5C%2FIMG_0869-300x200.jpg%22\" data-is-background-image=\"false\" data-border-radius=\"0\" data-image-width=\"300\" data-image-height=\"200\" data-selected-image=\"%7B%22image_id%22%3A2815%2C%22blog_id%22%3A%229%22%2C%22term_id%22%3A180%2C%22selected_size%22%3A%22full%22%7D\" data-image-aspect-ratio=\"0.67\" data-alt-text=\"%22Foto%20av%3A%20Frank%20Nordseth%22\" data-caption=\"%22%22\" data-width=\"400\" data-height=\"268\" data-focal-point=\"\" data-show-light-box=\"false\" >\n<div class=\"msswb-image-block msswbright\" style=\"width:400px\"><div class=\"msswb-image \"><div class=\"image-container\" style=\"width:400px;height:268px\"><img decoding=\"async\" style=\"width:400px;height:268px\" src=\"https:\/\/bandyforbundet.no\/innebandy\/wp-content\/uploads\/sites\/3\/2017\/04\/IMG_0869-300x200.jpg\" \/><\/div><\/div><div class=\"msswb-image-caption-container\"><div class=\"msswb-image-caption\"><\/div><div class=\"msswb-image-attribution\">Foto av: Frank Nordseth<\/div><\/div><\/div>\n<\/div>\n\n\n<p>Uten dommere blir det ingen kamp. Dommerne er en forutsetning for at det skal kunne avholdes kamper. Det er derfor i alles interesse at personer \u00f8nsker \u00e5 ta dommerutdanning. Nedenfor er det listet opp hvilke ulike kurs og tilbud vi har for de som \u00f8nsker \u00e5 bli dommere, dommerveileder, dommerobservat\u00f8r eller bare f\u00e5 bedre kjennskap til spillereglene. Vi har periodevis dommerkurs i Nord-Norge, og setter ogs\u00e5 opp ulike andre tiltak innrettet mot dommerne etter behov. <\/p>\n\n\n\n<div class=\"wp-block-msswb-spacer msswb-spacer-container\" style=\"height:139px\"><div class=\"line\" style=\"height:69px\"><\/div><div class=\"line-center-divider\"><\/div><\/div>\n\n\n\n<div class=\"wp-block-msswb-spacer msswb-spacer-container show-line\" style=\"height:46px\"><div class=\"line\" style=\"border-bottom-width:2px;border-bottom-color:#444444;height:23px\"><\/div><div class=\"line-center-divider\"><\/div><\/div>\n\n\n<div class=\"msswb-link-box-grid-frontend-app-v2\" data-url-encoded-attrs=\"%7B%22maxCols%22%3A5%2C%22showTitle%22%3Atrue%2C%22titleColor%22%3A%22%23cbcd49%22%2C%22useColorBackground%22%3Atrue%2C%22bgColor%22%3A%22%232d465f%22%2C%22overlayColor%22%3A%7B%22r%22%3A130%2C%22g%22%3A141%2C%22b%22%3A153%2C%22a%22%3A0.1%7D%2C%22linkBoxes%22%3A%5B%7B%22link_type%22%3A%22page%22%2C%22blog_id%22%3A8%2C%22ID%22%3A246%2C%22link%22%3A%22http%3A%2F%2Fbandyforbundet.no%2Fnord-norge-bandyregion%2F%3Fpage_id%3D246%22%2C%22image%22%3Afalse%2C%22featuredImage%22%3Afalse%2C%22from_shared%22%3Atrue%2C%22showAltTitle%22%3Atrue%2C%22altTitle%22%3A%22Dommerinfo%22%7D%2C%7B%22link_type%22%3A%22page%22%2C%22blog_id%22%3A2%2C%22ID%22%3A1644%2C%22link%22%3A%22https%3A%2F%2Fbandyforbundet.no%2Fforbundet%2F%3Fpage_id%3D1644%22%2C%22image%22%3Afalse%2C%22featuredImage%22%3Afalse%2C%22from_shared%22%3Atrue%2C%22showAltTitle%22%3Atrue%2C%22altTitle%22%3A%22Dommerstrategi%20-%20NBF%22%7D%2C%7B%22link_type%22%3A%22page%22%2C%22blog_id%22%3A3%2C%22ID%22%3A3823%2C%22link%22%3A%22https%3A%2F%2Fbandyforbundet.no%2Finnebandy%2F%3Fpage_id%3D3823%22%2C%22image%22%3Afalse%2C%22featuredImage%22%3Afalse%2C%22from_shared%22%3Atrue%2C%22showAltTitle%22%3Atrue%2C%22altTitle%22%3A%22Dommer-utviklings-programmet%22%7D%5D%7D\" ><\/div>\n\n\n<div class=\"wp-block-msswb-spacer msswb-spacer-container show-line\" style=\"height:21px\"><div class=\"line\" style=\"border-bottom-width:2px;border-bottom-color:#444444;height:10px\"><\/div><div class=\"line-center-divider\"><\/div><\/div>\n\n\n\n<h4 class=\"wp-block-heading has-white-normal-color has-black-normal-background-color has-text-color has-background\">Hvilke dommerkurs finnes?<\/h4>\n\n\n\n<div class=\"wp-block-msswb-spacer msswb-spacer-container\" style=\"height:9px\"><div class=\"line\" style=\"height:4px\"><\/div><div class=\"line-center-divider\"><\/div><\/div>\n\n\n\n<div class=\"wp-block-msswb-panel msswb-panel-container\"><div class=\"mwwsb-panel-header\"><div class=\"mwwsb-panel-title\">Dommer Grunnkurs 1<\/div><div class=\"mwwsb-panel-icon\"><span class=\"dashicon dashicons dashicons-arrow-down-alt2\"><\/span><\/div><\/div><div class=\"msswb-panel-content\"><div class=\"msswb-display-internal-post-frontend-app-v2\" data-url-encoded-attrs=\"%7B%22displayInternalPost%22%3A%7B%22blog_id%22%3A2%2C%22ID%22%3A836%7D%7D\" data-dip-id=\"\" ><\/div><\/div><\/div>\n\n\n\n<div class=\"wp-block-msswb-panel msswb-panel-container\"><div class=\"mwwsb-panel-header\"><div class=\"mwwsb-panel-title\">Dommer Grunnkurs 2<\/div><div class=\"mwwsb-panel-icon\"><span class=\"dashicon dashicons dashicons-arrow-down-alt2\"><\/span><\/div><\/div><div class=\"msswb-panel-content\"><div class=\"msswb-display-internal-post-frontend-app-v2\" data-url-encoded-attrs=\"%7B%22displayInternalPost%22%3A%7B%22blog_id%22%3A2%2C%22ID%22%3A835%7D%7D\" data-dip-id=\"\" ><\/div><\/div><\/div>\n\n\n\n<div class=\"wp-block-msswb-panel msswb-panel-container\"><div class=\"mwwsb-panel-header\"><div class=\"mwwsb-panel-title\">Dommer Videreg\u00e5ende 1<\/div><div class=\"mwwsb-panel-icon\"><span class=\"dashicon dashicons dashicons-arrow-down-alt2\"><\/span><\/div><\/div><div class=\"msswb-panel-content\"><div class=\"msswb-display-internal-post-frontend-app-v2\" data-url-encoded-attrs=\"%7B%22displayInternalPost%22%3A%7B%22blog_id%22%3A2%2C%22ID%22%3A834%7D%7D\" data-dip-id=\"\" ><\/div><\/div><\/div>\n\n\n\n<div class=\"wp-block-msswb-panel msswb-panel-container\"><div class=\"mwwsb-panel-header\"><div class=\"mwwsb-panel-title\">Dommer Videreg\u00e5ende 2<\/div><div class=\"mwwsb-panel-icon\"><span class=\"dashicon dashicons dashicons-arrow-down-alt2\"><\/span><\/div><\/div><div class=\"msswb-panel-content\"><div class=\"msswb-display-internal-post-frontend-app-v2\" data-url-encoded-attrs=\"%7B%22displayInternalPost%22%3A%7B%22blog_id%22%3A2%2C%22ID%22%3A825%7D%7D\" data-dip-id=\"\" ><\/div><\/div><\/div>\n\n\n\n<div class=\"wp-block-msswb-panel msswb-panel-container\"><div class=\"mwwsb-panel-header\"><div class=\"mwwsb-panel-title\">Dommerobservat\u00f8rkurs<\/div><div class=\"mwwsb-panel-icon\"><span class=\"dashicon dashicons dashicons-arrow-down-alt2\"><\/span><\/div><\/div><div class=\"msswb-panel-content\"><div class=\"msswb-display-internal-post-frontend-app-v2\" data-url-encoded-attrs=\"%7B%22displayInternalPost%22%3A%7B%22blog_id%22%3A2%2C%22ID%22%3A833%7D%7D\" data-dip-id=\"\" ><\/div><\/div><\/div>\n\n\n\n<div class=\"wp-block-msswb-panel msswb-panel-container\"><div class=\"mwwsb-panel-header\"><div class=\"mwwsb-panel-title\">Dommerveilederkurs<\/div><div class=\"mwwsb-panel-icon\"><span class=\"dashicon dashicons dashicons-arrow-down-alt2\"><\/span><\/div><\/div><div class=\"msswb-panel-content\"><div class=\"msswb-display-internal-post-frontend-app-v2\" data-url-encoded-attrs=\"%7B%22displayInternalPost%22%3A%7B%22blog_id%22%3A2%2C%22ID%22%3A824%7D%7D\" data-dip-id=\"\" ><\/div><\/div><\/div>\n\n\n\n<div class=\"wp-block-msswb-panel msswb-panel-container\"><div class=\"mwwsb-panel-header\"><div class=\"mwwsb-panel-title\">Dommerveiledning<\/div><div class=\"mwwsb-panel-icon\"><span class=\"dashicon dashicons dashicons-arrow-down-alt2\"><\/span><\/div><\/div><div class=\"msswb-panel-content\"><div class=\"msswb-display-internal-post-frontend-app-v2\" data-url-encoded-attrs=\"%7B%22displayInternalPost%22%3A%7B%22blog_id%22%3A2%2C%22ID%22%3A770%7D%7D\" data-dip-id=\"\" ><\/div><\/div><\/div>\n\n\n\n<div class=\"wp-block-msswb-panel msswb-panel-container\"><div class=\"mwwsb-panel-header\"><div class=\"mwwsb-panel-title\">Regelkveld<\/div><div class=\"mwwsb-panel-icon\"><span class=\"dashicon dashicons dashicons-arrow-down-alt2\"><\/span><\/div><\/div><div class=\"msswb-panel-content\"><div class=\"msswb-display-internal-post-frontend-app-v2\" data-url-encoded-attrs=\"%7B%22displayInternalPost%22%3A%7B%22blog_id%22%3A2%2C%22ID%22%3A771%7D%7D\" data-dip-id=\"\" ><\/div><\/div><\/div>\n","protected":false},"excerpt":{"rendered":"<p>DOMMERKURSOVERSIKT Uten dommere blir det ingen kamp. Dommerne er en forutsetning for at det skal kunne avholdes kamper. Det er derfor i alles interesse at personer \u00f8nsker \u00e5 ta dommerutdanning. Nedenfor er det listet opp hvilke ulike kurs og tilbud vi har for de som \u00f8nsker \u00e5 bli dommere, dommerveileder, dommerobservat\u00f8r eller bare f\u00e5 bedre [&hellip;]<\/p>\n","protected":false},"author":70,"featured_media":0,"parent":0,"menu_order":0,"comment_status":"closed","ping_status":"closed","template":"","meta":{"cover_meta":"","footnotes":""},"class_list":["post-2009","page","type-page","status-publish","hentry"],"_links":{"self":[{"href":"https:\/\/bandyforbundet.no\/nord-norge-bandyregion\/index.php?rest_route=\/wp\/v2\/pages\/2009","targetHints":{"allow":["GET"]}}],"collection":[{"href":"https:\/\/bandyforbundet.no\/nord-norge-bandyregion\/index.php?rest_route=\/wp\/v2\/pages"}],"about":[{"href":"https:\/\/bandyforbundet.no\/nord-norge-bandyregion\/index.php?rest_route=\/wp\/v2\/types\/page"}],"author":[{"embeddable":true,"href":"https:\/\/bandyforbundet.no\/nord-norge-bandyregion\/index.php?rest_route=\/wp\/v2\/users\/70"}],"replies":[{"embeddable":true,"href":"https:\/\/bandyforbundet.no\/nord-norge-bandyregion\/index.php?rest_route=%2Fwp%2Fv2%2Fcomments&post=2009"}],"version-history":[{"count":3,"href":"https:\/\/bandyforbundet.no\/nord-norge-bandyregion\/index.php?rest_route=\/wp\/v2\/pages\/2009\/revisions"}],"predecessor-version":[{"id":2036,"href":"https:\/\/bandyforbundet.no\/nord-norge-bandyregion\/index.php?rest_route=\/wp\/v2\/pages\/2009\/revisions\/2036"}],"wp:attachment":[{"href":"https:\/\/bandyforbundet.no\/nord-norge-bandyregion\/index.php?rest_route=%2Fwp%2Fv2%2Fmedia&parent=2009"}],"curies":[{"name":"wp","href":"https:\/\/api.w.org\/{rel}","templated":true}]}}