{"id":2011,"date":"2025-08-18T19:28:30","date_gmt":"2025-08-18T19:28:30","guid":{"rendered":"https:\/\/bandyforbundet.no\/nord-norge-bandyregion\/?page_id=2011"},"modified":"2025-08-18T19:28:30","modified_gmt":"2025-08-18T19:28:30","slug":"foreldregruppa","status":"publish","type":"page","link":"https:\/\/bandyforbundet.no\/nord-norge-bandyregion\/?page_id=2011","title":{"rendered":"Foreldregruppa"},"content":{"rendered":"\n<div class=\"wp-block-msswb-spacer msswb-spacer-container\" style=\"height:27px\"><div class=\"line\" style=\"height:13px\"><\/div><div class=\"line-center-divider\"><\/div><\/div>\n\n\n\n<h1 class=\"wp-block-heading\">FORELDREGRUPPA<\/h1>\n\n\n\n<p class=\"has-drop-cap has-white-normal-color has-black-normal-background-color has-text-color has-background\">Skal man f\u00e5 til en levende klubb over tid er man helt avhengig av en foreldregruppe som er aktiv. Hvordan skal man klare \u00e5 skape et godt milj\u00f8 ogs\u00e5 utenfor banen blant de som ikke spiller? I mange klubber ser vi det er en stor utfordring at man ikke klarer \u00e5 engasjere foresatte nok i det som foreg\u00e5r i klubben. Da blir det utfordrende \u00e5 holde klubben aktiv og tilgjengelig p\u00e5 tvers av aldersgrupper og niv\u00e5.<\/p>\n\n\n\n<div class=\"wp-block-msswb-spacer msswb-spacer-container show-line\" style=\"height:26px\"><div class=\"line\" style=\"height:13px\"><\/div><div class=\"line-center-divider\"><\/div><\/div>\n\n\n\n<div class=\"wp-block-columns\">\n<div class=\"wp-block-column\">\n<h4 class=\"wp-block-heading has-text-align-center\">Hvilke tiltak har vi p\u00e5 omr\u00e5det?<\/h4>\n\n\n\n<div class=\"wp-block-msswb-panel msswb-panel-container\"><div class=\"mwwsb-panel-header\"><div class=\"mwwsb-panel-title\">Verdens beste idrettsforelder<\/div><div class=\"mwwsb-panel-icon\"><span class=\"dashicon dashicons dashicons-arrow-down-alt2\"><\/span><\/div><\/div><div class=\"msswb-panel-content\">\n<p><strong>Kurstype:<\/strong>&nbsp;Verdens beste idrettsforelder<br><strong>M\u00e5lgruppe:<\/strong>&nbsp;Kurset er egnet for foreldre og foresatte som \u00f8nsker \u00e5 bidra til \u00e5 skape en bedre idrettsopplevelse for barn og&nbsp;unge. Trenere, ledere og dommere er ogs\u00e5 hjertelig velkomne til \u00e5 delta.<br><strong>L\u00e6ringsm\u00e5l:<\/strong>&nbsp;\u00c5 vise hvilken p\u00e5virkningskraft foreldres atferd har p\u00e5 barnas idrettsopplevelser. Bevisstgj\u00f8re foreldre&nbsp;p\u00e5 hvilke resultater ulik type atferd kan gi. Synliggj\u00f8re de holdningene og verdiene som NBF \u00f8nsker i v\u00e5re idretter.<br><strong>Varighet:<\/strong>&nbsp;4 timer<br><strong>Pris:<\/strong>&nbsp;Gratis<\/p>\n<\/div><\/div>\n\n\n\n<div class=\"wp-block-msswb-panel msswb-panel-container\"><div class=\"mwwsb-panel-header\"><div class=\"mwwsb-panel-title\">Laglederlisenskurs<\/div><div class=\"mwwsb-panel-icon\"><span class=\"dashicon dashicons dashicons-arrow-down-alt2\"><\/span><\/div><\/div><div class=\"msswb-panel-content\">\n<p class=\"has-small-font-size\"><em>Dette kurset er obligatorisk for lagledere i lag i ungdomsserien. Har man tatt Trener1-kurs har man automatisk f\u00e5tt denne kompetansen.<\/em><br><br><strong>Kurstype:<\/strong>&nbsp;Laglederlisenskurs<br><strong>M\u00e5lgruppe:<\/strong>&nbsp;N\u00e5v\u00e6rende og fremtidige lagledere for barne- og ungdomslag<br><strong>L\u00e6ringsm\u00e5l:<\/strong>&nbsp;Bevisstgj\u00f8ring av deltakernes syn p\u00e5 laglederrollen. Kurset skal gi deltakerne innf\u00f8ring i hvilke verdier NBF \u00f8nsker skal prege idrettsaktiviteten, og som skal gi kommende generasjon innebandyspillere et sunt og livslangt forhold til idrett<br><strong>Varighet:<\/strong>&nbsp;4 timer teori med instrukt\u00f8r<br><strong>Pris:<\/strong>&nbsp;Gratis<\/p>\n<\/div><\/div>\n\n\n\n<div class=\"wp-block-msswb-panel msswb-panel-container\"><div class=\"mwwsb-panel-header\"><div class=\"mwwsb-panel-title\">Sekretariatskurs<\/div><div class=\"mwwsb-panel-icon\"><span class=\"dashicon dashicons dashicons-arrow-down-alt2\"><\/span><\/div><\/div><div class=\"msswb-panel-content\">\n<p><strong>Kurstype:<\/strong>&nbsp;Sekretariatskurs<br><strong>M\u00e5lgruppe:<\/strong>&nbsp;Klubbenes sekretariatsansvarlige og andre som skal sitte i sekretariat under kamp<br><strong>L\u00e6ringsm\u00e5l:<\/strong>&nbsp;Deltakerne skal etter endt kurs kunne ivareta de oppgavene et sekretariat er satt til, slik at kampene avvikles p\u00e5 en tilfredsstillende og forsvarlig m\u00e5te<br><strong>Varighet:<\/strong>&nbsp;2-3 timer teori. med instrukt\u00f8r<br><strong>Pris:<\/strong>&nbsp;Gratis<\/p>\n<\/div><\/div>\n\n\n\n<div class=\"wp-block-msswb-panel msswb-panel-container\"><div class=\"mwwsb-panel-header\"><div class=\"mwwsb-panel-title\">Minirundetreneren<\/div><div class=\"mwwsb-panel-icon\"><span class=\"dashicon dashicons dashicons-arrow-down-alt2\"><\/span><\/div><\/div><div class=\"msswb-panel-content\">\n<p><em>Bli med p\u00e5 et morsomt og praktisk innrettet kurs. Her g\u00e5r vi gjennom en rekke \u00f8velser og spillformer som gj\u00f8r innebandytreningene for barn morsomme og l\u00e6rerike. Kurset passer godt \u00e5 avholdes i klubbens treningstid en kveld.<\/em><br><br><strong>M\u00e5lgruppe:&nbsp;<\/strong>Trenere, lagledere og foreldre for Minirundelag&nbsp;<br><strong>L\u00e6ringsm\u00e5l:<\/strong>&nbsp;Gi deg kjennskap til innebandy og ufarliggj\u00f8re det \u00e5 lede innebandyaktivitet for barn.<\/p>\n\n\n\n<p><strong>Varighet:<\/strong>&nbsp;2 timer<br><strong>Pris:&nbsp;<\/strong>Gratis<\/p>\n<\/div><\/div>\n\n\n\n<div class=\"wp-block-msswb-panel msswb-panel-container\"><div class=\"mwwsb-panel-header\"><div class=\"mwwsb-panel-title\">Kommunikasjon og samarbeid<\/div><div class=\"mwwsb-panel-icon\"><span class=\"dashicon dashicons dashicons-arrow-down-alt2\"><\/span><\/div><\/div><div class=\"msswb-panel-content\">\n<p><strong>Kurstype:<\/strong>&nbsp;Kommunikasjon og samarbeid<br><strong>M\u00e5lgruppe:<\/strong>&nbsp;Kurset er egnet for trenere, ledere og foresatte&nbsp;med et \u00f8nske om \u00e5 skape bedre samarbeidsklima i klubben,&nbsp;laget og\/eller styret.<br><strong>L\u00e6ringsm\u00e5l:<\/strong>&nbsp;\u00c5 bidra til ny innsikt i egne lederegenskaper og&nbsp;kommunikasjonsm\u00f8nster, samt utvikle ferdigheter til \u00e5 snu&nbsp;vanskelige samarbeidsprosesser til konstruktiv utvikling.<br><strong>Varighet:<\/strong>&nbsp;4 timer<br><strong>Pris:<\/strong>&nbsp;Gratis<\/p>\n<\/div><\/div>\n\n\n\n<div class=\"wp-block-msswb-panel msswb-panel-container\"><div class=\"mwwsb-panel-header\"><div class=\"mwwsb-panel-title\">Klubbes\u00f8k<\/div><div class=\"mwwsb-panel-icon\"><span class=\"dashicon dashicons dashicons-arrow-down-alt2\"><\/span><\/div><\/div><div class=\"msswb-panel-content\">\n<p><strong>Kurstype:&nbsp;<\/strong>Klubbes\u00f8k<br><strong>M\u00e5lgruppe:&nbsp;<\/strong>Styret i idrettslaget eller styret for grupper i fleridrettslag.<br><strong>L\u00e6ringsm\u00e5l:&nbsp;<\/strong>\u00c5 avdekke om idrettslaget trenger noe eller \u00f8nsker hjelp til videre utvikling.<br><strong>Varighet:&nbsp;<\/strong>1-3 timer<br><strong>Pris:&nbsp;<\/strong>Gratis<\/p>\n<\/div><\/div>\n\n\n\n<div class=\"wp-block-msswb-spacer msswb-spacer-container\" style=\"height:31px\"><div class=\"line\" style=\"height:15px\"><\/div><div class=\"line-center-divider\"><\/div><\/div>\n\n\n\n<p>Merker man som klubbstyre at det er vanskelig \u00e5 engasjere foreldregruppa og stadig flere verv st\u00e5r tomme b\u00f8r man iverksette tiltak. Jo flere verv som st\u00e5r tomme &#8211; desto st\u00f8rre sjanse er det for at aktivitetstilbudet svinner hen. Vi i regionen har flere tiltak for \u00e5 forhindre at klubbene havner i denne situasjonen. <\/p>\n<\/div>\n\n\n\n<div class=\"wp-block-column\">\n<h4 class=\"wp-block-heading has-text-align-center\">Utfordringen med klubber som drives av 1&#8230;<\/h4>\n\n\n\n<p class=\"has-background\" style=\"background-color:#b9e4ac\">Alt for ofte h\u00f8rer vi historier om idrettslag som sliter fordi det ikke finnes foresatte som \u00f8nsker \u00e5 p\u00e5ta seg frivillige verv i klubben. Da blir det ofte slik at en eller to ildsjeler m\u00e5 p\u00e5ta seg alt fra trenerverv til styremedlem og kioskansvarlig. Da tar det ikke lang tid f\u00f8r disse igjen fort finner ut at det finnes andre fellesskap man kan bruke tiden sin p\u00e5 &#8211; dette skjer gjerne n\u00e5r egne barn da ikke lengre ut\u00f8ver idrettsaktivitet i idrettslaget. Da st\u00e5r idrettslaget raskt igjen p\u00e5 bar bakke og aktivitetstilbudet til mange barn og unge befinner seg i en unntakstilstand. Klarer man som klubb fra starten av \u00e5 fremme en klubbkultur hvor det finnes mange mindre verv som skal besettes blir det enklere \u00e5 f\u00e5 foresatte til \u00e5 takke ja. Samtidig gjelder det ogs\u00e5 \u00e5 ha beskrevet alle disse vervene p\u00e5 en god m\u00e5te, samtidig som man gj\u00f8r det klart at barnas aktivitetstilbud er helt avhengig av at noen vil p\u00e5ta seg disse. \u00c5 ha mange mindre verv er ofte bedre enn \u00e5 ha noen f\u00e5 mer tidkrevende verv. Dette b\u00f8r v\u00e6re noe av det f\u00f8rste man introduserer foreldregruppa for etter at aktivitetstilbudet er etablert. Da skapes det enklere ogs\u00e5 et sosialt samhold i foreldregruppa.<\/p>\n<\/div>\n<\/div>\n\n\n\n<div class=\"wp-block-columns\">\n<div class=\"wp-block-column\" style=\"flex-basis:33.33%\">\n<div class=\"wp-block-msswb-spacer msswb-spacer-container\" style=\"height:113px\"><div class=\"line\" style=\"height:56px\"><\/div><div class=\"line-center-divider\"><\/div><\/div>\n\n\n\n<figure class=\"wp-block-embed is-type-video is-provider-youtube wp-block-embed-youtube wp-embed-aspect-16-9 wp-has-aspect-ratio\"><div class=\"wp-block-embed__wrapper\">\n<iframe loading=\"lazy\" title=\"Christer Malm - Elitidrott, f\u00f6r barn eller f\u00f6r\u00e4ldrar?\" width=\"580\" height=\"326\" src=\"https:\/\/www.youtube.com\/embed\/ZjiJev129c4?feature=oembed\" frameborder=\"0\" allow=\"accelerometer; autoplay; clipboard-write; encrypted-media; gyroscope; picture-in-picture; web-share\" referrerpolicy=\"strict-origin-when-cross-origin\" allowfullscreen><\/iframe>\n<\/div><\/figure>\n<\/div>\n\n\n\n<div class=\"wp-block-column\" style=\"flex-basis:66.66%\">\n<h4 class=\"wp-block-heading\">Konflikth\u00e5ndtering i idrettslaget?<\/h4>\n\n\n\n<p class=\"has-white-normal-color has-black-normal-background-color has-text-color has-background\">Som ellers i samfunnet er det ikke alltid hverdagen er konfliktfri. Dessverre ser vi ogs\u00e5 i idretten at uenigheter ofte ender i konflikter som igjen g\u00e5r utover aktivitetstilbudet. Ikke rent sjelden er foreldre drivkraften. Hvordan skal man h\u00e5ndtere uenighet og ulike \u00f8nsker for aktiviteten i et idrettslag? Se p\u00e5 forelesningen forskeren Christer Malm har p\u00e5 temaet elitesatsning p\u00e5 barn i kolonnen til venstre. Er ulike perspektiver p\u00e5 slike problemstillinger noe dere kjenner igjen fra ditt idrettslag?<\/p>\n<\/div>\n<\/div>\n\n\n\n<div class=\"wp-block-msswb-spacer msswb-spacer-container show-line\" style=\"height:31px\"><div class=\"line\" style=\"height:15px\"><\/div><div class=\"line-center-divider\"><\/div><\/div>\n","protected":false},"excerpt":{"rendered":"<p>FORELDREGRUPPA Skal man f\u00e5 til en levende klubb over tid er man helt avhengig av en foreldregruppe som er aktiv. Hvordan skal man klare \u00e5 skape et godt milj\u00f8 ogs\u00e5 utenfor banen blant de som ikke spiller? I mange klubber ser vi det er en stor utfordring at man ikke klarer \u00e5 engasjere foresatte nok [&hellip;]<\/p>\n","protected":false},"author":70,"featured_media":0,"parent":0,"menu_order":0,"comment_status":"closed","ping_status":"closed","template":"","meta":{"cover_meta":"","footnotes":""},"class_list":["post-2011","page","type-page","status-publish","hentry"],"_links":{"self":[{"href":"https:\/\/bandyforbundet.no\/nord-norge-bandyregion\/index.php?rest_route=\/wp\/v2\/pages\/2011","targetHints":{"allow":["GET"]}}],"collection":[{"href":"https:\/\/bandyforbundet.no\/nord-norge-bandyregion\/index.php?rest_route=\/wp\/v2\/pages"}],"about":[{"href":"https:\/\/bandyforbundet.no\/nord-norge-bandyregion\/index.php?rest_route=\/wp\/v2\/types\/page"}],"author":[{"embeddable":true,"href":"https:\/\/bandyforbundet.no\/nord-norge-bandyregion\/index.php?rest_route=\/wp\/v2\/users\/70"}],"replies":[{"embeddable":true,"href":"https:\/\/bandyforbundet.no\/nord-norge-bandyregion\/index.php?rest_route=%2Fwp%2Fv2%2Fcomments&post=2011"}],"version-history":[{"count":1,"href":"https:\/\/bandyforbundet.no\/nord-norge-bandyregion\/index.php?rest_route=\/wp\/v2\/pages\/2011\/revisions"}],"predecessor-version":[{"id":2012,"href":"https:\/\/bandyforbundet.no\/nord-norge-bandyregion\/index.php?rest_route=\/wp\/v2\/pages\/2011\/revisions\/2012"}],"wp:attachment":[{"href":"https:\/\/bandyforbundet.no\/nord-norge-bandyregion\/index.php?rest_route=%2Fwp%2Fv2%2Fmedia&parent=2011"}],"curies":[{"name":"wp","href":"https:\/\/api.w.org\/{rel}","templated":true}]}}