{"id":238,"date":"2017-11-28T09:43:39","date_gmt":"2017-11-28T09:43:39","guid":{"rendered":"http:\/\/bandyforbundet.no\/nord-norge-bandyregion\/?page_id=238"},"modified":"2026-02-02T23:10:15","modified_gmt":"2026-02-02T23:10:15","slug":"minirunder-10","status":"publish","type":"page","link":"https:\/\/bandyforbundet.no\/nord-norge-bandyregion\/?page_id=238","title":{"rendered":"Minirunder"},"content":{"rendered":"\n<div class=\"wp-block-msswb-spacer msswb-spacer-container\" style=\"height:27px\"><div class=\"line\" style=\"height:13px\"><\/div><div class=\"line-center-divider\"><\/div><\/div>\n\n\n\n<h1 class=\"wp-block-heading\">MINIRUNDER I INNEBANDY<\/h1>\n\n\n<div class=\"msswb-image-frontend-app\"data-href-target=\"false\" data-href=\"%22%22\" data-use-link=\"false\" data-screen-width=\"false\" data-alignment=\"%22right%22\" data-url=\"%22%5C%2Fwp-content%5C%2Fuploads%5C%2Fsites%5C%2F3%5C%2F2019%5C%2F10%5C%2FForsidebilde-ma%5Cu030anedsbrev-september-Hordaland-scaled.jpg%22\" data-is-background-image=\"false\" data-border-radius=\"26\" data-image-width=\"2560\" data-image-height=\"2243\" data-selected-image=\"%7B%22image_id%22%3A226%2C%22blog_id%22%3A3%2C%22term_id%22%3A195%2C%22selected_size%22%3A%22full%22%7D\" data-image-aspect-ratio=\"0.88\" data-alt-text=\"%22Foto%20av%3A%20Grethe%20Hillestad%22\" data-caption=\"%22%22\" data-width=\"237\" data-height=\"208\" data-focal-point=\"\" data-show-light-box=\"false\" >\n<div class=\"msswb-image-block msswbright\" style=\"width:237px\"><div class=\"msswb-image \"><div class=\"image-container\" style=\"width:237px;height:208px\"><img decoding=\"async\" style=\"width:237px;height:208px;border-radius:26px\" src=\"\/wp-content\/uploads\/sites\/3\/2019\/10\/Forsidebilde-ma\u030anedsbrev-september-Hordaland-scaled.jpg\" \/><\/div><\/div><div class=\"msswb-image-caption-container\"><div class=\"msswb-image-caption\"><\/div><div class=\"msswb-image-attribution\">Foto av: Grethe Hillestad<\/div><\/div><\/div>\n<\/div>\n\n\n<p>Minirunder er kamptilbudet i innebandy for barn i alderen 6-11 \u00e5r.  Dette er turneringer som arrangeres en helg i m\u00e5neden gjennom sesongen hvor man spiller flere kamper p\u00e5 mindre baner noe som gir st\u00f8rre aktivitet, mer ballkontakt og raskere l\u00e6ring. Det spilles med fire utespillere og m\u00e5lvakt p\u00e5 hvert av lagene om gangen. Mer om Minirunder finner du ved \u00e5 klikke deg inn p\u00e5 denne brosjyren; \u201c<a rel=\"noreferrer noopener\" href=\"http:\/\/www.nbfutvikling.no\/files\/2012\/11\/nbf_minirunde_brosjyre2012_aweb2.pdf\" target=\"_blank\">Minirunde\u201d<\/a>.<\/p>\n\n\n\n<blockquote class=\"wp-block-quote has-text-align-left\">\n<p><em>Med v\u00e5re minirunder blir innebandy for de minste et flott og familievennlig konkurransetilbud med fokus p\u00e5 mestring og deltakelse for alle. Her kan man melde seg p\u00e5 kort tid i forveien og siden man kun er noen f\u00e5 timer i hallen en helgedag pr. m\u00e5ned har man mulighet til \u00e5 delta p\u00e5  andre aktiviteter i tillegg til innebandy. <\/em><\/p>\n<cite>Norges Bandyforbund<\/cite><\/blockquote>\n\n\n\n<div class=\"wp-block-msswb-spacer msswb-spacer-container show-line\" style=\"height:16px\"><div class=\"line\" style=\"border-bottom-width:2px;border-bottom-color:#444444;height:8px\"><\/div><div class=\"line-center-divider\"><\/div><\/div>\n\n\n\n<div class=\"wp-block-columns\">\n<div class=\"wp-block-column\">\n<h5 class=\"wp-block-heading has-text-align-center has-white-normal-color has-black-normal-background-color has-text-color has-background\">Minirundearrangement i Nord-Norge<\/h5>\n\n\n\n<figure class=\"wp-block-table is-style-stripes\"><table><thead><tr><th class=\"has-text-align-center\" data-align=\"center\">Dato<\/th><th class=\"has-text-align-center\" data-align=\"center\">Hvor<\/th><\/tr><\/thead><tbody><tr><td class=\"has-text-align-center\" data-align=\"center\">18.10.2025<\/td><td class=\"has-text-align-center\" data-align=\"center\">Senja<\/td><\/tr><tr><td class=\"has-text-align-center\" data-align=\"center\">08.11.2025<\/td><td class=\"has-text-align-center\" data-align=\"center\">Harstad<\/td><\/tr><tr><td class=\"has-text-align-center\" data-align=\"center\">29.11.2025<\/td><td class=\"has-text-align-center\" data-align=\"center\">Bod\u00f8<\/td><\/tr><tr><td class=\"has-text-align-center\" data-align=\"center\">07.02.2026<\/td><td class=\"has-text-align-center\" data-align=\"center\">Senja<\/td><\/tr><tr><td class=\"has-text-align-center\" data-align=\"center\">14.02.2026<\/td><td class=\"has-text-align-center\" data-align=\"center\">Sandnessj\u00f8en\/D\u00f8nna<\/td><\/tr><tr><td class=\"has-text-align-center\" data-align=\"center\">21.03.2026<\/td><td class=\"has-text-align-center\" data-align=\"center\">Harstad<\/td><\/tr><tr><td class=\"has-text-align-center\" data-align=\"center\">11.04.2026<\/td><td class=\"has-text-align-center\" data-align=\"center\">Bod\u00f8<\/td><\/tr><tr><td class=\"has-text-align-center\" data-align=\"center\">11.04.2026<\/td><td class=\"has-text-align-center\" data-align=\"center\">Senja<\/td><\/tr><\/tbody><\/table><figcaption class=\"wp-element-caption\"><em>Endringer kan forekomme<\/em><\/figcaption><\/figure>\n\n\n\n<div class=\"wp-block-msswb-panel msswb-panel-container\"><div class=\"mwwsb-panel-header\"><div class=\"mwwsb-panel-title\">Aldersinndeling 25\/26<\/div><div class=\"mwwsb-panel-icon\"><span class=\"dashicon dashicons dashicons-arrow-down-alt2\"><\/span><\/div><\/div><div class=\"msswb-panel-content\">\n<figure class=\"wp-block-table\"><table><tbody><tr><td>Klasse<\/td><td>Skoletrinn<\/td><\/tr><tr><td>B7<\/td><td>1.-2. Klasse (Barn f\u00f8dt 2018 og yngre)<\/td><\/tr><tr><td>B9<\/td><td>3.-4. Klasse (Barn f\u00f8dt 2016 og 2017)<\/td><\/tr><tr><td>B11<\/td><td>5.-6. Klasse (Barn f\u00f8dt 2014 og 2015)<\/td><\/tr><\/tbody><\/table><\/figure>\n<\/div><\/div>\n<\/div>\n\n\n\n<div class=\"wp-block-column\">\n<h5 class=\"wp-block-heading has-text-align-center has-white-normal-color has-black-normal-background-color has-text-color has-background\">Informasjon<\/h5>\n\n\n\n<div class=\"msswb-file\"><a href=\"https:\/\/bandyforbundet.no\/midt-norge-bandyregion\/wp-content\/uploads\/sites\/9\/2021\/06\/Minirundebrosjyre-1.pdf\" class=\"file-button\" download><span class=\"dashicon dashicons dashicons-download\"><\/span><\/a><a class=\"file-link\" href=\"https:\/\/bandyforbundet.no\/midt-norge-bandyregion\/wp-content\/uploads\/sites\/9\/2021\/06\/Minirundebrosjyre-1.pdf\">Minirundebrosjyre<\/a><\/div>\n\n\n\n<div class=\"wp-block-msswb-panel msswb-panel-container\"><div class=\"mwwsb-panel-header\"><div class=\"mwwsb-panel-title\">Barneidrettsbestemmelsene<\/div><div class=\"mwwsb-panel-icon\"><span class=\"dashicon dashicons dashicons-arrow-down-alt2\"><\/span><\/div><\/div><div class=\"msswb-panel-content\"><div class=\"msswb-display-internal-post-frontend-app-v2\" data-url-encoded-attrs=\"%7B%22displayInternalPost%22%3A%7B%22blog_id%22%3A2%2C%22ID%22%3A950%7D%7D\" data-dip-id=\"ioaaf\" ><\/div><\/div><\/div>\n\n\n\n<div class=\"wp-block-msswb-panel msswb-panel-container\"><div class=\"mwwsb-panel-header\"><div class=\"mwwsb-panel-title\">Retningslinjer for innebandy for barn<\/div><div class=\"mwwsb-panel-icon\"><span class=\"dashicon dashicons dashicons-arrow-down-alt2\"><\/span><\/div><\/div><div class=\"msswb-panel-content\">\n<ul class=\"wp-block-list\">\n<li>La alle p\u00e5 lage f\u00e5 spille like mye<\/li>\n\n\n\n<li>Alle b\u00f8r f\u00e5 fors\u00f8ke seg i ulike posisjoner<\/li>\n\n\n\n<li>Kampresultatet har vi voksne ikke fokus p\u00e5<\/li>\n\n\n\n<li>Ha fokus p\u00e5 glede, trygghet og mestring<\/li>\n\n\n\n<li>Det er ogs\u00e5 v\u00e5rt ansvar at motstanderlagets spillere har glede av kampen<\/li>\n<\/ul>\n\n\n\n<p>Det viktigste er at barna har det g\u00f8y med innebandy!<\/p>\n<\/div><\/div>\n\n\n\n<div class=\"wp-block-msswb-panel msswb-panel-container\"><div class=\"mwwsb-panel-header\"><div class=\"mwwsb-panel-title\">Foreldrevett<\/div><div class=\"mwwsb-panel-icon\"><span class=\"dashicon dashicons dashicons-arrow-down-alt2\"><\/span><\/div><\/div><div class=\"msswb-panel-content\">\n<p>Innebandy skal bidra til en helhetlig utvikling av barna. P\u00e5 minirundene har vi fokus p\u00e5 glede, trygghet og mestring. Barna skal f\u00e5 spille innebandy i et inkluderende og aksepterende milj\u00f8 der de f\u00e5r m\u00f8te venner, har det g\u00f8y, og bli s\u00e5 gode som de selv vil. Det er derfor viktig at ogs\u00e5 foreldre er med og bidrar. Derfor har vi noen enkle foreldrevett-regler p\u00e5 v\u00e5re aktiviteter:<\/p>\n\n\n\n<ul class=\"wp-block-list\">\n<li>V\u00e6r med p\u00e5 trening og kamp (barna \u00f8nsker det)<\/li>\n\n\n\n<li>Gi oppmuntring til alle spillerne under kampen (ikke bare ditt barn)<\/li>\n\n\n\n<li>Respekter lagleders bruk av spillere (ikke fors\u00f8k \u00e5 p\u00e5virke lagleder under kamp)<\/li>\n\n\n\n<li>Se p\u00e5 dommeren som en veileder (ikke kritiser dommerens avgj\u00f8relser)<\/li>\n\n\n\n<li>Stimuler og oppmuntre ditt barn til \u00e5 delta (ikke press det)<\/li>\n\n\n\n<li>Sp\u00f8r om kampen var morsom og spennende (ikke fokuser p\u00e5 resultatet)<\/li>\n\n\n\n<li>S\u00f8rg for at barnet har riktig og fornuftig utstyr (ikke overdriv)<\/li>\n\n\n\n<li>Vis respekt for arbeidet klubben gj\u00f8r (delta p\u00e5 aktiviteter hvor foreldre blir invitert)<\/li>\n\n\n\n<li>Tenk p\u00e5 at det er ditt barn som spiller innebandy (ikke du)<\/li>\n<\/ul>\n<\/div><\/div>\n\n\n\n<div class=\"wp-block-msswb-panel msswb-panel-container\"><div class=\"mwwsb-panel-header\"><div class=\"mwwsb-panel-title\">Noen tips til minirundetreneren<\/div><div class=\"mwwsb-panel-icon\"><span class=\"dashicon dashicons dashicons-arrow-down-alt2\"><\/span><\/div><\/div><div class=\"msswb-panel-content\">\n<p>\u00d8nsker du noen enkle og konkrete tips til innebandytreningene til laget? Last ned dette heftet og se om du finner inspirasjon her!<\/p>\n\n\n\n<div class=\"msswb-file\"><a href=\"https:\/\/bandyforbundet.no\/midt-norge-bandyregion\/wp-content\/uploads\/sites\/12\/2021\/08\/minirundetrener6.pdf\" class=\"file-button\" download><span class=\"dashicon dashicons dashicons-download\"><\/span><\/a><a class=\"file-link\" href=\"https:\/\/bandyforbundet.no\/midt-norge-bandyregion\/wp-content\/uploads\/sites\/12\/2021\/08\/minirundetrener6.pdf\">Minirundetreneren<\/a><\/div>\n<\/div><\/div>\n<\/div>\n<\/div>\n\n\n\n<div class=\"wp-block-msswb-spacer msswb-spacer-container show-line\" style=\"height:23px\"><div class=\"line\" style=\"height:11px\"><\/div><div class=\"line-center-divider\"><\/div><\/div>\n\n\n<div class=\"msswb-display-posts-frontend-app-v2\" data-url-encoded-attrs=\"%7B%22mode%22%3A%22grid%22%2C%22scrollDirection%22%3A%22vertical%22%2C%22displayPostsFromCategories%22%3A%5B%7B%22blog_id%22%3A8%2C%22included%22%3A%5B15%5D%2C%22excluded%22%3A%5B%5D%2C%22filterDate%22%3A%22from1yearago%22%2C%22dateObj%22%3A%7B%22fromDate%22%3A%221%20year%20ago%22%2C%22toDate%22%3A%22%22%7D%7D%5D%2C%22displayPostsFromSharedCategories%22%3A%5B%5D%2C%22maxCols%22%3A3%7D\" ><\/div>","protected":false},"excerpt":{"rendered":"<p>MINIRUNDER I INNEBANDY Minirunder er kamptilbudet i innebandy for barn i alderen 6-11 \u00e5r. Dette er turneringer som arrangeres en helg i m\u00e5neden gjennom sesongen hvor man spiller flere kamper p\u00e5 mindre baner noe som gir st\u00f8rre aktivitet, mer ballkontakt og raskere l\u00e6ring. Det spilles med fire utespillere og m\u00e5lvakt p\u00e5 hvert av lagene om [&hellip;]<\/p>\n","protected":false},"author":70,"featured_media":0,"parent":229,"menu_order":0,"comment_status":"closed","ping_status":"closed","template":"templates\/template-cover.php","meta":{"cover_meta":"{\"showBackgroundImage\":true,\"bgImage\":{\"image_id\":3156,\"blog_id\":11,\"term_id\":105,\"selected_size\":\"full\"},\"showOverlay\":true,\"overlayColor\":\"#007cba\",\"overlayOpacity\":0.2,\"showIntro\":true,\"introColor\":\"white\",\"intro\":\"Flest mulig - lengst mulig\",\"title\":\"Minirunder\",\"titleColor\":\"white\",\"showOutro\":false,\"outroColor\":\"white\",\"outro\":\"\"}","footnotes":""},"class_list":["post-238","page","type-page","status-publish","hentry"],"_links":{"self":[{"href":"https:\/\/bandyforbundet.no\/nord-norge-bandyregion\/index.php?rest_route=\/wp\/v2\/pages\/238","targetHints":{"allow":["GET"]}}],"collection":[{"href":"https:\/\/bandyforbundet.no\/nord-norge-bandyregion\/index.php?rest_route=\/wp\/v2\/pages"}],"about":[{"href":"https:\/\/bandyforbundet.no\/nord-norge-bandyregion\/index.php?rest_route=\/wp\/v2\/types\/page"}],"author":[{"embeddable":true,"href":"https:\/\/bandyforbundet.no\/nord-norge-bandyregion\/index.php?rest_route=\/wp\/v2\/users\/70"}],"replies":[{"embeddable":true,"href":"https:\/\/bandyforbundet.no\/nord-norge-bandyregion\/index.php?rest_route=%2Fwp%2Fv2%2Fcomments&post=238"}],"version-history":[{"count":12,"href":"https:\/\/bandyforbundet.no\/nord-norge-bandyregion\/index.php?rest_route=\/wp\/v2\/pages\/238\/revisions"}],"predecessor-version":[{"id":2061,"href":"https:\/\/bandyforbundet.no\/nord-norge-bandyregion\/index.php?rest_route=\/wp\/v2\/pages\/238\/revisions\/2061"}],"up":[{"embeddable":true,"href":"https:\/\/bandyforbundet.no\/nord-norge-bandyregion\/index.php?rest_route=\/wp\/v2\/pages\/229"}],"wp:attachment":[{"href":"https:\/\/bandyforbundet.no\/nord-norge-bandyregion\/index.php?rest_route=%2Fwp%2Fv2%2Fmedia&parent=238"}],"curies":[{"name":"wp","href":"https:\/\/api.w.org\/{rel}","templated":true}]}}