{"id":246,"date":"2018-10-30T12:08:40","date_gmt":"2018-10-30T11:08:40","guid":{"rendered":"http:\/\/bandyforbundet.no\/nord-norge-bandyregion\/?page_id=246"},"modified":"2025-08-29T15:03:24","modified_gmt":"2025-08-29T15:03:24","slug":"dommer-10","status":"publish","type":"page","link":"https:\/\/bandyforbundet.no\/nord-norge-bandyregion\/?page_id=246","title":{"rendered":"Dommer"},"content":{"rendered":"\n<div class=\"wp-block-msswb-spacer msswb-spacer-container\" style=\"height:27px\"><div class=\"line\" style=\"height:13px\"><\/div><div class=\"line-center-divider\"><\/div><\/div>\n\n\n\n<h2 class=\"wp-block-heading has-text-align-center\">DOMMERINFORMASJON<\/h2>\n\n\n\n<p class=\"has-text-align-center has-small-font-size\">P\u00e5 denne siden vil det v\u00e6re informasjon til, om og for regionens dommere. Og du skal ikke se bort i fra at det ogs\u00e5 vil v\u00e6re relevant informasjon for de som ikke har funnet frem dommert\u00f8yet enda ogs\u00e5. DK NNBR er et lite knippe utvalgte personer som gj\u00f8r det de kan for at dommerne skal bli flere og flinkere &#8211; samtidig som de har det g\u00f8y. Ikke n\u00f8l med \u00e5 ta kontakt med oss.<\/p>\n\n\n\n<div class=\"wp-block-msswb-spacer msswb-spacer-container show-line\" style=\"height:17px\"><div class=\"line\" style=\"border-bottom-width:2px;border-bottom-color:#444444;height:8px\"><\/div><div class=\"line-center-divider\"><\/div><\/div>\n\n\n<div class=\"msswb-link-box-grid-frontend-app-v2\" data-url-encoded-attrs=\"%7B%22maxCols%22%3A4%2C%22showTitle%22%3Atrue%2C%22titleColor%22%3A%22%23cbcd49%22%2C%22useColorBackground%22%3Atrue%2C%22bgColor%22%3A%22%232d465f%22%2C%22overlayColor%22%3A%7B%22r%22%3A17%2C%22g%22%3A18%2C%22b%22%3A19%2C%22a%22%3A0.52%7D%2C%22linkBoxes%22%3A%5B%7B%22link_type%22%3A%22page%22%2C%22blog_id%22%3A8%2C%22ID%22%3A2019%2C%22link%22%3A%22https%3A%2F%2Fbandyforbundet.no%2Fnord-norge-bandyregion%2F%3Fpage_id%3D2019%22%2C%22image%22%3Afalse%2C%22featuredImage%22%3Afalse%2C%22from_shared%22%3Atrue%2C%22showAltTitle%22%3Atrue%2C%22altTitle%22%3A%22Dommere%22%7D%2C%7B%22link_type%22%3A%22page%22%2C%22blog_id%22%3A8%2C%22ID%22%3A2021%2C%22link%22%3A%22https%3A%2F%2Fbandyforbundet.no%2Fnord-norge-bandyregion%2F%3Fpage_id%3D2021%22%2C%22image%22%3A%7B%22image_id%22%3A797%2C%22blog_id%22%3A9%2C%22term_id%22%3A-1%7D%2C%22featuredImage%22%3Afalse%2C%22showTitle%22%3Atrue%2C%22showAltTitle%22%3Atrue%2C%22altTitle%22%3A%22DK%20NNBR%22%7D%2C%7B%22link_type%22%3A%22page%22%2C%22blog_id%22%3A8%2C%22ID%22%3A2023%2C%22link%22%3A%22https%3A%2F%2Fbandyforbundet.no%2Fnord-norge-bandyregion%2F%3Fpage_id%3D2023%22%2C%22image%22%3A%7B%22image_id%22%3A796%2C%22blog_id%22%3A9%2C%22term_id%22%3A-1%7D%2C%22featuredImage%22%3Afalse%2C%22showTitle%22%3Atrue%2C%22showAltTitle%22%3Atrue%2C%22altTitle%22%3A%22%C3%98vrig%20info%22%7D%2C%7B%22link_type%22%3A%22page%22%2C%22blog_id%22%3A8%2C%22ID%22%3A2009%2C%22link%22%3A%22https%3A%2F%2Fbandyforbundet.no%2Fnord-norge-bandyregion%2F%3Fpage_id%3D2009%22%2C%22image%22%3Afalse%2C%22featuredImage%22%3Afalse%2C%22from_shared%22%3Atrue%2C%22showAltTitle%22%3Atrue%2C%22altTitle%22%3A%22Dommerkurs%22%7D%5D%7D\" ><\/div>\n\n\n<div class=\"wp-block-msswb-spacer msswb-spacer-container show-line\" style=\"height:26px\"><div class=\"line\" style=\"border-bottom-width:2px;border-bottom-color:#444444;height:13px\"><\/div><div class=\"line-center-divider\"><\/div><\/div>\n\n\n\n<div class=\"wp-block-msswb-panel msswb-panel-container\"><div class=\"mwwsb-panel-header\"><div class=\"mwwsb-panel-title\">Fokusomr\u00e5der for dommere, sesongen 2024\/25<\/div><div class=\"mwwsb-panel-icon\"><span class=\"dashicon dashicons dashicons-arrow-down-alt2\"><\/span><\/div><\/div><div class=\"msswb-panel-content\">\n<p>Fokusomr\u00e5der for dommere sesongen 2024\/25 er utarbeidet av NBF DK-Innebandy. Det kommer nye retningslinjer for kommende sesong til sesongstart 2025. <\/p>\n\n\n\n<div class=\"msswb-file\"><a href=\"https:\/\/bandyforbundet.no\/midt-norge-bandyregion\/wp-content\/uploads\/sites\/9\/2024\/09\/NBF_DK-I_Fokusomrader_Region_2024-2025_BRA.pdf\" class=\"file-button\" download><span class=\"dashicon dashicons dashicons-download\"><\/span><\/a><a class=\"file-link\" href=\"https:\/\/bandyforbundet.no\/midt-norge-bandyregion\/wp-content\/uploads\/sites\/9\/2024\/09\/NBF_DK-I_Fokusomrader_Region_2024-2025_BRA.pdf\">Fokusomr\u00e5der dommere 2024\/25<\/a><\/div>\n<\/div><\/div>\n\n\n\n<div class=\"wp-block-msswb-panel msswb-panel-container\"><div class=\"mwwsb-panel-header\"><div class=\"mwwsb-panel-title\">Hvilke aktivitetstilbud finnes?<\/div><div class=\"mwwsb-panel-icon\"><span class=\"dashicon dashicons dashicons-arrow-down-alt2\"><\/span><\/div><\/div><div class=\"msswb-panel-content\">\n<p class=\"has-small-font-size\"><strong>I Nord-Norge har vi flere ulike aktivitetstilbud som inneb\u00e6rer kamper med dommere:<\/strong><br>&#8211; Minirunder<br>&#8211; Ungdomsserier<br>&#8211; Ordin\u00e6rt seriespill for voksne<\/p>\n<\/div><\/div>\n\n\n\n<div class=\"wp-block-msswb-spacer msswb-spacer-container show-line\" style=\"height:31px\"><div class=\"line\" style=\"border-bottom-width:1px;border-bottom-color:#111010;height:15px\"><\/div><div class=\"line-center-divider\"><\/div><\/div>\n\n\n<div class=\"msswb-display-internal-post-frontend-app-v2\" data-url-encoded-attrs=\"%7B%22displayInternalPost%22%3A%7B%22blog_id%22%3A8%2C%22ID%22%3A2027%7D%7D\" data-dip-id=\"AGrpy\" ><\/div>\n\n\n<div class=\"wp-block-msswb-spacer msswb-spacer-container show-line\" style=\"height:24px\"><div class=\"line\" style=\"border-bottom-width:3px;border-bottom-color:#444444;height:12px\"><\/div><div class=\"line-center-divider\"><\/div><\/div>\n\n\n\n<div class=\"wp-block-msswb-panel msswb-panel-container\"><div class=\"mwwsb-panel-header\"><div class=\"mwwsb-panel-title\">Oppdatert spillereglement innebandy 2024<\/div><div class=\"mwwsb-panel-icon\"><span class=\"dashicon dashicons dashicons-arrow-down-alt2\"><\/span><\/div><\/div><div class=\"msswb-panel-content\"><div class=\"msswb-display-internal-post-frontend-app-v2\" data-url-encoded-attrs=\"%7B%22displayInternalPost%22%3A%7B%22blog_id%22%3A3%2C%22ID%22%3A11496%7D%7D\" data-dip-id=\"\" ><\/div><\/div><\/div>\n\n\n<div class=\"msswb-display-posts-frontend-app-v2\" data-url-encoded-attrs=\"%7B%22mode%22%3A%22grid%22%2C%22scrollDirection%22%3A%22vertical%22%2C%22displayPostsFromCategories%22%3A%5B%7B%22blog_id%22%3A8%2C%22included%22%3A%5B33%5D%2C%22excluded%22%3A%5B%5D%2C%22filterDate%22%3A%22from1yearago%22%2C%22dateObj%22%3A%7B%22fromDate%22%3A%221%20year%20ago%22%2C%22toDate%22%3A%22%22%7D%7D%5D%2C%22displayPostsFromSharedCategories%22%3A%5B%5D%2C%22maxCols%22%3A3%7D\" ><\/div>","protected":false},"excerpt":{"rendered":"<p>DOMMERINFORMASJON P\u00e5 denne siden vil det v\u00e6re informasjon til, om og for regionens dommere. Og du skal ikke se bort i fra at det ogs\u00e5 vil v\u00e6re relevant informasjon for de som ikke har funnet frem dommert\u00f8yet enda ogs\u00e5. DK NNBR er et lite knippe utvalgte personer som gj\u00f8r det de kan for at dommerne [&hellip;]<\/p>\n","protected":false},"author":70,"featured_media":0,"parent":244,"menu_order":0,"comment_status":"closed","ping_status":"closed","template":"","meta":{"cover_meta":"","footnotes":""},"class_list":["post-246","page","type-page","status-publish","hentry"],"_links":{"self":[{"href":"https:\/\/bandyforbundet.no\/nord-norge-bandyregion\/index.php?rest_route=\/wp\/v2\/pages\/246","targetHints":{"allow":["GET"]}}],"collection":[{"href":"https:\/\/bandyforbundet.no\/nord-norge-bandyregion\/index.php?rest_route=\/wp\/v2\/pages"}],"about":[{"href":"https:\/\/bandyforbundet.no\/nord-norge-bandyregion\/index.php?rest_route=\/wp\/v2\/types\/page"}],"author":[{"embeddable":true,"href":"https:\/\/bandyforbundet.no\/nord-norge-bandyregion\/index.php?rest_route=\/wp\/v2\/users\/70"}],"replies":[{"embeddable":true,"href":"https:\/\/bandyforbundet.no\/nord-norge-bandyregion\/index.php?rest_route=%2Fwp%2Fv2%2Fcomments&post=246"}],"version-history":[{"count":6,"href":"https:\/\/bandyforbundet.no\/nord-norge-bandyregion\/index.php?rest_route=\/wp\/v2\/pages\/246\/revisions"}],"predecessor-version":[{"id":2035,"href":"https:\/\/bandyforbundet.no\/nord-norge-bandyregion\/index.php?rest_route=\/wp\/v2\/pages\/246\/revisions\/2035"}],"up":[{"embeddable":true,"href":"https:\/\/bandyforbundet.no\/nord-norge-bandyregion\/index.php?rest_route=\/wp\/v2\/pages\/244"}],"wp:attachment":[{"href":"https:\/\/bandyforbundet.no\/nord-norge-bandyregion\/index.php?rest_route=%2Fwp%2Fv2%2Fmedia&parent=246"}],"curies":[{"name":"wp","href":"https:\/\/api.w.org\/{rel}","templated":true}]}}