{"id":251,"date":"2017-12-14T12:06:46","date_gmt":"2017-12-14T12:06:46","guid":{"rendered":"http:\/\/bandyforbundet.no\/nord-norge-bandyregion\/?page_id=251"},"modified":"2025-06-11T10:47:04","modified_gmt":"2025-06-11T10:47:04","slug":"regelverk-11","status":"publish","type":"page","link":"https:\/\/bandyforbundet.no\/nord-norge-bandyregion\/?page_id=251","title":{"rendered":"Regelverk"},"content":{"rendered":"\n<div class=\"wp-block-msswb-spacer msswb-spacer-container\" style=\"height:27px\"><div class=\"line\" style=\"height:13px\"><\/div><div class=\"line-center-divider\"><\/div><\/div>\n\n\n\n<h2 class=\"wp-block-heading\">LOVER OG REGELVERK<\/h2>\n\n\n\n<p class=\"has-drop-cap has-white-normal-color has-black-normal-background-color has-text-color has-background\">Nord-Norge Bandyregion er en s\u00e6rkrets opprettet av Norges Bandyforbund. Norges Bandyforbund er et s\u00e6rforbund i Norges idrettsforbund. Norges Bandyforbund organiserer og administrerer all aktivitet i idrettene innebandy, bandy og landhockey. Nord-Norge Bandyregion administrerer Norges Bandyforbund sin aktivitet i Nordland, Troms og Finnmark.<br><br>For \u00e5 h\u00e5ndtere dette m\u00e5 man f\u00f8lge idrettens ulike regelverk. Det finnes b\u00e5de et regelverk for s\u00e6rforbund, s\u00e6rkretser, idrettsr\u00e5d og idrettslag. I tillegg finnes de idrettsspesifikke regelverkene som spillereglement og kampreglement. I menyen til h\u00f8yre gir vi en oversikt over en del av disse.<\/p>\n\n\n\n<div class=\"wp-block-msswb-spacer msswb-spacer-container show-line\" style=\"height:48px\"><div class=\"line\" style=\"border-bottom-width:2px;border-bottom-color:#444444;height:24px\"><\/div><div class=\"line-center-divider\"><\/div><\/div>\n\n\n\n<div class=\"wp-block-columns\">\n<div class=\"wp-block-column\">\n<h3 class=\"wp-block-heading has-text-align-center has-white-normal-color has-black-normal-background-color has-text-color has-background\">Regionalt regelverk<\/h3>\n\n\n\n<div class=\"wp-block-msswb-panel msswb-panel-container\"><div class=\"mwwsb-panel-header\"><div class=\"mwwsb-panel-title\">Flyttereglement<\/div><div class=\"mwwsb-panel-icon\"><span class=\"dashicon dashicons dashicons-arrow-down-alt2\"><\/span><\/div><\/div><div class=\"msswb-panel-content\">\n<p class=\"has-small-font-size\"><strong>Generelle flytteregler i Nord-Norge Bandyregion<\/strong><br>En klubb kan s\u00f8ke om \u00e5 f\u00e5 endret kamptidspunkt til sine lag ved \u00e5 s\u00f8ke til administrerende myndighet. S\u00f8knaden m\u00e5 f\u00f8lge gjeldende regelverk for at den skal kunne behandles og evt. innvilges. S\u00f8knadsprosedyrene er nevnt nedenfor.<\/p>\n\n\n\n<p class=\"has-small-font-size\">Det skal sendes en skriftlig s\u00f8knad om kampflytting til NNBR innen den tidsfristen som<br>gjelder i klassen det aktuelle lag deltar. S\u00f8knaden skal sendes til<br>dagligleder@nnbr.no, og skal sendes av enten <strong>leder<\/strong> eller <strong>sportslig leder<\/strong> i aktuell klubb.<\/p>\n\n\n\n<p class=\"has-small-font-size\">I s\u00f8knaden skal det oppgis hvilke kamper det s\u00f8kes for, bakgrunn for s\u00f8knaden samt forslag til nytt kamptidspunkt med dialogreferanse med motstanderlag. Sammen med s\u00f8knaden skal det ogs\u00e5 vedlegges bekreftelse p\u00e5 innbetalt administrasjonsgebyr.<\/p>\n\n\n\n<p class=\"has-small-font-size\">F\u00f8r s\u00f8knader om kampflytting vurderes, s\u00e5 skal et administrasjonsgebyr v\u00e6re betalt inn til Nord-Norge Bandyregion sin konto, 4740.12.93902. Det er opp til NNBR om slike s\u00f8knader skal innvilges, og evt. hvilket nytt kampdato kampen skal avvikles.<\/p>\n\n\n\n<p class=\"has-small-font-size\"><strong>For lag i ordin\u00e6rt seriespill, seniorklasser<\/strong><br>Gebyr skal v\u00e6re innbetalt og s\u00f8knad mottatt senest 14 dager f\u00f8r oppsatt kampdato for at s\u00f8knad vurderes. <br>Adm. gebyr: 1500,-<br><br><strong>For lag i ungdomsseriene<\/strong><br>Gebyr skal v\u00e6re innbetalt og s\u00f8knad mottatt senest 7 dager f\u00f8r oppsatt kampdato for at s\u00f8knad vurderes. <br>Adm. gebyr: 750,-<br><br><strong>\u00d8vrige klasser\/aktivitetstilbud<\/strong><br>I andre aktivitetstilbud gjelder egne flytteregler som oppgis til lagene i forkant av tilbudet.<\/p>\n<\/div><\/div>\n\n\n\n<div class=\"wp-block-msswb-panel msswb-panel-container\"><div class=\"mwwsb-panel-header\"><div class=\"mwwsb-panel-title\">Forfallsreglement<\/div><div class=\"mwwsb-panel-icon\"><span class=\"dashicon dashicons dashicons-arrow-down-alt2\"><\/span><\/div><\/div><div class=\"msswb-panel-content\">\n<div class=\"wp-block-msswb-panel msswb-panel-container\"><div class=\"mwwsb-panel-header\"><div class=\"mwwsb-panel-title\">Gyldige grunner for forfall<\/div><div class=\"mwwsb-panel-icon\"><span class=\"dashicon dashicons dashicons-arrow-down-alt2\"><\/span><\/div><\/div><div class=\"msswb-panel-content\">\n<p class=\"has-small-font-size\">Gyldige forfall fra kamper kan godkjennes i tilfeller hvor det er <strong>betydelige<\/strong> hindringer for \u00e5 komme til kampen p\u00e5 grunn av v\u00e6rforhold eller transportproblemer. <br>Dette inkluderer:<\/p>\n\n\n\n<p class=\"has-small-font-size\"><strong>Utfordrende v\u00e6r og kj\u00f8reforhold \u2013<\/strong> Tilreisende klubb har ansvar for \u00e5 varsle<br>motstanderklubb, dommerkomite, arrang\u00f8r og administrasjon om utfordrende v\u00e6r og kj\u00f8reforhold senest onsdag f\u00f8r kamphelg. Her skal bildebevis p\u00e5 v\u00e6r og trafikkprognoser v\u00e6re vedlagt. Forfall kan deretter bli meldt inn senest Torsdag, etter dr\u00f8fting av andre transportmuligheter og reisetidspunkter. Forfall blir regnet som godkjent om ingen andre alternativer er mulige.<\/p>\n\n\n\n<p class=\"has-small-font-size\"><strong>Stengte fjelloverganger \u2013<\/strong> Dersom det er stengte fjelloverganger som hindrer lagene i \u00e5 reise til kampen, m\u00e5 det vedlegges bildebevis fra Vegvesenet som bekrefter stengingen.<\/p>\n\n\n\n<p class=\"has-small-font-size\"><strong>Innstilling av buss, tog, b\u00e5t- eller flytjenester \u2013<\/strong> Hvis buss, tog, b\u00e5t- eller flytjenester som er n\u00f8dvendige for transport til kampen blir innstilt, og det ikke er mulighet for \u00e5 kj\u00f8re, m\u00e5 det vedlegges bekreftelse fra det aktuelle buss, tog, b\u00e5t- eller flyselskapet som bekrefter innstillingen av reisen, eller skjermbilde av slik informasjon.<\/p>\n\n\n\n<p class=\"has-small-font-size\">For \u00e5 f\u00e5 forfall godkjent som gyldig, plikter klubben \u00e5 varsle dommerkomiteen, arrang\u00f8r, administrasjon og motstanderklubb om forfallet s\u00e5 raskt som mulig, og senest torsdag f\u00f8r kamphelg. I tillegg skal klubben sende en skriftlig s\u00f8knad til administrasjonen i NNBR, sammen med bildebevis.<\/p>\n<\/div><\/div>\n\n\n\n<div class=\"wp-block-msswb-panel msswb-panel-container\"><div class=\"mwwsb-panel-header\"><div class=\"mwwsb-panel-title\">Ugyldige grunner for forfall<\/div><div class=\"mwwsb-panel-icon\"><span class=\"dashicon dashicons dashicons-arrow-down-alt2\"><\/span><\/div><\/div><div class=\"msswb-panel-content\">\n<p class=\"has-small-font-size\">Alle andre grunner til forfall som ikke er relatert til ekstreme v\u00e6rforhold eller transportproblemer (som f.eks. sykdom, skade, spillere som ikke m\u00f8ter opp eller andre interne klubbproblemer) vil bli ansett som ugyldige.<\/p>\n\n\n\n<p>Ved ugyldig forfall, men varsling senest Mandag 15:00 i samme uke som kamphelg foreligger kun W.O. + Halleie. Ved ugyldig forfall senere enn dette vil et forelegg p\u00e5l\u00f8pe. (Se s\u00e6rskilte konkurranseregler).<\/p>\n\n\n\n<p class=\"has-small-font-size\"><strong>S\u00f8knad om fritak fra forelegg:<\/strong> Dersom en klubb mener at et ugyldig forfall skyldes spesielle omstendigheter, kan de sende en skriftlig s\u00f8knad med en begrunnelse for hvorfor forfallet skal fritas fra forelegg. Denne s\u00f8knaden skal sendes til NNBR-styret for vurdering. Styret vil behandle s\u00f8knaden og ta en beslutning om eventuell fritakelse. Klubben plikter riktignok \u00e5 varsle dommerkomiteen, arrang\u00f8r, administrasjon og motstanderklubb om<br>dette forfallet ogs\u00e5. <\/p>\n\n\n\n<p class=\"has-small-font-size\"><strong>Viktig informasjon:<\/strong> Alle s\u00f8knader om gyldig forfall m\u00e5 sendes til NNBR s\u00e5 tidlig som mulig, og senest torsdag klokken 12:00 f\u00f8r kamphelg.<\/p>\n\n\n\n<p class=\"has-small-font-size\">Alle forfall m\u00e5 dokumenteres med bildebevis for at de skal kunne vurderes som gyldige. <\/p>\n\n\n\n<p class=\"has-small-font-size\">Vi \u00f8nsker \u00e5 sikre at kamper blir gjennomf\u00f8rt s\u00e5 langt det lar seg gj\u00f8re, men ogs\u00e5 at alle involverte parter har en rettferdig behandling n\u00e5r det gjelder forfall og omberamminger.<\/p>\n<\/div><\/div>\n<\/div><\/div>\n\n\n\n<div class=\"wp-block-msswb-panel msswb-panel-container\"><div class=\"mwwsb-panel-header\"><div class=\"mwwsb-panel-title\">S\u00e6rskilte konkurranseregler for NNBR<\/div><div class=\"mwwsb-panel-icon\"><span class=\"dashicon dashicons dashicons-arrow-down-alt2\"><\/span><\/div><\/div><div class=\"msswb-panel-content\">\n<div class=\"msswb-file\"><a href=\"https:\/\/bandyforbundet.no\/nord-norge-bandyregion\/wp-content\/uploads\/sites\/8\/2025\/05\/Saerskilte-konkurranseregler-og-sanksjoner-2025-2026.pdf\" class=\"file-button\" download><span class=\"dashicon dashicons dashicons-download\"><\/span><\/a><a class=\"file-link\" href=\"https:\/\/bandyforbundet.no\/nord-norge-bandyregion\/wp-content\/uploads\/sites\/8\/2025\/05\/Saerskilte-konkurranseregler-og-sanksjoner-2025-2026.pdf\">S\u00e6rskilte-konkurranseregler-og-sanksjoner-2025-2026<\/a><\/div>\n<\/div><\/div>\n<\/div>\n\n\n\n<div class=\"wp-block-column\">\n<h3 class=\"wp-block-heading has-text-align-center has-white-normal-color has-black-normal-background-color has-text-color has-background\">Nasjonalt regelverk<\/h3>\n\n\n\n<div class=\"wp-block-msswb-panel msswb-panel-container\"><div class=\"mwwsb-panel-header\"><div class=\"mwwsb-panel-title\">Lov NBF<\/div><div class=\"mwwsb-panel-icon\"><span class=\"dashicon dashicons dashicons-arrow-down-alt2\"><\/span><\/div><\/div><div class=\"msswb-panel-content\">\n<div class=\"msswb-file\"><a href=\"https:\/\/bandyforbundet.no\/wp-content\/uploads\/sites\/9\/2021\/08\/Lov-NBF-1.pdf\" class=\"file-button\" download><span class=\"dashicon dashicons dashicons-download\"><\/span><\/a><a class=\"file-link\" href=\"https:\/\/bandyforbundet.no\/wp-content\/uploads\/sites\/9\/2021\/08\/Lov-NBF-1.pdf\">Lov-NBF-1<\/a><\/div>\n<\/div><\/div>\n\n\n\n<div class=\"wp-block-msswb-panel msswb-panel-container\"><div class=\"mwwsb-panel-header\"><div class=\"mwwsb-panel-title\">NBF sitt sanksjons &#8211; og protestreglement<\/div><div class=\"mwwsb-panel-icon\"><span class=\"dashicon dashicons dashicons-arrow-down-alt2\"><\/span><\/div><\/div><div class=\"msswb-panel-content\"><div class=\"msswb-display-internal-post-frontend-app-v2\" data-url-encoded-attrs=\"%7B%22displayInternalPost%22%3A%7B%22blog_id%22%3A2%2C%22ID%22%3A952%7D%7D\" data-dip-id=\"\" ><\/div><\/div><\/div>\n\n\n\n<div class=\"wp-block-msswb-panel msswb-panel-container\"><div class=\"mwwsb-panel-header\"><div class=\"mwwsb-panel-title\">NIF sine lover og bestemmelser<\/div><div class=\"mwwsb-panel-icon\"><span class=\"dashicon dashicons dashicons-arrow-down-alt2\"><\/span><\/div><\/div><div class=\"msswb-panel-content\">\n<p><a href=\"https:\/\/www.idrettsforbundet.no\/tema\/juss\/\" target=\"_blank\" rel=\"noreferrer noopener\">Norges idrettsforbunds lov og bestemmelser<\/a><\/p>\n<\/div><\/div>\n\n\n\n<div class=\"wp-block-msswb-panel msswb-panel-container\"><div class=\"mwwsb-panel-header\"><div class=\"mwwsb-panel-title\">Barneidrettsbestemmelsene<\/div><div class=\"mwwsb-panel-icon\"><span class=\"dashicon dashicons dashicons-arrow-down-alt2\"><\/span><\/div><\/div><div class=\"msswb-panel-content\"><div class=\"msswb-display-internal-post-frontend-app-v2\" data-url-encoded-attrs=\"%7B%22displayInternalPost%22%3A%7B%22blog_id%22%3A2%2C%22ID%22%3A950%7D%7D\" data-dip-id=\"\" ><\/div><\/div><\/div>\n<\/div>\n<\/div>\n\n\n\n<div class=\"wp-block-msswb-spacer msswb-spacer-container show-line\" style=\"height:60px\"><div class=\"line\" style=\"border-bottom-width:2px;border-bottom-color:#444444;height:30px\"><\/div><div class=\"line-center-divider\"><\/div><\/div>\n\n\n\n<p>Videre s\u00e5 har vi egne regelverk direkte knyttet opp til forbundets idretter. For ytterligere regelverk se denne <a href=\"https:\/\/bandyforbundet.no\/forbundet\/?page_id=318\" target=\"_blank\" rel=\"noreferrer noopener\">linken<\/a>.<\/p>\n\n\n\n<div class=\"wp-block-msswb-panel msswb-panel-container\"><div class=\"mwwsb-panel-header\"><div class=\"mwwsb-panel-title\">Spillereglement i innebandy<\/div><div class=\"mwwsb-panel-icon\"><span class=\"dashicon dashicons dashicons-arrow-down-alt2\"><\/span><\/div><\/div><div class=\"msswb-panel-content\"><div class=\"msswb-display-internal-post-frontend-app-v2\" data-url-encoded-attrs=\"%7B%22displayInternalPost%22%3A%7B%22blog_id%22%3A3%2C%22ID%22%3A11496%7D%7D\" data-dip-id=\"\" ><\/div><\/div><\/div>\n\n\n\n<div class=\"wp-block-msswb-panel msswb-panel-container\"><div class=\"mwwsb-panel-header\"><div class=\"mwwsb-panel-title\">Kampreglement i innebandy<\/div><div class=\"mwwsb-panel-icon\"><span class=\"dashicon dashicons dashicons-arrow-down-alt2\"><\/span><\/div><\/div><div class=\"msswb-panel-content\"><div class=\"msswb-display-internal-post-frontend-app-v2\" data-url-encoded-attrs=\"%7B%22displayInternalPost%22%3A%7B%22blog_id%22%3A3%2C%22ID%22%3A5438%7D%7D\" data-dip-id=\"\" ><\/div><\/div><\/div>\n\n\n\n<p class=\"has-small-font-size\"><em>Alle s\u00f8knader om disp. fra gjeldende regelverk skal leveres sendes til disp@nnbr.no. S\u00f8knad m\u00e5 inneholde regelhenvisning og begrunnelse.<\/em><\/p>\n\n\n\n<div class=\"wp-block-msswb-spacer msswb-spacer-container show-line\" style=\"height:60px\"><div class=\"line\" style=\"border-bottom-width:2px;border-bottom-color:#444444;height:30px\"><\/div><div class=\"line-center-divider\"><\/div><\/div>\n","protected":false},"excerpt":{"rendered":"<p>LOVER OG REGELVERK Nord-Norge Bandyregion er en s\u00e6rkrets opprettet av Norges Bandyforbund. Norges Bandyforbund er et s\u00e6rforbund i Norges idrettsforbund. Norges Bandyforbund organiserer og administrerer all aktivitet i idrettene innebandy, bandy og landhockey. Nord-Norge Bandyregion administrerer Norges Bandyforbund sin aktivitet i Nordland, Troms og Finnmark. For \u00e5 h\u00e5ndtere dette m\u00e5 man f\u00f8lge idrettens ulike regelverk. [&hellip;]<\/p>\n","protected":false},"author":70,"featured_media":0,"parent":228,"menu_order":0,"comment_status":"closed","ping_status":"closed","template":"","meta":{"cover_meta":"","footnotes":""},"class_list":["post-251","page","type-page","status-publish","hentry"],"_links":{"self":[{"href":"https:\/\/bandyforbundet.no\/nord-norge-bandyregion\/index.php?rest_route=\/wp\/v2\/pages\/251","targetHints":{"allow":["GET"]}}],"collection":[{"href":"https:\/\/bandyforbundet.no\/nord-norge-bandyregion\/index.php?rest_route=\/wp\/v2\/pages"}],"about":[{"href":"https:\/\/bandyforbundet.no\/nord-norge-bandyregion\/index.php?rest_route=\/wp\/v2\/types\/page"}],"author":[{"embeddable":true,"href":"https:\/\/bandyforbundet.no\/nord-norge-bandyregion\/index.php?rest_route=\/wp\/v2\/users\/70"}],"replies":[{"embeddable":true,"href":"https:\/\/bandyforbundet.no\/nord-norge-bandyregion\/index.php?rest_route=%2Fwp%2Fv2%2Fcomments&post=251"}],"version-history":[{"count":12,"href":"https:\/\/bandyforbundet.no\/nord-norge-bandyregion\/index.php?rest_route=\/wp\/v2\/pages\/251\/revisions"}],"predecessor-version":[{"id":1968,"href":"https:\/\/bandyforbundet.no\/nord-norge-bandyregion\/index.php?rest_route=\/wp\/v2\/pages\/251\/revisions\/1968"}],"up":[{"embeddable":true,"href":"https:\/\/bandyforbundet.no\/nord-norge-bandyregion\/index.php?rest_route=\/wp\/v2\/pages\/228"}],"wp:attachment":[{"href":"https:\/\/bandyforbundet.no\/nord-norge-bandyregion\/index.php?rest_route=%2Fwp%2Fv2%2Fmedia&parent=251"}],"curies":[{"name":"wp","href":"https:\/\/api.w.org\/{rel}","templated":true}]}}