{"id":264,"date":"2017-12-05T09:43:07","date_gmt":"2017-12-05T09:43:07","guid":{"rendered":"http:\/\/bandyforbundet.no\/nord-norge-bandyregion\/?page_id=264"},"modified":"2025-08-18T19:29:35","modified_gmt":"2025-08-18T19:29:35","slug":"utvikling-13","status":"publish","type":"page","link":"https:\/\/bandyforbundet.no\/nord-norge-bandyregion\/?page_id=264","title":{"rendered":"Utvikling"},"content":{"rendered":"\n<div style=\"height:50px\" aria-hidden=\"true\" class=\"wp-block-spacer\"><\/div>\n\n\n\n<h2 class=\"wp-block-heading\">UTVIKLING<\/h2>\n\n\n\n<p><em>Hovedm\u00e5let til Norges Bandyforbund er \u00f8kt medlemsvekst. Vi \u00f8nsker flere klubber, flere lag og flere spillere. For \u00e5 f\u00e5 til dette har vi utviklingskonsulenter ansatt rundt omkring i landet. Utviklingskonsulentene skal bist\u00e5 eksisterende klubber i sitt rekrutteringsarbeid, v\u00e6re aktive i arbeidet med \u00e5 f\u00e5 etablert nye klubber og samtidig v\u00e6re en viktig ressurs til \u00e5 tilf\u00f8re v\u00e5re medlemmer \u00f8kt kompetanse.<\/em><\/p>\n\n\n\n<h2 class=\"wp-block-heading has-text-align-center\">HVA TRENGER DU\/DIN KLUBB BISTAND TIL?<\/h2>\n\n\n<div class=\"msswb-link-box-grid-frontend-app-v2\" data-url-encoded-attrs=\"%7B%22maxCols%22%3A5%2C%22showTitle%22%3Atrue%2C%22titleColor%22%3A%22%230f0f0f%22%2C%22useColorBackground%22%3Atrue%2C%22bgColor%22%3A%22%2317af59%22%2C%22overlayColor%22%3A%7B%22r%22%3A69%2C%22g%22%3A126%2C%22b%22%3A191%2C%22a%22%3A0.1%7D%2C%22linkBoxes%22%3A%5B%7B%22link_type%22%3A%22page%22%2C%22blog_id%22%3A8%2C%22ID%22%3A1997%2C%22link%22%3A%22https%3A%2F%2Fbandyforbundet.no%2Fnord-norge-bandyregion%2F%3Fpage_id%3D1997%22%2C%22image%22%3Afalse%2C%22featuredImage%22%3Afalse%2C%22from_shared%22%3Atrue%2C%22showAltTitle%22%3Atrue%2C%22altTitle%22%3A%22Rekruttere%20ut%C3%B8vere%22%7D%2C%7B%22link_type%22%3A%22page%22%2C%22blog_id%22%3A8%2C%22ID%22%3A2000%2C%22link%22%3A%22https%3A%2F%2Fbandyforbundet.no%2Fnord-norge-bandyregion%2F%3Fpage_id%3D2000%22%2C%22image%22%3Afalse%2C%22featuredImage%22%3Afalse%2C%22from_shared%22%3Atrue%2C%22showAltTitle%22%3Atrue%2C%22altTitle%22%3A%22Klubbdrift%22%7D%2C%7B%22link_type%22%3A%22page%22%2C%22blog_id%22%3A8%2C%22ID%22%3A2004%2C%22link%22%3A%22https%3A%2F%2Fbandyforbundet.no%2Fnord-norge-bandyregion%2F%3Fpage_id%3D2004%22%2C%22image%22%3Afalse%2C%22featuredImage%22%3Afalse%2C%22from_shared%22%3Atrue%2C%22showAltTitle%22%3Atrue%2C%22altTitle%22%3A%22Trenere%22%7D%5D%7D\" ><\/div>\n\n<div class=\"msswb-link-box-grid-frontend-app-v2\" data-url-encoded-attrs=\"%7B%22maxCols%22%3A5%2C%22showTitle%22%3Atrue%2C%22titleColor%22%3A%22%23040404%22%2C%22useColorBackground%22%3Atrue%2C%22bgColor%22%3A%22%2317af59%22%2C%22overlayColor%22%3A%7B%22r%22%3A69%2C%22g%22%3A126%2C%22b%22%3A191%2C%22a%22%3A0.1%7D%2C%22linkBoxes%22%3A%5B%7B%22link_type%22%3A%22page%22%2C%22blog_id%22%3A8%2C%22ID%22%3A2007%2C%22link%22%3A%22https%3A%2F%2Fbandyforbundet.no%2Fnord-norge-bandyregion%2F%3Fpage_id%3D2007%22%2C%22image%22%3Afalse%2C%22featuredImage%22%3Afalse%2C%22from_shared%22%3Atrue%2C%22showAltTitle%22%3Atrue%2C%22altTitle%22%3A%22CAMPER%22%7D%2C%7B%22link_type%22%3A%22page%22%2C%22blog_id%22%3A8%2C%22ID%22%3A2009%2C%22link%22%3A%22https%3A%2F%2Fbandyforbundet.no%2Fnord-norge-bandyregion%2F%3Fpage_id%3D2009%22%2C%22image%22%3Afalse%2C%22featuredImage%22%3Afalse%2C%22from_shared%22%3Atrue%2C%22showAltTitle%22%3Atrue%2C%22altTitle%22%3A%22DOMMERE%22%7D%2C%7B%22link_type%22%3A%22page%22%2C%22blog_id%22%3A8%2C%22ID%22%3A2011%2C%22link%22%3A%22https%3A%2F%2Fbandyforbundet.no%2Fnord-norge-bandyregion%2F%3Fpage_id%3D2011%22%2C%22image%22%3Afalse%2C%22featuredImage%22%3Afalse%2C%22from_shared%22%3Atrue%2C%22showAltTitle%22%3Atrue%2C%22altTitle%22%3A%22FORELDRE%20GRUPPA%22%7D%5D%7D\" ><\/div>\n\n\n<div class=\"wp-block-msswb-spacer msswb-spacer-container show-line\" style=\"height:13px\"><div class=\"line\" style=\"height:6px\"><\/div><div class=\"line-center-divider\"><\/div><\/div>\n\n\n<div class=\"msswb-display-posts-frontend-app-v2\" data-url-encoded-attrs=\"%7B%22mode%22%3A%22grid%22%2C%22scrollDirection%22%3A%22vertical%22%2C%22displayPostsFromCategories%22%3A%5B%7B%22blog_id%22%3A8%2C%22included%22%3A%5B55%5D%2C%22excluded%22%3A%5B%5D%2C%22filterDate%22%3A%22from1yearago%22%2C%22dateObj%22%3A%7B%22fromDate%22%3A%221%20year%20ago%22%2C%22toDate%22%3A%22%22%7D%7D%5D%2C%22displayPostsFromSharedCategories%22%3A%5B%5D%2C%22maxCols%22%3A3%7D\" ><\/div>\n\n\n<div class=\"wp-block-columns\">\n<div class=\"wp-block-column\">\n<h3 class=\"wp-block-heading has-text-align-center\">M\u00e5nedsbrev<\/h3>\n\n\n<div class=\"msswb-display-posts-frontend-app-v2\" data-url-encoded-attrs=\"%7B%22mode%22%3A%22list%22%2C%22scrollDirection%22%3A%22vertical%22%2C%22displayPostsFromCategories%22%3A%5B%7B%22blog_id%22%3A8%2C%22included%22%3A%5B61%5D%2C%22excluded%22%3A%5B%5D%7D%5D%2C%22displayPostsFromSharedCategories%22%3A%5B%5D%2C%22maxCols%22%3A4%7D\" ><\/div><\/div>\n\n\n\n<div class=\"wp-block-column\">\n<h3 class=\"wp-block-heading has-text-align-center\">Finnmark<\/h3>\n\n\n<div class=\"msswb-display-posts-frontend-app-v2\" data-url-encoded-attrs=\"%7B%22mode%22%3A%22list%22%2C%22scrollDirection%22%3A%22vertical%22%2C%22displayPostsFromCategories%22%3A%5B%7B%22blog_id%22%3A8%2C%22included%22%3A%5B59%5D%2C%22excluded%22%3A%5B%5D%7D%5D%2C%22displayPostsFromSharedCategories%22%3A%5B%5D%2C%22maxCols%22%3A4%7D\" ><\/div><\/div>\n\n\n\n<div class=\"wp-block-column\">\n<h3 class=\"wp-block-heading has-text-align-center\">Troms\/Ofoten<\/h3>\n\n\n<div class=\"msswb-display-posts-frontend-app-v2\" data-url-encoded-attrs=\"%7B%22mode%22%3A%22list%22%2C%22scrollDirection%22%3A%22vertical%22%2C%22displayPostsFromCategories%22%3A%5B%7B%22blog_id%22%3A8%2C%22included%22%3A%5B63%5D%2C%22excluded%22%3A%5B%5D%7D%5D%2C%22displayPostsFromSharedCategories%22%3A%5B%5D%2C%22maxCols%22%3A4%7D\" ><\/div><\/div>\n\n\n\n<div class=\"wp-block-column\">\n<h3 class=\"wp-block-heading has-text-align-center\">Nordland\/Helgeland<\/h3>\n\n\n<div class=\"msswb-display-posts-frontend-app-v2\" data-url-encoded-attrs=\"%7B%22mode%22%3A%22list%22%2C%22scrollDirection%22%3A%22vertical%22%2C%22displayPostsFromCategories%22%3A%5B%7B%22blog_id%22%3A8%2C%22included%22%3A%5B62%5D%2C%22excluded%22%3A%5B%5D%7D%5D%2C%22displayPostsFromSharedCategories%22%3A%5B%5D%2C%22maxCols%22%3A4%7D\" ><\/div><\/div>\n<\/div>\n","protected":false},"excerpt":{"rendered":"<p>UTVIKLING Hovedm\u00e5let til Norges Bandyforbund er \u00f8kt medlemsvekst. Vi \u00f8nsker flere klubber, flere lag og flere spillere. For \u00e5 f\u00e5 til dette har vi utviklingskonsulenter ansatt rundt omkring i landet. Utviklingskonsulentene skal bist\u00e5 eksisterende klubber i sitt rekrutteringsarbeid, v\u00e6re aktive i arbeidet med \u00e5 f\u00e5 etablert nye klubber og samtidig v\u00e6re en viktig ressurs til [&hellip;]<\/p>\n","protected":false},"author":37,"featured_media":0,"parent":228,"menu_order":0,"comment_status":"closed","ping_status":"closed","template":"","meta":{"cover_meta":"","footnotes":""},"class_list":["post-264","page","type-page","status-publish","hentry"],"_links":{"self":[{"href":"https:\/\/bandyforbundet.no\/nord-norge-bandyregion\/index.php?rest_route=\/wp\/v2\/pages\/264","targetHints":{"allow":["GET"]}}],"collection":[{"href":"https:\/\/bandyforbundet.no\/nord-norge-bandyregion\/index.php?rest_route=\/wp\/v2\/pages"}],"about":[{"href":"https:\/\/bandyforbundet.no\/nord-norge-bandyregion\/index.php?rest_route=\/wp\/v2\/types\/page"}],"author":[{"embeddable":true,"href":"https:\/\/bandyforbundet.no\/nord-norge-bandyregion\/index.php?rest_route=\/wp\/v2\/users\/37"}],"replies":[{"embeddable":true,"href":"https:\/\/bandyforbundet.no\/nord-norge-bandyregion\/index.php?rest_route=%2Fwp%2Fv2%2Fcomments&post=264"}],"version-history":[{"count":4,"href":"https:\/\/bandyforbundet.no\/nord-norge-bandyregion\/index.php?rest_route=\/wp\/v2\/pages\/264\/revisions"}],"predecessor-version":[{"id":2013,"href":"https:\/\/bandyforbundet.no\/nord-norge-bandyregion\/index.php?rest_route=\/wp\/v2\/pages\/264\/revisions\/2013"}],"up":[{"embeddable":true,"href":"https:\/\/bandyforbundet.no\/nord-norge-bandyregion\/index.php?rest_route=\/wp\/v2\/pages\/228"}],"wp:attachment":[{"href":"https:\/\/bandyforbundet.no\/nord-norge-bandyregion\/index.php?rest_route=%2Fwp%2Fv2%2Fmedia&parent=264"}],"curies":[{"name":"wp","href":"https:\/\/api.w.org\/{rel}","templated":true}]}}