{"id":270,"date":"2019-02-26T11:50:04","date_gmt":"2019-02-26T11:50:04","guid":{"rendered":"http:\/\/bandyforbundet.no\/nord-norge-bandyregion\/?page_id=270"},"modified":"2026-04-16T07:59:52","modified_gmt":"2026-04-16T07:59:52","slug":"regionsting-2","status":"publish","type":"page","link":"https:\/\/bandyforbundet.no\/nord-norge-bandyregion\/?page_id=270","title":{"rendered":"Regionsting"},"content":{"rendered":"\n<p>Regionsting 2026 for Nord-Norge Bandyregion:<\/p>\n\n\n\n<p>Sted: Fylkeshuset, Troms\u00f8 <\/p>\n\n\n\n<p>Dato: 30.05.2026<\/p>\n\n\n\n<p>Tid: 16:00<\/p>\n\n\n\n<p>P\u00e5meldinglink: <a href=\"https:\/\/forms.office.com\/e\/6SDQDPvBNK\">https:\/\/forms.office.com\/e\/6SDQDPvBNK<\/a> <br><strong>Husk fristen for p\u00e5melding for overnatting gjennom regionen er satt til&nbsp;<strong>30. April<\/strong><\/strong><\/p>\n\n\n\n<div class=\"wp-block-msswb-panel msswb-panel-container\"><div class=\"mwwsb-panel-header\"><div class=\"mwwsb-panel-title\">Frister og informasjon<\/div><div class=\"mwwsb-panel-icon\"><span class=\"dashicon dashicons dashicons-arrow-down-alt2\"><\/span><\/div><\/div><div class=\"msswb-panel-content\">\n<p class=\"has-small-font-size\"><strong>Innkalling: <\/strong>Utsendes senest en m\u00e5ned f\u00f8r \u00e5rsm\u00f8tet <br><strong>Forslag til saker:<\/strong> M\u00e5 innsendes til dagligleder@nnbr.no senest to uker f\u00f8r \u00e5rsm\u00f8tet (16. mai 2026 kl.16:00)<br><strong>Saksdokumenter: <\/strong>Offentliggj\u00f8res senest en uke f\u00f8r \u00e5rsm\u00f8tet (23. mai 2026 kl.16:00)<br><strong>Innmelding av representanter:<\/strong> Dette gj\u00f8res via fullmaktsskjemaet som innsendes dagligleder@nnbr.no senest to dager f\u00f8r \u00e5rsm\u00f8tet (28. mai 2026 kl. 16:00)<br><strong>Innspill til valgkomiteen: <\/strong>Sendes til <em>johanne_kjevik@hotmail.com<\/em>.<\/p>\n<\/div><\/div>\n\n\n\n<div class=\"msswb-file\"><a href=\"https:\/\/bandyforbundet.no\/nord-norge-bandyregion\/wp-content\/uploads\/sites\/8\/2026\/04\/Innkalling-Regionsting-Nord-Norge-2026.pdf\" class=\"file-button\" download><span class=\"dashicon dashicons dashicons-download\"><\/span><\/a><a class=\"file-link\" href=\"https:\/\/bandyforbundet.no\/nord-norge-bandyregion\/wp-content\/uploads\/sites\/8\/2026\/04\/Innkalling-Regionsting-Nord-Norge-2026.pdf\">Innkalling Regionsting Nord-Norge 2026<\/a><\/div>\n\n\n\n<div class=\"wp-block-msswb-panel msswb-panel-container\"><div class=\"mwwsb-panel-header\"><div class=\"mwwsb-panel-title\">Regionsting 2025<\/div><div class=\"mwwsb-panel-icon\"><span class=\"dashicon dashicons dashicons-arrow-down-alt2\"><\/span><\/div><\/div><div class=\"msswb-panel-content\">\n<div class=\"msswb-file\"><a href=\"https:\/\/bandyforbundet.no\/nord-norge-bandyregion\/wp-content\/uploads\/sites\/8\/2025\/04\/Innkalling-til-Regionsting-NNBR-2025.pdf\" class=\"file-button\" download><span class=\"dashicon dashicons dashicons-download\"><\/span><\/a><a class=\"file-link\" href=\"https:\/\/bandyforbundet.no\/nord-norge-bandyregion\/wp-content\/uploads\/sites\/8\/2025\/04\/Innkalling-til-Regionsting-NNBR-2025.pdf\">Innkalling Regionsting 2025<\/a><\/div>\n\n\n\n<div class=\"msswb-file\"><a href=\"https:\/\/bandyforbundet.no\/nord-norge-bandyregion\/wp-content\/uploads\/sites\/8\/2025\/04\/Beretning-2025-.pdf\" class=\"file-button\" download><span class=\"dashicon dashicons dashicons-download\"><\/span><\/a><a class=\"file-link\" href=\"https:\/\/bandyforbundet.no\/nord-norge-bandyregion\/wp-content\/uploads\/sites\/8\/2025\/04\/Beretning-2025-.pdf\">Beretning-2025<\/a><\/div>\n\n\n\n<div class=\"msswb-file\"><a href=\"https:\/\/bandyforbundet.no\/nord-norge-bandyregion\/wp-content\/uploads\/sites\/8\/2025\/04\/Saerskilte-konkurranseregler-og-sanksjoner-2025-2026-Forslag.pdf\" class=\"file-button\" download><span class=\"dashicon dashicons dashicons-download\"><\/span><\/a><a class=\"file-link\" href=\"https:\/\/bandyforbundet.no\/nord-norge-bandyregion\/wp-content\/uploads\/sites\/8\/2025\/04\/Saerskilte-konkurranseregler-og-sanksjoner-2025-2026-Forslag.pdf\">S\u00e6rskilte-konkurranseregler-og-sanksjoner-2025-2026 Forslag<\/a><\/div>\n\n\n\n<div class=\"msswb-file\"><a href=\"https:\/\/bandyforbundet.no\/nord-norge-bandyregion\/wp-content\/uploads\/sites\/8\/2025\/04\/Balanserapport-per-konto-2025-03-17-1.pdf\" class=\"file-button\" download><span class=\"dashicon dashicons dashicons-download\"><\/span><\/a><a class=\"file-link\" href=\"https:\/\/bandyforbundet.no\/nord-norge-bandyregion\/wp-content\/uploads\/sites\/8\/2025\/04\/Balanserapport-per-konto-2025-03-17-1.pdf\">Balanserapport per konto<\/a><\/div>\n\n\n\n<div class=\"msswb-file\"><a href=\"https:\/\/bandyforbundet.no\/nord-norge-bandyregion\/wp-content\/uploads\/sites\/8\/2025\/04\/Budsjett-2025.pdf\" class=\"file-button\" download><span class=\"dashicon dashicons dashicons-download\"><\/span><\/a><a class=\"file-link\" href=\"https:\/\/bandyforbundet.no\/nord-norge-bandyregion\/wp-content\/uploads\/sites\/8\/2025\/04\/Budsjett-2025.pdf\">Budsjett 2025<\/a><\/div>\n\n\n\n<div class=\"msswb-file\"><a href=\"https:\/\/bandyforbundet.no\/nord-norge-bandyregion\/wp-content\/uploads\/sites\/8\/2025\/04\/Budjett-2024.pdf\" class=\"file-button\" download><span class=\"dashicon dashicons dashicons-download\"><\/span><\/a><a class=\"file-link\" href=\"https:\/\/bandyforbundet.no\/nord-norge-bandyregion\/wp-content\/uploads\/sites\/8\/2025\/04\/Budjett-2024.pdf\">Budjett 2024<\/a><\/div>\n\n\n\n<div class=\"msswb-file\"><a href=\"https:\/\/bandyforbundet.no\/nord-norge-bandyregion\/wp-content\/uploads\/sites\/8\/2025\/04\/Kontrollutvalgets-beretning.pdf\" class=\"file-button\" download><span class=\"dashicon dashicons dashicons-download\"><\/span><\/a><a class=\"file-link\" href=\"https:\/\/bandyforbundet.no\/nord-norge-bandyregion\/wp-content\/uploads\/sites\/8\/2025\/04\/Kontrollutvalgets-beretning.pdf\">Kontrollutvalgets beretning<\/a><\/div>\n\n\n\n<div class=\"msswb-file\"><a href=\"https:\/\/bandyforbundet.no\/nord-norge-bandyregion\/wp-content\/uploads\/sites\/8\/2025\/05\/Innstilling-fra-valgkomiten-2025.pdf\" class=\"file-button\" download><span class=\"dashicon dashicons dashicons-download\"><\/span><\/a><a class=\"file-link\" href=\"https:\/\/bandyforbundet.no\/nord-norge-bandyregion\/wp-content\/uploads\/sites\/8\/2025\/05\/Innstilling-fra-valgkomiten-2025.pdf\">Innstilling fra valgkomit\u00e9n 2025<\/a><\/div>\n\n\n\n<div class=\"msswb-file\"><a href=\"https:\/\/bandyforbundet.no\/nord-norge-bandyregion\/wp-content\/uploads\/sites\/8\/2025\/04\/Forfall-og-omberammingsreglement-2025-NNBR-.pdf\" class=\"file-button\" download><span class=\"dashicon dashicons dashicons-download\"><\/span><\/a><a class=\"file-link\" href=\"https:\/\/bandyforbundet.no\/nord-norge-bandyregion\/wp-content\/uploads\/sites\/8\/2025\/04\/Forfall-og-omberammingsreglement-2025-NNBR-.pdf\">Forfall og omberammingsreglement 2025 &#8211; NNBR<\/a><\/div>\n\n\n\n<div class=\"msswb-file\"><a href=\"https:\/\/bandyforbundet.no\/nord-norge-bandyregion\/wp-content\/uploads\/sites\/8\/2025\/04\/Resultatrapport-per-konto-Kvartal-2025-03-17-1.pdf\" class=\"file-button\" download><span class=\"dashicon dashicons dashicons-download\"><\/span><\/a><a class=\"file-link\" href=\"https:\/\/bandyforbundet.no\/nord-norge-bandyregion\/wp-content\/uploads\/sites\/8\/2025\/04\/Resultatrapport-per-konto-Kvartal-2025-03-17-1.pdf\">Resultatrapport per konto <\/a><\/div>\n\n\n\n<div class=\"msswb-file\"><a href=\"https:\/\/bandyforbundet.no\/nord-norge-bandyregion\/wp-content\/uploads\/sites\/8\/2025\/05\/Protokoll-med-signatur-2025.pdf\" class=\"file-button\" download><span class=\"dashicon dashicons dashicons-download\"><\/span><\/a><a class=\"file-link\" href=\"https:\/\/bandyforbundet.no\/nord-norge-bandyregion\/wp-content\/uploads\/sites\/8\/2025\/05\/Protokoll-med-signatur-2025.pdf\">Protokoll med signatur 2025<\/a><\/div>\n<\/div><\/div>\n\n\n\n<div class=\"wp-block-msswb-panel msswb-panel-container\"><div class=\"mwwsb-panel-header\"><div class=\"mwwsb-panel-title\">Regionsting 2024<\/div><div class=\"mwwsb-panel-icon\"><span class=\"dashicon dashicons dashicons-arrow-down-alt2\"><\/span><\/div><\/div><div class=\"msswb-panel-content\">\n<p>Regionsting 2024 for Nord-Norge Bandyregion:<\/p>\n\n\n\n<p>P\u00e5melding via <a href=\"https:\/\/forms.office.com\/e\/wY57CwDKL2\">skjema<\/a><\/p>\n\n\n\n<p>Sted: Thon hotell Polar, Troms\u00f8<\/p>\n\n\n\n<p>Dato: L\u00f8rdag 4.mai&nbsp;<\/p>\n\n\n\n<p>Tid: 13:00<br><br><\/p>\n\n\n\n<h4 class=\"wp-block-heading\" id=\"block-d9f60e88-bcf2-472a-bdac-d3671bc5a145\">Innkalling<\/h4>\n\n\n\n<p><a href=\"https:\/\/bandyforbundet.no\/nord-norge-bandyregion\/wp-content\/uploads\/sites\/8\/2022\/04\/Innkalling-regionsting-Nord-Norge-2022.docx\"><\/a><a href=\"https:\/\/bandyforbundet.no\/nord-norge-bandyregion\/wp-content\/uploads\/sites\/8\/2024\/04\/Innkalling-til-Regionsting-NNBR-2024.pdf\" data-type=\"URL\" data-id=\"https:\/\/bandyforbundet.no\/nord-norge-bandyregion\/wp-content\/uploads\/sites\/8\/2023\/04\/Innkalling-regionsting-Nord-Norge-2023.docx\">Innkalling regionsting Nord-Norge<\/a><br><a href=\"https:\/\/bandyforbundet.no\/nord-norge-bandyregion\/wp-content\/uploads\/sites\/8\/2024\/05\/Saksliste-Regionsting-2024-1.pdf\">Saksliste 2024<br><\/a><a href=\"https:\/\/bandyforbundet.no\/nord-norge-bandyregion\/wp-content\/uploads\/sites\/8\/2024\/08\/Vedlegg-til-Regionsting-2024.pdf\">M\u00f8tefiler 2024<br><\/a><a href=\"https:\/\/bandyforbundet.no\/nord-norge-bandyregion\/wp-content\/uploads\/sites\/8\/2024\/08\/Protokoll-Regionsting-2024.pdf\">Protokoll uten signatur 2024<br><\/a><a href=\"https:\/\/bandyforbundet.no\/nord-norge-bandyregion\/wp-content\/uploads\/sites\/8\/2024\/08\/Protokoll-NNBR-REGIONSTING.pdf\">Protokoll med signatur 2024<\/a><\/p>\n\n\n\n<div class=\"msswb-file\"><a href=\"https:\/\/bandyforbundet.no\/nord-norge-bandyregion\/wp-content\/uploads\/sites\/8\/2024\/10\/Protokoll-Ekstraordinaert-arsmote-2024-sign-1.pdf\" class=\"file-button\" download><span class=\"dashicon dashicons dashicons-download\"><\/span><\/a><a class=\"file-link\" href=\"https:\/\/bandyforbundet.no\/nord-norge-bandyregion\/wp-content\/uploads\/sites\/8\/2024\/10\/Protokoll-Ekstraordinaert-arsmote-2024-sign-1.pdf\">Protokoll Ekstraordin\u00e6rt \u00e5rsm\u00f8te 2024 sign<\/a><\/div>\n\n\n\n<div class=\"msswb-file\"><a href=\"https:\/\/bandyforbundet.no\/nord-norge-bandyregion\/wp-content\/uploads\/sites\/8\/2024\/10\/Innkalling-til-ekstraordinaert-arsmote-2024-1.pdf\" class=\"file-button\" download><span class=\"dashicon dashicons dashicons-download\"><\/span><\/a><a class=\"file-link\" href=\"https:\/\/bandyforbundet.no\/nord-norge-bandyregion\/wp-content\/uploads\/sites\/8\/2024\/10\/Innkalling-til-ekstraordinaert-arsmote-2024-1.pdf\">Innkalling til ekstraordin\u00e6rt \u00e5rsm\u00f8te 2024 (1)<\/a><\/div>\n\n\n\n<p><br><\/p>\n<\/div><\/div>\n\n\n\n<div class=\"wp-block-msswb-panel msswb-panel-container\"><div class=\"mwwsb-panel-header\"><div class=\"mwwsb-panel-title\">Regionsting 2023<\/div><div class=\"mwwsb-panel-icon\"><span class=\"dashicon dashicons dashicons-arrow-down-alt2\"><\/span><\/div><\/div><div class=\"msswb-panel-content\">\n<p>Regionsting 2023 for Nord-Norge Bandyregion:<\/p>\n\n\n\n<p>Sted: Thon hotell Polar, Troms\u00f8<\/p>\n\n\n\n<p>Dato: L\u00f8rdag 6.mai&nbsp;<\/p>\n\n\n\n<p>Tid: 16:00<\/p>\n\n\n\n<h4 class=\"wp-block-heading\" id=\"block-d9f60e88-bcf2-472a-bdac-d3671bc5a145\">Innkalling<\/h4>\n\n\n\n<p><a href=\"https:\/\/bandyforbundet.no\/nord-norge-bandyregion\/wp-content\/uploads\/sites\/8\/2022\/04\/Innkalling-regionsting-Nord-Norge-2022.docx\"><\/a><a href=\"https:\/\/bandyforbundet.no\/nord-norge-bandyregion\/wp-content\/uploads\/sites\/8\/2023\/04\/Innkalling-regionsting-Nord-Norge-2023.docx\">Innkalling regionsting Nord-Norge<\/a><br><a href=\"https:\/\/bandyforbundet.no\/nord-norge-bandyregion\/wp-content\/uploads\/sites\/8\/2022\/05\/Budsjetter-2022.xlsx\"><\/a><a href=\"https:\/\/bandyforbundet.no\/nord-norge-bandyregion\/wp-content\/uploads\/sites\/8\/2023\/05\/Budsjetter.2023-.pdf\">Budsjetter 2023<\/a><br><a href=\"https:\/\/bandyforbundet.no\/nord-norge-bandyregion\/wp-content\/uploads\/sites\/8\/2022\/05\/Saerskilte-konkurranseregler-og-sanksjoner-2022-2023.pdf\"><\/a><a href=\"https:\/\/bandyforbundet.no\/nord-norge-bandyregion\/wp-content\/uploads\/sites\/8\/2023\/04\/Saerskilte-konkurranseregler-og-sanksjoner-2023-2024-REVIDERES.pdf\">S\u00e6rskilte-konkurranseregler og sanksjoner &#8211; 2023-2024<\/a><br><a href=\"https:\/\/bandyforbundet.no\/nord-norge-bandyregion\/wp-content\/uploads\/sites\/8\/2022\/05\/Balanserapport-per-konto-Kvartal-2022-05-20.pdf\"><\/a><a href=\"https:\/\/bandyforbundet.no\/nord-norge-bandyregion\/wp-content\/uploads\/sites\/8\/2023\/04\/Balanserapport-per-konto-2023-03-14.pdf\">Balanserapport 24.04.2023<\/a><br><a href=\"https:\/\/bandyforbundet.no\/nord-norge-bandyregion\/wp-content\/uploads\/sites\/8\/2022\/05\/Resultatrapport-per-konto-Kvartal-2022-05-20.pdf\"><\/a><a href=\"https:\/\/bandyforbundet.no\/nord-norge-bandyregion\/wp-content\/uploads\/sites\/8\/2023\/04\/Resultatrapport-per-konto-Kvartal-2023-04-24.pdf\">Resultatrapport 24.04.2023<\/a><br><a href=\"https:\/\/bandyforbundet.no\/nord-norge-bandyregion\/wp-content\/uploads\/sites\/8\/2022\/05\/Beretning-2021-2.pdf\"><\/a><a href=\"https:\/\/bandyforbundet.no\/nord-norge-bandyregion\/wp-content\/uploads\/sites\/8\/2023\/04\/Beretning-2022.pdf\">Beretning-2023<\/a><br><a href=\"https:\/\/bandyforbundet.no\/nord-norge-bandyregion\/wp-content\/uploads\/sites\/8\/2023\/04\/Kontrollutvalgets-beretning-2022.pdf\">Kontrollutvalgets beretning 2023<br><\/a><a href=\"https:\/\/bandyforbundet.no\/nord-norge-bandyregion\/wp-content\/uploads\/sites\/8\/2024\/02\/Protokoll-Regionsting-2022-2023.pdf\">Protokoll 2023<\/a><\/p>\n<\/div><\/div>\n\n\n\n<div class=\"wp-block-msswb-panel msswb-panel-container\"><div class=\"mwwsb-panel-header\"><div class=\"mwwsb-panel-title\">Regionsting 2022<\/div><div class=\"mwwsb-panel-icon\"><span class=\"dashicon dashicons dashicons-arrow-down-alt2\"><\/span><\/div><\/div><div class=\"msswb-panel-content\">\n<p id=\"block-facdd4fe-3440-4b28-950f-e2fd861d3f10\"><br>Protokoll regionsting 2021:<a href=\"https:\/\/bandyforbundet.no\/nord-norge-bandyregion\/wp-content\/uploads\/sites\/8\/2022\/05\/Protokoll-regionsting-for-2021.pdf\"><\/a><a href=\"https:\/\/bandyforbundet.no\/nord-norge-bandyregion\/wp-content\/uploads\/sites\/8\/2022\/05\/Protokoll-regionsting-for-2021.pdf\">Protokoll regionsting for 2021<\/a><\/p>\n\n\n\n<p id=\"block-103165d4-6af3-42d8-b3d0-2fc93204c175\">Regionsting 2022 for Nord-Norge Bandyregion:<\/p>\n\n\n\n<p id=\"block-843154f6-510c-4955-ae4a-b6454181cea1\">Sted: Digitalt\/Teams&nbsp;og Thon hotell Polar, Troms\u00f8<\/p>\n\n\n\n<p id=\"block-639aaa83-6147-47ef-8f23-60ac7b45c2f9\">Dato: L\u00f8rdag 21.mai&nbsp;<\/p>\n\n\n\n<p id=\"block-d9894083-9872-4b70-87ca-d810e40aec72\">Tid: 16:00<\/p>\n\n\n\n<h4 class=\"wp-block-heading\" id=\"block-d9f60e88-bcf2-472a-bdac-d3671bc5a145\">Innkalling<\/h4>\n\n\n\n<p><a href=\"https:\/\/bandyforbundet.no\/nord-norge-bandyregion\/wp-content\/uploads\/sites\/8\/2022\/04\/Innkalling-regionsting-Nord-Norge-2022.docx\"><\/a><a href=\"https:\/\/bandyforbundet.no\/nord-norge-bandyregion\/wp-content\/uploads\/sites\/8\/2022\/04\/Innkalling-regionsting-Nord-Norge-2022.docx\">Innkalling regionsting<\/a><br><a href=\"https:\/\/bandyforbundet.no\/nord-norge-bandyregion\/wp-content\/uploads\/sites\/8\/2022\/04\/Innkalling-regionsting-Nord-Norge-2022.docx\"> Nord-Norge 2022<\/a><br><a href=\"https:\/\/bandyforbundet.no\/nord-norge-bandyregion\/wp-content\/uploads\/sites\/8\/2022\/05\/Budsjetter-2022.xlsx\"><\/a><a href=\"https:\/\/bandyforbundet.no\/nord-norge-bandyregion\/wp-content\/uploads\/sites\/8\/2022\/05\/Budsjetter-2022.xlsx\">Budsjetter 2022<\/a><br><a href=\"https:\/\/bandyforbundet.no\/nord-norge-bandyregion\/wp-content\/uploads\/sites\/8\/2022\/05\/Saerskilte-konkurranseregler-og-sanksjoner-2022-2023.pdf\"><\/a><a href=\"https:\/\/bandyforbundet.no\/nord-norge-bandyregion\/wp-content\/uploads\/sites\/8\/2022\/05\/Saerskilte-konkurranseregler-og-sanksjoner-2022-2023.pdf\">S\u00e6rskilte-konkurranseregler-og-sanksjoner-2022-2023<\/a><br><a href=\"https:\/\/bandyforbundet.no\/nord-norge-bandyregion\/wp-content\/uploads\/sites\/8\/2022\/05\/Balanserapport-per-konto-Kvartal-2022-05-20.pdf\"><\/a><a href=\"https:\/\/bandyforbundet.no\/nord-norge-bandyregion\/wp-content\/uploads\/sites\/8\/2022\/05\/Balanserapport-per-konto-Kvartal-2022-05-20.pdf\">Balanserapport per konto &#8211; Kvartal (2022-05-20)<\/a><br><a href=\"https:\/\/bandyforbundet.no\/nord-norge-bandyregion\/wp-content\/uploads\/sites\/8\/2022\/05\/Resultatrapport-per-konto-Kvartal-2022-05-20.pdf\"><\/a><a href=\"https:\/\/bandyforbundet.no\/nord-norge-bandyregion\/wp-content\/uploads\/sites\/8\/2022\/05\/Resultatrapport-per-konto-Kvartal-2022-05-20.pdf\">Resultatrapport per konto &#8211; Kvartal (2022-05-20)<\/a><br><a href=\"https:\/\/bandyforbundet.no\/nord-norge-bandyregion\/wp-content\/uploads\/sites\/8\/2022\/05\/Beretning-2021-2.pdf\"><\/a><a href=\"https:\/\/bandyforbundet.no\/nord-norge-bandyregion\/wp-content\/uploads\/sites\/8\/2022\/05\/Beretning-2021-2.pdf\">Beretning-2021 (2)<\/a><\/p>\n<\/div><\/div>\n\n\n\n<div class=\"wp-block-msswb-panel msswb-panel-container\"><div class=\"mwwsb-panel-header\"><div class=\"mwwsb-panel-title\">Regionsting 2021<\/div><div class=\"mwwsb-panel-icon\"><span class=\"dashicon dashicons dashicons-arrow-down-alt2\"><\/span><\/div><\/div><div class=\"msswb-panel-content\">\n<p>Regionsting 2021 for Nord-Norge Bandyregion:<\/p>\n\n\n\n<p>Sted: Digitalt\/Teams&nbsp;<\/p>\n\n\n\n<p>Dato: S\u00f8ndag 30.mai<\/p>\n\n\n\n<p>Tid: 12:00<\/p>\n\n\n\n<h4 class=\"wp-block-heading\">Innkalling<\/h4>\n\n\n\n<p><a href=\"https:\/\/bandyforbundet.no\/wp-content\/uploads\/sites\/8\/2021\/04\/Innkalling-regionsting-NNBR-2021.pdf\"><\/a><a href=\"https:\/\/bandyforbundet.no\/wp-content\/uploads\/sites\/8\/2021\/04\/Innkalling-regionsting-NNBR-2021.pdf\">Innkalling regionsting NNBR 2021<\/a><\/p>\n\n\n\n<p><a href=\"https:\/\/bandyforbundet.no\/wp-content\/uploads\/sites\/8\/2021\/04\/Beretning-2020-.pdf\"><\/a><a href=\"https:\/\/bandyforbundet.no\/wp-content\/uploads\/sites\/8\/2021\/04\/Beretning-2020-.pdf\">Last ned<\/a><\/p>\n\n\n\n<p><a href=\"https:\/\/bandyforbundet.no\/wp-content\/uploads\/sites\/8\/2021\/04\/Protokoll-Regionsting-NNBR.pdf\"><\/a><a href=\"https:\/\/bandyforbundet.no\/wp-content\/uploads\/sites\/8\/2021\/04\/Protokoll-Regionsting-NNBR.pdf\">Last ned<\/a><\/p>\n\n\n\n<p><a href=\"https:\/\/bandyforbundet.no\/wp-content\/uploads\/sites\/8\/2021\/04\/Regnskap-2020-NNBR.xlsx\"><\/a><a href=\"https:\/\/bandyforbundet.no\/wp-content\/uploads\/sites\/8\/2021\/04\/Regnskap-2020-NNBR.xlsx\">Regnskap<\/a><\/p>\n\n\n\n<p><a href=\"https:\/\/bandyforbundet.no\/wp-content\/uploads\/sites\/8\/2021\/04\/Balanse-2020-NNBR.xlsx\"><\/a><a href=\"https:\/\/bandyforbundet.no\/wp-content\/uploads\/sites\/8\/2021\/04\/Balanse-2020-NNBR.xlsx\">Balanse<\/a><\/p>\n\n\n\n<p><a href=\"https:\/\/bandyforbundet.no\/wp-content\/uploads\/sites\/8\/2021\/04\/Budsjetter-2021-NNBR.xlsx\"><\/a><a href=\"https:\/\/bandyforbundet.no\/wp-content\/uploads\/sites\/8\/2021\/04\/Budsjetter-2021-NNBR.xlsx\">Budsjett<\/a><\/p>\n\n\n\n<p><a href=\"https:\/\/bandyforbundet.no\/wp-content\/uploads\/sites\/8\/2021\/04\/S%C3%A6rskilte-konkurranseregler-og-sanksjoner-2021-2022-1.docx\"><\/a><a href=\"https:\/\/bandyforbundet.no\/wp-content\/uploads\/sites\/8\/2021\/04\/S%C3%A6rskilte-konkurranseregler-og-sanksjoner-2021-2022-1.docx\">S\u00e6rskilte konkurranseregler og sanksjoner 2021-2022<\/a><a href=\"https:\/\/bandyforbundet.no\/wp-content\/uploads\/sites\/8\/2021\/04\/Fullmaktsskjema-NNBR.docx\"><\/a><\/p>\n\n\n\n<p><a href=\"https:\/\/bandyforbundet.no\/wp-content\/uploads\/sites\/8\/2021\/04\/Fullmaktsskjema-NNBR.docx\">Fullmaktsskjema NNBR<\/a><\/p>\n\n\n\n<p><a href=\"https:\/\/bandyforbundet.no\/wp-content\/uploads\/sites\/8\/2021\/04\/Fullmaktsskjema-NNBR.pdf\"><\/a><a href=\"https:\/\/bandyforbundet.no\/wp-content\/uploads\/sites\/8\/2021\/04\/Fullmaktsskjema-NNBR.pdf\">Fullmaktsskjema NNBR<\/a><\/p>\n<\/div><\/div>\n\n\n\n<div class=\"wp-block-msswb-panel msswb-panel-container\"><div class=\"mwwsb-panel-header\"><div class=\"mwwsb-panel-title\">Regionsting 2020<\/div><div class=\"mwwsb-panel-icon\"><span class=\"dashicon dashicons dashicons-arrow-down-alt2\"><\/span><\/div><\/div><div class=\"msswb-panel-content\"><div class=\"msswb-display-internal-post-frontend-app-v2\" data-url-encoded-attrs=\"%7B%22displayInternalPost%22%3A%7B%22blog_id%22%3A8%2C%22ID%22%3A374%7D%7D\" data-dip-id=\"\" ><\/div><\/div><\/div>\n\n\n\n<div class=\"wp-block-msswb-panel msswb-panel-container\"><div class=\"mwwsb-panel-header\"><div class=\"mwwsb-panel-title\">Regionsting 2019<\/div><div class=\"mwwsb-panel-icon\"><span class=\"dashicon dashicons dashicons-arrow-down-alt2\"><\/span><\/div><\/div><div class=\"msswb-panel-content\"><div class=\"msswb-display-internal-post-frontend-app-v2\" data-url-encoded-attrs=\"%7B%22displayInternalPost%22%3A%7B%22blog_id%22%3A8%2C%22ID%22%3A434%7D%7D\" data-dip-id=\"\" ><\/div><\/div><\/div>\n\n\n\n<div class=\"wp-block-msswb-panel msswb-panel-container\"><div class=\"mwwsb-panel-header\"><div class=\"mwwsb-panel-title\">Regionsting 2018<\/div><div class=\"mwwsb-panel-icon\"><span class=\"dashicon dashicons dashicons-arrow-down-alt2\"><\/span><\/div><\/div><div class=\"msswb-panel-content\"><div class=\"msswb-display-internal-post-frontend-app-v2\" data-url-encoded-attrs=\"%7B%22displayInternalPost%22%3A%7B%22blog_id%22%3A8%2C%22ID%22%3A445%7D%7D\" data-dip-id=\"\" ><\/div><\/div><\/div>\n","protected":false},"excerpt":{"rendered":"<p>Regionsting 2026 for Nord-Norge Bandyregion: Sted: Fylkeshuset, Troms\u00f8 Dato: 30.05.2026 Tid: 16:00 P\u00e5meldinglink: https:\/\/forms.office.com\/e\/6SDQDPvBNK Husk fristen for p\u00e5melding for overnatting gjennom regionen er satt til&nbsp;30. April<\/p>\n","protected":false},"author":70,"featured_media":0,"parent":228,"menu_order":0,"comment_status":"closed","ping_status":"closed","template":"","meta":{"cover_meta":"","footnotes":""},"class_list":["post-270","page","type-page","status-publish","hentry"],"_links":{"self":[{"href":"https:\/\/bandyforbundet.no\/nord-norge-bandyregion\/index.php?rest_route=\/wp\/v2\/pages\/270","targetHints":{"allow":["GET"]}}],"collection":[{"href":"https:\/\/bandyforbundet.no\/nord-norge-bandyregion\/index.php?rest_route=\/wp\/v2\/pages"}],"about":[{"href":"https:\/\/bandyforbundet.no\/nord-norge-bandyregion\/index.php?rest_route=\/wp\/v2\/types\/page"}],"author":[{"embeddable":true,"href":"https:\/\/bandyforbundet.no\/nord-norge-bandyregion\/index.php?rest_route=\/wp\/v2\/users\/70"}],"replies":[{"embeddable":true,"href":"https:\/\/bandyforbundet.no\/nord-norge-bandyregion\/index.php?rest_route=%2Fwp%2Fv2%2Fcomments&post=270"}],"version-history":[{"count":37,"href":"https:\/\/bandyforbundet.no\/nord-norge-bandyregion\/index.php?rest_route=\/wp\/v2\/pages\/270\/revisions"}],"predecessor-version":[{"id":2104,"href":"https:\/\/bandyforbundet.no\/nord-norge-bandyregion\/index.php?rest_route=\/wp\/v2\/pages\/270\/revisions\/2104"}],"up":[{"embeddable":true,"href":"https:\/\/bandyforbundet.no\/nord-norge-bandyregion\/index.php?rest_route=\/wp\/v2\/pages\/228"}],"wp:attachment":[{"href":"https:\/\/bandyforbundet.no\/nord-norge-bandyregion\/index.php?rest_route=%2Fwp%2Fv2%2Fmedia&parent=270"}],"curies":[{"name":"wp","href":"https:\/\/api.w.org\/{rel}","templated":true}]}}