{"id":1595,"date":"2021-07-01T12:26:18","date_gmt":"2021-07-01T12:26:18","guid":{"rendered":"http:\/\/bandyforbundet.no\/oslo-og-akershus\/?page_id=1595"},"modified":"2024-10-29T10:31:36","modified_gmt":"2024-10-29T10:31:36","slug":"strategi-hovedside","status":"publish","type":"page","link":"https:\/\/bandyforbundet.no\/oslo-og-akershus\/?page_id=1595","title":{"rendered":"Strategi hovedside"},"content":{"rendered":"<div class=\"msswb-display-internal-post-frontend-app-v2\" data-url-encoded-attrs=\"%7B%22displayInternalPost%22%3A%7B%22blog_id%22%3A2%2C%22ID%22%3A1737%7D%7D\" data-dip-id=\"\" ><\/div>\n\n\n<div class=\"wp-block-msswb-spacer msswb-spacer-container\" style=\"height:50px\"><div class=\"line\" style=\"height:25px\"><\/div><div class=\"line-center-divider\"><\/div><\/div>\n\n\n\n<p>Oslo og Akershus Bandyregion sin langtidsplan og handlingsplan bygger p\u00e5 strategier og langtidsplaner til Norges Bandyforbund, innebandyseksjonen, bandyseksjonen og landhockeyseksjonen. P\u00e5 lenkene under finner du Oslo og Akershus sin langtidsplan og handlingsplan for de ulike virksomhetsomr\u00e5dene.<\/p>\n\n\n\n<div class=\"wp-block-msswb-spacer msswb-spacer-container\" style=\"height:50px\"><div class=\"line\" style=\"height:25px\"><\/div><div class=\"line-center-divider\"><\/div><\/div>\n\n\n\n<p>Last ned planen i sin helhet her:<\/p>\n\n\n\n<div class=\"msswb-file\"><a href=\"https:\/\/bandyforbundet.no\/oslo-og-akershus\/wp-content\/uploads\/sites\/7\/2024\/10\/VEDTATT-LTP-fremtidsbilde-2024-2026.pdf\" class=\"file-button\" download><span class=\"dashicon dashicons dashicons-download\"><\/span><\/a><a class=\"file-link\" href=\"https:\/\/bandyforbundet.no\/oslo-og-akershus\/wp-content\/uploads\/sites\/7\/2024\/10\/VEDTATT-LTP-fremtidsbilde-2024-2026.pdf\">OABR LTP (fremtidsbilde) &#8211; 2024 2026<\/a><\/div>\n\n\n\n<div class=\"wp-block-msswb-spacer msswb-spacer-container\" style=\"height:50px\"><div class=\"line\" style=\"height:25px\"><\/div><div class=\"line-center-divider\"><\/div><\/div>\n\n\n\n<p>Eller klikk p\u00e5 fagomr\u00e5dene under:<\/p>\n\n\n<div class=\"msswb-link-box-grid-frontend-app-v2\" data-url-encoded-attrs=\"%7B%22maxCols%22%3A3%2C%22showTitle%22%3Atrue%2C%22titleColor%22%3A%22%23ffffff%22%2C%22useColorBackground%22%3Atrue%2C%22bgColor%22%3A%22%23d45c5c%22%2C%22overlayColor%22%3A%7B%22r%22%3A69%2C%22g%22%3A126%2C%22b%22%3A191%2C%22a%22%3A0.1%7D%2C%22linkBoxes%22%3A%5B%7B%22link_type%22%3A%22page%22%2C%22blog_id%22%3A7%2C%22ID%22%3A1602%2C%22link%22%3A%22https%3A%2F%2Fbandyforbundet.no%2Foslo-og-akershus%2F%3Fpage_id%3D1602%22%2C%22image%22%3Afalse%2C%22featuredImage%22%3Afalse%2C%22from_shared%22%3Atrue%2C%22showAltTitle%22%3Atrue%2C%22altTitle%22%3A%22Dommer%22%7D%2C%7B%22link_type%22%3A%22page%22%2C%22blog_id%22%3A7%2C%22ID%22%3A1606%2C%22link%22%3A%22https%3A%2F%2Fbandyforbundet.no%2Foslo-og-akershus%2F%3Fpage_id%3D1606%22%2C%22image%22%3Afalse%2C%22featuredImage%22%3Afalse%2C%22from_shared%22%3Atrue%2C%22showAltTitle%22%3Atrue%2C%22altTitle%22%3A%22Trener%22%7D%2C%7B%22link_type%22%3A%22page%22%2C%22blog_id%22%3A7%2C%22ID%22%3A1610%2C%22link%22%3A%22https%3A%2F%2Fbandyforbundet.no%2Foslo-og-akershus%2F%3Fpage_id%3D1610%22%2C%22image%22%3Afalse%2C%22featuredImage%22%3Afalse%2C%22from_shared%22%3Atrue%2C%22showAltTitle%22%3Atrue%2C%22altTitle%22%3A%22Organisasjon%20og%20ledelse%22%7D%2C%7B%22link_type%22%3A%22page%22%2C%22blog_id%22%3A7%2C%22ID%22%3A1613%2C%22link%22%3A%22https%3A%2F%2Fbandyforbundet.no%2Foslo-og-akershus%2F%3Fpage_id%3D1613%22%2C%22image%22%3Afalse%2C%22featuredImage%22%3Afalse%2C%22from_shared%22%3Atrue%2C%22showAltTitle%22%3Atrue%2C%22altTitle%22%3A%22Arrangement%22%7D%2C%7B%22link_type%22%3A%22page%22%2C%22blog_id%22%3A7%2C%22ID%22%3A1618%2C%22link%22%3A%22https%3A%2F%2Fbandyforbundet.no%2Foslo-og-akershus%2F%3Fpage_id%3D1618%22%2C%22image%22%3Afalse%2C%22featuredImage%22%3Afalse%2C%22from_shared%22%3Atrue%2C%22showAltTitle%22%3Atrue%2C%22altTitle%22%3A%22Aktivitet%22%7D%2C%7B%22link_type%22%3A%22page%22%2C%22blog_id%22%3A7%2C%22ID%22%3A1622%2C%22link%22%3A%22https%3A%2F%2Fbandyforbundet.no%2Foslo-og-akershus%2F%3Fpage_id%3D1622%22%2C%22image%22%3Afalse%2C%22featuredImage%22%3Afalse%2C%22from_shared%22%3Atrue%2C%22showAltTitle%22%3Atrue%2C%22altTitle%22%3A%22Anlegg%22%7D%5D%7D\" ><\/div>\n\n\n<div class=\"wp-block-msswb-spacer msswb-spacer-container\" style=\"height:50px\"><div class=\"line\" style=\"height:25px\"><\/div><div class=\"line-center-divider\"><\/div><\/div>\n","protected":false},"excerpt":{"rendered":"<p>Oslo og Akershus Bandyregion sin langtidsplan og handlingsplan bygger p\u00e5 strategier og langtidsplaner til Norges Bandyforbund, innebandyseksjonen, bandyseksjonen og landhockeyseksjonen. P\u00e5 lenkene under finner du Oslo og Akershus sin langtidsplan og handlingsplan for de ulike virksomhetsomr\u00e5dene. Last ned planen i sin helhet her: Eller klikk p\u00e5 fagomr\u00e5dene under:<\/p>\n","protected":false},"author":11,"featured_media":0,"parent":602,"menu_order":0,"comment_status":"closed","ping_status":"closed","template":"templates\/template-cover.php","meta":{"cover_meta":"{\"showBackgroundImage\":true,\"bgImage\":{\"image_id\":1596,\"blog_id\":7,\"term_id\":94,\"selected_size\":\"full\"},\"showOverlay\":true,\"overlayColor\":\"#002d43\",\"overlayOpacity\":0.7,\"showIntro\":true,\"introColor\":\"white\",\"intro\":\"Oslo og Akershus Bandyregion\",\"title\":\"Langtidsplan\",\"titleColor\":\"white\",\"showOutro\":true,\"outroColor\":\"white\",\"outro\":\"og handlingsplan\"}","footnotes":""},"class_list":["post-1595","page","type-page","status-publish","hentry"],"_links":{"self":[{"href":"https:\/\/bandyforbundet.no\/oslo-og-akershus\/index.php?rest_route=\/wp\/v2\/pages\/1595","targetHints":{"allow":["GET"]}}],"collection":[{"href":"https:\/\/bandyforbundet.no\/oslo-og-akershus\/index.php?rest_route=\/wp\/v2\/pages"}],"about":[{"href":"https:\/\/bandyforbundet.no\/oslo-og-akershus\/index.php?rest_route=\/wp\/v2\/types\/page"}],"author":[{"embeddable":true,"href":"https:\/\/bandyforbundet.no\/oslo-og-akershus\/index.php?rest_route=\/wp\/v2\/users\/11"}],"replies":[{"embeddable":true,"href":"https:\/\/bandyforbundet.no\/oslo-og-akershus\/index.php?rest_route=%2Fwp%2Fv2%2Fcomments&post=1595"}],"version-history":[{"count":11,"href":"https:\/\/bandyforbundet.no\/oslo-og-akershus\/index.php?rest_route=\/wp\/v2\/pages\/1595\/revisions"}],"predecessor-version":[{"id":6276,"href":"https:\/\/bandyforbundet.no\/oslo-og-akershus\/index.php?rest_route=\/wp\/v2\/pages\/1595\/revisions\/6276"}],"up":[{"embeddable":true,"href":"https:\/\/bandyforbundet.no\/oslo-og-akershus\/index.php?rest_route=\/wp\/v2\/pages\/602"}],"wp:attachment":[{"href":"https:\/\/bandyforbundet.no\/oslo-og-akershus\/index.php?rest_route=%2Fwp%2Fv2%2Fmedia&parent=1595"}],"curies":[{"name":"wp","href":"https:\/\/api.w.org\/{rel}","templated":true}]}}