{"id":1606,"date":"2021-07-01T12:50:54","date_gmt":"2021-07-01T12:50:54","guid":{"rendered":"http:\/\/bandyforbundet.no\/oslo-og-akershus\/?page_id=1606"},"modified":"2024-10-01T07:29:53","modified_gmt":"2024-10-01T07:29:53","slug":"strategi-trenere","status":"publish","type":"page","link":"https:\/\/bandyforbundet.no\/oslo-og-akershus\/?page_id=1606","title":{"rendered":"Strategi trenere"},"content":{"rendered":"<div class=\"msswb-display-internal-post-frontend-app-v2\" data-url-encoded-attrs=\"%7B%22displayInternalPost%22%3A%7B%22blog_id%22%3A2%2C%22ID%22%3A1722%7D%7D\" data-dip-id=\"\" ><\/div>\n\n\n<div class=\"wp-block-msswb-spacer msswb-spacer-container\" style=\"height:50px\"><div class=\"line\" style=\"height:25px\"><\/div><div class=\"line-center-divider\"><\/div><\/div>\n\n\n\n<div class=\"wp-block-msswb-panel msswb-panel-container\"><div class=\"mwwsb-panel-header\"><div class=\"mwwsb-panel-title\">NBF &#8211; strategi og ambisjoner<\/div><div class=\"mwwsb-panel-icon\"><span class=\"dashicon dashicons dashicons-arrow-down-alt2\"><\/span><\/div><\/div><div class=\"msswb-panel-content\">\n<p>Oslo og Akershus Bandyregion sin langtidsplan og handlingsplan bygger p\u00e5 Forbundets strategiarbeid. Sett deg inn i organisasjonens overordnede planer p\u00e5&nbsp;<a href=\"https:\/\/bandyforbundet.no\/forbundet\/?page_id=1652\" target=\"_blank\" rel=\"noreferrer noopener\">denne lenken<\/a>.<\/p>\n<\/div><\/div>\n\n\n\n<div class=\"wp-block-msswb-panel msswb-panel-container\"><div class=\"mwwsb-panel-header\"><div class=\"mwwsb-panel-title\">Seksjoner &#8211; LTP og handlingsplan<\/div><div class=\"mwwsb-panel-icon\"><span class=\"dashicon dashicons dashicons-arrow-down-alt2\"><\/span><\/div><\/div><div class=\"msswb-panel-content\">\n<p>Oslo og Akershus Bandyregion sin langtidsplan og handlingsplan bygger ogs\u00e5 p\u00e5 seksjonenes planarbeid. Les mer p\u00e5 lenkene under:<\/p>\n\n\n\n<ul class=\"wp-block-list\">\n<li>Innebandyseksjonen (lenke til \u00abInnebandy -&gt; Strategi -&gt; trenere\u00bb)<\/li>\n\n\n\n<li>Bandyseksjonen (lenke til \u00abBandy -&gt; Strategi -&gt; trenere\u00bb)<\/li>\n\n\n\n<li>Landhockeyseksjonen (lenke til \u00abLandhockey -&gt; Strategi -&gt; trenere\u00bb)<\/li>\n<\/ul>\n<\/div><\/div>\n\n\n\n<div class=\"wp-block-msswb-panel msswb-panel-container\"><div class=\"mwwsb-panel-header\"><div class=\"mwwsb-panel-title\">Oslo og Akershus Bandyregion &#8211; LTP 2024-2026<\/div><div class=\"mwwsb-panel-icon\"><span class=\"dashicon dashicons dashicons-arrow-down-alt2\"><\/span><\/div><\/div><div class=\"msswb-panel-content\">\n<figure class=\"wp-block-table is-style-stripes\"><table><thead><tr><th>DELM\u00c5L<\/th><th>HVORDAN<\/th><th>HVORFOR<\/th><th>RESULTAT\/M\u00c5LTALL<\/th><\/tr><\/thead><tbody><tr><td><strong>Tilby Trener 1 i geografiske soner<\/strong><\/td><td>Invitere til og gjennomf\u00f8re tre Trener 1-kurs pr sesong<\/td><td><ul><li>Kompetanseheving<\/li><li>\u00d8kt kompetanse skaper mer og bedre aktivitet<\/li><li>Gj\u00f8re ressurspersoner tryggere i rollen som frivillig<\/li><\/ul><\/td><td><ul><li>Antall kurs<\/li><li>Antall deltakere<\/li><\/ul><\/td><\/tr><tr><td><strong>Seminar og inspirasjons\u00f8kter for trenere<\/strong><\/td><td>Invitere til og gjennomf\u00f8re fagsamling for trenere &#8211; ogs\u00e5 i soner<\/td><td><ul><li>Skape samlingspunkt i soner og tilby kompetanseheving<\/li><li>\u00d8kt kompetanse skaper mer og bedre aktivitet lokalt<\/li><li>Gj\u00f8re ressurspersoner i klubb\/soner tryggere i rollen som frivillig<\/li><\/ul><\/td><td><ul><li>Antall samlinger<\/li><li>Antall deltakere<\/li><\/ul><\/td><\/tr><tr><td><strong>Seminar og inspirasjons\u00f8kter for trenere<\/strong><\/td><td>Invitere til og gjennomf\u00f8re kurs i geografiske soner<\/td><td><ul><li>Kompetanseheving<\/li><li>\u00d8kt kompetanse skaper mer og bedre aktivitet<\/li><li>Gj\u00f8re ressurspersoner tryggere i rollen som frivillig<\/li><\/ul><\/td><td><ul><li>Antall kurs<\/li><li>Antall deltakere<\/li><\/ul><\/td><\/tr><\/tbody><\/table><\/figure>\n<\/div><\/div>\n\n\n\n<div class=\"wp-block-msswb-panel msswb-panel-container\"><div class=\"mwwsb-panel-header\"><div class=\"mwwsb-panel-title\">Oslo og Akershus Bandyregion &#8211; handlingsplan 2024-2026<\/div><div class=\"mwwsb-panel-icon\"><span class=\"dashicon dashicons dashicons-arrow-down-alt2\"><\/span><\/div><\/div><div class=\"msswb-panel-content\">\n<p>[Handlingsplan kommer]<\/p>\n<\/div><\/div>\n\n\n\n<div class=\"wp-block-msswb-spacer msswb-spacer-container\" style=\"height:50px\"><div class=\"line\" style=\"height:25px\"><\/div><div class=\"line-center-divider\"><\/div><\/div>\n\n\n\n<p class=\"has-text-align-center has-large-font-size\"><strong>Siste<\/strong> nytt<\/p>\n\n\n<div class=\"msswb-display-posts-frontend-app-v2\" data-url-encoded-attrs=\"%7B%22mode%22%3A%22grid%22%2C%22carouselHeight%22%3A500%2C%22carouselMax%22%3A10%2C%22startAnimation%22%3A%22start%22%2C%22design%22%3A%22msswbcard%22%2C%22hideExcerpt%22%3Afalse%2C%22filterDate%22%3A%22from1yearago%22%2C%22dateObj%22%3A%7B%7D%2C%22scrollDirection%22%3A%22vertical%22%2C%22displayPostsFromCategories%22%3A%5B%5D%2C%22displayPostsFromSharedCategories%22%3A%5B%7B%22blog_id%22%3A7%2C%22included%22%3A%5B108%5D%2C%22excluded%22%3A%5B%5D%7D%5D%2C%22maxCols%22%3A3%7D\" ><\/div>","protected":false},"excerpt":{"rendered":"<p>Siste nytt<\/p>\n","protected":false},"author":11,"featured_media":0,"parent":1595,"menu_order":0,"comment_status":"closed","ping_status":"closed","template":"templates\/template-cover.php","meta":{"cover_meta":"{\"showBackgroundImage\":true,\"bgImage\":{\"image_id\":238,\"blog_id\":3,\"term_id\":205,\"selected_size\":\"full\"},\"showOverlay\":true,\"overlayColor\":\"#012d43\",\"overlayOpacity\":0.7,\"showIntro\":true,\"introColor\":\"white\",\"intro\":\"Oslo og Akershus Bandyregion\",\"title\":\"Trenere\",\"titleColor\":\"white\",\"showOutro\":true,\"outroColor\":\"white\",\"outro\":\"LTP og handlingsplan\"}","footnotes":""},"class_list":["post-1606","page","type-page","status-publish","hentry"],"_links":{"self":[{"href":"https:\/\/bandyforbundet.no\/oslo-og-akershus\/index.php?rest_route=\/wp\/v2\/pages\/1606","targetHints":{"allow":["GET"]}}],"collection":[{"href":"https:\/\/bandyforbundet.no\/oslo-og-akershus\/index.php?rest_route=\/wp\/v2\/pages"}],"about":[{"href":"https:\/\/bandyforbundet.no\/oslo-og-akershus\/index.php?rest_route=\/wp\/v2\/types\/page"}],"author":[{"embeddable":true,"href":"https:\/\/bandyforbundet.no\/oslo-og-akershus\/index.php?rest_route=\/wp\/v2\/users\/11"}],"replies":[{"embeddable":true,"href":"https:\/\/bandyforbundet.no\/oslo-og-akershus\/index.php?rest_route=%2Fwp%2Fv2%2Fcomments&post=1606"}],"version-history":[{"count":22,"href":"https:\/\/bandyforbundet.no\/oslo-og-akershus\/index.php?rest_route=\/wp\/v2\/pages\/1606\/revisions"}],"predecessor-version":[{"id":6205,"href":"https:\/\/bandyforbundet.no\/oslo-og-akershus\/index.php?rest_route=\/wp\/v2\/pages\/1606\/revisions\/6205"}],"up":[{"embeddable":true,"href":"https:\/\/bandyforbundet.no\/oslo-og-akershus\/index.php?rest_route=\/wp\/v2\/pages\/1595"}],"wp:attachment":[{"href":"https:\/\/bandyforbundet.no\/oslo-og-akershus\/index.php?rest_route=%2Fwp%2Fv2%2Fmedia&parent=1606"}],"curies":[{"name":"wp","href":"https:\/\/api.w.org\/{rel}","templated":true}]}}