{"id":1610,"date":"2021-07-01T13:03:54","date_gmt":"2021-07-01T13:03:54","guid":{"rendered":"http:\/\/bandyforbundet.no\/oslo-og-akershus\/?page_id=1610"},"modified":"2024-10-01T07:33:04","modified_gmt":"2024-10-01T07:33:04","slug":"strategi-org-og-ledelse","status":"publish","type":"page","link":"https:\/\/bandyforbundet.no\/oslo-og-akershus\/?page_id=1610","title":{"rendered":"Strategi org og ledelse"},"content":{"rendered":"<div class=\"msswb-display-internal-post-frontend-app-v2\" data-url-encoded-attrs=\"%7B%22displayInternalPost%22%3A%7B%22blog_id%22%3A2%2C%22ID%22%3A1726%7D%7D\" data-dip-id=\"\" ><\/div>\n\n\n<div class=\"wp-block-msswb-spacer msswb-spacer-container\" style=\"height:50px\"><div class=\"line\" style=\"height:25px\"><\/div><div class=\"line-center-divider\"><\/div><\/div>\n\n\n\n<div class=\"wp-block-msswb-panel msswb-panel-container\"><div class=\"mwwsb-panel-header\"><div class=\"mwwsb-panel-title\">NBF &#8211; strategi og ambisjoner<\/div><div class=\"mwwsb-panel-icon\"><span class=\"dashicon dashicons dashicons-arrow-down-alt2\"><\/span><\/div><\/div><div class=\"msswb-panel-content\">\n<p>Oslo og Akershus Bandyregion sin langtidsplan og handlingsplan bygger p\u00e5 Forbundets strategiarbeid. Sett deg inn i organisasjonens overordnede planer p\u00e5&nbsp;<a href=\"https:\/\/bandyforbundet.no\/forbundet\/?page_id=1656\" target=\"_blank\" rel=\"noreferrer noopener\">denne lenken<\/a>.<\/p>\n<\/div><\/div>\n\n\n\n<div class=\"wp-block-msswb-panel msswb-panel-container\"><div class=\"mwwsb-panel-header\"><div class=\"mwwsb-panel-title\">Seksjoner &#8211; LTP og handlingsplan<\/div><div class=\"mwwsb-panel-icon\"><span class=\"dashicon dashicons dashicons-arrow-down-alt2\"><\/span><\/div><\/div><div class=\"msswb-panel-content\">\n<p>Oslo og Akershus Bandyregion sin langtidsplan og handlingsplan bygger ogs\u00e5 p\u00e5 seksjonenes planarbeid. Les mer p\u00e5 lenkene under:<\/p>\n\n\n\n<ul class=\"wp-block-list\">\n<li>Innebandyseksjonen (lenke til \u00abInnebandy -&gt; Strategi -&gt; organisasjon og ledelse\u00bb)<\/li>\n\n\n\n<li>Bandyseksjonen (lenke til \u00abBandy -&gt; Strategi -&gt; organisasjon og ledelse\u00bb)<\/li>\n\n\n\n<li>Landhockeyseksjonen (lenke til \u00abLandhockey -&gt; Strategi -&gt; organisasjon og ledelse\u00bb)<\/li>\n<\/ul>\n<\/div><\/div>\n\n\n\n<div class=\"wp-block-msswb-panel msswb-panel-container\"><div class=\"mwwsb-panel-header\"><div class=\"mwwsb-panel-title\">Oslo og Akershus Bandyregion &#8211; LTP 2024-2026<\/div><div class=\"mwwsb-panel-icon\"><span class=\"dashicon dashicons dashicons-arrow-down-alt2\"><\/span><\/div><\/div><div class=\"msswb-panel-content\">\n<figure class=\"wp-block-table is-style-stripes\"><table><thead><tr><th>DELM\u00c5L<\/th><th>HVORDAN<\/th><th>HVORFOR<\/th><th>RESULTAT\/M\u00c5LTALL<\/th><\/tr><\/thead><tbody><tr><td><strong>Solide klubber &#8211; \u00f8konomisk og aktivitetsutviklende<\/strong><\/td><td><ul><li>Kartlegging av klubber<\/li>Definere klubbpyramiden<li>Klyngem\u00f8ter<\/li><li>Samarbeide med idrettskretsene\/kurskompetanse<\/li><\/ul><\/td><td><ul><li>Fungerende styrer i klubb<\/li><li>Bedre organiserte klubber skaper mer og bedre aktivitet<\/li><\/ul><\/td><td>F\u00e5 klubbene oppover i pyramiden<\/td><\/tr><tr><td><strong>\u00d8ke kompetanse<\/strong><ul><li>Klubb<\/li><li>Styrer<\/li><li>Lagleder<\/li><li>Foreldre<\/li><li>Ung leder<\/li><li>Adm. OABR<\/li><\/ul><\/td><td><ul><li>Kurs<\/li><li>Seminar<\/li><li>Oppf\u00f8lging av deltakere<\/li><\/ul><\/td><td><ul><li>\u00d8kt kompetanse skaper mer og bedre aktivitet og \u00f8kt rekrutering av frivillige<\/li><li>Gj\u00f8re ressurspersoner tryggere i rollen som frivillig<\/li><li>S\u00f8rge for at alle p\u00e5 kontoret har riktig kompetanse<\/li><\/ul><\/td><td><ul><li>Evalueringer av kursene<\/li><li>Antall kurs gjennomf\u00f8rt<\/li><li>Antall deltakere p\u00e5 kurs<\/li><li>Antall oppf\u00f8lginger<\/li><\/ul><\/td><\/tr><tr><td><strong>Se alle klubbene<\/strong><\/td><td><ul><li>Klubbpyramiden<\/li><li>Klyngem\u00f8ter<\/li><li>Kartlegging av klubbene<\/li><li>Tettere dialog med klubber fra administrasjonen<\/li><\/ul><\/td><td><ul><li>Alle klubbene skal ha et tilbud om oppf\u00f8lging<\/li><li>OABR skal ha god kontakt med klubbene<\/li><\/ul><\/td><td><ul><li>Antall klubbes\u00f8k og klyngem\u00f8ter<\/li><li>Antall deltakere\/ klubber p\u00e5 klubbes\u00f8k og klyngem\u00f8ter<\/li><\/ul><\/td><\/tr><tr><td><strong>Forenkle og tydeliggj\u00f8re kurstilbud<\/strong><\/td><td><ul><li>Tilby m\u00e5lrettet kursmatriser<\/li><li>Oppdatere hjemmesider<\/li><li>Oppdatere SOME<\/li><\/ul><\/td><td>Tydelig kommunikasjon gir bedre oppm\u00f8te p\u00e5 kurs<\/td><td>Tilbakemelding p\u00e5 medlemsunders\u00f8kelse<\/td><\/tr><tr><td><strong>Bedre kommunikasjon og informasjon<\/strong><\/td><td><ul><li>Utvikle kommunikasjonsstrategi<\/li><li>Oppdatere hjemmesider<\/li><li>Oppdatere SOME<\/li><li>Infom\u00f8ter\/klubbseminar<\/li><\/ul><\/td><td><ul><li>N\u00e5 flere medlemmer med informasjon<\/li><li>Tydelig kommunikasjon gir bedre informasjon<\/li><\/ul><\/td><td><ul><li>Flere f\u00f8lgere\/bes\u00f8kende p\u00e5 SOME og hjemmesider<\/li><li>Antall infom\u00f8ter<\/li><\/ul><\/td><\/tr><tr><td><strong>Flere ansatte i v\u00e5r region<\/strong><\/td><td><ul><li>S\u00f8ke midler fortl\u00f8pende for \u00e5 kunne f\u00e5 tildelt prosjektmidler\/midlertidige stillinger.<\/li><li>Se p\u00e5 muligheten for \u00e5 finne forutsigbar inntekt\/ \u00f8konomi til regionen.<\/li><li>Struktur p\u00e5 s\u00f8knader til stiftelser, NBF etc.<\/li><\/ul><\/td><td><ul><li>Flere personer som kan bidra i det aktivitets-skapende arbeidet, kurs og kompetanse hos klubbene.<\/li><li>\u00d8ke mulighet til \u00e5 n\u00e5 ut til flere klubber for \u00e5 skape flere tiltak, flere medlemmer og tettere oppf\u00f8lging.<\/li><\/ul><\/td><td>Utviklings-konsulenter \/ administrasjon \/ Styret<\/td><\/tr><\/tbody><\/table><\/figure>\n<\/div><\/div>\n\n\n\n<div class=\"wp-block-msswb-panel msswb-panel-container\"><div class=\"mwwsb-panel-header\"><div class=\"mwwsb-panel-title\">Oslo og Akershus Bandyregion &#8211; handlingsplan 2024-2026<\/div><div class=\"mwwsb-panel-icon\"><span class=\"dashicon dashicons dashicons-arrow-down-alt2\"><\/span><\/div><\/div><div class=\"msswb-panel-content\">\n<p>[Handlingsplan kommer]<\/p>\n<\/div><\/div>\n\n\n\n<div class=\"wp-block-msswb-spacer msswb-spacer-container\" style=\"height:50px\"><div class=\"line\" style=\"height:25px\"><\/div><div class=\"line-center-divider\"><\/div><\/div>\n\n\n\n<p class=\"has-text-align-center has-large-font-size\"><strong>Siste<\/strong> nytt<\/p>\n\n\n<div class=\"msswb-display-posts-frontend-app-v2\" data-url-encoded-attrs=\"%7B%22mode%22%3A%22grid%22%2C%22carouselHeight%22%3A500%2C%22carouselMax%22%3A10%2C%22startAnimation%22%3A%22start%22%2C%22design%22%3A%22msswbcard%22%2C%22hideExcerpt%22%3Afalse%2C%22filterDate%22%3A%22from1yearago%22%2C%22dateObj%22%3A%7B%7D%2C%22scrollDirection%22%3A%22vertical%22%2C%22displayPostsFromCategories%22%3A%5B%5D%2C%22displayPostsFromSharedCategories%22%3A%5B%7B%22blog_id%22%3A7%2C%22included%22%3A%5B107%5D%2C%22excluded%22%3A%5B%5D%7D%5D%2C%22maxCols%22%3A3%7D\" ><\/div>","protected":false},"excerpt":{"rendered":"<p>Siste nytt<\/p>\n","protected":false},"author":11,"featured_media":0,"parent":1595,"menu_order":0,"comment_status":"closed","ping_status":"closed","template":"templates\/template-cover.php","meta":{"cover_meta":"{\"showBackgroundImage\":true,\"bgImage\":{\"image_id\":186,\"blog_id\":7,\"term_id\":-1,\"selected_size\":\"full\"},\"showOverlay\":true,\"overlayColor\":\"#012d43\",\"overlayOpacity\":0.7,\"showIntro\":true,\"introColor\":\"white\",\"intro\":\"Oslo og Akershus Bandyregion\",\"title\":\"Organisasjon og ledelse\",\"titleColor\":\"white\",\"showOutro\":true,\"outroColor\":\"white\",\"outro\":\"LTP og handlingsplan\"}","footnotes":""},"class_list":["post-1610","page","type-page","status-publish","hentry"],"_links":{"self":[{"href":"https:\/\/bandyforbundet.no\/oslo-og-akershus\/index.php?rest_route=\/wp\/v2\/pages\/1610","targetHints":{"allow":["GET"]}}],"collection":[{"href":"https:\/\/bandyforbundet.no\/oslo-og-akershus\/index.php?rest_route=\/wp\/v2\/pages"}],"about":[{"href":"https:\/\/bandyforbundet.no\/oslo-og-akershus\/index.php?rest_route=\/wp\/v2\/types\/page"}],"author":[{"embeddable":true,"href":"https:\/\/bandyforbundet.no\/oslo-og-akershus\/index.php?rest_route=\/wp\/v2\/users\/11"}],"replies":[{"embeddable":true,"href":"https:\/\/bandyforbundet.no\/oslo-og-akershus\/index.php?rest_route=%2Fwp%2Fv2%2Fcomments&post=1610"}],"version-history":[{"count":27,"href":"https:\/\/bandyforbundet.no\/oslo-og-akershus\/index.php?rest_route=\/wp\/v2\/pages\/1610\/revisions"}],"predecessor-version":[{"id":6207,"href":"https:\/\/bandyforbundet.no\/oslo-og-akershus\/index.php?rest_route=\/wp\/v2\/pages\/1610\/revisions\/6207"}],"up":[{"embeddable":true,"href":"https:\/\/bandyforbundet.no\/oslo-og-akershus\/index.php?rest_route=\/wp\/v2\/pages\/1595"}],"wp:attachment":[{"href":"https:\/\/bandyforbundet.no\/oslo-og-akershus\/index.php?rest_route=%2Fwp%2Fv2%2Fmedia&parent=1610"}],"curies":[{"name":"wp","href":"https:\/\/api.w.org\/{rel}","templated":true}]}}