{"id":1613,"date":"2021-07-01T13:08:17","date_gmt":"2021-07-01T13:08:17","guid":{"rendered":"http:\/\/bandyforbundet.no\/oslo-og-akershus\/?page_id=1613"},"modified":"2025-04-11T08:55:38","modified_gmt":"2025-04-11T08:55:38","slug":"strategi-arrangement","status":"publish","type":"page","link":"https:\/\/bandyforbundet.no\/oslo-og-akershus\/?page_id=1613","title":{"rendered":"Strategi arrangement"},"content":{"rendered":"<div class=\"msswb-display-internal-post-frontend-app-v2\" data-url-encoded-attrs=\"%7B%22displayInternalPost%22%3A%7B%22blog_id%22%3A2%2C%22ID%22%3A1729%7D%7D\" data-dip-id=\"\" ><\/div>\n\n\n<div class=\"wp-block-msswb-spacer msswb-spacer-container\" style=\"height:50px\"><div class=\"line\" style=\"height:25px\"><\/div><div class=\"line-center-divider\"><\/div><\/div>\n\n\n\n<div class=\"wp-block-msswb-panel msswb-panel-container\"><div class=\"mwwsb-panel-header\"><div class=\"mwwsb-panel-title\">NBF &#8211; strategi og ambisjoner<\/div><div class=\"mwwsb-panel-icon\"><span class=\"dashicon dashicons dashicons-arrow-down-alt2\"><\/span><\/div><\/div><div class=\"msswb-panel-content\">\n<p>Oslo og Akershus Bandyregion sin langtidsplan og handlingsplan bygger p\u00e5 Forbundets strategiarbeid. Sett deg inn i organisasjonens overordnede planer p\u00e5&nbsp;<a href=\"https:\/\/bandyforbundet.no\/forbundet\/?page_id=1663\" target=\"_blank\" rel=\"noreferrer noopener\">denne lenken<\/a>.<\/p>\n<\/div><\/div>\n\n\n\n<div class=\"wp-block-msswb-panel msswb-panel-container\"><div class=\"mwwsb-panel-header\"><div class=\"mwwsb-panel-title\">Seksjoner &#8211; LTP og handlingsplan<\/div><div class=\"mwwsb-panel-icon\"><span class=\"dashicon dashicons dashicons-arrow-down-alt2\"><\/span><\/div><\/div><div class=\"msswb-panel-content\">\n<p>Oslo og Akershus Bandyregion sin langtidsplan og handlingsplan bygger ogs\u00e5 p\u00e5 seksjonenes planarbeid. Les mer p\u00e5 lenkene under:<\/p>\n\n\n\n<ul class=\"wp-block-list\">\n<li>Innebandyseksjonen (lenke til \u00abInnebandy -&gt; Strategi -&gt; arrangement\u00bb)<\/li>\n\n\n\n<li>Bandyseksjonen (lenke til \u00abBandy -&gt; Strategi -&gt; arrangement\u00bb)<\/li>\n\n\n\n<li>Landhockeyseksjonen (lenke til \u00abLandhockey -&gt; Strategi -&gt; arrangement\u00bb)<\/li>\n<\/ul>\n<\/div><\/div>\n\n\n\n<div class=\"wp-block-msswb-panel msswb-panel-container\"><div class=\"mwwsb-panel-header\"><div class=\"mwwsb-panel-title\">Oslo og Akershus Bandyregion &#8211; LTP 2024-2026<\/div><div class=\"mwwsb-panel-icon\"><span class=\"dashicon dashicons dashicons-arrow-down-alt2\"><\/span><\/div><\/div><div class=\"msswb-panel-content\">\n<figure class=\"wp-block-table is-style-stripes\"><table><thead><tr><th>DELM\u00c5L<\/th><th>HVORDAN<\/th><th>HVORFOR<\/th><th>RESULTAT\/M\u00c5LTALL<\/th><\/tr><\/thead><tbody><tr><td><strong>Minirunder og 3v3 runder &#8211; Aktivitet i n\u00e6rmilj\u00f8 &#8211; Kortreist arrangement<\/strong><\/td><td><ul><li>Gjennomf\u00f8re 8 minirunder og 3v3 runder<\/li><li>Inndeling i geografiske soner<\/li><\/ul><\/td><td>En av v\u00e5re viktigste rekrutteringsarenaer<\/td><td>Antall deltakende lag gjennom sesong i hver sone<\/td><\/tr><tr><td><strong>V\u00e5rcup<\/strong><\/td><td>Gjennomf\u00f8re v\u00e5rcup i mai etter minirundemal og 3v3<\/td><td>Som forlengelse av minirundekonseptet tilbys v\u00e5rcup i regi av region for \u00e5 forlenge sesongen for alle i minirunde og 3vs3<\/td><td>\u00d8kt deltagelse i planperioden<\/td><\/tr><tr><td><strong>Tilby bedre arrangementer<\/strong><\/td><td><ul><li>Gode arrang\u00f8rinstrukser som etterleves<\/li><li>God informasjon direkte til arrang\u00f8rer<\/li><\/ul><\/td><td>Tilby arrangementer i v\u00e5r region av god kvalitet<\/td><td><\/td><\/tr><tr><td><strong>Gjennomf\u00f8re regionscup<\/strong><\/td><td><ul><li>Innledende runder<\/li><li>Tilbud i kjernesesong<\/li><li>Sluttspill<\/li><li>Finaler<\/li><\/ul><\/td><td><ul><li>Skape ekstra kamptilbud utenfor seriespill<\/li><li>Finalene er en fest for klubbene<\/li><\/ul><\/td><td>Antall deltakende lag<\/td><\/tr><tr><td><strong>Gjennomf\u00f8re seriespill<\/strong><\/td><td>Kamptilbud i kjernesesong fra oktober til mai<\/td><td>Kjernen i konkurransetilbudet<\/td><td>Antall deltakende lag som fullf\u00f8rer sesongen<\/td><\/tr><tr><td><strong>Jobbe for landskamp i regionen<\/strong><\/td><td><ul><li>Se p\u00e5 muligheter i samarbeid med NBF<\/li><li>Ekstra \u00f8nske om damekamp<\/li><li>Finne alternativer perioder for gjennomf\u00f8ring<\/li><\/ul><\/td><td><ul><li>Skape \u00f8kt engasjement, stolthet og engasjement i egen region<\/li><li>Gi jentesiden ett ekstra fokus i tingperioden<\/li><\/ul><\/td><td>Tildelt arrangement og gjennomf\u00f8rt<\/td><\/tr><tr><td><strong>Tilby spillformater som er tilpasset regionens behov<\/strong><\/td><td>Tilpasse seriespillmodell etter antall lag og niv\u00e5<\/td><td>Se til at v\u00e5re klubber og medlemmer har gode spillformater tilpasset niv\u00e5 og seriespillmodell<\/td><td><ul><li>Flere jevne seriekampresultater<\/li><li>Beholde samme antall lag fra sesong &#8211; sesong<\/li><\/ul><\/td><\/tr><\/tbody><\/table><\/figure>\n<\/div><\/div>\n\n\n\n<div class=\"wp-block-msswb-panel msswb-panel-container\"><div class=\"mwwsb-panel-header\"><div class=\"mwwsb-panel-title\">Oslo og Akershus Bandyregion &#8211; handlingsplan 2024-2026<\/div><div class=\"mwwsb-panel-icon\"><span class=\"dashicon dashicons dashicons-arrow-down-alt2\"><\/span><\/div><\/div><div class=\"msswb-panel-content\">\n<p>[Handlingsplan kommer]<\/p>\n<\/div><\/div>\n\n\n\n<div class=\"wp-block-msswb-spacer msswb-spacer-container\" style=\"height:50px\"><div class=\"line\" style=\"height:25px\"><\/div><div class=\"line-center-divider\"><\/div><\/div>\n\n\n\n<p class=\"has-text-align-center has-large-font-size\"><strong>Siste<\/strong> nytt<\/p>\n\n\n<div class=\"msswb-display-posts-frontend-app-v2\" data-url-encoded-attrs=\"%7B%22mode%22%3A%22grid%22%2C%22carouselHeight%22%3A500%2C%22carouselMax%22%3A10%2C%22startAnimation%22%3A%22start%22%2C%22design%22%3A%22msswbcard%22%2C%22hideExcerpt%22%3Afalse%2C%22filterDate%22%3A%22from1yearago%22%2C%22dateObj%22%3A%7B%7D%2C%22scrollDirection%22%3A%22vertical%22%2C%22displayPostsFromCategories%22%3A%5B%5D%2C%22displayPostsFromSharedCategories%22%3A%5B%7B%22blog_id%22%3A7%2C%22included%22%3A%5B106%5D%2C%22excluded%22%3A%5B%5D%7D%5D%2C%22maxCols%22%3A3%7D\" ><\/div>","protected":false},"excerpt":{"rendered":"<p>Siste nytt<\/p>\n","protected":false},"author":11,"featured_media":0,"parent":1595,"menu_order":0,"comment_status":"closed","ping_status":"closed","template":"templates\/template-cover.php","meta":{"cover_meta":"{\"showBackgroundImage\":true,\"bgImage\":{\"image_id\":3287,\"blog_id\":3,\"term_id\":215,\"selected_size\":\"full\"},\"showOverlay\":true,\"overlayColor\":\"#012d43\",\"overlayOpacity\":0.7,\"showIntro\":true,\"introColor\":\"white\",\"intro\":\"Oslo og Akershus Bandyregion\",\"title\":\"Arrangement\",\"titleColor\":\"white\",\"showOutro\":true,\"outroColor\":\"white\",\"outro\":\"LTP og handlingsplan\"}","footnotes":""},"class_list":["post-1613","page","type-page","status-publish","hentry"],"_links":{"self":[{"href":"https:\/\/bandyforbundet.no\/oslo-og-akershus\/index.php?rest_route=\/wp\/v2\/pages\/1613","targetHints":{"allow":["GET"]}}],"collection":[{"href":"https:\/\/bandyforbundet.no\/oslo-og-akershus\/index.php?rest_route=\/wp\/v2\/pages"}],"about":[{"href":"https:\/\/bandyforbundet.no\/oslo-og-akershus\/index.php?rest_route=\/wp\/v2\/types\/page"}],"author":[{"embeddable":true,"href":"https:\/\/bandyforbundet.no\/oslo-og-akershus\/index.php?rest_route=\/wp\/v2\/users\/11"}],"replies":[{"embeddable":true,"href":"https:\/\/bandyforbundet.no\/oslo-og-akershus\/index.php?rest_route=%2Fwp%2Fv2%2Fcomments&post=1613"}],"version-history":[{"count":19,"href":"https:\/\/bandyforbundet.no\/oslo-og-akershus\/index.php?rest_route=\/wp\/v2\/pages\/1613\/revisions"}],"predecessor-version":[{"id":6736,"href":"https:\/\/bandyforbundet.no\/oslo-og-akershus\/index.php?rest_route=\/wp\/v2\/pages\/1613\/revisions\/6736"}],"up":[{"embeddable":true,"href":"https:\/\/bandyforbundet.no\/oslo-og-akershus\/index.php?rest_route=\/wp\/v2\/pages\/1595"}],"wp:attachment":[{"href":"https:\/\/bandyforbundet.no\/oslo-og-akershus\/index.php?rest_route=%2Fwp%2Fv2%2Fmedia&parent=1613"}],"curies":[{"name":"wp","href":"https:\/\/api.w.org\/{rel}","templated":true}]}}