{"id":1618,"date":"2021-07-01T13:22:38","date_gmt":"2021-07-01T13:22:38","guid":{"rendered":"http:\/\/bandyforbundet.no\/oslo-og-akershus\/?page_id=1618"},"modified":"2024-10-01T07:25:36","modified_gmt":"2024-10-01T07:25:36","slug":"strategi-aktivitetstilbud","status":"publish","type":"page","link":"https:\/\/bandyforbundet.no\/oslo-og-akershus\/?page_id=1618","title":{"rendered":"Strategi aktivitetstilbud"},"content":{"rendered":"<div class=\"msswb-display-internal-post-frontend-app-v2\" data-url-encoded-attrs=\"%7B%22displayInternalPost%22%3A%7B%22blog_id%22%3A2%2C%22ID%22%3A1731%7D%7D\" data-dip-id=\"\" ><\/div>\n\n\n<div class=\"wp-block-msswb-spacer msswb-spacer-container\" style=\"height:50px\"><div class=\"line\" style=\"height:25px\"><\/div><div class=\"line-center-divider\"><\/div><\/div>\n\n\n\n<div class=\"wp-block-msswb-panel msswb-panel-container\"><div class=\"mwwsb-panel-header\"><div class=\"mwwsb-panel-title\">NBF &#8211; strategi og ambisjoner<\/div><div class=\"mwwsb-panel-icon\"><span class=\"dashicon dashicons dashicons-arrow-down-alt2\"><\/span><\/div><\/div><div class=\"msswb-panel-content\">\n<p>Oslo og Akershus Bandyregion sin langtidsplan og handlingsplan bygger p\u00e5 Forbundets strategiarbeid. Sett deg inn i organisasjonens overordnede planer p\u00e5&nbsp;<a href=\"https:\/\/bandyforbundet.no\/forbundet\/?page_id=1662\" target=\"_blank\" rel=\"noreferrer noopener\">denne lenken<\/a>.<\/p>\n<\/div><\/div>\n\n\n\n<div class=\"wp-block-msswb-panel msswb-panel-container\"><div class=\"mwwsb-panel-header\"><div class=\"mwwsb-panel-title\">Seksjoner &#8211; LTP og handlingsplan<\/div><div class=\"mwwsb-panel-icon\"><span class=\"dashicon dashicons dashicons-arrow-down-alt2\"><\/span><\/div><\/div><div class=\"msswb-panel-content\">\n<p>Oslo og Akershus Bandyregion sin langtidsplan og handlingsplan bygger ogs\u00e5 p\u00e5 seksjonenes planarbeid. Les mer p\u00e5 lenkene under:<\/p>\n\n\n\n<ul class=\"wp-block-list\">\n<li>Innebandyseksjonen (lenke til \u00abInnebandy -&gt; Strategi -&gt; aktivitetstilbud\u00bb)<\/li>\n\n\n\n<li>Bandyseksjonen (lenke til \u00abBandy -&gt; Strategi -&gt; aktivitetstilbud\u00bb)<\/li>\n\n\n\n<li>Landhockeyseksjonen (lenke til \u00abLandhockey -&gt; Strategi -&gt; aktivitetstilbud\u00bb)<\/li>\n<\/ul>\n<\/div><\/div>\n\n\n\n<div class=\"wp-block-msswb-panel msswb-panel-container\"><div class=\"mwwsb-panel-header\"><div class=\"mwwsb-panel-title\">Oslo og Akershus Bandyregion &#8211; LTP 2024-2026<\/div><div class=\"mwwsb-panel-icon\"><span class=\"dashicon dashicons dashicons-arrow-down-alt2\"><\/span><\/div><\/div><div class=\"msswb-panel-content\">\n<figure class=\"wp-block-table is-style-stripes\"><table><thead><tr><th>DELM\u00c5L<\/th><th>HVORDAN<\/th><th>HVORFOR<\/th><th>RESULTAT\/M\u00c5LTALL<\/th><\/tr><\/thead><tbody><tr><td><strong>Sonelag-innebandy<\/strong><\/td><td>Inviterer til tre samlinger pr sesong med avsluttende kamper ut fra prosjektplanen<\/td><td><ul><li>Skape et ekstra tilbud basert p\u00e5 selektering<\/li><li>Skape arena for spillerutvikling<\/li><\/ul><\/td><td>Antall gjennomf\u00f8rte samlinger<\/td><\/tr><tr><td><strong>Camps i klubb\/geografiske soner<\/strong><\/td><td><ul><li>Utarbeide mal\/h\u00e5ndbok for gjennomf\u00f8ring av camps (idrettsspesifikk og fleridrettslag)<\/li><li>Motivere klubber gjennom tiltak og midler for gjennomf\u00f8ring av camps<\/li><\/ul><\/td><td><ul><li>Skape rekrutteringsarenaer lokalt<\/li><li>Tilby spillerutvikling lokalt<\/li><\/ul><\/td><td>\u00d8kt antall camps i hver sone<\/td><\/tr><tr><td><strong>\u00d8kt aktivitet i omr\u00e5der med levek\u00e5rsutfordringer<\/strong><\/td><td><ul><li>Nybegynnerkurs<\/li><li>Skolebes\u00f8k<\/li><li>Lokale minirunder i soner<\/li><\/ul><\/td><td><ul><li>Bist\u00e5 klubber i \u00e5 skape rekrutteringsarenaer<\/li><li>Skape nye klubbmilj\u00f8er<\/li><\/ul><\/td><td>Antall aktive medlemmer i sonene<\/td><\/tr><tr><td><strong>Rekruttering<\/strong><\/td><td><ul><li>Nybegynnerkurs<\/li><li>Skolebes\u00f8k<\/li><li>Minirunder<\/li><li>St\u00f8tte klubber med rekrutteringsplanarbeid<\/li><\/ul><\/td><td>Skape \u00f8kt aktivitetstilbud og medlemsvekst<\/td><td>\u00d8kt antall aktive i 6-12 \u00e5r<\/td><\/tr><tr><td><strong>SPU-innebandy<\/strong><\/td><td>Invitere til tre samlinger pr sesong<\/td><td><ul><li>Skape et tilbud basert p\u00e5 interesse hos unge<\/li><li>Skape arena for de som har interesse for mer enn klubbmilj\u00f8<\/li><li>Skape spillerutviklingsarenaer for alle<\/li><\/ul><\/td><td><ul><li>Antall deltakere<\/li><li>Tilbakemeldinger p\u00e5 sp\u00f8rreunders\u00f8kelse<\/li><\/ul><\/td><\/tr><tr><td><strong>Opprettholde og utvikle aktivitetstilbud- Idrett for alle<\/strong><\/td><td><ul><li>Inkludere aktivitetstilbudet i regionens ordin\u00e6re spilltilbud<\/li><li>St\u00f8tte prosjektleder sentralt<\/li><li>Bist\u00e5 prosjektleder med utvikling av milj\u00f8er<\/li><\/ul><\/td><td>Skape idrettsarenaer for samtlige<\/td><td>Deltagelse i spilltilbudet til regionen<\/td><\/tr><tr><td><strong>Jenteinnebandy<\/strong><\/td><td>Det utarbeides en m\u00e5lrettet aktivitetsplan for jenter med en m\u00e5lbar tiltaksplan\/pakke.<\/td><td><\/td><td><\/td><\/tr><\/tbody><\/table><\/figure>\n<\/div><\/div>\n\n\n\n<div class=\"wp-block-msswb-panel msswb-panel-container\"><div class=\"mwwsb-panel-header\"><div class=\"mwwsb-panel-title\">Oslo og Akershus Bandyregion &#8211; handlingsplan 2024-2026<\/div><div class=\"mwwsb-panel-icon\"><span class=\"dashicon dashicons dashicons-arrow-down-alt2\"><\/span><\/div><\/div><div class=\"msswb-panel-content\">\n<p>[Handlingsplan kommer]<\/p>\n<\/div><\/div>\n\n\n\n<div class=\"wp-block-msswb-spacer msswb-spacer-container\" style=\"height:50px\"><div class=\"line\" style=\"height:25px\"><\/div><div class=\"line-center-divider\"><\/div><\/div>\n\n\n\n<p class=\"has-text-align-center has-large-font-size\"><strong>Siste<\/strong> nytt<\/p>\n\n\n<div class=\"msswb-display-posts-frontend-app-v2\" data-url-encoded-attrs=\"%7B%22mode%22%3A%22grid%22%2C%22carouselHeight%22%3A500%2C%22carouselMax%22%3A10%2C%22startAnimation%22%3A%22start%22%2C%22design%22%3A%22msswbcard%22%2C%22hideExcerpt%22%3Afalse%2C%22filterDate%22%3A%22from1yearago%22%2C%22dateObj%22%3A%7B%7D%2C%22scrollDirection%22%3A%22vertical%22%2C%22displayPostsFromCategories%22%3A%5B%5D%2C%22displayPostsFromSharedCategories%22%3A%5B%7B%22blog_id%22%3A7%2C%22included%22%3A%5B103%5D%2C%22excluded%22%3A%5B%5D%7D%5D%2C%22maxCols%22%3A3%7D\" ><\/div>","protected":false},"excerpt":{"rendered":"<p>Siste nytt<\/p>\n","protected":false},"author":11,"featured_media":0,"parent":1595,"menu_order":0,"comment_status":"closed","ping_status":"closed","template":"templates\/template-cover.php","meta":{"cover_meta":"{\"showBackgroundImage\":true,\"bgImage\":{\"image_id\":3518,\"blog_id\":3,\"term_id\":214,\"selected_size\":\"full\"},\"showOverlay\":true,\"overlayColor\":\"#012d43\",\"overlayOpacity\":0.7,\"showIntro\":true,\"introColor\":\"white\",\"intro\":\"Oslo og Akershus Bandyregion\",\"title\":\"Aktivitet\",\"titleColor\":\"white\",\"showOutro\":true,\"outroColor\":\"white\",\"outro\":\"LTP og handlingsplan\"}","footnotes":""},"class_list":["post-1618","page","type-page","status-publish","hentry"],"_links":{"self":[{"href":"https:\/\/bandyforbundet.no\/oslo-og-akershus\/index.php?rest_route=\/wp\/v2\/pages\/1618","targetHints":{"allow":["GET"]}}],"collection":[{"href":"https:\/\/bandyforbundet.no\/oslo-og-akershus\/index.php?rest_route=\/wp\/v2\/pages"}],"about":[{"href":"https:\/\/bandyforbundet.no\/oslo-og-akershus\/index.php?rest_route=\/wp\/v2\/types\/page"}],"author":[{"embeddable":true,"href":"https:\/\/bandyforbundet.no\/oslo-og-akershus\/index.php?rest_route=\/wp\/v2\/users\/11"}],"replies":[{"embeddable":true,"href":"https:\/\/bandyforbundet.no\/oslo-og-akershus\/index.php?rest_route=%2Fwp%2Fv2%2Fcomments&post=1618"}],"version-history":[{"count":21,"href":"https:\/\/bandyforbundet.no\/oslo-og-akershus\/index.php?rest_route=\/wp\/v2\/pages\/1618\/revisions"}],"predecessor-version":[{"id":6202,"href":"https:\/\/bandyforbundet.no\/oslo-og-akershus\/index.php?rest_route=\/wp\/v2\/pages\/1618\/revisions\/6202"}],"up":[{"embeddable":true,"href":"https:\/\/bandyforbundet.no\/oslo-og-akershus\/index.php?rest_route=\/wp\/v2\/pages\/1595"}],"wp:attachment":[{"href":"https:\/\/bandyforbundet.no\/oslo-og-akershus\/index.php?rest_route=%2Fwp%2Fv2%2Fmedia&parent=1618"}],"curies":[{"name":"wp","href":"https:\/\/api.w.org\/{rel}","templated":true}]}}