{"id":1622,"date":"2021-07-01T13:30:24","date_gmt":"2021-07-01T13:30:24","guid":{"rendered":"http:\/\/bandyforbundet.no\/oslo-og-akershus\/?page_id=1622"},"modified":"2024-10-01T07:35:39","modified_gmt":"2024-10-01T07:35:39","slug":"strategi-anlegg","status":"publish","type":"page","link":"https:\/\/bandyforbundet.no\/oslo-og-akershus\/?page_id=1622","title":{"rendered":"Strategi anlegg"},"content":{"rendered":"<div class=\"msswb-display-internal-post-frontend-app-v2\" data-url-encoded-attrs=\"%7B%22displayInternalPost%22%3A%7B%22blog_id%22%3A2%2C%22ID%22%3A1734%7D%7D\" data-dip-id=\"\" ><\/div>\n\n\n<div class=\"wp-block-msswb-spacer msswb-spacer-container\" style=\"height:50px\"><div class=\"line\" style=\"height:25px\"><\/div><div class=\"line-center-divider\"><\/div><\/div>\n\n\n\n<div class=\"wp-block-msswb-panel msswb-panel-container\"><div class=\"mwwsb-panel-header\"><div class=\"mwwsb-panel-title\">NBF &#8211; strategi og ambisjoner<\/div><div class=\"mwwsb-panel-icon\"><span class=\"dashicon dashicons dashicons-arrow-down-alt2\"><\/span><\/div><\/div><div class=\"msswb-panel-content\">\n<p>Oslo og Akershus Bandyregion sin langtidsplan og handlingsplan bygger p\u00e5 Forbundets strategiarbeid. Sett deg inn i organisasjonens overordnede planer p\u00e5&nbsp;<a href=\"https:\/\/bandyforbundet.no\/forbundet\/?page_id=1674\" target=\"_blank\" rel=\"noreferrer noopener\">denne lenken<\/a>.<\/p>\n<\/div><\/div>\n\n\n\n<div class=\"wp-block-msswb-panel msswb-panel-container\"><div class=\"mwwsb-panel-header\"><div class=\"mwwsb-panel-title\">Seksjoner &#8211; LTP og handlingsplan<\/div><div class=\"mwwsb-panel-icon\"><span class=\"dashicon dashicons dashicons-arrow-down-alt2\"><\/span><\/div><\/div><div class=\"msswb-panel-content\">\n<p>Oslo og Akershus Bandyregion sin langtidsplan og handlingsplan bygger ogs\u00e5 p\u00e5 seksjonenes planarbeid. Les mer p\u00e5 lenkene under:<\/p>\n\n\n\n<ul class=\"wp-block-list\">\n<li>Innebandyseksjonen (lenke til \u00abInnebandy -&gt; Strategi -&gt; anlegg\u00bb)<\/li>\n\n\n\n<li>Bandyseksjonen (lenke til \u00abBandy -&gt; Strategi -&gt; anlegg\u00bb)<\/li>\n\n\n\n<li>Landhockeyseksjonen (lenke til \u00abLandhockey -&gt; Strategi -&gt; anlegg\u00bb)<\/li>\n<\/ul>\n<\/div><\/div>\n\n\n\n<div class=\"wp-block-msswb-panel msswb-panel-container\"><div class=\"mwwsb-panel-header\"><div class=\"mwwsb-panel-title\">Oslo og Akershus Bandyregion &#8211; LTP 2024-2026<\/div><div class=\"mwwsb-panel-icon\"><span class=\"dashicon dashicons dashicons-arrow-down-alt2\"><\/span><\/div><\/div><div class=\"msswb-panel-content\">\n<figure class=\"wp-block-table is-style-stripes\"><table><thead><tr><th>DELM\u00c5L<\/th><th>HVORDAN<\/th><th>HVORFOR<\/th><th>RESULTAT\/M\u00c5LTALL<\/th><\/tr><\/thead><tbody><tr><td><strong>Bedre anleggssituasjon for alle idretter i v\u00e5r region (bandy, rink, landhocky og innebandy)<\/strong><\/td><td><ul><li>S\u00f8rge for at klubbene forst\u00e5r rammebetingelser for treningstider og kamptider i sitt n\u00e6romr\u00e5de<\/li><li>Bedre tilgang og vilk\u00e5r i eksisterende anlegg og bidra til bygging av nye anlegg<\/li><li>Flere representanter i idrettspolitiske verv (ISU\/Idrettsr\u00e5d) lokalt (bandy, rink, landhocky og innebandy)<\/li><\/ul><\/td><td>Bedre rammebetingelser gir mulighet for mer aktivitet.<\/td><td><ul><li>Mer treningstid og arrangementstid for medlemmene<\/li><li>Antall representanter i idrettspolitiske verv<\/li><\/ul><\/td><\/tr><tr><td><strong>Sikre gode anleggssituasjoner for v\u00e5re idretter (bandy, rink, landhocky og innebandy)<\/strong><\/td><td>St\u00f8tte idretter\/klubber i ivaretagelse av anleggssituasjoner lokalt.<\/td><td>Skape gode rammebetingelser for \u00f8kt medlemsvekst og aktivitetstilbudet.<\/td><td>\u00d8kt treningsflater og treningstider.<\/td><\/tr><\/tbody><\/table><\/figure>\n<\/div><\/div>\n\n\n\n<div class=\"wp-block-msswb-panel msswb-panel-container\"><div class=\"mwwsb-panel-header\"><div class=\"mwwsb-panel-title\">Oslo og Akershus Bandyregion &#8211; handlingsplan 2024-2026<\/div><div class=\"mwwsb-panel-icon\"><span class=\"dashicon dashicons dashicons-arrow-down-alt2\"><\/span><\/div><\/div><div class=\"msswb-panel-content\">\n<p>[Handlingsplan kommer]<\/p>\n<\/div><\/div>\n\n\n\n<div class=\"wp-block-msswb-spacer msswb-spacer-container\" style=\"height:50px\"><div class=\"line\" style=\"height:25px\"><\/div><div class=\"line-center-divider\"><\/div><\/div>\n\n\n\n<p class=\"has-text-align-center has-large-font-size\"><strong>Siste<\/strong> nytt<\/p>\n\n\n<div class=\"msswb-display-posts-frontend-app-v2\" data-url-encoded-attrs=\"%7B%22mode%22%3A%22grid%22%2C%22carouselHeight%22%3A500%2C%22carouselMax%22%3A10%2C%22startAnimation%22%3A%22start%22%2C%22design%22%3A%22msswbcard%22%2C%22hideExcerpt%22%3Afalse%2C%22filterDate%22%3A%22from1yearago%22%2C%22dateObj%22%3A%7B%7D%2C%22scrollDirection%22%3A%22vertical%22%2C%22displayPostsFromCategories%22%3A%5B%5D%2C%22displayPostsFromSharedCategories%22%3A%5B%7B%22blog_id%22%3A7%2C%22included%22%3A%5B106%5D%2C%22excluded%22%3A%5B%5D%7D%5D%2C%22maxCols%22%3A3%7D\" ><\/div>","protected":false},"excerpt":{"rendered":"<p>Siste nytt<\/p>\n","protected":false},"author":11,"featured_media":0,"parent":1595,"menu_order":0,"comment_status":"closed","ping_status":"closed","template":"templates\/template-cover.php","meta":{"cover_meta":"{\"showBackgroundImage\":true,\"bgImage\":{\"image_id\":3582,\"blog_id\":3,\"term_id\":193,\"selected_size\":\"full\"},\"showOverlay\":true,\"overlayColor\":\"#012d43\",\"overlayOpacity\":0.7,\"showIntro\":true,\"introColor\":\"white\",\"intro\":\"Oslo og Akershus Bandyregion\",\"title\":\"anlegg\",\"titleColor\":\"white\",\"showOutro\":true,\"outroColor\":\"white\",\"outro\":\"LTP og handlingsplan\"}","footnotes":""},"class_list":["post-1622","page","type-page","status-publish","hentry"],"_links":{"self":[{"href":"https:\/\/bandyforbundet.no\/oslo-og-akershus\/index.php?rest_route=\/wp\/v2\/pages\/1622","targetHints":{"allow":["GET"]}}],"collection":[{"href":"https:\/\/bandyforbundet.no\/oslo-og-akershus\/index.php?rest_route=\/wp\/v2\/pages"}],"about":[{"href":"https:\/\/bandyforbundet.no\/oslo-og-akershus\/index.php?rest_route=\/wp\/v2\/types\/page"}],"author":[{"embeddable":true,"href":"https:\/\/bandyforbundet.no\/oslo-og-akershus\/index.php?rest_route=\/wp\/v2\/users\/11"}],"replies":[{"embeddable":true,"href":"https:\/\/bandyforbundet.no\/oslo-og-akershus\/index.php?rest_route=%2Fwp%2Fv2%2Fcomments&post=1622"}],"version-history":[{"count":13,"href":"https:\/\/bandyforbundet.no\/oslo-og-akershus\/index.php?rest_route=\/wp\/v2\/pages\/1622\/revisions"}],"predecessor-version":[{"id":6209,"href":"https:\/\/bandyforbundet.no\/oslo-og-akershus\/index.php?rest_route=\/wp\/v2\/pages\/1622\/revisions\/6209"}],"up":[{"embeddable":true,"href":"https:\/\/bandyforbundet.no\/oslo-og-akershus\/index.php?rest_route=\/wp\/v2\/pages\/1595"}],"wp:attachment":[{"href":"https:\/\/bandyforbundet.no\/oslo-og-akershus\/index.php?rest_route=%2Fwp%2Fv2%2Fmedia&parent=1622"}],"curies":[{"name":"wp","href":"https:\/\/api.w.org\/{rel}","templated":true}]}}