{"id":5524,"date":"2024-06-26T09:00:20","date_gmt":"2024-06-26T09:00:20","guid":{"rendered":"https:\/\/bandyforbundet.no\/oslo-og-akershus\/?page_id=5524"},"modified":"2025-11-07T11:22:13","modified_gmt":"2025-11-07T11:22:13","slug":"oabr-regionscup","status":"publish","type":"page","link":"https:\/\/bandyforbundet.no\/oslo-og-akershus\/?page_id=5524","title":{"rendered":"OABR Regionscup"},"content":{"rendered":"\n<h2 class=\"wp-block-heading\">Spilledatoer OABR Regionscup&nbsp;2025<\/h2>\n\n\n\n<div class=\"wp-block-msswb-spacer msswb-spacer-container\" style=\"height:50px\"><div class=\"line\" style=\"height:25px\"><\/div><div class=\"line-center-divider\"><\/div><\/div>\n\n\n\n<p class=\"has-large-font-size\"><strong>Innledende puljespill for aldersbestemte klasser<\/strong><\/p>\n\n\n\n<p class=\"has-normal-font-size\"><strong>5.-7. september 2025 spilles innledende puljespill for:<\/strong><\/p>\n\n\n\n<ul class=\"wp-block-list\">\n<li>Jenter 13<\/li>\n\n\n\n<li>Gutter 13<\/li>\n\n\n\n<li>Jenter 15<\/li>\n\n\n\n<li>Gutter 15<\/li>\n\n\n\n<li>Jenter 17<\/li>\n\n\n\n<li>Gutter 17<\/li>\n\n\n\n<li>Jenter 18-23<\/li>\n\n\n\n<li>Gutter 18-23<\/li>\n<\/ul>\n\n\n\n<div class=\"wp-block-msswb-spacer msswb-spacer-container\" style=\"height:50px\"><div class=\"line\" style=\"height:25px\"><\/div><div class=\"line-center-divider\"><\/div><\/div>\n\n\n\n<p class=\"has-large-font-size\"><strong>Innledende puljespill for seniorklasser<\/strong><\/p>\n\n\n\n<p class=\"has-normal-font-size\"><strong>19.-21. september 2025 spilles innledende puljespill for:<\/strong><\/p>\n\n\n\n<ul class=\"wp-block-list\">\n<li>Senior Kvinner<\/li>\n\n\n\n<li>Senior Menn<\/li>\n\n\n\n<li>Old Girls <\/li>\n\n\n\n<li>Old Boys<\/li>\n\n\n\n<li>Menn Veteran<\/li>\n\n\n\n<li>Menn Superveteran<\/li>\n<\/ul>\n\n\n\n<div class=\"wp-block-msswb-spacer msswb-spacer-container\" style=\"height:50px\"><div class=\"line\" style=\"height:25px\"><\/div><div class=\"line-center-divider\"><\/div><\/div>\n\n\n\n<h2 class=\"wp-block-heading\">Teknisk arrang\u00f8r for kamper i puljespill<\/h2>\n\n\n\n<p>OABR har s\u00f8kt etter teknisk arrang\u00f8r for innledende kamper med puljespill. Klubber med tildelt arrangement er ogs\u00e5 tildelt rolle som teknisk arrang\u00f8r. Teknisk arrang\u00f8r er ansvarlig for sekretariat i alle kampene. <\/p>\n\n\n\n<h3 class=\"wp-block-heading\">Tildeling av<strong>&nbsp;puljespill \u2013 Aldersbestemte klasser<\/strong>&nbsp;5.-7. september 2025<\/h3>\n\n\n\n<ul class=\"wp-block-list\">\n<li><strong>Gutter:<\/strong>\n<ul class=\"wp-block-list\">\n<li>BSK (NB! Ekeberghallen)<\/li>\n\n\n\n<li>DFI<\/li>\n\n\n\n<li>Fjerdingby<\/li>\n\n\n\n<li>Gjeller\u00e5sen<\/li>\n<\/ul>\n<\/li>\n\n\n\n<li><strong>Jenter:<\/strong>\n<ul class=\"wp-block-list\">\n<li>DFI<\/li>\n\n\n\n<li>Gjeller\u00e5sen<\/li>\n<\/ul>\n<\/li>\n<\/ul>\n\n\n\n<h3 class=\"wp-block-heading\">Tildeling av&nbsp;<strong>puljespill \u2013 Seniorklasser<\/strong>&nbsp;19.-21. september 2025<\/h3>\n\n\n\n<ul class=\"wp-block-list\">\n<li><strong>Kvinner senior:<\/strong>\n<ul class=\"wp-block-list\">\n<li>Gjeller\u00e5sen<\/li>\n\n\n\n<li>Ull\/Kisa<\/li>\n<\/ul>\n<\/li>\n\n\n\n<li><strong>Menn senior:<\/strong>\n<ul class=\"wp-block-list\">\n<li>Ellingsrud<\/li>\n\n\n\n<li>Gjeller\u00e5sen<\/li>\n\n\n\n<li>Ull\/Kisa<\/li>\n<\/ul>\n<\/li>\n<\/ul>\n\n\n\n<div class=\"wp-block-msswb-spacer msswb-spacer-container\" style=\"height:50px\"><div class=\"line\" style=\"height:25px\"><\/div><div class=\"line-center-divider\"><\/div><\/div>\n\n\n\n<h2 class=\"wp-block-heading\"><strong>Innledende runde &#8211; puljespill<\/strong><\/h2>\n\n\n\n<p>Innledende kamper i OABR Regionscup spilles i ett turneringsformat med flere kortere kamper samme dag.&nbsp;<\/p>\n\n\n\n<p>\u00b7 Puljene trekkes.<\/p>\n\n\n\n<p>\u00b7 Puljene spilles med 3-6 lag.&nbsp;<\/p>\n\n\n\n<p>\u00b7 Kampene i innledende runder spilles 2&#215;15 minutter.&nbsp;<\/p>\n\n\n\n<div class=\"wp-block-msswb-spacer msswb-spacer-container\" style=\"height:50px\"><div class=\"line\" style=\"height:25px\"><\/div><div class=\"line-center-divider\"><\/div><\/div>\n\n\n\n<h2 class=\"wp-block-heading\">Sluttspill<\/h2>\n\n\n\n<p>Sluttspill (med unntak av finaler) i OABR&nbsp;Regionscup&nbsp;2025 spilles i perioden uke 39 til uke 46.<\/p>\n\n\n\n<p>Sluttspill berammes etter at innledende runder er ferdigspilt.&nbsp;Sluttspillet berammes som enkeltkamper.&nbsp;<\/p>\n\n\n\n<p>\u00b7 Kampene i sluttspillet berammes etter utslagsmetoden.&nbsp;<\/p>\n\n\n\n<p>\u00b7 Kampene i sluttspillet spilles 3&#215;15 minutter for klassene 13 \u00e5r, Old Girls, Old Boys og Veteran. <\/p>\n\n\n\n<p>\u00b7 Kampene i sluttspillet spilles 3&#215;20 minutter for klassen 15 \u00e5r, 17 \u00e5r, 18-23 \u00e5r, Senior Kvinner og Senior Menn. <\/p>\n\n\n\n<div class=\"wp-block-msswb-spacer msswb-spacer-container\" style=\"height:50px\"><div class=\"line\" style=\"height:25px\"><\/div><div class=\"line-center-divider\"><\/div><\/div>\n\n\n\n<h2 class=\"wp-block-heading\">Teknisk arrang\u00f8r for kamper i sluttspill<\/h2>\n\n\n\n<p>Hjemmelag for kampen er teknisk arrang\u00f8r for kamper i sluttspill.<\/p>\n\n\n\n<div class=\"wp-block-msswb-spacer msswb-spacer-container\" style=\"height:50px\"><div class=\"line\" style=\"height:25px\"><\/div><div class=\"line-center-divider\"><\/div><\/div>\n\n\n\n<h2 class=\"wp-block-heading\">Finaler<\/h2>\n\n\n\n<p><strong>Finaler aldersbestemte klasser<\/strong> <strong>L\u00f8rdag 22.11.2025*<\/strong><\/p>\n\n\n\n<ul class=\"wp-block-list\">\n<li>J13 klokken 09.30<\/li>\n\n\n\n<li>G13 klokken 11.30<\/li>\n\n\n\n<li>J17 klokken 13.30<\/li>\n\n\n\n<li>G17 klokken 16.00<\/li>\n<\/ul>\n\n\n\n<p><strong>Finaler aldersbestemte klasser<\/strong> <strong>S\u00f8ndag 23.11.2025*<\/strong><\/p>\n\n\n\n<ul class=\"wp-block-list\">\n<li>G15 klokken 10.00<\/li>\n\n\n\n<li>J15 klokken 12.15<\/li>\n\n\n\n<li>G18-23 klokken 14.30<\/li>\n<\/ul>\n\n\n\n<p>*Tidene settes med forbehold om at alle klassene gjennomf\u00f8res.&nbsp;<\/p>\n\n\n\n<div class=\"wp-block-msswb-spacer msswb-spacer-container\" style=\"height:50px\"><div class=\"line\" style=\"height:25px\"><\/div><div class=\"line-center-divider\"><\/div><\/div>\n\n\n\n<p><strong>Finaler seniorklasser*<\/strong><\/p>\n\n\n\n<p><strong>S\u00f8ndag 30.11.2025<\/strong><\/p>\n\n\n\n<ul class=\"wp-block-list\">\n<li>Menn veteran 10.00<\/li>\n\n\n\n<li>Kvinner Old Girls 12.00<\/li>\n\n\n\n<li>Menn Old Boys 14.00<\/li>\n\n\n\n<li>Kvinner Senior 16.00<\/li>\n\n\n\n<li>Menn Senior 18.30<\/li>\n<\/ul>\n\n\n\n<p>*Tidene settes med forbehold om at alle klassene gjennomf\u00f8res.&nbsp;<\/p>\n\n\n\n<div class=\"wp-block-msswb-spacer msswb-spacer-container\" style=\"height:50px\"><div class=\"line\" style=\"height:25px\"><\/div><div class=\"line-center-divider\"><\/div><\/div>\n\n\n\n<h2 class=\"wp-block-heading\">Teknisk arrang\u00f8r for Finaler<\/h2>\n\n\n\n<p>OABR tildeler rollen som teknisk arrang\u00f8r for finalearrangementet etter s\u00f8knad. <\/p>\n\n\n\n<h3 class=\"wp-block-heading\">Tildeling av&nbsp;<strong>Finaler<\/strong><\/h3>\n\n\n\n<ul class=\"wp-block-list\">\n<li><strong>Aldersbestemte klasser<\/strong>&nbsp;\u2013 22. november og 23. november 2025\n<ul class=\"wp-block-list\">\n<li>Sveiva<\/li>\n<\/ul>\n<\/li>\n\n\n\n<li><strong>Seniorklasse<\/strong>r \u2013 30. november 2025\n<ul class=\"wp-block-list\">\n<li>Fet<\/li>\n<\/ul>\n<\/li>\n<\/ul>\n\n\n\n<div class=\"wp-block-msswb-spacer msswb-spacer-container\" style=\"height:50px\"><div class=\"line\" style=\"height:25px\"><\/div><div class=\"line-center-divider\"><\/div><\/div>\n\n\n\n<h2 class=\"wp-block-heading\">P\u00e5melding til OABR Regionscup&nbsp;<\/h2>\n\n\n\n<p>\u00b7 Lagene meldes p\u00e5 i riktig klasse i&nbsp;TurneringsAdmin&nbsp;av klubbens leder.&nbsp;<\/p>\n\n\n\n<p>\u00b7 <strong>P\u00e5meldingsfristen er satt til 15. august 2025<\/strong><\/p>\n\n\n\n<p>\u00b7 For \u00e5 unng\u00e5 trekking av lag, ber vi klubbene v\u00e6re n\u00f8ye med vurderingen av antall lag som skal meldes p\u00e5.&nbsp;Det er ikke mulig \u00e5 flytte p\u00e5 puljer i innledende puljespill i OABR Regionscup.<\/p>\n\n\n\n<div class=\"wp-block-msswb-spacer msswb-spacer-container\" style=\"height:50px\"><div class=\"line\" style=\"height:25px\"><\/div><div class=\"line-center-divider\"><\/div><\/div>\n\n\n\n<h2 class=\"wp-block-heading\">Etterp\u00e5melding&nbsp;av lag til OABR Regionscup&nbsp;<\/h2>\n\n\n\n<p>For \u00e5 f\u00e5 godkjent p\u00e5melding etter p\u00e5meldingsfristen m\u00e5 det v\u00e6re ledig plass i en aktuell pulje og ikke v\u00e6re til vesentlig besv\u00e6r for de andre lagene. Hvert enkelt tilfelle vurderes av OABR ved henvendelse.<\/p>\n\n\n\n<div class=\"wp-block-msswb-spacer msswb-spacer-container\" style=\"height:50px\"><div class=\"line\" style=\"height:25px\"><\/div><div class=\"line-center-divider\"><\/div><\/div>\n\n\n<div class=\"msswb-link-box-grid-frontend-app-v2\" data-url-encoded-attrs=\"%7B%22maxCols%22%3A4%2C%22showTitle%22%3Atrue%2C%22titleColor%22%3A%22%23ffffff%22%2C%22useColorBackground%22%3Atrue%2C%22bgColor%22%3A%22%23d45c5c%22%2C%22overlayColor%22%3A%7B%22r%22%3A69%2C%22g%22%3A126%2C%22b%22%3A191%2C%22a%22%3A0.1%7D%2C%22linkBoxes%22%3A%5B%7B%22link_type%22%3A%22url%22%2C%22blog_id%22%3Afalse%2C%22ID%22%3Afalse%2C%22link%22%3A%22https%3A%2F%2Fbandyforbundet.no%2Foslo-og-akershus%2F%3Fpage_id%3D4967%23%2Fsport%2F72%2Fseason%2F201039%2Fregion%2F428742%2Ftab%2F0%22%2C%22image%22%3Afalse%2C%22featuredImage%22%3Afalse%2C%22from_shared%22%3Atrue%2C%22showAltTitle%22%3Atrue%2C%22altTitle%22%3A%22Kampsenter%20OABR%20Regionscup%22%7D%2C%7B%22link_type%22%3A%22url%22%2C%22blog_id%22%3Afalse%2C%22ID%22%3Afalse%2C%22link%22%3A%22https%3A%2F%2Fbandyforbundet.no%2Foslo-og-akershus%2F%3Fpage_id%3D638%22%2C%22image%22%3Afalse%2C%22featuredImage%22%3Afalse%2C%22from_shared%22%3Atrue%2C%22showAltTitle%22%3Atrue%2C%22altTitle%22%3A%22Instruks%20for%20arrang%C3%B8rer%20OABR%20Regionscup%22%7D%5D%7D\" ><\/div>\n\n\n<div class=\"wp-block-msswb-spacer msswb-spacer-container\" style=\"height:50px\"><div class=\"line\" style=\"height:25px\"><\/div><div class=\"line-center-divider\"><\/div><\/div>\n\n\n\n<h2 class=\"wp-block-heading\"><strong>Kampoppsett<\/strong><\/h2>\n\n\n\n<p>Kampoppsettet offentliggj\u00f8res i appen&nbsp;<strong>Min Bandy<\/strong> s\u00e5 fort kampene er ferdig berammet. Du kan s\u00f8ke opp appen i&nbsp;<a rel=\"noreferrer noopener\" href=\"https:\/\/eur03.safelinks.protection.outlook.com\/?url=https%3A%2F%2Fitunes.apple.com%2Fno%2Fapp%2Fmin-bandy%2Fid1036726110%3Fl%3Dnb%26mt%3D8&amp;data=05%7C01%7Candre.hagen%40nif.idrett.no%7C8ea80065411942ab139008dad452e75f%7C5ca933991184430d88a8107721ef7b66%7C0%7C0%7C638055749920066449%7CUnknown%7CTWFpbGZsb3d8eyJWIjoiMC4wLjAwMDAiLCJQIjoiV2luMzIiLCJBTiI6Ik1haWwiLCJXVCI6Mn0%3D%7C3000%7C%7C%7C&amp;sdata=c%2F1kzFDB27kpNDpRY60AIcc5at4%2F9y28DYuDpAJBLmQ%3D&amp;reserved=0\" target=\"_blank\">App Store<\/a>&nbsp;for iOS eller&nbsp;<a rel=\"noreferrer noopener\" href=\"https:\/\/eur03.safelinks.protection.outlook.com\/?url=https%3A%2F%2Fplay.google.com%2Fstore%2Fapps%2Fdetails%3Fid%3Dno.nif.bandy%26hl%3Den&amp;data=05%7C01%7Candre.hagen%40nif.idrett.no%7C8ea80065411942ab139008dad452e75f%7C5ca933991184430d88a8107721ef7b66%7C0%7C0%7C638055749920066449%7CUnknown%7CTWFpbGZsb3d8eyJWIjoiMC4wLjAwMDAiLCJQIjoiV2luMzIiLCJBTiI6Ik1haWwiLCJXVCI6Mn0%3D%7C3000%7C%7C%7C&amp;sdata=kKt37dmjCGOselDdPNSeAhGejFqksaCRRuAVmzKQ7M4%3D&amp;reserved=0\" target=\"_blank\">Google Play<\/a>&nbsp;for Android.<\/p>\n\n\n\n<p>Har du en profil i Min idrett, kan du logge inn og automatisk f\u00e5 informasjon om lag tilknyttet deg og dine relasjoner, som spiller, lagleder eller trener.&nbsp;Det er fullt mulig \u00e5 benytte Min Bandy uten \u00e5 logge inn, men for optimal utnyttelse av funksjonaliteten i appen, anbefaler vi at du oppretter en bruker p\u00e5&nbsp;<a rel=\"noreferrer noopener\" href=\"https:\/\/eur03.safelinks.protection.outlook.com\/?url=http%3A%2F%2Fminidrett.nif.no%2F&amp;data=05%7C01%7Candre.hagen%40nif.idrett.no%7C8ea80065411942ab139008dad452e75f%7C5ca933991184430d88a8107721ef7b66%7C0%7C0%7C638055749920066449%7CUnknown%7CTWFpbGZsb3d8eyJWIjoiMC4wLjAwMDAiLCJQIjoiV2luMzIiLCJBTiI6Ik1haWwiLCJXVCI6Mn0%3D%7C3000%7C%7C%7C&amp;sdata=J%2FkZgnLz2PjCXemfTfud6lt2GdCP%2Bw7t0Ki2O3Kqz%2Fo%3D&amp;reserved=0\" target=\"_blank\">http:\/\/minidrett.nif.no<\/a><\/p>\n\n\n\n<div class=\"wp-block-msswb-spacer msswb-spacer-container\" style=\"height:50px\"><div class=\"line\" style=\"height:25px\"><\/div><div class=\"line-center-divider\"><\/div><\/div>\n\n\n\n<h2 class=\"wp-block-heading\">Annen informasjon<\/h2>\n\n\n\n<p>Ved trekking av lag etter at kampoppsettet er publisert kan forutsetningene for antall lag som g\u00e5r videre fra puljespill til sluttspill endres.<\/p>\n\n\n\n<div class=\"wp-block-msswb-spacer msswb-spacer-container\" style=\"height:50px\"><div class=\"line\" style=\"height:25px\"><\/div><div class=\"line-center-divider\"><\/div><\/div>\n\n\n\n<p>Kontakt oss ved sp\u00f8rsm\u00e5l rundt regionscupen p\u00e5 <a rel=\"noreferrer noopener\" href=\"mailto:innebandy.oabr@nif.idrett.no\" target=\"_blank\">innebandy.oabr@nif.idrett.no<\/a><\/p>\n","protected":false},"excerpt":{"rendered":"<p>Spilledatoer OABR Regionscup&nbsp;2025 Innledende puljespill for aldersbestemte klasser 5.-7. september 2025 spilles innledende puljespill for: Innledende puljespill for seniorklasser 19.-21. september 2025 spilles innledende puljespill for: Teknisk arrang\u00f8r for kamper i puljespill OABR har s\u00f8kt etter teknisk arrang\u00f8r for innledende kamper med puljespill. Klubber med tildelt arrangement er ogs\u00e5 tildelt rolle som teknisk arrang\u00f8r. Teknisk [&hellip;]<\/p>\n","protected":false},"author":6,"featured_media":0,"parent":0,"menu_order":0,"comment_status":"closed","ping_status":"closed","template":"templates\/template-cover.php","meta":{"cover_meta":"{\"showBackgroundImage\":true,\"bgImage\":{\"image_id\":14426,\"blog_id\":3,\"term_id\":204,\"selected_size\":\"full\"},\"showOverlay\":true,\"overlayColor\":\"#007cba\",\"overlayOpacity\":0.2,\"showIntro\":true,\"introColor\":\"white\",\"intro\":\"Oslo og Akershus Bandyregion\",\"title\":\"Regionscup\",\"titleColor\":\"white\",\"showOutro\":true,\"outroColor\":\"white\",\"outro\":\"2025\"}","footnotes":""},"class_list":["post-5524","page","type-page","status-publish","hentry"],"_links":{"self":[{"href":"https:\/\/bandyforbundet.no\/oslo-og-akershus\/index.php?rest_route=\/wp\/v2\/pages\/5524","targetHints":{"allow":["GET"]}}],"collection":[{"href":"https:\/\/bandyforbundet.no\/oslo-og-akershus\/index.php?rest_route=\/wp\/v2\/pages"}],"about":[{"href":"https:\/\/bandyforbundet.no\/oslo-og-akershus\/index.php?rest_route=\/wp\/v2\/types\/page"}],"author":[{"embeddable":true,"href":"https:\/\/bandyforbundet.no\/oslo-og-akershus\/index.php?rest_route=\/wp\/v2\/users\/6"}],"replies":[{"embeddable":true,"href":"https:\/\/bandyforbundet.no\/oslo-og-akershus\/index.php?rest_route=%2Fwp%2Fv2%2Fcomments&post=5524"}],"version-history":[{"count":27,"href":"https:\/\/bandyforbundet.no\/oslo-og-akershus\/index.php?rest_route=\/wp\/v2\/pages\/5524\/revisions"}],"predecessor-version":[{"id":7766,"href":"https:\/\/bandyforbundet.no\/oslo-og-akershus\/index.php?rest_route=\/wp\/v2\/pages\/5524\/revisions\/7766"}],"wp:attachment":[{"href":"https:\/\/bandyforbundet.no\/oslo-og-akershus\/index.php?rest_route=%2Fwp%2Fv2%2Fmedia&parent=5524"}],"curies":[{"name":"wp","href":"https:\/\/api.w.org\/{rel}","templated":true}]}}