{"id":5627,"date":"2024-07-05T10:46:50","date_gmt":"2024-07-05T10:46:50","guid":{"rendered":"https:\/\/bandyforbundet.no\/oslo-og-akershus\/?page_id=5627"},"modified":"2024-12-03T09:56:21","modified_gmt":"2024-12-03T09:56:21","slug":"godkjent-fodselsar-for-alle-klasser","status":"publish","type":"page","link":"https:\/\/bandyforbundet.no\/oslo-og-akershus\/?page_id=5627","title":{"rendered":"Godkjent f\u00f8dsels\u00e5r for alle klasser"},"content":{"rendered":"\n<p><strong>For kamper i regi av Oslo og Akershus Bandyregion sesongen 2024\/2025 er f\u00f8lgende f\u00f8dsels\u00e5r godkjent:<\/strong><\/p>\n\n\n\n<div class=\"wp-block-msswb-spacer msswb-spacer-container\" style=\"height:50px\"><div class=\"line\" style=\"height:25px\"><\/div><div class=\"line-center-divider\"><\/div><\/div>\n\n\n\n<figure class=\"wp-block-table\"><table class=\"has-fixed-layout\"><thead><tr><th>Aldersbestemte klasser<\/th><th>Godkjent f\u00f8dsels\u00e5r<\/th><\/tr><\/thead><tbody><tr><td>J19&nbsp;<\/td><td>2005, 2006, 2007, 2008, 2009, 2010<\/td><\/tr><tr><td>J17<\/td><td>2007, 2008, 2009, 2010<\/td><\/tr><tr><td>J15<\/td><td>2009, 2010, 2011, 2012<\/td><\/tr><tr><td>J14<\/td><td>2010, 2011, 2012, 2013<\/td><\/tr><tr><td>J13<\/td><td>2011, 2012, 2013, 2014<\/td><\/tr><tr><td>J12<\/td><td>2012, 2013, 2014, 2015<\/td><\/tr><tr><td>J11<\/td><td>2013, 2014, 2015, 2016<\/td><\/tr><tr><td>J10<\/td><td>2014, 2015, 2016, 2017<\/td><\/tr><tr><td>G19<\/td><td>2005, 2006, 2007, 2008, 2009, 2010<\/td><\/tr><tr><td>G18<\/td><td>2006, 2007, 2008, 2009<\/td><\/tr><tr><td>G17<\/td><td>2007, 2008, 2009, 2010<\/td><\/tr><tr><td>G16<\/td><td>2008, 2009, 2010, 2011<\/td><\/tr><tr><td>G15<\/td><td>2009, 2010, 2011, 2012<\/td><\/tr><tr><td>G14<\/td><td>2010, 2011, 2012, 2013<\/td><\/tr><tr><td>G13<\/td><td>2011, 2012, 2013, 2014<\/td><\/tr><tr><td>G12<\/td><td>2012, 2013, 2014, 2015<\/td><\/tr><tr><td>G11&nbsp;<\/td><td>2013, 2014, 2015, 2016<\/td><\/tr><tr><td>G10<\/td><td>2014, 2015, 2016, 2017<\/td><\/tr><\/tbody><\/table><\/figure>\n\n\n\n<div class=\"wp-block-msswb-spacer msswb-spacer-container\" style=\"height:50px\"><div class=\"line\" style=\"height:25px\"><\/div><div class=\"line-center-divider\"><\/div><\/div>\n\n\n\n<figure class=\"wp-block-table\"><table class=\"has-fixed-layout\"><thead><tr><th>Seniorklasser<\/th><th>Godkjent f\u00f8dsels\u00e5r<\/th><\/tr><\/thead><tbody><tr><td>Senior Menn<\/td><td>2009 og eldre<\/td><\/tr><tr><td>Senior Kvinner<\/td><td>2009 og eldre&nbsp;<\/td><\/tr><tr><td>Veteran<\/td><td>1984 og eldre<\/td><\/tr><tr><td>Old Boys<\/td><td>1989 og eldre<\/td><\/tr><tr><td>Old Girls<\/td><td>1991 og eldre<\/td><\/tr><\/tbody><\/table><\/figure>\n","protected":false},"excerpt":{"rendered":"<p>For kamper i regi av Oslo og Akershus Bandyregion sesongen 2024\/2025 er f\u00f8lgende f\u00f8dsels\u00e5r godkjent: Aldersbestemte klasser Godkjent f\u00f8dsels\u00e5r J19&nbsp; 2005, 2006, 2007, 2008, 2009, 2010 J17 2007, 2008, 2009, 2010 J15 2009, 2010, 2011, 2012 J14 2010, 2011, 2012, 2013 J13 2011, 2012, 2013, 2014 J12 2012, 2013, 2014, 2015 J11 2013, 2014, 2015, [&hellip;]<\/p>\n","protected":false},"author":6,"featured_media":0,"parent":0,"menu_order":0,"comment_status":"closed","ping_status":"closed","template":"templates\/template-cover.php","meta":{"cover_meta":"{\"showBackgroundImage\":true,\"bgImage\":{\"image_id\":11049,\"blog_id\":3,\"term_id\":172,\"selected_size\":\"full\"},\"showOverlay\":true,\"overlayColor\":\"#007cba\",\"overlayOpacity\":0.2,\"showIntro\":false,\"introColor\":\"white\",\"intro\":\"\",\"title\":\"Godkjent f\u00f8dsels\u00e5r for alle klasser\",\"titleColor\":\"white\",\"showOutro\":true,\"outroColor\":\"white\",\"outro\":\"Oslo og Akershus Bandyregion\"}","footnotes":""},"class_list":["post-5627","page","type-page","status-publish","hentry"],"_links":{"self":[{"href":"https:\/\/bandyforbundet.no\/oslo-og-akershus\/index.php?rest_route=\/wp\/v2\/pages\/5627","targetHints":{"allow":["GET"]}}],"collection":[{"href":"https:\/\/bandyforbundet.no\/oslo-og-akershus\/index.php?rest_route=\/wp\/v2\/pages"}],"about":[{"href":"https:\/\/bandyforbundet.no\/oslo-og-akershus\/index.php?rest_route=\/wp\/v2\/types\/page"}],"author":[{"embeddable":true,"href":"https:\/\/bandyforbundet.no\/oslo-og-akershus\/index.php?rest_route=\/wp\/v2\/users\/6"}],"replies":[{"embeddable":true,"href":"https:\/\/bandyforbundet.no\/oslo-og-akershus\/index.php?rest_route=%2Fwp%2Fv2%2Fcomments&post=5627"}],"version-history":[{"count":3,"href":"https:\/\/bandyforbundet.no\/oslo-og-akershus\/index.php?rest_route=\/wp\/v2\/pages\/5627\/revisions"}],"predecessor-version":[{"id":6424,"href":"https:\/\/bandyforbundet.no\/oslo-og-akershus\/index.php?rest_route=\/wp\/v2\/pages\/5627\/revisions\/6424"}],"wp:attachment":[{"href":"https:\/\/bandyforbundet.no\/oslo-og-akershus\/index.php?rest_route=%2Fwp%2Fv2%2Fmedia&parent=5627"}],"curies":[{"name":"wp","href":"https:\/\/api.w.org\/{rel}","templated":true}]}}