{"id":5648,"date":"2024-08-12T07:08:48","date_gmt":"2024-08-12T07:08:48","guid":{"rendered":"https:\/\/bandyforbundet.no\/oslo-og-akershus\/?page_id=5648"},"modified":"2026-03-18T14:14:58","modified_gmt":"2026-03-18T14:14:58","slug":"klubb","status":"publish","type":"page","link":"https:\/\/bandyforbundet.no\/oslo-og-akershus\/?page_id=5648","title":{"rendered":"Klubb"},"content":{"rendered":"\n<div class=\"wp-block-msswb-panel msswb-panel-container\"><div class=\"mwwsb-panel-header\"><div class=\"mwwsb-panel-title\">Klubbes\u00f8k<\/div><div class=\"mwwsb-panel-icon\"><span class=\"dashicon dashicons dashicons-arrow-down-alt2\"><\/span><\/div><\/div><div class=\"msswb-panel-content\">\n<p><strong>Tiltak<\/strong>: <\/p>\n\n\n\n<p>Klubbes\u00f8k<\/p>\n\n\n\n<p><strong>M\u00e5lgruppe:\u00a0<\/strong><\/p>\n\n\n\n<p>Styret i idrettslaget eller styret for grupper i fleridrettslag.<\/p>\n\n\n\n<p><strong>L\u00e6ringsm\u00e5l:\u00a0<\/strong><\/p>\n\n\n\n<p>\u00c5 avdekke om idrettslaget trenger noe eller \u00f8nsker hjelp til videre utvikling.<\/p>\n\n\n\n<p><strong>Varighet:&nbsp;<\/strong>1-3 timer<\/p>\n\n\n\n<p><strong>Pris:&nbsp;<\/strong>Gratis<\/p>\n<\/div><\/div>\n\n\n\n<div class=\"wp-block-msswb-panel msswb-panel-container\"><div class=\"mwwsb-panel-header\"><div class=\"mwwsb-panel-title\">Introkveld<\/div><div class=\"mwwsb-panel-icon\"><span class=\"dashicon dashicons dashicons-arrow-down-alt2\"><\/span><\/div><\/div><div class=\"msswb-panel-content\">\n<p><strong>Tiltak:<\/strong>\u00a0Introkveld<br><\/p>\n\n\n\n<p><strong>Varighet: <\/strong>1\u20133 timer<\/p>\n\n\n\n<p><strong>M\u00e5l:<\/strong><br>Gi frivillige en tydelig forst\u00e5else av sin rolle, skape trygghet i oppgaver og bidra til \u00f8kt engasjement i klubben.<\/p>\n\n\n\n<p><strong>Innhold:<\/strong><\/p>\n\n\n\n<ul class=\"wp-block-list\">\n<li>Hva det vil si \u00e5 v\u00e6re frivillig i klubb<\/li>\n\n\n\n<li>Hvorfor innebandy og fordelene med sporten<\/li>\n\n\n\n<li>Informasjon om klubben og aktivitetstilbudet<\/li>\n\n\n\n<li>Verdier og holdninger<\/li>\n\n\n\n<li>Muligheter for videre engasjement (trener, lagleder, sosial ansvarlig m.m.)<\/li>\n<\/ul>\n\n\n\n<p><strong>M\u00e5lgruppe:<\/strong><br>Nye og eksisterende frivillige i klubb<\/p>\n\n\n\n<p><strong>Resultat:<\/strong><br>Deltakerne f\u00e5r bedre innsikt i klubbens behov og kan enklere ta p\u00e5 seg roller og bidra aktivt<\/p>\n\n\n\n<p><strong>Pris:\u00a0<\/strong>Gratis<\/p>\n<\/div><\/div>\n\n\n\n<div class=\"wp-block-msswb-panel msswb-panel-container\"><div class=\"mwwsb-panel-header\"><div class=\"mwwsb-panel-title\">Ung leder<\/div><div class=\"mwwsb-panel-icon\"><span class=\"dashicon dashicons dashicons-arrow-down-alt2\"><\/span><\/div><\/div><div class=\"msswb-panel-content\">\n<p>Ung Leder-programmet gir unge en mulighet til \u00e5 utvikle lederegenskaper, utforske sitt potensiale og bidra til positiv endring i sin lokalklubb. Gjennom inspirerende samlinger og praktiske oppgaver, veiledet av erfarne ledere og mentorer, vil deltakerne l\u00e6re om rollemodeller, verdier, kommunikasjon, aktivitetsledelse, mangfold, inkludering, arrangementsledelse og rekruttering. Programmet avsluttes med en praksis\u00f8kt og diplomutdeling for \u00e5 feire deltakernes prestasjoner.<\/p>\n\n\n\n<p>Deltakeravgiften er p\u00e5 2500 kr, som dekker 4 samlinger.Det arbeides med muligheter for kompensasjon, men inntil videre m\u00e5 klubbene selv dekke kostnadene. Ved fullf\u00f8rt program vil deltakerne f\u00e5 godkjenning som Ung Leder i sin idretts-CV.<\/p>\n\n\n\n<p>Info om programmet:&nbsp;<a href=\"https:\/\/eur03.safelinks.protection.outlook.com\/?url=https%3A%2F%2Fbandyforbundet.no%2Foslo-og-akershus%2F%3Fmsswb-post%3Dung-leder-2024&amp;data=05%7C02%7CNikolai.Omdahl%40nif.idrett.no%7Ce16d404a3a4a46d5707c08dcb85d19c1%7C5ca933991184430d88a8107721ef7b66%7C0%7C0%7C638587957193517833%7CUnknown%7CTWFpbGZsb3d8eyJWIjoiMC4wLjAwMDAiLCJQIjoiV2luMzIiLCJBTiI6Ik1haWwiLCJXVCI6Mn0%3D%7C0%7C%7C%7C&amp;sdata=EIMTUajn9tk2H0xqrB8EwA7%2FztMbOvr7FC1b7l0AgH0%3D&amp;reserved=0\">https:\/\/bandyforbundet.no\/oslo-og-akershus\/?msswb-post=ung-leder-2024<\/a><\/p>\n<\/div><\/div>\n\n\n\n<div class=\"wp-block-msswb-panel msswb-panel-container\"><div class=\"mwwsb-panel-header\"><div class=\"mwwsb-panel-title\">Styrekurs for idrettslag<\/div><div class=\"mwwsb-panel-icon\"><span class=\"dashicon dashicons dashicons-arrow-down-alt2\"><\/span><\/div><\/div><div class=\"msswb-panel-content\">\n<p><a href=\"https:\/\/www.idrettsforbundet.no\/idrettskrets\/oslo\/kurs-\/basiskurs\">https:\/\/www.idrettsforbundet.no\/idrettskrets\/oslo\/kurs-\/basiskurs<\/a><\/p>\n<\/div><\/div>\n\n\n\n<div class=\"wp-block-msswb-panel msswb-panel-container\"><div class=\"mwwsb-panel-header\"><div class=\"mwwsb-panel-title\">\u00d8konomistyring<\/div><div class=\"mwwsb-panel-icon\"><span class=\"dashicon dashicons dashicons-arrow-down-alt2\"><\/span><\/div><\/div><div class=\"msswb-panel-content\">\n<p><a href=\"https:\/\/www.idrettsforbundet.no\/idrettskrets\/oslo\/kurs-\/basiskurs\/okonomistyring\/\">https:\/\/www.idrettsforbundet.no\/idrettskrets\/oslo\/kurs-\/basiskurs\/okonomistyring\/<\/a><\/p>\n<\/div><\/div>\n","protected":false},"excerpt":{"rendered":"","protected":false},"author":63,"featured_media":0,"parent":655,"menu_order":3,"comment_status":"closed","ping_status":"closed","template":"","meta":{"cover_meta":"","footnotes":""},"class_list":["post-5648","page","type-page","status-publish","hentry"],"_links":{"self":[{"href":"https:\/\/bandyforbundet.no\/oslo-og-akershus\/index.php?rest_route=\/wp\/v2\/pages\/5648","targetHints":{"allow":["GET"]}}],"collection":[{"href":"https:\/\/bandyforbundet.no\/oslo-og-akershus\/index.php?rest_route=\/wp\/v2\/pages"}],"about":[{"href":"https:\/\/bandyforbundet.no\/oslo-og-akershus\/index.php?rest_route=\/wp\/v2\/types\/page"}],"author":[{"embeddable":true,"href":"https:\/\/bandyforbundet.no\/oslo-og-akershus\/index.php?rest_route=\/wp\/v2\/users\/63"}],"replies":[{"embeddable":true,"href":"https:\/\/bandyforbundet.no\/oslo-og-akershus\/index.php?rest_route=%2Fwp%2Fv2%2Fcomments&post=5648"}],"version-history":[{"count":5,"href":"https:\/\/bandyforbundet.no\/oslo-og-akershus\/index.php?rest_route=\/wp\/v2\/pages\/5648\/revisions"}],"predecessor-version":[{"id":8030,"href":"https:\/\/bandyforbundet.no\/oslo-og-akershus\/index.php?rest_route=\/wp\/v2\/pages\/5648\/revisions\/8030"}],"up":[{"embeddable":true,"href":"https:\/\/bandyforbundet.no\/oslo-og-akershus\/index.php?rest_route=\/wp\/v2\/pages\/655"}],"wp:attachment":[{"href":"https:\/\/bandyforbundet.no\/oslo-og-akershus\/index.php?rest_route=%2Fwp%2Fv2%2Fmedia&parent=5648"}],"curies":[{"name":"wp","href":"https:\/\/api.w.org\/{rel}","templated":true}]}}